{"id":17433,"date":"2024-10-18T09:27:48","date_gmt":"2024-10-18T07:27:48","guid":{"rendered":"https:\/\/shop.elia-gr.ro\/?page_id=17433"},"modified":"2024-10-18T09:36:17","modified_gmt":"2024-10-18T07:36:17","slug":"politica-de-retur","status":"publish","type":"page","link":"https:\/\/shop.elia-gr.ro\/index.php\/politica-de-retur\/","title":{"rendered":"Politica de retur"},"content":{"rendered":"\t\t<div data-elementor-type=\"wp-page\" data-elementor-id=\"17433\" class=\"elementor elementor-17433\" data-elementor-post-type=\"page\">\n\t\t\t\t<div class=\"elementor-element elementor-element-25a4e11 e-flex e-con-boxed e-con e-parent\" data-id=\"25a4e11\" data-element_type=\"container\" data-e-type=\"container\">\n\t\t\t\t\t<div class=\"e-con-inner\">\n\t\t\t\t<div class=\"elementor-element elementor-element-bfbf831 elementor-widget elementor-widget-heading\" data-id=\"bfbf831\" data-element_type=\"widget\" data-e-type=\"widget\" data-widget_type=\"heading.default\">\n\t\t\t\t<div class=\"elementor-widget-container\">\n\t\t\t\t\t<h2 class=\"elementor-heading-title elementor-size-default\">Politica de retur<\/h2>\t\t\t\t<\/div>\n\t\t\t\t<\/div>\n\t\t\t\t<div class=\"elementor-element elementor-element-68cdec7 elementor-widget elementor-widget-button\" data-id=\"68cdec7\" data-element_type=\"widget\" data-e-type=\"widget\" data-widget_type=\"button.default\">\n\t\t\t\t<div class=\"elementor-widget-container\">\n\t\t\t\t\t\t\t\t\t<div class=\"elementor-button-wrapper\">\n\t\t\t\t\t<a class=\"elementor-button elementor-button-link elementor-size-sm\" href=\"https:\/\/shop.elia-gr.ro\/wp-content\/uploads\/2024\/10\/Formular-de-retur-Elia-Gr-Ro.pdf\">\n\t\t\t\t\t\t<span class=\"elementor-button-content-wrapper\">\n\t\t\t\t\t\t\t\t\t<span class=\"elementor-button-text\">DESCARAC\u0102 FORMULARUL DE RETUR<\/span>\n\t\t\t\t\t<\/span>\n\t\t\t\t\t<\/a>\n\t\t\t\t<\/div>\n\t\t\t\t\t\t\t\t<\/div>\n\t\t\t\t<\/div>\n\t\t\t\t\t<\/div>\n\t\t\t\t<\/div>\n\t\t<div class=\"elementor-element elementor-element-62f7cc9d e-flex e-con-boxed e-con e-parent\" data-id=\"62f7cc9d\" data-element_type=\"container\" data-e-type=\"container\">\n\t\t\t\t\t<div class=\"e-con-inner\">\n\t\t\t\t<div class=\"elementor-element elementor-element-7e489c73 elementor-widget elementor-widget-text-editor\" data-id=\"7e489c73\" data-element_type=\"widget\" data-e-type=\"widget\" data-widget_type=\"text-editor.default\">\n\t\t\t\t<div class=\"elementor-widget-container\">\n\t\t\t\t\t\t\t\t\t\n<div class=\"elementor-element elementor-element-e8b02df e-flex e-con-boxed e-con e-parent e-lazyloaded\" data-id=\"e8b02df\" data-element_type=\"container\" data-settings=\"{&quot;background_background&quot;:&quot;classic&quot;}\">\n<div class=\"e-con-inner\">\n<div class=\"elementor-element elementor-element-0928275 elementor-widget elementor-widget-heading\" data-id=\"0928275\" data-element_type=\"widget\" data-widget_type=\"heading.default\">\n<div class=\"elementor-widget-container\">\n<p>Poti schimba produsul sau sa faci retur\u00a0la produsele achizitionate online in termen de 14 zile prin expediere prin curier.<\/p>\n<p><strong>Extrase din\u00a0<a href=\"https:\/\/shop.elia-gr.ro\/index.php\/termeni-si-conditii\/\">Termeni si conditii<\/a>:<\/strong><\/p>\n<p><strong>Conform Ordonantei nr. 34\/2014, privind regimul juridic al contractelor la distanta, produsele se returneaza in termen de 14 zile calendaristice, de la primirea coletului. In situatia mentionata mai sus, clientul are dreptul de a returna orice produs in termen de 14 zile calendaristice de la receptia acestuia si poate solicita returnarea sumei de bani, schimbarea cu un alt produs sau returnarea contravalorii sub forma de voucher. In aceste cazuri, valoarea in bani returnata, produsul inlocuit sau returnarea contravalorii sub forma de voucher, se refera strict la costul produselor, exclus taxele de expeditie.\u00a0<\/strong><\/p>\n<p><strong>Plata transportului aferenta produsului returnat sau a produsului trimis pentru inlocuire ii revine clientului.\u00a0<\/strong><\/p>\n<p><strong>La retur sunt acceptate\u00a0doar produsele care respecta intocmai forma in care ele au fost livrate, insotite de factura de achizitie din colet.<\/strong><\/p>\n<p><strong>Nu se admit la retur:\u00a0<br \/>\u2022\u00a0\u00a0 \u00a0Produse care au fost desfacute.<br \/>\u2022\u00a0\u00a0 \u00a0Produse care au fost testate, incercate sau utilizate.<br \/>\u2022\u00a0\u00a0 \u00a0Produse care nu au etichetele intacte, au sigilii rupte ori sterse.<br \/>\u2022\u00a0\u00a0 \u00a0Produse cu ambalajele deteriorate in orice fel.<br \/><br \/>Se admit la retur si produsele care prezinta defecte de fabricatie sau de orice alta natura care nu au aparut din vina consumatorului iar costurile de transport sau inlocuire ale acestora vor fi suportate de noi.<br \/><br \/>Important:<br \/>Sunt exceptate de la dreptul de returnare bunurile care nu pot fi returnate din motive de protectie a sanatatii sau din motive de igiena si care au fost desigilate de consumator\u00a0<\/strong>(de exemplu, produsele deschise sau alte bunuri care intra \u00een contact direct cu pielea), stipulat in\u00a0<strong>art. 16 lit. e al DIRECTIVEI 2011\/83\/UE A PARLAMENTULUI EUROPEAN SI A CONSILIULUI din 25 octombrie 2011.<br \/><br \/>Daca produsul returnat este deteriorat, are semne clare de utilizare si\u00a0nu ne permite re-comercializarea lui ne rezervam dreptul de a refuza produsul.\u00a0 Aceste masuri sunt specifice produselor cosmetice intru-cat termenul de valabilitate al acestora se calculeaza incepand cu prima deschidere a ambalajului, iar odata cu utilizarea\/testarea lor apare riscul transmiterii de virusi prin transferul produsului altei persoane.<\/strong><\/p>\n<p>Returul produselor NU se poate procesa fara formularul de retur.\u00a0<\/p>\n<p class=\"has-vivid-red-color has-text-color has-link-color wp-elements-9b79d6c5b722a6b61fa75092d67b0291\">FORMULARUL DE RETUR POATE FI DESCARCAT DE\u00a0<strong><a href=\"https:\/\/shop.elia-gr.ro\/wp-content\/uploads\/2024\/10\/Formular-de-retur-Elia-Gr-Ro.pdf\">AICI<\/a><\/strong><\/p>\n<p>Formularul de retur va fi introdus in interiorul coletului impreuna cu produsele returnate. Produsele insotite de formularul de retur pot fi returnate prin expediere la adresa:\u00a0SC OILIVIA SPARTA SRL, \u0218oseaua Giurgiului, Nr. 195, Camera 1, Cod postal 077120, Sat Jilava, Comuna Jilava, Jude\u021bul Ilfov. Returnarea produsului se face printr-o firma de\u00a0curierat, nu prin Posta Romana. Taxa curierului pentru retur e suportata de Cumparator. Cumparatorul va notifica vanzatorul cu privire la intentia de retragere din contract prin email la adresa info@glowera-gr.ro. In email se vor specifica urmatoarele informatii: numele Cumparatorului, numarul de comanda, curierul folosit pentru retur, data expedierii coletului de retur precum si numarul de awb.\u00a0 Vanzatorul nu este responsabil pentru produsele returnate care s-au pierdut din vina curierului sau sunt intarziate.\u00a0<strong>\u00cen cazul \u00een care Cump\u0103r\u0103torul decide s\u0103 se retrag\u0103 din contract \u00een termen de 14 zile poate s\u0103 schimbe produsul \u00een stare nou\u0103, nefolosit, nepurtat, fara urma de uzura cu alt produs din magazinul Elia Gr Ro.<\/strong><\/p>\n<p>6.6. Returnarea de produse este valabila numai pentru persoane fizice. In cazul in care Clientul\/Cumparatorul solicita retragerea din Contract in cadrul termenului legal de retragere din contract,\u00a0trebuie sa returneze si eventualele cadouri care au insotit produsul respectiv. In cazul in care Comanda este achitata, Vanzatorul va rambursa suma in maxim 14 (paisprezece) zile de la data informarii Vanzatorului de catre Cumparator asupra deciziei sale de retragere din Contract. Suma va fi returnata dupa cum urmeaza:<br \/>6.6.1. pentru Comenzile achitate cu card online -&gt; prin restituire in contul din care a fost efectuata plata;<br \/>6.6.2. pentru Comenzile achitate cu Op\/ramburs\/iTransfer\/ Card bancar-&gt; prin virament bancar.<\/p>\n<p>6.7. Vanzatorul va putea amana rambursarea sumei pana la primirea Bunurilor vandute.<\/p>\n<p>6.8. In cazul in care un Bun comandat de catre Cumparator, nu poate fi livrat de catre Vanzator, acesta din urma va informa Clientul\/Cumparatorul asupra acestui fapt si va returna in contul Cumparatorului contravaloarea Bunului, in termen de maxim 7 (sapte) zile de la data la care Vanzatorul a luat la cunostinta acest fapt sau de la data la care Cumparatorul si-a exprimat in mod expres intentia de reziliere a Contractului.<\/p>\n<\/div>\n<\/div>\n<\/div>\n<\/div>\n<div class=\"elementor-element elementor-element-013cf6e e-flex e-con-boxed e-con e-parent e-lazyloaded\" data-id=\"013cf6e\" data-element_type=\"container\" data-settings=\"{&quot;background_background&quot;:&quot;classic&quot;}\">\n<div class=\"e-con-inner\">\n<div class=\"elementor-element elementor-element-90f8b62 elementor-widget elementor-widget-heading\" data-id=\"90f8b62\" data-element_type=\"widget\" data-widget_type=\"heading.default\">\n<div class=\"elementor-element elementor-element-f0f3cbe e-con-full e-flex e-con e-parent e-lazyloaded\" data-id=\"f0f3cbe\" data-element_type=\"container\" data-settings=\"{&quot;background_background&quot;:&quot;classic&quot;}\">\n<div class=\"elementor-element elementor-element-efa291b elementor-widget elementor-widget-text-editor\" data-id=\"efa291b\" data-element_type=\"widget\" data-widget_type=\"text-editor.default\">\n<div class=\"elementor-widget-container\">\u00a0<\/div>\n<\/div>\n<\/div>\n<\/div>\n<\/div>\n<\/div>\n\t\t\t\t\t\t\t\t<\/div>\n\t\t\t\t<\/div>\n\t\t\t\t\t<\/div>\n\t\t\t\t<\/div>\n\t\t\t\t<\/div>\n\t\t","protected":false},"excerpt":{"rendered":"<p>Politica de retur DESCARAC\u0102 FORMULARUL DE RETUR Poti schimba produsul sau sa faci retur\u00a0la produsele achizitionate online in termen de 14 zile prin expediere prin curier. Extrase din\u00a0Termeni si conditii: Conform Ordonantei nr. 34\/2014, privind regimul juridic al contractelor la &hellip; <a href=\"https:\/\/shop.elia-gr.ro\/index.php\/politica-de-retur\/\">Readmore<\/a><\/p>\n","protected":false},"author":2,"featured_media":17434,"parent":0,"menu_order":0,"comment_status":"closed","ping_status":"closed","template":"","meta":{"footnotes":""},"class_list":["post-17433","page","type-page","status-publish","has-post-thumbnail","hentry"],"yoast_head":"<!-- This site is optimized with the Yoast SEO plugin v27.5 - https:\/\/yoast.com\/product\/yoast-seo-wordpress\/ -->\n<title>Politica de retur - Elia Grecia<\/title>\n<meta name=\"robots\" content=\"index, follow, max-snippet:-1, max-image-preview:large, max-video-preview:-1\" \/>\n<meta property=\"og:locale\" content=\"ro_RO\" \/>\n<meta property=\"og:type\" content=\"article\" \/>\n<meta property=\"og:title\" content=\"Politica de retur - Elia Grecia\" \/>\n<meta property=\"og:description\" content=\"Politica de retur DESCARAC\u0102 FORMULARUL DE RETUR Poti schimba produsul sau sa faci retur\u00a0la produsele achizitionate online in termen de 14 zile prin expediere prin curier. Extrase din\u00a0Termeni si conditii: Conform Ordonantei nr. 34\/2014, privind regimul juridic al contractelor la &hellip; Readmore\" \/>\n<meta property=\"og:url\" content=\"https:\/\/shop.elia-gr.ro\/index.php\/politica-de-retur\/\" \/>\n<meta property=\"og:site_name\" content=\"Elia Grecia\" \/>\n<meta property=\"article:publisher\" content=\"https:\/\/www.facebook.com\/profile.php?id=100063888292671\" \/>\n<meta property=\"article:modified_time\" content=\"2024-10-18T07:36:17+00:00\" \/>\n<meta property=\"og:image\" content=\"https:\/\/shop.elia-gr.ro\/wp-content\/uploads\/2024\/10\/politica-retur.webp\" \/>\n\t<meta property=\"og:image:width\" content=\"960\" \/>\n\t<meta property=\"og:image:height\" content=\"640\" \/>\n\t<meta property=\"og:image:type\" content=\"image\/webp\" \/>\n<meta name=\"twitter:card\" content=\"summary_large_image\" \/>\n<meta name=\"twitter:label1\" content=\"Timp estimat pentru citire\" \/>\n\t<meta name=\"twitter:data1\" content=\"4 minute\" \/>\n<!-- \/ Yoast SEO plugin. -->","yoast_head_json":{"title":"Politica de retur - Elia Grecia","robots":{"index":"index","follow":"follow","max-snippet":"max-snippet:-1","max-image-preview":"max-image-preview:large","max-video-preview":"max-video-preview:-1"},"og_locale":"ro_RO","og_type":"article","og_title":"Politica de retur - Elia Grecia","og_description":"Politica de retur DESCARAC\u0102 FORMULARUL DE RETUR Poti schimba produsul sau sa faci retur\u00a0la produsele achizitionate online in termen de 14 zile prin expediere prin curier. Extrase din\u00a0Termeni si conditii: Conform Ordonantei nr. 34\/2014, privind regimul juridic al contractelor la &hellip; Readmore","og_url":"https:\/\/shop.elia-gr.ro\/index.php\/politica-de-retur\/","og_site_name":"Elia Grecia","article_publisher":"https:\/\/www.facebook.com\/profile.php?id=100063888292671","article_modified_time":"2024-10-18T07:36:17+00:00","og_image":[{"width":960,"height":640,"url":"https:\/\/shop.elia-gr.ro\/wp-content\/uploads\/2024\/10\/politica-retur.webp","type":"image\/webp"}],"twitter_card":"summary_large_image","twitter_misc":{"Timp estimat pentru citire":"4 minute"},"schema":{"@context":"https:\/\/schema.org","@graph":[{"@type":"WebPage","@id":"https:\/\/shop.elia-gr.ro\/index.php\/politica-de-retur\/","url":"https:\/\/shop.elia-gr.ro\/index.php\/politica-de-retur\/","name":"Politica de retur - Elia Grecia","isPartOf":{"@id":"https:\/\/shop.elia-gr.ro\/#website"},"primaryImageOfPage":{"@id":"https:\/\/shop.elia-gr.ro\/index.php\/politica-de-retur\/#primaryimage"},"image":{"@id":"https:\/\/shop.elia-gr.ro\/index.php\/politica-de-retur\/#primaryimage"},"thumbnailUrl":"https:\/\/shop.elia-gr.ro\/wp-content\/uploads\/2024\/10\/politica-retur.webp","datePublished":"2024-10-18T07:27:48+00:00","dateModified":"2024-10-18T07:36:17+00:00","breadcrumb":{"@id":"https:\/\/shop.elia-gr.ro\/index.php\/politica-de-retur\/#breadcrumb"},"inLanguage":"ro-RO","potentialAction":[{"@type":"ReadAction","target":["https:\/\/shop.elia-gr.ro\/index.php\/politica-de-retur\/"]}]},{"@type":"ImageObject","inLanguage":"ro-RO","@id":"https:\/\/shop.elia-gr.ro\/index.php\/politica-de-retur\/#primaryimage","url":"https:\/\/shop.elia-gr.ro\/wp-content\/uploads\/2024\/10\/politica-retur.webp","contentUrl":"https:\/\/shop.elia-gr.ro\/wp-content\/uploads\/2024\/10\/politica-retur.webp","width":960,"height":640},{"@type":"BreadcrumbList","@id":"https:\/\/shop.elia-gr.ro\/index.php\/politica-de-retur\/#breadcrumb","itemListElement":[{"@type":"ListItem","position":1,"name":"Home","item":"https:\/\/shop.elia-gr.ro\/"},{"@type":"ListItem","position":2,"name":"Politica de retur"}]},{"@type":"WebSite","@id":"https:\/\/shop.elia-gr.ro\/#website","url":"https:\/\/shop.elia-gr.ro\/","name":"Elia Grecia","description":"Cele mai bune produse grece\u0219ti pentru tine!","publisher":{"@id":"https:\/\/shop.elia-gr.ro\/#organization"},"potentialAction":[{"@type":"SearchAction","target":{"@type":"EntryPoint","urlTemplate":"https:\/\/shop.elia-gr.ro\/?s={search_term_string}"},"query-input":{"@type":"PropertyValueSpecification","valueRequired":true,"valueName":"search_term_string"}}],"inLanguage":"ro-RO"},{"@type":"Organization","@id":"https:\/\/shop.elia-gr.ro\/#organization","name":"Elia Grecia","url":"https:\/\/shop.elia-gr.ro\/","logo":{"@type":"ImageObject","inLanguage":"ro-RO","@id":"https:\/\/shop.elia-gr.ro\/#\/schema\/logo\/image\/","url":"https:\/\/shop.elia-gr.ro\/wp-content\/uploads\/2024\/09\/new_logo_elia_shop-1.webp","contentUrl":"https:\/\/shop.elia-gr.ro\/wp-content\/uploads\/2024\/09\/new_logo_elia_shop-1.webp","width":141,"height":50,"caption":"Elia Grecia"},"image":{"@id":"https:\/\/shop.elia-gr.ro\/#\/schema\/logo\/image\/"},"sameAs":["https:\/\/www.facebook.com\/profile.php?id=100063888292671"]}]}},"jetpack_sharing_enabled":true,"_links":{"self":[{"href":"https:\/\/shop.elia-gr.ro\/index.php\/wp-json\/wp\/v2\/pages\/17433","targetHints":{"allow":["GET"]}}],"collection":[{"href":"https:\/\/shop.elia-gr.ro\/index.php\/wp-json\/wp\/v2\/pages"}],"about":[{"href":"https:\/\/shop.elia-gr.ro\/index.php\/wp-json\/wp\/v2\/types\/page"}],"author":[{"embeddable":true,"href":"https:\/\/shop.elia-gr.ro\/index.php\/wp-json\/wp\/v2\/users\/2"}],"replies":[{"embeddable":true,"href":"https:\/\/shop.elia-gr.ro\/index.php\/wp-json\/wp\/v2\/comments?post=17433"}],"version-history":[{"count":7,"href":"https:\/\/shop.elia-gr.ro\/index.php\/wp-json\/wp\/v2\/pages\/17433\/revisions"}],"predecessor-version":[{"id":17443,"href":"https:\/\/shop.elia-gr.ro\/index.php\/wp-json\/wp\/v2\/pages\/17433\/revisions\/17443"}],"wp:featuredmedia":[{"embeddable":true,"href":"https:\/\/shop.elia-gr.ro\/index.php\/wp-json\/wp\/v2\/media\/17434"}],"wp:attachment":[{"href":"https:\/\/shop.elia-gr.ro\/index.php\/wp-json\/wp\/v2\/media?parent=17433"}],"curies":[{"name":"wp","href":"https:\/\/api.w.org\/{rel}","templated":true}]}}