{"id":17444,"date":"2024-10-18T09:46:22","date_gmt":"2024-10-18T07:46:22","guid":{"rendered":"https:\/\/shop.elia-gr.ro\/?page_id=17444"},"modified":"2025-12-12T19:55:00","modified_gmt":"2025-12-12T17:55:00","slug":"informatii-despre-livrare","status":"publish","type":"page","link":"https:\/\/shop.elia-gr.ro\/index.php\/informatii-despre-livrare\/","title":{"rendered":"Informa\u021bii despre livrare"},"content":{"rendered":"\t\t<div data-elementor-type=\"wp-page\" data-elementor-id=\"17444\" class=\"elementor elementor-17444\" data-elementor-post-type=\"page\">\n\t\t\t\t<div class=\"elementor-element elementor-element-25a4e11 e-flex e-con-boxed e-con e-parent\" data-id=\"25a4e11\" data-element_type=\"container\" data-e-type=\"container\">\n\t\t\t\t\t<div class=\"e-con-inner\">\n\t\t\t\t<div class=\"elementor-element elementor-element-bfbf831 elementor-widget elementor-widget-heading\" data-id=\"bfbf831\" data-element_type=\"widget\" data-e-type=\"widget\" data-widget_type=\"heading.default\">\n\t\t\t\t<div class=\"elementor-widget-container\">\n\t\t\t\t\t<h2 class=\"elementor-heading-title elementor-size-default\">Informa\u021bii despre livrare<\/h2>\t\t\t\t<\/div>\n\t\t\t\t<\/div>\n\t\t\t\t\t<\/div>\n\t\t\t\t<\/div>\n\t\t<div class=\"elementor-element elementor-element-62f7cc9d e-flex e-con-boxed e-con e-parent\" data-id=\"62f7cc9d\" data-element_type=\"container\" data-e-type=\"container\">\n\t\t\t\t\t<div class=\"e-con-inner\">\n\t\t\t\t<div class=\"elementor-element elementor-element-7e489c73 elementor-widget elementor-widget-text-editor\" data-id=\"7e489c73\" data-element_type=\"widget\" data-e-type=\"widget\" data-widget_type=\"text-editor.default\">\n\t\t\t\t<div class=\"elementor-widget-container\">\n\t\t\t\t\t\t\t\t\t\n<div class=\"elementor-element elementor-element-e8b02df e-flex e-con-boxed e-con e-parent e-lazyloaded\" data-id=\"e8b02df\" data-element_type=\"container\" data-settings=\"{&quot;background_background&quot;:&quot;classic&quot;}\">\n<div class=\"e-con-inner\">\n<div class=\"elementor-element elementor-element-0928275 elementor-widget elementor-widget-heading\" data-id=\"0928275\" data-element_type=\"widget\" data-widget_type=\"heading.default\">\n<div class=\"elementor-widget-container\">\n<p>Transportul produselor se face prin intermediul firmei de curierat rapid\u00a0<strong>SAMEDAY<\/strong>.<\/p>\n<p><strong>Costul standard al livr\u0103rii este de 25 de lei<\/strong>. <span style=\"color: #ff0000;\">V\u0103 rug\u0103m s\u0103 re\u021bine\u021bi c\u0103 firma de curierat poate percepe taxe suplimentare pentru kilometri suplimentari sau pentru plata cash (ramburs). Aceste taxe nu sunt incluse \u00een costul standard al livr\u0103rii.<\/span><\/p>\n<p>Termenul de livrare este de<strong>\u00a01 \u2013 3 zile din momentul in care ati receptionat emailul in care se specifica predarea coletului<\/strong>\u00a0catre curier. Acesti termeni pot fi insa depsiti in anumite cazuri precum sarbatorile legale, perioadele de promotii (Black Friday, Paste, Craciun, etc.) sau in situatii de conditii meteo nefavorabile.<\/p>\n<p><strong>Toate comenzile plasate de Luni pana Vineri in intervalul orar 09:00 \u2013 14:00 sunt expediate in aceeasi zi<\/strong>, cu exceptia sarbatorilor legale si a perioadelor de promotie de tip Black Friday. Comenzile lansate dupa ora 14:00 sau in zilele de sambata si duminica precum si in zilele libere prin lege, vor fi operate si expediate in urmatoarea zi lucratoare.<\/p>\n<p>Pentru orice alte informatii suplimentare ne puteti contacta la nr de telefon <a href=\"tel:0747322893\">0747 322 893<\/a> si pe email: info@elia-gr.ro.<\/p>\n<\/div>\n<\/div>\n<\/div>\n<\/div>\n<div class=\"elementor-element elementor-element-013cf6e e-flex e-con-boxed e-con e-parent e-lazyloaded\" data-id=\"013cf6e\" data-element_type=\"container\" data-settings=\"{&quot;background_background&quot;:&quot;classic&quot;}\">\n<div class=\"e-con-inner\">\n<div class=\"elementor-element elementor-element-90f8b62 elementor-widget elementor-widget-heading\" data-id=\"90f8b62\" data-element_type=\"widget\" data-widget_type=\"heading.default\">\n<div class=\"elementor-element elementor-element-f0f3cbe e-con-full e-flex e-con e-parent e-lazyloaded\" data-id=\"f0f3cbe\" data-element_type=\"container\" data-settings=\"{&quot;background_background&quot;:&quot;classic&quot;}\">\n<div class=\"elementor-element elementor-element-efa291b elementor-widget elementor-widget-text-editor\" data-id=\"efa291b\" data-element_type=\"widget\" data-widget_type=\"text-editor.default\">\n<div class=\"elementor-widget-container\">\u00a0<\/div>\n<\/div>\n<\/div>\n<\/div>\n<\/div>\n<\/div>\n\t\t\t\t\t\t\t\t<\/div>\n\t\t\t\t<\/div>\n\t\t\t\t\t<\/div>\n\t\t\t\t<\/div>\n\t\t\t\t<\/div>\n\t\t","protected":false},"excerpt":{"rendered":"<p>Informa\u021bii despre livrare Transportul produselor se face prin intermediul firmei de curierat rapid\u00a0SAMEDAY. Costul standard al livr\u0103rii este de 25 de lei. V\u0103 rug\u0103m s\u0103 re\u021bine\u021bi c\u0103 firma de curierat poate percepe taxe suplimentare pentru kilometri suplimentari sau pentru plata &hellip; <a href=\"https:\/\/shop.elia-gr.ro\/index.php\/informatii-despre-livrare\/\">Readmore<\/a><\/p>\n","protected":false},"author":2,"featured_media":17445,"parent":0,"menu_order":0,"comment_status":"closed","ping_status":"closed","template":"","meta":{"footnotes":""},"class_list":["post-17444","page","type-page","status-publish","has-post-thumbnail","hentry"],"yoast_head":"<!-- This site is optimized with the Yoast SEO plugin v27.5 - https:\/\/yoast.com\/product\/yoast-seo-wordpress\/ -->\n<title>Informa\u021bii despre livrare - Elia Grecia<\/title>\n<meta name=\"robots\" content=\"index, follow, max-snippet:-1, max-image-preview:large, max-video-preview:-1\" \/>\n<meta property=\"og:locale\" content=\"ro_RO\" \/>\n<meta property=\"og:type\" content=\"article\" \/>\n<meta property=\"og:title\" content=\"Informa\u021bii despre livrare - Elia Grecia\" \/>\n<meta property=\"og:description\" content=\"Informa\u021bii despre livrare Transportul produselor se face prin intermediul firmei de curierat rapid\u00a0SAMEDAY. Costul standard al livr\u0103rii este de 25 de lei. V\u0103 rug\u0103m s\u0103 re\u021bine\u021bi c\u0103 firma de curierat poate percepe taxe suplimentare pentru kilometri suplimentari sau pentru plata &hellip; Readmore\" \/>\n<meta property=\"og:url\" content=\"https:\/\/shop.elia-gr.ro\/index.php\/informatii-despre-livrare\/\" \/>\n<meta property=\"og:site_name\" content=\"Elia Grecia\" \/>\n<meta property=\"article:publisher\" content=\"https:\/\/www.facebook.com\/profile.php?id=100063888292671\" \/>\n<meta property=\"article:modified_time\" content=\"2025-12-12T17:55:00+00:00\" \/>\n<meta property=\"og:image\" content=\"https:\/\/shop.elia-gr.ro\/wp-content\/uploads\/2024\/10\/informatii-despre-livrare.webp\" \/>\n\t<meta property=\"og:image:width\" content=\"960\" \/>\n\t<meta property=\"og:image:height\" content=\"640\" \/>\n\t<meta property=\"og:image:type\" content=\"image\/webp\" \/>\n<meta name=\"twitter:card\" content=\"summary_large_image\" \/>\n<meta name=\"twitter:label1\" content=\"Timp estimat pentru citire\" \/>\n\t<meta name=\"twitter:data1\" content=\"2 minute\" \/>\n<!-- \/ Yoast SEO plugin. -->","yoast_head_json":{"title":"Informa\u021bii despre livrare - Elia Grecia","robots":{"index":"index","follow":"follow","max-snippet":"max-snippet:-1","max-image-preview":"max-image-preview:large","max-video-preview":"max-video-preview:-1"},"og_locale":"ro_RO","og_type":"article","og_title":"Informa\u021bii despre livrare - Elia Grecia","og_description":"Informa\u021bii despre livrare Transportul produselor se face prin intermediul firmei de curierat rapid\u00a0SAMEDAY. Costul standard al livr\u0103rii este de 25 de lei. V\u0103 rug\u0103m s\u0103 re\u021bine\u021bi c\u0103 firma de curierat poate percepe taxe suplimentare pentru kilometri suplimentari sau pentru plata &hellip; Readmore","og_url":"https:\/\/shop.elia-gr.ro\/index.php\/informatii-despre-livrare\/","og_site_name":"Elia Grecia","article_publisher":"https:\/\/www.facebook.com\/profile.php?id=100063888292671","article_modified_time":"2025-12-12T17:55:00+00:00","og_image":[{"width":960,"height":640,"url":"https:\/\/shop.elia-gr.ro\/wp-content\/uploads\/2024\/10\/informatii-despre-livrare.webp","type":"image\/webp"}],"twitter_card":"summary_large_image","twitter_misc":{"Timp estimat pentru citire":"2 minute"},"schema":{"@context":"https:\/\/schema.org","@graph":[{"@type":"WebPage","@id":"https:\/\/shop.elia-gr.ro\/index.php\/informatii-despre-livrare\/","url":"https:\/\/shop.elia-gr.ro\/index.php\/informatii-despre-livrare\/","name":"Informa\u021bii despre livrare - Elia Grecia","isPartOf":{"@id":"https:\/\/shop.elia-gr.ro\/#website"},"primaryImageOfPage":{"@id":"https:\/\/shop.elia-gr.ro\/index.php\/informatii-despre-livrare\/#primaryimage"},"image":{"@id":"https:\/\/shop.elia-gr.ro\/index.php\/informatii-despre-livrare\/#primaryimage"},"thumbnailUrl":"https:\/\/shop.elia-gr.ro\/wp-content\/uploads\/2024\/10\/informatii-despre-livrare.webp","datePublished":"2024-10-18T07:46:22+00:00","dateModified":"2025-12-12T17:55:00+00:00","breadcrumb":{"@id":"https:\/\/shop.elia-gr.ro\/index.php\/informatii-despre-livrare\/#breadcrumb"},"inLanguage":"ro-RO","potentialAction":[{"@type":"ReadAction","target":["https:\/\/shop.elia-gr.ro\/index.php\/informatii-despre-livrare\/"]}]},{"@type":"ImageObject","inLanguage":"ro-RO","@id":"https:\/\/shop.elia-gr.ro\/index.php\/informatii-despre-livrare\/#primaryimage","url":"https:\/\/shop.elia-gr.ro\/wp-content\/uploads\/2024\/10\/informatii-despre-livrare.webp","contentUrl":"https:\/\/shop.elia-gr.ro\/wp-content\/uploads\/2024\/10\/informatii-despre-livrare.webp","width":960,"height":640},{"@type":"BreadcrumbList","@id":"https:\/\/shop.elia-gr.ro\/index.php\/informatii-despre-livrare\/#breadcrumb","itemListElement":[{"@type":"ListItem","position":1,"name":"Home","item":"https:\/\/shop.elia-gr.ro\/"},{"@type":"ListItem","position":2,"name":"Informa\u021bii despre livrare"}]},{"@type":"WebSite","@id":"https:\/\/shop.elia-gr.ro\/#website","url":"https:\/\/shop.elia-gr.ro\/","name":"Elia Grecia","description":"Cele mai bune produse grece\u0219ti pentru tine!","publisher":{"@id":"https:\/\/shop.elia-gr.ro\/#organization"},"potentialAction":[{"@type":"SearchAction","target":{"@type":"EntryPoint","urlTemplate":"https:\/\/shop.elia-gr.ro\/?s={search_term_string}"},"query-input":{"@type":"PropertyValueSpecification","valueRequired":true,"valueName":"search_term_string"}}],"inLanguage":"ro-RO"},{"@type":"Organization","@id":"https:\/\/shop.elia-gr.ro\/#organization","name":"Elia Grecia","url":"https:\/\/shop.elia-gr.ro\/","logo":{"@type":"ImageObject","inLanguage":"ro-RO","@id":"https:\/\/shop.elia-gr.ro\/#\/schema\/logo\/image\/","url":"https:\/\/shop.elia-gr.ro\/wp-content\/uploads\/2024\/09\/new_logo_elia_shop-1.webp","contentUrl":"https:\/\/shop.elia-gr.ro\/wp-content\/uploads\/2024\/09\/new_logo_elia_shop-1.webp","width":141,"height":50,"caption":"Elia Grecia"},"image":{"@id":"https:\/\/shop.elia-gr.ro\/#\/schema\/logo\/image\/"},"sameAs":["https:\/\/www.facebook.com\/profile.php?id=100063888292671"]}]}},"jetpack_sharing_enabled":true,"_links":{"self":[{"href":"https:\/\/shop.elia-gr.ro\/index.php\/wp-json\/wp\/v2\/pages\/17444","targetHints":{"allow":["GET"]}}],"collection":[{"href":"https:\/\/shop.elia-gr.ro\/index.php\/wp-json\/wp\/v2\/pages"}],"about":[{"href":"https:\/\/shop.elia-gr.ro\/index.php\/wp-json\/wp\/v2\/types\/page"}],"author":[{"embeddable":true,"href":"https:\/\/shop.elia-gr.ro\/index.php\/wp-json\/wp\/v2\/users\/2"}],"replies":[{"embeddable":true,"href":"https:\/\/shop.elia-gr.ro\/index.php\/wp-json\/wp\/v2\/comments?post=17444"}],"version-history":[{"count":7,"href":"https:\/\/shop.elia-gr.ro\/index.php\/wp-json\/wp\/v2\/pages\/17444\/revisions"}],"predecessor-version":[{"id":21733,"href":"https:\/\/shop.elia-gr.ro\/index.php\/wp-json\/wp\/v2\/pages\/17444\/revisions\/21733"}],"wp:featuredmedia":[{"embeddable":true,"href":"https:\/\/shop.elia-gr.ro\/index.php\/wp-json\/wp\/v2\/media\/17445"}],"wp:attachment":[{"href":"https:\/\/shop.elia-gr.ro\/index.php\/wp-json\/wp\/v2\/media?parent=17444"}],"curies":[{"name":"wp","href":"https:\/\/api.w.org\/{rel}","templated":true}]}}