{"id":10308,"date":"2022-04-21T02:54:00","date_gmt":"2022-04-21T02:54:00","guid":{"rendered":"https:\/\/demo.wpthemego.com\/themes\/sw_beautyzone\/?post_type=product&#038;p=10308"},"modified":"2025-11-02T14:52:34","modified_gmt":"2025-11-02T12:52:34","slug":"branza-feta-dop-exarhos","status":"publish","type":"product","link":"https:\/\/shop.elia-gr.ro\/index.php\/product\/branza-feta-dop-exarhos\/","title":{"rendered":"Br\u00e2nz\u0103 feta DOP Exarhos"},"content":{"rendered":"<p>Br\u00e2nza feta DOP EXARHOS este produs\u0103 din lapte de oaie \u0219i capr\u0103 colectat exclusiv din zona muntoas\u0103 a Olimpului. \u00cen aceste condi\u021bii, laptele d\u0103 cele mai bune arome \u0219i, cu cuno\u0219tin\u021bele \u0219i experien\u021ba noastr\u0103, este transformat \u00eentr-una dintre cele mai renumite br\u00e2nzeturi tradi\u021bionale.<\/p>\n<p>Ambalarea \u00een recipiente de plastic p\u0103streaz\u0103 br\u00e2nza \u00een saramura sa natural\u0103 ambalat\u0103 \u0219i etan\u0219\u0103 pentru a oferi prospe\u021bime, oferind \u00een acela\u0219i timp posibilitatea unui gust \u0219i a unei calit\u0103\u021bi superioare a timpului de conservare.<\/p>\n<div>Br\u00e2nzeturile feta EXARHOS sunt certificate ca produse cu Denumire de Origine Protejat\u0103 (DOP). Importan\u021ba \u00eenregistr\u0103rii DOP const\u0103 \u00een garan\u021bia calit\u0103\u021bii \u0219i indicarea locului de origine.<\/div>\n<p><span dir=\"auto\">\u00cen cazul br\u00e2nzeturilor Feta\u00a0 se garanteaz\u0103, printre altele, c\u0103: <\/span><\/p>\n<p><span dir=\"auto\">(a) br\u00e2nza este produs\u0103 \u0219i maturat\u0103 \u00eentr-o anumit\u0103 zon\u0103 geografic\u0103 a Greciei, conform metodei tradi\u021bionale de produc\u021bie, <\/span><\/p>\n<p><span dir=\"auto\">(b) laptele provine exclusiv de la oi \u0219i capre din rase grece\u0219ti locale care tr\u0103iesc \u0219i pasc \u00een aceast\u0103 zon\u0103 geografic\u0103 delimitat\u0103, <\/span><\/p>\n<p><span dir=\"auto\">(c) utilizarea aditivilor pentru maturarea \u0219i colorarea br\u00e2nzei este interzis\u0103.<\/span><\/p>\n","protected":false},"excerpt":{"rendered":"<p>Ambalarea \u00een recipiente de plastic p\u0103streaz\u0103 br\u00e2nza \u00een saramura sa natural\u0103 ambalat\u0103 \u0219i etan\u0219\u0103 pentru a oferi prospe\u021bime, oferind \u00een acela\u0219i timp posibilitatea unui gust \u0219i a unei calit\u0103\u021bi superioare a timpului de conservare. Produsul ambalat la cutii de 1kg \u0219i 2 kg este feliat.<\/p>\n","protected":false},"featured_media":21592,"comment_status":"open","ping_status":"closed","template":"","meta":[],"product_cat":[142],"product_tag":[159],"class_list":{"0":"post-10308","1":"product","2":"type-product","3":"status-publish","4":"has-post-thumbnail","6":"product_brand-exarhos","7":"product_cat-branzeturi","8":"product_tag-branza-feta","10":"first","11":"instock","12":"featured","13":"shipping-taxable","14":"purchasable","15":"product-type-variable"},"yoast_head":"<!-- This site is optimized with the Yoast SEO plugin v27.5 - https:\/\/yoast.com\/product\/yoast-seo-wordpress\/ -->\n<title>Br\u00e2nz\u0103 feta DOP Exarhos - Elia Grecia<\/title>\n<meta name=\"description\" content=\"Br\u00e2nz\u0103 feta DOP Exarhos - autentic\u0103, maturat\u0103 tradi\u021bional \u00een Grecia, cu gust cremos \u0219i u\u0219or s\u0103rat. Ideal\u0103 pentru salate, aperitive \u0219i preparate\" \/>\n<meta name=\"robots\" content=\"index, follow, max-snippet:-1, max-image-preview:large, max-video-preview:-1\" \/>\n<meta property=\"og:locale\" content=\"ro_RO\" \/>\n<meta property=\"og:type\" content=\"article\" \/>\n<meta property=\"og:title\" content=\"Br\u00e2nz\u0103 feta DOP Exarhos - Elia Grecia\" \/>\n<meta property=\"og:description\" content=\"Br\u00e2nz\u0103 feta DOP Exarhos - autentic\u0103, maturat\u0103 tradi\u021bional \u00een Grecia, cu gust cremos \u0219i u\u0219or s\u0103rat. Ideal\u0103 pentru salate, aperitive \u0219i preparate\" \/>\n<meta property=\"og:url\" content=\"https:\/\/shop.elia-gr.ro\/index.php\/product\/branza-feta-dop-exarhos\/\" \/>\n<meta property=\"og:site_name\" content=\"Elia Grecia\" \/>\n<meta property=\"article:publisher\" content=\"https:\/\/www.facebook.com\/profile.php?id=100063888292671\" \/>\n<meta property=\"article:modified_time\" content=\"2025-11-02T12:52:34+00:00\" \/>\n<meta property=\"og:image\" content=\"https:\/\/shop.elia-gr.ro\/wp-content\/uploads\/2025\/02\/FETA_400G.png\" \/>\n\t<meta property=\"og:image:width\" content=\"569\" \/>\n\t<meta property=\"og:image:height\" content=\"569\" \/>\n\t<meta property=\"og:image:type\" content=\"image\/png\" \/>\n<meta name=\"twitter:card\" content=\"summary_large_image\" \/>\n<meta name=\"twitter:label1\" content=\"Timp estimat pentru citire\" \/>\n\t<meta name=\"twitter:data1\" content=\"2 minute\" \/>\n<!-- \/ Yoast SEO plugin. -->","yoast_head_json":{"title":"Br\u00e2nz\u0103 feta DOP Exarhos - Elia Grecia","description":"Br\u00e2nz\u0103 feta DOP Exarhos - autentic\u0103, maturat\u0103 tradi\u021bional \u00een Grecia, cu gust cremos \u0219i u\u0219or s\u0103rat. Ideal\u0103 pentru salate, aperitive \u0219i preparate","robots":{"index":"index","follow":"follow","max-snippet":"max-snippet:-1","max-image-preview":"max-image-preview:large","max-video-preview":"max-video-preview:-1"},"og_locale":"ro_RO","og_type":"article","og_title":"Br\u00e2nz\u0103 feta DOP Exarhos - Elia Grecia","og_description":"Br\u00e2nz\u0103 feta DOP Exarhos - autentic\u0103, maturat\u0103 tradi\u021bional \u00een Grecia, cu gust cremos \u0219i u\u0219or s\u0103rat. Ideal\u0103 pentru salate, aperitive \u0219i preparate","og_url":"https:\/\/shop.elia-gr.ro\/index.php\/product\/branza-feta-dop-exarhos\/","og_site_name":"Elia Grecia","article_publisher":"https:\/\/www.facebook.com\/profile.php?id=100063888292671","article_modified_time":"2025-11-02T12:52:34+00:00","og_image":[{"width":569,"height":569,"url":"https:\/\/shop.elia-gr.ro\/wp-content\/uploads\/2025\/02\/FETA_400G.png","type":"image\/png"}],"twitter_card":"summary_large_image","twitter_misc":{"Timp estimat pentru citire":"2 minute"},"schema":{"@context":"https:\/\/schema.org","@graph":[{"@type":"WebPage","@id":"https:\/\/shop.elia-gr.ro\/index.php\/product\/branza-feta-dop-exarhos\/","url":"https:\/\/shop.elia-gr.ro\/index.php\/product\/branza-feta-dop-exarhos\/","name":"Br\u00e2nz\u0103 feta DOP Exarhos - Elia Grecia","isPartOf":{"@id":"https:\/\/shop.elia-gr.ro\/#website"},"primaryImageOfPage":{"@id":"https:\/\/shop.elia-gr.ro\/index.php\/product\/branza-feta-dop-exarhos\/#primaryimage"},"image":{"@id":"https:\/\/shop.elia-gr.ro\/index.php\/product\/branza-feta-dop-exarhos\/#primaryimage"},"thumbnailUrl":"https:\/\/shop.elia-gr.ro\/wp-content\/uploads\/2025\/02\/FETA_400G.png","datePublished":"2022-04-21T02:54:00+00:00","dateModified":"2025-11-02T12:52:34+00:00","description":"Br\u00e2nz\u0103 feta DOP Exarhos - autentic\u0103, maturat\u0103 tradi\u021bional \u00een Grecia, cu gust cremos \u0219i u\u0219or s\u0103rat. Ideal\u0103 pentru salate, aperitive \u0219i preparate","breadcrumb":{"@id":"https:\/\/shop.elia-gr.ro\/index.php\/product\/branza-feta-dop-exarhos\/#breadcrumb"},"inLanguage":"ro-RO","potentialAction":[{"@type":"ReadAction","target":["https:\/\/shop.elia-gr.ro\/index.php\/product\/branza-feta-dop-exarhos\/"]}]},{"@type":"ImageObject","inLanguage":"ro-RO","@id":"https:\/\/shop.elia-gr.ro\/index.php\/product\/branza-feta-dop-exarhos\/#primaryimage","url":"https:\/\/shop.elia-gr.ro\/wp-content\/uploads\/2025\/02\/FETA_400G.png","contentUrl":"https:\/\/shop.elia-gr.ro\/wp-content\/uploads\/2025\/02\/FETA_400G.png","width":569,"height":569,"caption":"400 g"},{"@type":"BreadcrumbList","@id":"https:\/\/shop.elia-gr.ro\/index.php\/product\/branza-feta-dop-exarhos\/#breadcrumb","itemListElement":[{"@type":"ListItem","position":1,"name":"Home","item":"https:\/\/shop.elia-gr.ro\/"},{"@type":"ListItem","position":2,"name":"Shop","item":"https:\/\/shop.elia-gr.ro\/index.php\/shop\/"},{"@type":"ListItem","position":3,"name":"Br\u00e2nz\u0103 feta DOP Exarhos"}]},{"@type":"WebSite","@id":"https:\/\/shop.elia-gr.ro\/#website","url":"https:\/\/shop.elia-gr.ro\/","name":"Elia Grecia","description":"Cele mai bune produse grece\u0219ti pentru tine!","publisher":{"@id":"https:\/\/shop.elia-gr.ro\/#organization"},"potentialAction":[{"@type":"SearchAction","target":{"@type":"EntryPoint","urlTemplate":"https:\/\/shop.elia-gr.ro\/?s={search_term_string}"},"query-input":{"@type":"PropertyValueSpecification","valueRequired":true,"valueName":"search_term_string"}}],"inLanguage":"ro-RO"},{"@type":"Organization","@id":"https:\/\/shop.elia-gr.ro\/#organization","name":"Elia Grecia","url":"https:\/\/shop.elia-gr.ro\/","logo":{"@type":"ImageObject","inLanguage":"ro-RO","@id":"https:\/\/shop.elia-gr.ro\/#\/schema\/logo\/image\/","url":"https:\/\/shop.elia-gr.ro\/wp-content\/uploads\/2024\/09\/new_logo_elia_shop-1.webp","contentUrl":"https:\/\/shop.elia-gr.ro\/wp-content\/uploads\/2024\/09\/new_logo_elia_shop-1.webp","width":141,"height":50,"caption":"Elia Grecia"},"image":{"@id":"https:\/\/shop.elia-gr.ro\/#\/schema\/logo\/image\/"},"sameAs":["https:\/\/www.facebook.com\/profile.php?id=100063888292671"]}]}},"jetpack_sharing_enabled":true,"_links":{"self":[{"href":"https:\/\/shop.elia-gr.ro\/index.php\/wp-json\/wp\/v2\/product\/10308","targetHints":{"allow":["GET"]}}],"collection":[{"href":"https:\/\/shop.elia-gr.ro\/index.php\/wp-json\/wp\/v2\/product"}],"about":[{"href":"https:\/\/shop.elia-gr.ro\/index.php\/wp-json\/wp\/v2\/types\/product"}],"replies":[{"embeddable":true,"href":"https:\/\/shop.elia-gr.ro\/index.php\/wp-json\/wp\/v2\/comments?post=10308"}],"version-history":[{"count":6,"href":"https:\/\/shop.elia-gr.ro\/index.php\/wp-json\/wp\/v2\/product\/10308\/revisions"}],"predecessor-version":[{"id":21659,"href":"https:\/\/shop.elia-gr.ro\/index.php\/wp-json\/wp\/v2\/product\/10308\/revisions\/21659"}],"wp:featuredmedia":[{"embeddable":true,"href":"https:\/\/shop.elia-gr.ro\/index.php\/wp-json\/wp\/v2\/media\/21592"}],"wp:attachment":[{"href":"https:\/\/shop.elia-gr.ro\/index.php\/wp-json\/wp\/v2\/media?parent=10308"}],"wp:term":[{"taxonomy":"product_cat","embeddable":true,"href":"https:\/\/shop.elia-gr.ro\/index.php\/wp-json\/wp\/v2\/product_cat?post=10308"},{"taxonomy":"product_tag","embeddable":true,"href":"https:\/\/shop.elia-gr.ro\/index.php\/wp-json\/wp\/v2\/product_tag?post=10308"}],"curies":[{"name":"wp","href":"https:\/\/api.w.org\/{rel}","templated":true}]}}