{"id":10330,"date":"2022-04-21T03:07:06","date_gmt":"2022-04-21T03:07:06","guid":{"rendered":"https:\/\/demo.wpthemego.com\/themes\/sw_beautyzone\/?post_type=product&#038;p=10330"},"modified":"2024-09-27T13:19:18","modified_gmt":"2024-09-27T11:19:18","slug":"otet-balsamic-cu-miere","status":"publish","type":"product","link":"https:\/\/shop.elia-gr.ro\/index.php\/product\/otet-balsamic-cu-miere\/","title":{"rendered":"O\u021bet balsamic cu miere"},"content":{"rendered":"<p>Ob\u021binut din struguri, o\u021betul balsamic este cunoscut pentru aroma sa bogat\u0103 \u0219i culoarea neagr\u0103 catifelat\u0103.<\/p>\n<p>Este fermentat \u00een butoaie de lemn, la fel ca vinul, iar gustul o\u021betului balsamic se intensific\u0103, cu c\u00e2t este \u00eenvechit mai mult.<\/p>\n<p>Cu c\u00e2t aroma devine mai groas\u0103 \u0219i mai intens\u0103, cu at\u00e2t mai pu\u021bin trebuie s\u0103 ad\u0103uga\u021bi \u00een m\u00e2ncare pentru a oferi un plus de gust \u0219i a o pune \u00een valoare.<\/p>\n<p>Un produs delicios de folosit \u00een salate,fripturi,legume \u0219i \u00een multe alte utiliz\u0103ri.<\/p>\n","protected":false},"excerpt":{"rendered":"<p>Ob\u021binut din struguri, o\u021betul balsamic este cunoscut pentru aroma sa bogat\u0103 \u0219i culoarea neagr\u0103 catifelat\u0103.<\/p>\n<p>Este fermentat \u00een butoaie de lemn, la fel ca vinul, iar gustul o\u021betului balsamic se intensific\u0103, cu c\u00e2t este \u00eenvechit mai mult.<\/p>\n<p>Cu c\u00e2t aroma devine mai groas\u0103 \u0219i mai intens\u0103, cu at\u00e2t mai pu\u021bin trebuie s\u0103 ad\u0103uga\u021bi \u00een m\u00e2ncare pentru a oferi un plus de gust \u0219i a o pune \u00een valoare.<\/p>\n<p>Un produs delicios de folosit \u00een salate,fripturi,legume \u0219i \u00een multe alte utiliz\u0103ri.<\/p>\n","protected":false},"featured_media":17179,"comment_status":"open","ping_status":"closed","template":"","meta":[],"product_cat":[89],"product_tag":[174],"class_list":{"0":"post-10330","1":"product","2":"type-product","3":"status-publish","4":"has-post-thumbnail","6":"product_brand-ophellia","7":"product_cat-otet-balsamic","8":"product_tag-otet-balsamic","10":"first","11":"instock","12":"featured","13":"shipping-taxable","14":"purchasable","15":"product-type-simple"},"yoast_head":"<!-- This site is optimized with the Yoast SEO plugin v27.5 - https:\/\/yoast.com\/product\/yoast-seo-wordpress\/ -->\n<title>O\u021bet balsamic cu miere - Elia Grecia<\/title>\n<meta name=\"robots\" content=\"index, follow, max-snippet:-1, max-image-preview:large, max-video-preview:-1\" \/>\n<meta property=\"og:locale\" content=\"ro_RO\" \/>\n<meta property=\"og:type\" content=\"article\" \/>\n<meta property=\"og:title\" content=\"O\u021bet balsamic cu miere - Elia Grecia\" \/>\n<meta property=\"og:description\" content=\"Ob\u021binut din struguri, o\u021betul balsamic este cunoscut pentru aroma sa bogat\u0103 \u0219i culoarea neagr\u0103 catifelat\u0103.  Este fermentat \u00een butoaie de lemn, la fel ca vinul, iar gustul o\u021betului balsamic se intensific\u0103, cu c\u00e2t este \u00eenvechit mai mult.  Cu c\u00e2t aroma devine mai groas\u0103 \u0219i mai intens\u0103, cu at\u00e2t mai pu\u021bin trebuie s\u0103 ad\u0103uga\u021bi \u00een m\u00e2ncare pentru a oferi un plus de gust \u0219i a o pune \u00een valoare.  Un produs delicios de folosit \u00een salate,fripturi,legume \u0219i \u00een multe alte utiliz\u0103ri.\" \/>\n<meta property=\"og:url\" content=\"https:\/\/shop.elia-gr.ro\/index.php\/product\/otet-balsamic-cu-miere\/\" \/>\n<meta property=\"og:site_name\" content=\"Elia Grecia\" \/>\n<meta property=\"article:publisher\" content=\"https:\/\/www.facebook.com\/profile.php?id=100063888292671\" \/>\n<meta property=\"article:modified_time\" content=\"2024-09-27T11:19:18+00:00\" \/>\n<meta property=\"og:image\" content=\"https:\/\/shop.elia-gr.ro\/wp-content\/uploads\/2022\/04\/otet-balsamic-cu-miere.webp\" \/>\n\t<meta property=\"og:image:width\" content=\"800\" \/>\n\t<meta property=\"og:image:height\" content=\"960\" \/>\n\t<meta property=\"og:image:type\" content=\"image\/webp\" \/>\n<meta name=\"twitter:card\" content=\"summary_large_image\" \/>\n<!-- \/ Yoast SEO plugin. -->","yoast_head_json":{"title":"O\u021bet balsamic cu miere - Elia Grecia","robots":{"index":"index","follow":"follow","max-snippet":"max-snippet:-1","max-image-preview":"max-image-preview:large","max-video-preview":"max-video-preview:-1"},"og_locale":"ro_RO","og_type":"article","og_title":"O\u021bet balsamic cu miere - Elia Grecia","og_description":"Ob\u021binut din struguri, o\u021betul balsamic este cunoscut pentru aroma sa bogat\u0103 \u0219i culoarea neagr\u0103 catifelat\u0103.  Este fermentat \u00een butoaie de lemn, la fel ca vinul, iar gustul o\u021betului balsamic se intensific\u0103, cu c\u00e2t este \u00eenvechit mai mult.  Cu c\u00e2t aroma devine mai groas\u0103 \u0219i mai intens\u0103, cu at\u00e2t mai pu\u021bin trebuie s\u0103 ad\u0103uga\u021bi \u00een m\u00e2ncare pentru a oferi un plus de gust \u0219i a o pune \u00een valoare.  Un produs delicios de folosit \u00een salate,fripturi,legume \u0219i \u00een multe alte utiliz\u0103ri.","og_url":"https:\/\/shop.elia-gr.ro\/index.php\/product\/otet-balsamic-cu-miere\/","og_site_name":"Elia Grecia","article_publisher":"https:\/\/www.facebook.com\/profile.php?id=100063888292671","article_modified_time":"2024-09-27T11:19:18+00:00","og_image":[{"width":800,"height":960,"url":"https:\/\/shop.elia-gr.ro\/wp-content\/uploads\/2022\/04\/otet-balsamic-cu-miere.webp","type":"image\/webp"}],"twitter_card":"summary_large_image","schema":{"@context":"https:\/\/schema.org","@graph":[{"@type":"WebPage","@id":"https:\/\/shop.elia-gr.ro\/index.php\/product\/otet-balsamic-cu-miere\/","url":"https:\/\/shop.elia-gr.ro\/index.php\/product\/otet-balsamic-cu-miere\/","name":"O\u021bet balsamic cu miere - Elia Grecia","isPartOf":{"@id":"https:\/\/shop.elia-gr.ro\/#website"},"primaryImageOfPage":{"@id":"https:\/\/shop.elia-gr.ro\/index.php\/product\/otet-balsamic-cu-miere\/#primaryimage"},"image":{"@id":"https:\/\/shop.elia-gr.ro\/index.php\/product\/otet-balsamic-cu-miere\/#primaryimage"},"thumbnailUrl":"https:\/\/shop.elia-gr.ro\/wp-content\/uploads\/2022\/04\/otet-balsamic-cu-miere.webp","datePublished":"2022-04-21T03:07:06+00:00","dateModified":"2024-09-27T11:19:18+00:00","breadcrumb":{"@id":"https:\/\/shop.elia-gr.ro\/index.php\/product\/otet-balsamic-cu-miere\/#breadcrumb"},"inLanguage":"ro-RO","potentialAction":[{"@type":"ReadAction","target":["https:\/\/shop.elia-gr.ro\/index.php\/product\/otet-balsamic-cu-miere\/"]}]},{"@type":"ImageObject","inLanguage":"ro-RO","@id":"https:\/\/shop.elia-gr.ro\/index.php\/product\/otet-balsamic-cu-miere\/#primaryimage","url":"https:\/\/shop.elia-gr.ro\/wp-content\/uploads\/2022\/04\/otet-balsamic-cu-miere.webp","contentUrl":"https:\/\/shop.elia-gr.ro\/wp-content\/uploads\/2022\/04\/otet-balsamic-cu-miere.webp","width":800,"height":960,"caption":"Otet balsamic cu miere"},{"@type":"BreadcrumbList","@id":"https:\/\/shop.elia-gr.ro\/index.php\/product\/otet-balsamic-cu-miere\/#breadcrumb","itemListElement":[{"@type":"ListItem","position":1,"name":"Home","item":"https:\/\/shop.elia-gr.ro\/"},{"@type":"ListItem","position":2,"name":"Shop","item":"https:\/\/shop.elia-gr.ro\/index.php\/shop\/"},{"@type":"ListItem","position":3,"name":"O\u021bet balsamic cu miere"}]},{"@type":"WebSite","@id":"https:\/\/shop.elia-gr.ro\/#website","url":"https:\/\/shop.elia-gr.ro\/","name":"Elia Grecia","description":"Cele mai bune produse grece\u0219ti pentru tine!","publisher":{"@id":"https:\/\/shop.elia-gr.ro\/#organization"},"potentialAction":[{"@type":"SearchAction","target":{"@type":"EntryPoint","urlTemplate":"https:\/\/shop.elia-gr.ro\/?s={search_term_string}"},"query-input":{"@type":"PropertyValueSpecification","valueRequired":true,"valueName":"search_term_string"}}],"inLanguage":"ro-RO"},{"@type":"Organization","@id":"https:\/\/shop.elia-gr.ro\/#organization","name":"Elia Grecia","url":"https:\/\/shop.elia-gr.ro\/","logo":{"@type":"ImageObject","inLanguage":"ro-RO","@id":"https:\/\/shop.elia-gr.ro\/#\/schema\/logo\/image\/","url":"https:\/\/shop.elia-gr.ro\/wp-content\/uploads\/2024\/09\/new_logo_elia_shop-1.webp","contentUrl":"https:\/\/shop.elia-gr.ro\/wp-content\/uploads\/2024\/09\/new_logo_elia_shop-1.webp","width":141,"height":50,"caption":"Elia Grecia"},"image":{"@id":"https:\/\/shop.elia-gr.ro\/#\/schema\/logo\/image\/"},"sameAs":["https:\/\/www.facebook.com\/profile.php?id=100063888292671"]}]}},"jetpack_sharing_enabled":true,"_links":{"self":[{"href":"https:\/\/shop.elia-gr.ro\/index.php\/wp-json\/wp\/v2\/product\/10330","targetHints":{"allow":["GET"]}}],"collection":[{"href":"https:\/\/shop.elia-gr.ro\/index.php\/wp-json\/wp\/v2\/product"}],"about":[{"href":"https:\/\/shop.elia-gr.ro\/index.php\/wp-json\/wp\/v2\/types\/product"}],"replies":[{"embeddable":true,"href":"https:\/\/shop.elia-gr.ro\/index.php\/wp-json\/wp\/v2\/comments?post=10330"}],"version-history":[{"count":2,"href":"https:\/\/shop.elia-gr.ro\/index.php\/wp-json\/wp\/v2\/product\/10330\/revisions"}],"predecessor-version":[{"id":17180,"href":"https:\/\/shop.elia-gr.ro\/index.php\/wp-json\/wp\/v2\/product\/10330\/revisions\/17180"}],"wp:featuredmedia":[{"embeddable":true,"href":"https:\/\/shop.elia-gr.ro\/index.php\/wp-json\/wp\/v2\/media\/17179"}],"wp:attachment":[{"href":"https:\/\/shop.elia-gr.ro\/index.php\/wp-json\/wp\/v2\/media?parent=10330"}],"wp:term":[{"taxonomy":"product_cat","embeddable":true,"href":"https:\/\/shop.elia-gr.ro\/index.php\/wp-json\/wp\/v2\/product_cat?post=10330"},{"taxonomy":"product_tag","embeddable":true,"href":"https:\/\/shop.elia-gr.ro\/index.php\/wp-json\/wp\/v2\/product_tag?post=10330"}],"curies":[{"name":"wp","href":"https:\/\/api.w.org\/{rel}","templated":true}]}}