{"id":17356,"date":"2024-10-15T14:06:15","date_gmt":"2024-10-15T12:06:15","guid":{"rendered":"https:\/\/shop.elia-gr.ro\/?post_type=product&#038;p=17356"},"modified":"2025-08-12T19:56:40","modified_gmt":"2025-08-12T17:56:40","slug":"ulei-de-masline-extra-virgin-metalic-minoas-5-l","status":"publish","type":"product","link":"https:\/\/shop.elia-gr.ro\/index.php\/product\/ulei-de-masline-extra-virgin-metalic-minoas-5-l\/","title":{"rendered":"Ulei de m\u0103sline extra virgin metalic Minoas 5 L"},"content":{"rendered":"\t\t<div data-elementor-type=\"wp-post\" data-elementor-id=\"17356\" class=\"elementor elementor-17356\" data-elementor-post-type=\"product\">\n\t\t\t\t<div class=\"elementor-element elementor-element-5c387b e-flex e-con-boxed e-con e-parent\" data-id=\"5c387b\" data-element_type=\"container\" data-e-type=\"container\">\n\t\t\t\t\t<div class=\"e-con-inner\">\n\t\t\t\t<div class=\"elementor-element elementor-element-41b9d8f9 elementor-widget elementor-widget-text-editor\" data-id=\"41b9d8f9\" data-element_type=\"widget\" data-e-type=\"widget\" data-widget_type=\"text-editor.default\">\n\t\t\t\t<div class=\"elementor-widget-container\">\n\t\t\t\t\t\t\t\t\t<p>Aroma profund\u0103, bogat\u0103, a uleiului de m\u0103sline virgin MINOAS acest aur lichid din \u00eensorita\u00a0 Creta,\u00a0 insula celebr\u0103 a Greciei, patria uleiului de m\u0103sline, este de neconfundat pentru cunosc\u0103tori.<\/p><p>Obtinut prin presarea la rece \u0219i numai prin mijloace mecanice, din m\u0103sline proasp\u0103t culese, cultivate pe solul st\u00e2ncos al Cretei, bucur\u00e2ndu-se de cre\u0219tere \u0219i maturizare \u00eentr-un climat ideal, f\u0103r\u0103 fluctua\u021bii mari de temperatur\u0103, uleiul MINOAS, beneficiaz\u0103 din plin de experien\u021ba de 2000 de ani a creatorilor greci de ulei.<\/p><p>Uleiul de m\u0103sline MINOAS este virgin natural, produs numai din m\u0103slini din Kreta, insula mare a Greciei. Are propriet\u0103\u021bi deosebite, o aroma bogat\u0103 care se combin\u0103 armonios cu gustul de m\u0103slin\u0103 f\u0103r\u0103 s\u0103 fie amar sau acid .<\/p><p>Uleiul de m\u0103sline virgin MINOAS este apreciat pentru o deosebit\u0103 calitate. Are gust bogat si adaug\u0103 o aroma deosebit\u0103\u00a0 alimentelor. Ideal pentru g\u0103tit, pentru gr\u0103tar, salate, sandvi\u0219uri \u0219i \u00eendeosebi amestecat cu l\u0103m\u00e2ie (ladolemono) pentru peste. -Nu se recomand\u0103 la pr\u0103jit dec\u00e2t la rumenit.<\/p><p>Este cea mai s\u0103n\u0103toas\u0103 surs\u0103 de gr\u0103sime existent\u0103, potolind foamea \u0219i av\u00e2nd multe beneficii asupra organismului omenesc, cum ar fi:<\/p><p>\u2013 face arterele mai elastic \u2013 reduce nivelul colesterolului r\u0103u\u00a0 \u2013 \u00eembun\u0103t\u0103\u021be\u0219te digestia \u2013 protejeaz\u0103 ficatul<\/p><p>\u2013 protejeaz\u0103 celulele ro\u0219ii din s\u00e2nge \u0219i inima \u2013 reduce accidentul vascular la minim persoanelor \u00een v\u00e2rst\u0103<\/p><p>\u2013 previne atacul de cord \u2013 scade tensiunea arterial \u2013 \u00eembun\u0103t\u0103\u021be\u0219te memoria\u2013 previne apari\u021bia depresiei<\/p><p>\u2013 previne \u00eemb\u0103tr\u00e2nirea pielii \u2013 \u00eenfrumuse\u021beaz\u0103 p\u0103rul\u00a0\u00a0\u00a0 \u0218i lista poate continua la nesf\u00e2r\u0219it\u2026..<\/p><p>Uleiul de m\u0103sline virgin MINOAS este ob\u021binut prin presarea la rece si numai cu mijloace mecanice, rezult\u00e2nd astfel un ulei de m\u0103sline virgin de o calitate \u0219i de un gust deosebit, cu o arom\u0103 bogata de m\u0103sline. Ulei de m\u0103sline de calitate superioar\u0103 extras direct, exclusiv din m\u0103sline si obtinut prin procedee mecanice.\u00a0\u00a0\u00a0<\/p><p>Valoarea nutritiv\u0103 f\u0103r\u0103 egal a uleiului de m\u0103sline a fost dovedit\u0103 stiintific prin cercet\u0103ri bine documentate.<\/p><p>Uleiul de m\u0103sline cretan, din vremurile minoice antice si p\u00e2n\u0103 \u00een zilele noastre, este un ingredient major al dietei cretane, care a devenit un standard global de alimentatie s\u0103n\u0103toas\u0103.<\/p>\t\t\t\t\t\t\t\t<\/div>\n\t\t\t\t<\/div>\n\t\t\t\t\t<\/div>\n\t\t\t\t<\/div>\n\t\t\t\t<\/div>\n\t\t","protected":false},"excerpt":{"rendered":"<p><span lang=\"en-us\">Uleiul de m\u0103sline virgin <strong>\u201cMinoas\u201d<\/strong> este ob\u021b\u021binut prin presarea la rece si numai cu mijloace mecanice, rezultand astfel un ulei de masline virgin de o calitate si de un gust deosebit, cu o aroma bogata de masline.<\/span><\/p>\n<p><span lang=\"en-us\">Uleiul de masline\u00a0<strong>\u201cMinoas\u201d\u00a0<\/strong>este<strong>\u00a0<\/strong>virgin natural, produs din pomi \u2013 maslini din Kreta, insula mare a Greciei. El are proprietati deosebite, o aroma bogata care se combina armonios cu gustul de maslina fara sa fie amar sau acid . Are un gust bogat si adauga o aroma deosebita alimentelor si indeosebi salatelor.<br \/>\nAcest ulei poate fi folosit si pentru gatit, mai putin pentru prajit.<\/span><\/p>\n","protected":false},"featured_media":17357,"comment_status":"open","ping_status":"closed","template":"","meta":[],"product_cat":[141],"product_tag":[150],"class_list":{"0":"post-17356","1":"product","2":"type-product","3":"status-publish","4":"has-post-thumbnail","6":"product_brand-minoas","7":"product_cat-ulei-de-masline","8":"product_tag-ulei-de-masline-extravirgin","10":"first","11":"outofstock","12":"featured","13":"shipping-taxable","14":"purchasable","15":"product-type-simple"},"yoast_head":"<!-- This site is optimized with the Yoast SEO plugin v27.5 - https:\/\/yoast.com\/product\/yoast-seo-wordpress\/ -->\n<title>Ulei de m\u0103sline extra virgin metalic Minoas 5 L - Elia Grecia<\/title>\n<meta name=\"description\" content=\"Ulei de m\u0103sline extra virgin metalic Minoas 5 L, este ob\u021b\u021binut prin presarea la rece si numai cu mijloace mecanice\" \/>\n<meta name=\"robots\" content=\"index, follow, max-snippet:-1, max-image-preview:large, max-video-preview:-1\" \/>\n<meta property=\"og:locale\" content=\"ro_RO\" \/>\n<meta property=\"og:type\" content=\"article\" \/>\n<meta property=\"og:title\" content=\"Ulei de m\u0103sline extra virgin metalic Minoas 5 L - Elia Grecia\" \/>\n<meta property=\"og:description\" content=\"Ulei de m\u0103sline extra virgin metalic Minoas 5 L, este ob\u021b\u021binut prin presarea la rece si numai cu mijloace mecanice\" \/>\n<meta property=\"og:url\" content=\"https:\/\/shop.elia-gr.ro\/index.php\/product\/ulei-de-masline-extra-virgin-metalic-minoas-5-l\/\" \/>\n<meta property=\"og:site_name\" content=\"Elia Grecia\" \/>\n<meta property=\"article:publisher\" content=\"https:\/\/www.facebook.com\/profile.php?id=100063888292671\" \/>\n<meta property=\"article:modified_time\" content=\"2025-08-12T17:56:40+00:00\" \/>\n<meta property=\"og:image\" content=\"https:\/\/shop.elia-gr.ro\/wp-content\/uploads\/2024\/10\/ulei-extravirgin-minoas-5l.webp\" \/>\n\t<meta property=\"og:image:width\" content=\"800\" \/>\n\t<meta property=\"og:image:height\" content=\"960\" \/>\n\t<meta property=\"og:image:type\" content=\"image\/webp\" \/>\n<meta name=\"twitter:card\" content=\"summary_large_image\" \/>\n<meta name=\"twitter:label1\" content=\"Timp estimat pentru citire\" \/>\n\t<meta name=\"twitter:data1\" content=\"2 minute\" \/>\n<!-- \/ Yoast SEO plugin. -->","yoast_head_json":{"title":"Ulei de m\u0103sline extra virgin metalic Minoas 5 L - Elia Grecia","description":"Ulei de m\u0103sline extra virgin metalic Minoas 5 L, este ob\u021b\u021binut prin presarea la rece si numai cu mijloace mecanice","robots":{"index":"index","follow":"follow","max-snippet":"max-snippet:-1","max-image-preview":"max-image-preview:large","max-video-preview":"max-video-preview:-1"},"og_locale":"ro_RO","og_type":"article","og_title":"Ulei de m\u0103sline extra virgin metalic Minoas 5 L - Elia Grecia","og_description":"Ulei de m\u0103sline extra virgin metalic Minoas 5 L, este ob\u021b\u021binut prin presarea la rece si numai cu mijloace mecanice","og_url":"https:\/\/shop.elia-gr.ro\/index.php\/product\/ulei-de-masline-extra-virgin-metalic-minoas-5-l\/","og_site_name":"Elia Grecia","article_publisher":"https:\/\/www.facebook.com\/profile.php?id=100063888292671","article_modified_time":"2025-08-12T17:56:40+00:00","og_image":[{"width":800,"height":960,"url":"https:\/\/shop.elia-gr.ro\/wp-content\/uploads\/2024\/10\/ulei-extravirgin-minoas-5l.webp","type":"image\/webp"}],"twitter_card":"summary_large_image","twitter_misc":{"Timp estimat pentru citire":"2 minute"},"schema":{"@context":"https:\/\/schema.org","@graph":[{"@type":"WebPage","@id":"https:\/\/shop.elia-gr.ro\/index.php\/product\/ulei-de-masline-extra-virgin-metalic-minoas-5-l\/","url":"https:\/\/shop.elia-gr.ro\/index.php\/product\/ulei-de-masline-extra-virgin-metalic-minoas-5-l\/","name":"Ulei de m\u0103sline extra virgin metalic Minoas 5 L - Elia Grecia","isPartOf":{"@id":"https:\/\/shop.elia-gr.ro\/#website"},"primaryImageOfPage":{"@id":"https:\/\/shop.elia-gr.ro\/index.php\/product\/ulei-de-masline-extra-virgin-metalic-minoas-5-l\/#primaryimage"},"image":{"@id":"https:\/\/shop.elia-gr.ro\/index.php\/product\/ulei-de-masline-extra-virgin-metalic-minoas-5-l\/#primaryimage"},"thumbnailUrl":"https:\/\/shop.elia-gr.ro\/wp-content\/uploads\/2024\/10\/ulei-extravirgin-minoas-5l.webp","datePublished":"2024-10-15T12:06:15+00:00","dateModified":"2025-08-12T17:56:40+00:00","description":"Ulei de m\u0103sline extra virgin metalic Minoas 5 L, este ob\u021b\u021binut prin presarea la rece si numai cu mijloace mecanice","breadcrumb":{"@id":"https:\/\/shop.elia-gr.ro\/index.php\/product\/ulei-de-masline-extra-virgin-metalic-minoas-5-l\/#breadcrumb"},"inLanguage":"ro-RO","potentialAction":[{"@type":"ReadAction","target":["https:\/\/shop.elia-gr.ro\/index.php\/product\/ulei-de-masline-extra-virgin-metalic-minoas-5-l\/"]}]},{"@type":"ImageObject","inLanguage":"ro-RO","@id":"https:\/\/shop.elia-gr.ro\/index.php\/product\/ulei-de-masline-extra-virgin-metalic-minoas-5-l\/#primaryimage","url":"https:\/\/shop.elia-gr.ro\/wp-content\/uploads\/2024\/10\/ulei-extravirgin-minoas-5l.webp","contentUrl":"https:\/\/shop.elia-gr.ro\/wp-content\/uploads\/2024\/10\/ulei-extravirgin-minoas-5l.webp","width":800,"height":960},{"@type":"BreadcrumbList","@id":"https:\/\/shop.elia-gr.ro\/index.php\/product\/ulei-de-masline-extra-virgin-metalic-minoas-5-l\/#breadcrumb","itemListElement":[{"@type":"ListItem","position":1,"name":"Home","item":"https:\/\/shop.elia-gr.ro\/"},{"@type":"ListItem","position":2,"name":"Shop","item":"https:\/\/shop.elia-gr.ro\/index.php\/shop\/"},{"@type":"ListItem","position":3,"name":"Ulei de m\u0103sline extra virgin metalic Minoas 5 L"}]},{"@type":"WebSite","@id":"https:\/\/shop.elia-gr.ro\/#website","url":"https:\/\/shop.elia-gr.ro\/","name":"Elia Grecia","description":"Cele mai bune produse grece\u0219ti pentru tine!","publisher":{"@id":"https:\/\/shop.elia-gr.ro\/#organization"},"potentialAction":[{"@type":"SearchAction","target":{"@type":"EntryPoint","urlTemplate":"https:\/\/shop.elia-gr.ro\/?s={search_term_string}"},"query-input":{"@type":"PropertyValueSpecification","valueRequired":true,"valueName":"search_term_string"}}],"inLanguage":"ro-RO"},{"@type":"Organization","@id":"https:\/\/shop.elia-gr.ro\/#organization","name":"Elia Grecia","url":"https:\/\/shop.elia-gr.ro\/","logo":{"@type":"ImageObject","inLanguage":"ro-RO","@id":"https:\/\/shop.elia-gr.ro\/#\/schema\/logo\/image\/","url":"https:\/\/shop.elia-gr.ro\/wp-content\/uploads\/2024\/09\/new_logo_elia_shop-1.webp","contentUrl":"https:\/\/shop.elia-gr.ro\/wp-content\/uploads\/2024\/09\/new_logo_elia_shop-1.webp","width":141,"height":50,"caption":"Elia Grecia"},"image":{"@id":"https:\/\/shop.elia-gr.ro\/#\/schema\/logo\/image\/"},"sameAs":["https:\/\/www.facebook.com\/profile.php?id=100063888292671"]}]}},"jetpack_sharing_enabled":true,"_links":{"self":[{"href":"https:\/\/shop.elia-gr.ro\/index.php\/wp-json\/wp\/v2\/product\/17356","targetHints":{"allow":["GET"]}}],"collection":[{"href":"https:\/\/shop.elia-gr.ro\/index.php\/wp-json\/wp\/v2\/product"}],"about":[{"href":"https:\/\/shop.elia-gr.ro\/index.php\/wp-json\/wp\/v2\/types\/product"}],"replies":[{"embeddable":true,"href":"https:\/\/shop.elia-gr.ro\/index.php\/wp-json\/wp\/v2\/comments?post=17356"}],"version-history":[{"count":6,"href":"https:\/\/shop.elia-gr.ro\/index.php\/wp-json\/wp\/v2\/product\/17356\/revisions"}],"predecessor-version":[{"id":21447,"href":"https:\/\/shop.elia-gr.ro\/index.php\/wp-json\/wp\/v2\/product\/17356\/revisions\/21447"}],"wp:featuredmedia":[{"embeddable":true,"href":"https:\/\/shop.elia-gr.ro\/index.php\/wp-json\/wp\/v2\/media\/17357"}],"wp:attachment":[{"href":"https:\/\/shop.elia-gr.ro\/index.php\/wp-json\/wp\/v2\/media?parent=17356"}],"wp:term":[{"taxonomy":"product_cat","embeddable":true,"href":"https:\/\/shop.elia-gr.ro\/index.php\/wp-json\/wp\/v2\/product_cat?post=17356"},{"taxonomy":"product_tag","embeddable":true,"href":"https:\/\/shop.elia-gr.ro\/index.php\/wp-json\/wp\/v2\/product_tag?post=17356"}],"curies":[{"name":"wp","href":"https:\/\/api.w.org\/{rel}","templated":true}]}}