{"id":17503,"date":"2024-12-07T21:31:38","date_gmt":"2024-12-07T19:31:38","guid":{"rendered":"https:\/\/shop.elia-gr.ro\/?post_type=product&#038;p=17503"},"modified":"2026-03-19T21:05:58","modified_gmt":"2026-03-19T19:05:58","slug":"masline-kalamata-161-fara-samburi","status":"publish","type":"product","link":"https:\/\/shop.elia-gr.ro\/index.php\/product\/masline-kalamata-161-fara-samburi\/","title":{"rendered":"M\u0103sline Kalamata 161 f\u0103r\u0103 s\u00e2mburi"},"content":{"rendered":"\t\t<div data-elementor-type=\"wp-post\" data-elementor-id=\"17503\" class=\"elementor elementor-17503\" data-elementor-post-type=\"product\">\n\t\t\t\t<div class=\"elementor-element elementor-element-5c387b e-flex e-con-boxed e-con e-parent\" data-id=\"5c387b\" data-element_type=\"container\" data-e-type=\"container\">\n\t\t\t\t\t<div class=\"e-con-inner\">\n\t\t\t\t\t<\/div>\n\t\t\t\t<\/div>\n\t\t\t\t<\/div>\n\t\t","protected":false},"excerpt":{"rendered":"<p>\u00cencarc\u0103-\u021bi papilele gustative cu rafinamentul autenticei Kalamata: m\u0103sline f\u0103r\u0103 s\u00e2mburi, c\u0103rnoase, de calitate superioar\u0103 \u0219i pline de savoare mediteranean\u0103. Cultivate \u00een Grecia (regiunea Kalamata\/Laconia) \u2013 considerat\u0103 patria m\u0103slinelor Kalamata \u2013 aceste m\u0103sline sunt selectate manual dup\u0103 coacere complet\u0103. Soiul Kalamata are fructe mari, \u00een form\u0103 alungit\u0103, cu textura ferm\u0103 \u0219i gust intens-fructat.<\/p>\n","protected":false},"featured_media":21965,"comment_status":"open","ping_status":"closed","template":"","meta":[],"product_cat":[143,203],"product_tag":[206,151],"class_list":{"0":"post-17503","1":"product","2":"type-product","3":"status-publish","4":"has-post-thumbnail","6":"product_cat-masline-grecia","7":"product_cat-masline-kalamata","8":"product_tag-masline","9":"product_tag-masline-kalamata","11":"first","12":"instock","13":"featured","14":"shipping-taxable","15":"purchasable","16":"product-type-variable","17":"has-default-attributes"},"yoast_head":"<!-- This site is optimized with the Yoast SEO plugin v27.5 - https:\/\/yoast.com\/product\/yoast-seo-wordpress\/ -->\n<title>M\u0103sline Kalamata 161 f\u0103r\u0103 s\u00e2mburi - Elia Grecia<\/title>\n<meta name=\"description\" content=\"M\u0103sline kalamata 161 f\u0103r\u0103 s\u00e2mburi\" \/>\n<meta name=\"robots\" content=\"index, follow, max-snippet:-1, max-image-preview:large, max-video-preview:-1\" \/>\n<meta property=\"og:locale\" content=\"ro_RO\" \/>\n<meta property=\"og:type\" content=\"article\" \/>\n<meta property=\"og:title\" content=\"M\u0103sline Kalamata 161 f\u0103r\u0103 s\u00e2mburi - Elia Grecia\" \/>\n<meta property=\"og:description\" content=\"M\u0103sline kalamata 161 f\u0103r\u0103 s\u00e2mburi\" \/>\n<meta property=\"og:url\" content=\"https:\/\/shop.elia-gr.ro\/index.php\/product\/masline-kalamata-161-fara-samburi\/\" \/>\n<meta property=\"og:site_name\" content=\"Elia Grecia\" \/>\n<meta property=\"article:publisher\" content=\"https:\/\/www.facebook.com\/profile.php?id=100063888292671\" \/>\n<meta property=\"article:modified_time\" content=\"2026-03-19T19:05:58+00:00\" \/>\n<meta property=\"og:image\" content=\"https:\/\/shop.elia-gr.ro\/wp-content\/uploads\/2024\/12\/Masline-Kalamata-161-fara-samburi.png\" \/>\n\t<meta property=\"og:image:width\" content=\"1024\" \/>\n\t<meta property=\"og:image:height\" content=\"1536\" \/>\n\t<meta property=\"og:image:type\" content=\"image\/png\" \/>\n<meta name=\"twitter:card\" content=\"summary_large_image\" \/>\n<meta name=\"twitter:label1\" content=\"Timp estimat pentru citire\" \/>\n\t<meta name=\"twitter:data1\" content=\"1 minut\" \/>\n<!-- \/ Yoast SEO plugin. -->","yoast_head_json":{"title":"M\u0103sline Kalamata 161 f\u0103r\u0103 s\u00e2mburi - Elia Grecia","description":"M\u0103sline kalamata 161 f\u0103r\u0103 s\u00e2mburi","robots":{"index":"index","follow":"follow","max-snippet":"max-snippet:-1","max-image-preview":"max-image-preview:large","max-video-preview":"max-video-preview:-1"},"og_locale":"ro_RO","og_type":"article","og_title":"M\u0103sline Kalamata 161 f\u0103r\u0103 s\u00e2mburi - Elia Grecia","og_description":"M\u0103sline kalamata 161 f\u0103r\u0103 s\u00e2mburi","og_url":"https:\/\/shop.elia-gr.ro\/index.php\/product\/masline-kalamata-161-fara-samburi\/","og_site_name":"Elia Grecia","article_publisher":"https:\/\/www.facebook.com\/profile.php?id=100063888292671","article_modified_time":"2026-03-19T19:05:58+00:00","og_image":[{"width":1024,"height":1536,"url":"https:\/\/shop.elia-gr.ro\/wp-content\/uploads\/2024\/12\/Masline-Kalamata-161-fara-samburi.png","type":"image\/png"}],"twitter_card":"summary_large_image","twitter_misc":{"Timp estimat pentru citire":"1 minut"},"schema":{"@context":"https:\/\/schema.org","@graph":[{"@type":"WebPage","@id":"https:\/\/shop.elia-gr.ro\/index.php\/product\/masline-kalamata-161-fara-samburi\/","url":"https:\/\/shop.elia-gr.ro\/index.php\/product\/masline-kalamata-161-fara-samburi\/","name":"M\u0103sline Kalamata 161 f\u0103r\u0103 s\u00e2mburi - Elia Grecia","isPartOf":{"@id":"https:\/\/shop.elia-gr.ro\/#website"},"primaryImageOfPage":{"@id":"https:\/\/shop.elia-gr.ro\/index.php\/product\/masline-kalamata-161-fara-samburi\/#primaryimage"},"image":{"@id":"https:\/\/shop.elia-gr.ro\/index.php\/product\/masline-kalamata-161-fara-samburi\/#primaryimage"},"thumbnailUrl":"https:\/\/shop.elia-gr.ro\/wp-content\/uploads\/2024\/12\/Masline-Kalamata-161-fara-samburi.png","datePublished":"2024-12-07T19:31:38+00:00","dateModified":"2026-03-19T19:05:58+00:00","description":"M\u0103sline kalamata 161 f\u0103r\u0103 s\u00e2mburi","breadcrumb":{"@id":"https:\/\/shop.elia-gr.ro\/index.php\/product\/masline-kalamata-161-fara-samburi\/#breadcrumb"},"inLanguage":"ro-RO","potentialAction":[{"@type":"ReadAction","target":["https:\/\/shop.elia-gr.ro\/index.php\/product\/masline-kalamata-161-fara-samburi\/"]}]},{"@type":"ImageObject","inLanguage":"ro-RO","@id":"https:\/\/shop.elia-gr.ro\/index.php\/product\/masline-kalamata-161-fara-samburi\/#primaryimage","url":"https:\/\/shop.elia-gr.ro\/wp-content\/uploads\/2024\/12\/Masline-Kalamata-161-fara-samburi.png","contentUrl":"https:\/\/shop.elia-gr.ro\/wp-content\/uploads\/2024\/12\/Masline-Kalamata-161-fara-samburi.png","width":1024,"height":1536,"caption":"M\u0103sline Kalamata 161 f\u0103r\u0103 s\u00e2mburi"},{"@type":"BreadcrumbList","@id":"https:\/\/shop.elia-gr.ro\/index.php\/product\/masline-kalamata-161-fara-samburi\/#breadcrumb","itemListElement":[{"@type":"ListItem","position":1,"name":"Home","item":"https:\/\/shop.elia-gr.ro\/"},{"@type":"ListItem","position":2,"name":"Shop","item":"https:\/\/shop.elia-gr.ro\/index.php\/shop\/"},{"@type":"ListItem","position":3,"name":"M\u0103sline Kalamata 161 f\u0103r\u0103 s\u00e2mburi"}]},{"@type":"WebSite","@id":"https:\/\/shop.elia-gr.ro\/#website","url":"https:\/\/shop.elia-gr.ro\/","name":"Elia Grecia","description":"Cele mai bune produse grece\u0219ti pentru tine!","publisher":{"@id":"https:\/\/shop.elia-gr.ro\/#organization"},"potentialAction":[{"@type":"SearchAction","target":{"@type":"EntryPoint","urlTemplate":"https:\/\/shop.elia-gr.ro\/?s={search_term_string}"},"query-input":{"@type":"PropertyValueSpecification","valueRequired":true,"valueName":"search_term_string"}}],"inLanguage":"ro-RO"},{"@type":"Organization","@id":"https:\/\/shop.elia-gr.ro\/#organization","name":"Elia Grecia","url":"https:\/\/shop.elia-gr.ro\/","logo":{"@type":"ImageObject","inLanguage":"ro-RO","@id":"https:\/\/shop.elia-gr.ro\/#\/schema\/logo\/image\/","url":"https:\/\/shop.elia-gr.ro\/wp-content\/uploads\/2024\/09\/new_logo_elia_shop-1.webp","contentUrl":"https:\/\/shop.elia-gr.ro\/wp-content\/uploads\/2024\/09\/new_logo_elia_shop-1.webp","width":141,"height":50,"caption":"Elia Grecia"},"image":{"@id":"https:\/\/shop.elia-gr.ro\/#\/schema\/logo\/image\/"},"sameAs":["https:\/\/www.facebook.com\/profile.php?id=100063888292671"]}]}},"jetpack_sharing_enabled":true,"_links":{"self":[{"href":"https:\/\/shop.elia-gr.ro\/index.php\/wp-json\/wp\/v2\/product\/17503","targetHints":{"allow":["GET"]}}],"collection":[{"href":"https:\/\/shop.elia-gr.ro\/index.php\/wp-json\/wp\/v2\/product"}],"about":[{"href":"https:\/\/shop.elia-gr.ro\/index.php\/wp-json\/wp\/v2\/types\/product"}],"replies":[{"embeddable":true,"href":"https:\/\/shop.elia-gr.ro\/index.php\/wp-json\/wp\/v2\/comments?post=17503"}],"version-history":[{"count":3,"href":"https:\/\/shop.elia-gr.ro\/index.php\/wp-json\/wp\/v2\/product\/17503\/revisions"}],"predecessor-version":[{"id":21958,"href":"https:\/\/shop.elia-gr.ro\/index.php\/wp-json\/wp\/v2\/product\/17503\/revisions\/21958"}],"wp:featuredmedia":[{"embeddable":true,"href":"https:\/\/shop.elia-gr.ro\/index.php\/wp-json\/wp\/v2\/media\/21965"}],"wp:attachment":[{"href":"https:\/\/shop.elia-gr.ro\/index.php\/wp-json\/wp\/v2\/media?parent=17503"}],"wp:term":[{"taxonomy":"product_cat","embeddable":true,"href":"https:\/\/shop.elia-gr.ro\/index.php\/wp-json\/wp\/v2\/product_cat?post=17503"},{"taxonomy":"product_tag","embeddable":true,"href":"https:\/\/shop.elia-gr.ro\/index.php\/wp-json\/wp\/v2\/product_tag?post=17503"}],"curies":[{"name":"wp","href":"https:\/\/api.w.org\/{rel}","templated":true}]}}