{"id":17514,"date":"2024-12-07T21:49:01","date_gmt":"2024-12-07T19:49:01","guid":{"rendered":"https:\/\/shop.elia-gr.ro\/?post_type=product&#038;p=17514"},"modified":"2025-05-21T19:23:18","modified_gmt":"2025-05-21T17:23:18","slug":"masline-kalamata-260-feliate","status":"publish","type":"product","link":"https:\/\/shop.elia-gr.ro\/index.php\/product\/masline-kalamata-260-feliate\/","title":{"rendered":"M\u0103sline Kalamata 260 feliate"},"content":{"rendered":"\t\t<div data-elementor-type=\"wp-post\" data-elementor-id=\"17514\" class=\"elementor elementor-17514\" data-elementor-post-type=\"product\">\n\t\t\t\t<div class=\"elementor-element elementor-element-5c387b e-flex e-con-boxed e-con e-parent\" data-id=\"5c387b\" data-element_type=\"container\" data-e-type=\"container\">\n\t\t\t\t\t<div class=\"e-con-inner\">\n\t\t\t\t\t<\/div>\n\t\t\t\t<\/div>\n\t\t\t\t<\/div>\n\t\t","protected":false},"excerpt":{"rendered":"<p>M\u0103sline Kalamata de calitate superioar\u0103, feliate \u0219i gata de utilizat. Textur\u0103 c\u0103rnoas\u0103 \u0219i gust bogat, u\u0219or fructat. Perfecte pentru salate, paste, pizza sau preparate mediteraneene. Produs tradi\u021bional grecesc, ideal pentru g\u0103tit rapid \u0219i s\u0103n\u0103tos.<\/p>\n","protected":false},"featured_media":17507,"comment_status":"open","ping_status":"closed","template":"","meta":[],"product_cat":[143,203],"product_tag":[206,151],"class_list":{"0":"post-17514","1":"product","2":"type-product","3":"status-publish","4":"has-post-thumbnail","6":"product_cat-masline-grecia","7":"product_cat-masline-kalamata","8":"product_tag-masline","9":"product_tag-masline-kalamata","11":"first","12":"outofstock","13":"featured","14":"shipping-taxable","15":"purchasable","16":"product-type-variable","17":"has-default-attributes"},"yoast_head":"<!-- This site is optimized with the Yoast SEO plugin v27.5 - https:\/\/yoast.com\/product\/yoast-seo-wordpress\/ -->\n<title>M\u0103sline Kalamata 260 feliate - Elia Grecia<\/title>\n<meta name=\"description\" content=\"M\u0103sline Kalamata 260 feliate, calitate superioar\u0103, feliate \u0219i gata de utilizat. Textur\u0103 c\u0103rnoas\u0103 \u0219i gust bogat, u\u0219or fructat. Perfecte pentru salate, pizza\" \/>\n<meta name=\"robots\" content=\"index, follow, max-snippet:-1, max-image-preview:large, max-video-preview:-1\" \/>\n<meta property=\"og:locale\" content=\"ro_RO\" \/>\n<meta property=\"og:type\" content=\"article\" \/>\n<meta property=\"og:title\" content=\"M\u0103sline Kalamata 260 feliate - Elia Grecia\" \/>\n<meta property=\"og:description\" content=\"M\u0103sline Kalamata 260 feliate, calitate superioar\u0103, feliate \u0219i gata de utilizat. Textur\u0103 c\u0103rnoas\u0103 \u0219i gust bogat, u\u0219or fructat. Perfecte pentru salate, pizza\" \/>\n<meta property=\"og:url\" content=\"https:\/\/shop.elia-gr.ro\/index.php\/product\/masline-kalamata-260-feliate\/\" \/>\n<meta property=\"og:site_name\" content=\"Elia Grecia\" \/>\n<meta property=\"article:publisher\" content=\"https:\/\/www.facebook.com\/profile.php?id=100063888292671\" \/>\n<meta property=\"article:modified_time\" content=\"2025-05-21T17:23:18+00:00\" \/>\n<meta property=\"og:image\" content=\"https:\/\/shop.elia-gr.ro\/wp-content\/uploads\/2024\/12\/kalamata-fara-samburi.webp\" \/>\n\t<meta property=\"og:image:width\" content=\"800\" \/>\n\t<meta property=\"og:image:height\" content=\"960\" \/>\n\t<meta property=\"og:image:type\" content=\"image\/webp\" \/>\n<meta name=\"twitter:card\" content=\"summary_large_image\" \/>\n<meta name=\"twitter:label1\" content=\"Timp estimat pentru citire\" \/>\n\t<meta name=\"twitter:data1\" content=\"1 minut\" \/>\n<!-- \/ Yoast SEO plugin. -->","yoast_head_json":{"title":"M\u0103sline Kalamata 260 feliate - Elia Grecia","description":"M\u0103sline Kalamata 260 feliate, calitate superioar\u0103, feliate \u0219i gata de utilizat. Textur\u0103 c\u0103rnoas\u0103 \u0219i gust bogat, u\u0219or fructat. Perfecte pentru salate, pizza","robots":{"index":"index","follow":"follow","max-snippet":"max-snippet:-1","max-image-preview":"max-image-preview:large","max-video-preview":"max-video-preview:-1"},"og_locale":"ro_RO","og_type":"article","og_title":"M\u0103sline Kalamata 260 feliate - Elia Grecia","og_description":"M\u0103sline Kalamata 260 feliate, calitate superioar\u0103, feliate \u0219i gata de utilizat. Textur\u0103 c\u0103rnoas\u0103 \u0219i gust bogat, u\u0219or fructat. Perfecte pentru salate, pizza","og_url":"https:\/\/shop.elia-gr.ro\/index.php\/product\/masline-kalamata-260-feliate\/","og_site_name":"Elia Grecia","article_publisher":"https:\/\/www.facebook.com\/profile.php?id=100063888292671","article_modified_time":"2025-05-21T17:23:18+00:00","og_image":[{"width":800,"height":960,"url":"https:\/\/shop.elia-gr.ro\/wp-content\/uploads\/2024\/12\/kalamata-fara-samburi.webp","type":"image\/webp"}],"twitter_card":"summary_large_image","twitter_misc":{"Timp estimat pentru citire":"1 minut"},"schema":{"@context":"https:\/\/schema.org","@graph":[{"@type":"WebPage","@id":"https:\/\/shop.elia-gr.ro\/index.php\/product\/masline-kalamata-260-feliate\/","url":"https:\/\/shop.elia-gr.ro\/index.php\/product\/masline-kalamata-260-feliate\/","name":"M\u0103sline Kalamata 260 feliate - Elia Grecia","isPartOf":{"@id":"https:\/\/shop.elia-gr.ro\/#website"},"primaryImageOfPage":{"@id":"https:\/\/shop.elia-gr.ro\/index.php\/product\/masline-kalamata-260-feliate\/#primaryimage"},"image":{"@id":"https:\/\/shop.elia-gr.ro\/index.php\/product\/masline-kalamata-260-feliate\/#primaryimage"},"thumbnailUrl":"https:\/\/shop.elia-gr.ro\/wp-content\/uploads\/2024\/12\/kalamata-fara-samburi.webp","datePublished":"2024-12-07T19:49:01+00:00","dateModified":"2025-05-21T17:23:18+00:00","description":"M\u0103sline Kalamata 260 feliate, calitate superioar\u0103, feliate \u0219i gata de utilizat. Textur\u0103 c\u0103rnoas\u0103 \u0219i gust bogat, u\u0219or fructat. Perfecte pentru salate, pizza","breadcrumb":{"@id":"https:\/\/shop.elia-gr.ro\/index.php\/product\/masline-kalamata-260-feliate\/#breadcrumb"},"inLanguage":"ro-RO","potentialAction":[{"@type":"ReadAction","target":["https:\/\/shop.elia-gr.ro\/index.php\/product\/masline-kalamata-260-feliate\/"]}]},{"@type":"ImageObject","inLanguage":"ro-RO","@id":"https:\/\/shop.elia-gr.ro\/index.php\/product\/masline-kalamata-260-feliate\/#primaryimage","url":"https:\/\/shop.elia-gr.ro\/wp-content\/uploads\/2024\/12\/kalamata-fara-samburi.webp","contentUrl":"https:\/\/shop.elia-gr.ro\/wp-content\/uploads\/2024\/12\/kalamata-fara-samburi.webp","width":800,"height":960},{"@type":"BreadcrumbList","@id":"https:\/\/shop.elia-gr.ro\/index.php\/product\/masline-kalamata-260-feliate\/#breadcrumb","itemListElement":[{"@type":"ListItem","position":1,"name":"Home","item":"https:\/\/shop.elia-gr.ro\/"},{"@type":"ListItem","position":2,"name":"Shop","item":"https:\/\/shop.elia-gr.ro\/index.php\/shop\/"},{"@type":"ListItem","position":3,"name":"M\u0103sline Kalamata 260 feliate"}]},{"@type":"WebSite","@id":"https:\/\/shop.elia-gr.ro\/#website","url":"https:\/\/shop.elia-gr.ro\/","name":"Elia Grecia","description":"Cele mai bune produse grece\u0219ti pentru tine!","publisher":{"@id":"https:\/\/shop.elia-gr.ro\/#organization"},"potentialAction":[{"@type":"SearchAction","target":{"@type":"EntryPoint","urlTemplate":"https:\/\/shop.elia-gr.ro\/?s={search_term_string}"},"query-input":{"@type":"PropertyValueSpecification","valueRequired":true,"valueName":"search_term_string"}}],"inLanguage":"ro-RO"},{"@type":"Organization","@id":"https:\/\/shop.elia-gr.ro\/#organization","name":"Elia Grecia","url":"https:\/\/shop.elia-gr.ro\/","logo":{"@type":"ImageObject","inLanguage":"ro-RO","@id":"https:\/\/shop.elia-gr.ro\/#\/schema\/logo\/image\/","url":"https:\/\/shop.elia-gr.ro\/wp-content\/uploads\/2024\/09\/new_logo_elia_shop-1.webp","contentUrl":"https:\/\/shop.elia-gr.ro\/wp-content\/uploads\/2024\/09\/new_logo_elia_shop-1.webp","width":141,"height":50,"caption":"Elia Grecia"},"image":{"@id":"https:\/\/shop.elia-gr.ro\/#\/schema\/logo\/image\/"},"sameAs":["https:\/\/www.facebook.com\/profile.php?id=100063888292671"]}]}},"jetpack_sharing_enabled":true,"_links":{"self":[{"href":"https:\/\/shop.elia-gr.ro\/index.php\/wp-json\/wp\/v2\/product\/17514","targetHints":{"allow":["GET"]}}],"collection":[{"href":"https:\/\/shop.elia-gr.ro\/index.php\/wp-json\/wp\/v2\/product"}],"about":[{"href":"https:\/\/shop.elia-gr.ro\/index.php\/wp-json\/wp\/v2\/types\/product"}],"replies":[{"embeddable":true,"href":"https:\/\/shop.elia-gr.ro\/index.php\/wp-json\/wp\/v2\/comments?post=17514"}],"version-history":[{"count":2,"href":"https:\/\/shop.elia-gr.ro\/index.php\/wp-json\/wp\/v2\/product\/17514\/revisions"}],"predecessor-version":[{"id":20757,"href":"https:\/\/shop.elia-gr.ro\/index.php\/wp-json\/wp\/v2\/product\/17514\/revisions\/20757"}],"wp:featuredmedia":[{"embeddable":true,"href":"https:\/\/shop.elia-gr.ro\/index.php\/wp-json\/wp\/v2\/media\/17507"}],"wp:attachment":[{"href":"https:\/\/shop.elia-gr.ro\/index.php\/wp-json\/wp\/v2\/media?parent=17514"}],"wp:term":[{"taxonomy":"product_cat","embeddable":true,"href":"https:\/\/shop.elia-gr.ro\/index.php\/wp-json\/wp\/v2\/product_cat?post=17514"},{"taxonomy":"product_tag","embeddable":true,"href":"https:\/\/shop.elia-gr.ro\/index.php\/wp-json\/wp\/v2\/product_tag?post=17514"}],"curies":[{"name":"wp","href":"https:\/\/api.w.org\/{rel}","templated":true}]}}