{"id":17543,"date":"2024-12-07T22:08:10","date_gmt":"2024-12-07T20:08:10","guid":{"rendered":"https:\/\/shop.elia-gr.ro\/?post_type=product&#038;p=17543"},"modified":"2026-03-19T19:06:51","modified_gmt":"2026-03-19T17:06:51","slug":"masline-verzi-cu-migdale","status":"publish","type":"product","link":"https:\/\/shop.elia-gr.ro\/index.php\/product\/masline-verzi-cu-migdale\/","title":{"rendered":"M\u0103sline verzi cu migdale"},"content":{"rendered":"\t\t<div data-elementor-type=\"wp-post\" data-elementor-id=\"17543\" class=\"elementor elementor-17543\" data-elementor-post-type=\"product\">\n\t\t\t\t<div class=\"elementor-element elementor-element-5c387b e-flex e-con-boxed e-con e-parent\" data-id=\"5c387b\" data-element_type=\"container\" data-e-type=\"container\">\n\t\t\t\t\t<div class=\"e-con-inner\">\n\t\t\t\t\t<\/div>\n\t\t\t\t<\/div>\n\t\t\t\t<\/div>\n\t\t","protected":false},"excerpt":{"rendered":"<p><strong data-start=\"82\" data-end=\"136\">M\u0103sline verzi cu migdale \u2013 produs grecesc autentic<\/strong><br data-start=\"136\" data-end=\"139\" \/>M\u0103sline verzi de calitate superioar\u0103, f\u0103r\u0103 s\u00e2mburi, umplute cu migdale crocante. Gust echilibrat, u\u0219or s\u0103rat \u0219i delicat, perfect pentru aperitive, platouri mediteraneene sau gust\u0103ri s\u0103n\u0103toase. Un produs tradi\u021bional grecesc, ideal pentru iubitorii de arome rafinate.<\/p>\n","protected":false},"featured_media":21954,"comment_status":"open","ping_status":"closed","template":"","meta":[],"product_cat":[143,204],"product_tag":[206,152,208],"class_list":{"0":"post-17543","1":"product","2":"type-product","3":"status-publish","4":"has-post-thumbnail","6":"product_cat-masline-grecia","7":"product_cat-masline-verzi","8":"product_tag-masline","9":"product_tag-masline-verzi","10":"product_tag-masline-verzi-cu-migdale","12":"first","13":"instock","14":"featured","15":"shipping-taxable","16":"purchasable","17":"product-type-variable","18":"has-default-attributes"},"yoast_head":"<!-- This site is optimized with the Yoast SEO plugin v27.5 - https:\/\/yoast.com\/product\/yoast-seo-wordpress\/ -->\n<title>M\u0103sline verzi cu migdale - Elia Grecia<\/title>\n<meta name=\"description\" content=\"M\u0103sline verzi cu migdale\" \/>\n<meta name=\"robots\" content=\"index, follow, max-snippet:-1, max-image-preview:large, max-video-preview:-1\" \/>\n<meta property=\"og:locale\" content=\"ro_RO\" \/>\n<meta property=\"og:type\" content=\"article\" \/>\n<meta property=\"og:title\" content=\"M\u0103sline verzi cu migdale - Elia Grecia\" \/>\n<meta property=\"og:description\" content=\"M\u0103sline verzi cu migdale\" \/>\n<meta property=\"og:url\" content=\"https:\/\/shop.elia-gr.ro\/index.php\/product\/masline-verzi-cu-migdale\/\" \/>\n<meta property=\"og:site_name\" content=\"Elia Grecia\" \/>\n<meta property=\"article:publisher\" content=\"https:\/\/www.facebook.com\/profile.php?id=100063888292671\" \/>\n<meta property=\"article:modified_time\" content=\"2026-03-19T17:06:51+00:00\" \/>\n<meta property=\"og:image\" content=\"https:\/\/shop.elia-gr.ro\/wp-content\/uploads\/2024\/12\/Masline-verzi-cu-migdale.png\" \/>\n\t<meta property=\"og:image:width\" content=\"1024\" \/>\n\t<meta property=\"og:image:height\" content=\"1536\" \/>\n\t<meta property=\"og:image:type\" content=\"image\/png\" \/>\n<meta name=\"twitter:card\" content=\"summary_large_image\" \/>\n<meta name=\"twitter:label1\" content=\"Timp estimat pentru citire\" \/>\n\t<meta name=\"twitter:data1\" content=\"1 minut\" \/>\n<!-- \/ Yoast SEO plugin. -->","yoast_head_json":{"title":"M\u0103sline verzi cu migdale - Elia Grecia","description":"M\u0103sline verzi cu migdale","robots":{"index":"index","follow":"follow","max-snippet":"max-snippet:-1","max-image-preview":"max-image-preview:large","max-video-preview":"max-video-preview:-1"},"og_locale":"ro_RO","og_type":"article","og_title":"M\u0103sline verzi cu migdale - Elia Grecia","og_description":"M\u0103sline verzi cu migdale","og_url":"https:\/\/shop.elia-gr.ro\/index.php\/product\/masline-verzi-cu-migdale\/","og_site_name":"Elia Grecia","article_publisher":"https:\/\/www.facebook.com\/profile.php?id=100063888292671","article_modified_time":"2026-03-19T17:06:51+00:00","og_image":[{"width":1024,"height":1536,"url":"https:\/\/shop.elia-gr.ro\/wp-content\/uploads\/2024\/12\/Masline-verzi-cu-migdale.png","type":"image\/png"}],"twitter_card":"summary_large_image","twitter_misc":{"Timp estimat pentru citire":"1 minut"},"schema":{"@context":"https:\/\/schema.org","@graph":[{"@type":"WebPage","@id":"https:\/\/shop.elia-gr.ro\/index.php\/product\/masline-verzi-cu-migdale\/","url":"https:\/\/shop.elia-gr.ro\/index.php\/product\/masline-verzi-cu-migdale\/","name":"M\u0103sline verzi cu migdale - Elia Grecia","isPartOf":{"@id":"https:\/\/shop.elia-gr.ro\/#website"},"primaryImageOfPage":{"@id":"https:\/\/shop.elia-gr.ro\/index.php\/product\/masline-verzi-cu-migdale\/#primaryimage"},"image":{"@id":"https:\/\/shop.elia-gr.ro\/index.php\/product\/masline-verzi-cu-migdale\/#primaryimage"},"thumbnailUrl":"https:\/\/shop.elia-gr.ro\/wp-content\/uploads\/2024\/12\/Masline-verzi-cu-migdale.png","datePublished":"2024-12-07T20:08:10+00:00","dateModified":"2026-03-19T17:06:51+00:00","description":"M\u0103sline verzi cu migdale","breadcrumb":{"@id":"https:\/\/shop.elia-gr.ro\/index.php\/product\/masline-verzi-cu-migdale\/#breadcrumb"},"inLanguage":"ro-RO","potentialAction":[{"@type":"ReadAction","target":["https:\/\/shop.elia-gr.ro\/index.php\/product\/masline-verzi-cu-migdale\/"]}]},{"@type":"ImageObject","inLanguage":"ro-RO","@id":"https:\/\/shop.elia-gr.ro\/index.php\/product\/masline-verzi-cu-migdale\/#primaryimage","url":"https:\/\/shop.elia-gr.ro\/wp-content\/uploads\/2024\/12\/Masline-verzi-cu-migdale.png","contentUrl":"https:\/\/shop.elia-gr.ro\/wp-content\/uploads\/2024\/12\/Masline-verzi-cu-migdale.png","width":1024,"height":1536,"caption":"M\u0103sline verzi cu migdale"},{"@type":"BreadcrumbList","@id":"https:\/\/shop.elia-gr.ro\/index.php\/product\/masline-verzi-cu-migdale\/#breadcrumb","itemListElement":[{"@type":"ListItem","position":1,"name":"Home","item":"https:\/\/shop.elia-gr.ro\/"},{"@type":"ListItem","position":2,"name":"Shop","item":"https:\/\/shop.elia-gr.ro\/index.php\/shop\/"},{"@type":"ListItem","position":3,"name":"M\u0103sline verzi cu migdale"}]},{"@type":"WebSite","@id":"https:\/\/shop.elia-gr.ro\/#website","url":"https:\/\/shop.elia-gr.ro\/","name":"Elia Grecia","description":"Cele mai bune produse grece\u0219ti pentru tine!","publisher":{"@id":"https:\/\/shop.elia-gr.ro\/#organization"},"potentialAction":[{"@type":"SearchAction","target":{"@type":"EntryPoint","urlTemplate":"https:\/\/shop.elia-gr.ro\/?s={search_term_string}"},"query-input":{"@type":"PropertyValueSpecification","valueRequired":true,"valueName":"search_term_string"}}],"inLanguage":"ro-RO"},{"@type":"Organization","@id":"https:\/\/shop.elia-gr.ro\/#organization","name":"Elia Grecia","url":"https:\/\/shop.elia-gr.ro\/","logo":{"@type":"ImageObject","inLanguage":"ro-RO","@id":"https:\/\/shop.elia-gr.ro\/#\/schema\/logo\/image\/","url":"https:\/\/shop.elia-gr.ro\/wp-content\/uploads\/2024\/09\/new_logo_elia_shop-1.webp","contentUrl":"https:\/\/shop.elia-gr.ro\/wp-content\/uploads\/2024\/09\/new_logo_elia_shop-1.webp","width":141,"height":50,"caption":"Elia Grecia"},"image":{"@id":"https:\/\/shop.elia-gr.ro\/#\/schema\/logo\/image\/"},"sameAs":["https:\/\/www.facebook.com\/profile.php?id=100063888292671"]}]}},"jetpack_sharing_enabled":true,"_links":{"self":[{"href":"https:\/\/shop.elia-gr.ro\/index.php\/wp-json\/wp\/v2\/product\/17543","targetHints":{"allow":["GET"]}}],"collection":[{"href":"https:\/\/shop.elia-gr.ro\/index.php\/wp-json\/wp\/v2\/product"}],"about":[{"href":"https:\/\/shop.elia-gr.ro\/index.php\/wp-json\/wp\/v2\/types\/product"}],"replies":[{"embeddable":true,"href":"https:\/\/shop.elia-gr.ro\/index.php\/wp-json\/wp\/v2\/comments?post=17543"}],"version-history":[{"count":3,"href":"https:\/\/shop.elia-gr.ro\/index.php\/wp-json\/wp\/v2\/product\/17543\/revisions"}],"predecessor-version":[{"id":21834,"href":"https:\/\/shop.elia-gr.ro\/index.php\/wp-json\/wp\/v2\/product\/17543\/revisions\/21834"}],"wp:featuredmedia":[{"embeddable":true,"href":"https:\/\/shop.elia-gr.ro\/index.php\/wp-json\/wp\/v2\/media\/21954"}],"wp:attachment":[{"href":"https:\/\/shop.elia-gr.ro\/index.php\/wp-json\/wp\/v2\/media?parent=17543"}],"wp:term":[{"taxonomy":"product_cat","embeddable":true,"href":"https:\/\/shop.elia-gr.ro\/index.php\/wp-json\/wp\/v2\/product_cat?post=17543"},{"taxonomy":"product_tag","embeddable":true,"href":"https:\/\/shop.elia-gr.ro\/index.php\/wp-json\/wp\/v2\/product_tag?post=17543"}],"curies":[{"name":"wp","href":"https:\/\/api.w.org\/{rel}","templated":true}]}}