{"id":17683,"date":"2024-12-29T14:55:37","date_gmt":"2024-12-29T12:55:37","guid":{"rendered":"https:\/\/shop.elia-gr.ro\/?post_type=product&#038;p=17683"},"modified":"2026-01-19T23:42:46","modified_gmt":"2026-01-19T21:42:46","slug":"ulei-de-masline-extra-virgin-cu-ierburi-aromatice-ophellia-700-ml","status":"publish","type":"product","link":"https:\/\/shop.elia-gr.ro\/index.php\/product\/ulei-de-masline-extra-virgin-cu-ierburi-aromatice-ophellia-700-ml\/","title":{"rendered":"Ulei de m\u0103sline extra virgin cu ierburi aromatice Ophellia 700 ml"},"content":{"rendered":"<p>Uleiul de m\u0103sline extra virgin grecesc Ophellia Cretan este produs din cel mai bun soi de m\u0103sline, Koroneiki.<\/p>\n<p>Cu un angajament total fa\u021b\u0103 de perfec\u021biune, produc\u0103toriul aplic\u0103 cele mai bune tehnici de cultivare \u00eempreun\u0103 cu o echip\u0103 de agronomi \u0219i exper\u021bi care supravegheaz\u0103 m\u0103slinele, pentru a se asigura c\u0103 uleiul de m\u0103sline extra virgin va fi absolut sigur, nutritiv \u0219i de calitate superioar\u0103.<\/p>\n<p>\u00cen timpul perioadei de recoltare, m\u0103slinele sunt selectate cu mare aten\u021bie \u0219i sunt prelucrate prin presare la rece, \u00een ziua recolt\u0103rii, exclusiv prin mijloace mecanice, pentru a se asigura c\u0103 acest produs de prim\u0103 clas\u0103 \u00ee\u0219i va p\u0103stra reputa\u021bia de ulei de m\u0103sline cretan unic, cu arom\u0103 u\u0219oar\u0103 \u0219i fructat\u0103.<\/p>\n<p>Ulei de m\u0103sline extra virgin extra aromat, cu o arom\u0103 proasp\u0103t\u0103, valoare nutritiv\u0103 suplimentar\u0103 \u0219i toate certificatele de calitate \u0219i siguran\u021b\u0103.<\/p>\n<p>Utiliza\u021bi uleiul de m\u0103sline extra virgin Ophellia pentru a ad\u0103uga o arom\u0103 greceasc\u0103 mediteranean\u0103 m\u00e2nc\u0103rurilor dvs. \u00een salate, fripturi, supe, pl\u0103cinte, dulciuri \u0219i sute de alte re\u021bete.<\/p>\n<p>Consumul zilnic a aproximativ 2 linguri de ulei de m\u0103sline poate reduce riscul de boli coronariene datorit\u0103 gr\u0103similor mononesaturate din uleiul de m\u0103sline, arat\u0103 studiile \u0219tiin\u021bifice.<\/p>\n","protected":false},"excerpt":{"rendered":"<p>Uleiul de m\u0103sline extra virgin grecesc Ophellia Cretan este produs din cel mai bun soi de m\u0103sline, Koroneiki.<\/p>\n<p>Cu un angajament total fa\u021b\u0103 de perfec\u021biune, produc\u0103toriul aplic\u0103 cele mai bune tehnici de cultivare \u00eempreun\u0103 cu o echip\u0103 de agronomi \u0219i exper\u021bi care supravegheaz\u0103 m\u0103slinele, pentru a se asigura c\u0103 uleiul de m\u0103sline extra virgin va fi absolut sigur, nutritiv \u0219i de calitate superioar\u0103.<\/p>\n<p>\u00cen timpul perioadei de recoltare, m\u0103slinele sunt selectate cu mare aten\u021bie \u0219i sunt prelucrate prin presare la rece, \u00een ziua recolt\u0103rii, exclusiv prin mijloace mecanice, pentru a se asigura c\u0103 acest produs de prim\u0103 clas\u0103 \u00ee\u0219i va p\u0103stra reputa\u021bia de ulei de m\u0103sline cretan unic, cu arom\u0103 u\u0219oar\u0103 \u0219i fructat\u0103.<\/p>\n<p>Ulei de m\u0103sline extra virgin extra aromat, cu o arom\u0103 proasp\u0103t\u0103, valoare nutritiv\u0103 suplimentar\u0103 \u0219i toate certificatele de calitate \u0219i siguran\u021b\u0103.<\/p>\n<p>Utiliza\u021bi uleiul de m\u0103sline extra virgin Ophellia pentru a ad\u0103uga o arom\u0103 greceasc\u0103 mediteranean\u0103 m\u00e2nc\u0103rurilor dvs. \u00een salate, fripturi, supe, pl\u0103cinte, dulciuri \u0219i sute de alte re\u021bete.<\/p>\n<p>Consumul zilnic a aproximativ 2 linguri de ulei de m\u0103sline poate reduce riscul de boli coronariene datorit\u0103 gr\u0103similor mononesaturate din uleiul de m\u0103sline, arat\u0103 studiile \u0219tiin\u021bifice.<\/p>\n<p>&nbsp;<\/p>\n<p><strong>Valori nutrive pentru o cantitate de 100 ml<\/strong><\/p>\n<p>Energie 3389 kj \/ 824 kcal<br \/>\nGr\u0103simi 91,60 g<br \/>\n&#8211; Din care saturate 12,80 g<br \/>\n&#8211; Din care monosaturate 70,50 g<br \/>\n&#8211; Din care polinesaturate 8,30 g<br \/>\nGr\u0103simi trans 0 g<br \/>\nCarbohidra\u021bi 0 g<br \/>\nDin care zaharuri 0 g<br \/>\nColesterol 0 g<br \/>\nPeroxizi Max 20 mEq O2 \/ kg<br \/>\nCon\u021binutul de cear\u0103 Max 250 mg \/ kg<br \/>\nSare 0 g<\/p>\n","protected":false},"featured_media":17684,"comment_status":"open","ping_status":"closed","template":"","meta":[],"product_cat":[141],"product_tag":[150],"class_list":{"0":"post-17683","1":"product","2":"type-product","3":"status-publish","4":"has-post-thumbnail","6":"product_brand-ophellia","7":"product_cat-ulei-de-masline","8":"product_tag-ulei-de-masline-extravirgin","10":"first","11":"outofstock","12":"featured","13":"shipping-taxable","14":"purchasable","15":"product-type-simple"},"yoast_head":"<!-- This site is optimized with the Yoast SEO plugin v27.5 - https:\/\/yoast.com\/product\/yoast-seo-wordpress\/ -->\n<title>Ulei de m\u0103sline extra virgin cu ierburi aromatice Ophellia 700 ml - Elia Grecia<\/title>\n<meta name=\"description\" content=\"Ulei de m\u0103sline extra virgin cu ierburi aromatice Ophellia 700 ml. Este produs din cel mai bun soi de m\u0103sline, Koroneiki.\" \/>\n<meta name=\"robots\" content=\"index, follow, max-snippet:-1, max-image-preview:large, max-video-preview:-1\" \/>\n<meta property=\"og:locale\" content=\"ro_RO\" \/>\n<meta property=\"og:type\" content=\"article\" \/>\n<meta property=\"og:title\" content=\"Ulei de m\u0103sline extra virgin cu ierburi aromatice Ophellia 700 ml - Elia Grecia\" \/>\n<meta property=\"og:description\" content=\"Ulei de m\u0103sline extra virgin cu ierburi aromatice Ophellia 700 ml. Este produs din cel mai bun soi de m\u0103sline, Koroneiki.\" \/>\n<meta property=\"og:url\" content=\"https:\/\/shop.elia-gr.ro\/index.php\/product\/ulei-de-masline-extra-virgin-cu-ierburi-aromatice-ophellia-700-ml\/\" \/>\n<meta property=\"og:site_name\" content=\"Elia Grecia\" \/>\n<meta property=\"article:publisher\" content=\"https:\/\/www.facebook.com\/profile.php?id=100063888292671\" \/>\n<meta property=\"article:modified_time\" content=\"2026-01-19T21:42:46+00:00\" \/>\n<meta property=\"og:image\" content=\"https:\/\/shop.elia-gr.ro\/wp-content\/uploads\/2024\/12\/ulei-extravirgin-ophellia-cu-ierburi-aromatice-700ml.webp\" \/>\n\t<meta property=\"og:image:width\" content=\"800\" \/>\n\t<meta property=\"og:image:height\" content=\"960\" \/>\n\t<meta property=\"og:image:type\" content=\"image\/webp\" \/>\n<meta name=\"twitter:card\" content=\"summary_large_image\" \/>\n<meta name=\"twitter:label1\" content=\"Timp estimat pentru citire\" \/>\n\t<meta name=\"twitter:data1\" content=\"2 minute\" \/>\n<!-- \/ Yoast SEO plugin. -->","yoast_head_json":{"title":"Ulei de m\u0103sline extra virgin cu ierburi aromatice Ophellia 700 ml - Elia Grecia","description":"Ulei de m\u0103sline extra virgin cu ierburi aromatice Ophellia 700 ml. Este produs din cel mai bun soi de m\u0103sline, Koroneiki.","robots":{"index":"index","follow":"follow","max-snippet":"max-snippet:-1","max-image-preview":"max-image-preview:large","max-video-preview":"max-video-preview:-1"},"og_locale":"ro_RO","og_type":"article","og_title":"Ulei de m\u0103sline extra virgin cu ierburi aromatice Ophellia 700 ml - Elia Grecia","og_description":"Ulei de m\u0103sline extra virgin cu ierburi aromatice Ophellia 700 ml. Este produs din cel mai bun soi de m\u0103sline, Koroneiki.","og_url":"https:\/\/shop.elia-gr.ro\/index.php\/product\/ulei-de-masline-extra-virgin-cu-ierburi-aromatice-ophellia-700-ml\/","og_site_name":"Elia Grecia","article_publisher":"https:\/\/www.facebook.com\/profile.php?id=100063888292671","article_modified_time":"2026-01-19T21:42:46+00:00","og_image":[{"width":800,"height":960,"url":"https:\/\/shop.elia-gr.ro\/wp-content\/uploads\/2024\/12\/ulei-extravirgin-ophellia-cu-ierburi-aromatice-700ml.webp","type":"image\/webp"}],"twitter_card":"summary_large_image","twitter_misc":{"Timp estimat pentru citire":"2 minute"},"schema":{"@context":"https:\/\/schema.org","@graph":[{"@type":"WebPage","@id":"https:\/\/shop.elia-gr.ro\/index.php\/product\/ulei-de-masline-extra-virgin-cu-ierburi-aromatice-ophellia-700-ml\/","url":"https:\/\/shop.elia-gr.ro\/index.php\/product\/ulei-de-masline-extra-virgin-cu-ierburi-aromatice-ophellia-700-ml\/","name":"Ulei de m\u0103sline extra virgin cu ierburi aromatice Ophellia 700 ml - Elia Grecia","isPartOf":{"@id":"https:\/\/shop.elia-gr.ro\/#website"},"primaryImageOfPage":{"@id":"https:\/\/shop.elia-gr.ro\/index.php\/product\/ulei-de-masline-extra-virgin-cu-ierburi-aromatice-ophellia-700-ml\/#primaryimage"},"image":{"@id":"https:\/\/shop.elia-gr.ro\/index.php\/product\/ulei-de-masline-extra-virgin-cu-ierburi-aromatice-ophellia-700-ml\/#primaryimage"},"thumbnailUrl":"https:\/\/shop.elia-gr.ro\/wp-content\/uploads\/2024\/12\/ulei-extravirgin-ophellia-cu-ierburi-aromatice-700ml.webp","datePublished":"2024-12-29T12:55:37+00:00","dateModified":"2026-01-19T21:42:46+00:00","description":"Ulei de m\u0103sline extra virgin cu ierburi aromatice Ophellia 700 ml. Este produs din cel mai bun soi de m\u0103sline, Koroneiki.","breadcrumb":{"@id":"https:\/\/shop.elia-gr.ro\/index.php\/product\/ulei-de-masline-extra-virgin-cu-ierburi-aromatice-ophellia-700-ml\/#breadcrumb"},"inLanguage":"ro-RO","potentialAction":[{"@type":"ReadAction","target":["https:\/\/shop.elia-gr.ro\/index.php\/product\/ulei-de-masline-extra-virgin-cu-ierburi-aromatice-ophellia-700-ml\/"]}]},{"@type":"ImageObject","inLanguage":"ro-RO","@id":"https:\/\/shop.elia-gr.ro\/index.php\/product\/ulei-de-masline-extra-virgin-cu-ierburi-aromatice-ophellia-700-ml\/#primaryimage","url":"https:\/\/shop.elia-gr.ro\/wp-content\/uploads\/2024\/12\/ulei-extravirgin-ophellia-cu-ierburi-aromatice-700ml.webp","contentUrl":"https:\/\/shop.elia-gr.ro\/wp-content\/uploads\/2024\/12\/ulei-extravirgin-ophellia-cu-ierburi-aromatice-700ml.webp","width":800,"height":960},{"@type":"BreadcrumbList","@id":"https:\/\/shop.elia-gr.ro\/index.php\/product\/ulei-de-masline-extra-virgin-cu-ierburi-aromatice-ophellia-700-ml\/#breadcrumb","itemListElement":[{"@type":"ListItem","position":1,"name":"Home","item":"https:\/\/shop.elia-gr.ro\/"},{"@type":"ListItem","position":2,"name":"Shop","item":"https:\/\/shop.elia-gr.ro\/index.php\/shop\/"},{"@type":"ListItem","position":3,"name":"Ulei de m\u0103sline extra virgin cu ierburi aromatice Ophellia 700 ml"}]},{"@type":"WebSite","@id":"https:\/\/shop.elia-gr.ro\/#website","url":"https:\/\/shop.elia-gr.ro\/","name":"Elia Grecia","description":"Cele mai bune produse grece\u0219ti pentru tine!","publisher":{"@id":"https:\/\/shop.elia-gr.ro\/#organization"},"potentialAction":[{"@type":"SearchAction","target":{"@type":"EntryPoint","urlTemplate":"https:\/\/shop.elia-gr.ro\/?s={search_term_string}"},"query-input":{"@type":"PropertyValueSpecification","valueRequired":true,"valueName":"search_term_string"}}],"inLanguage":"ro-RO"},{"@type":"Organization","@id":"https:\/\/shop.elia-gr.ro\/#organization","name":"Elia Grecia","url":"https:\/\/shop.elia-gr.ro\/","logo":{"@type":"ImageObject","inLanguage":"ro-RO","@id":"https:\/\/shop.elia-gr.ro\/#\/schema\/logo\/image\/","url":"https:\/\/shop.elia-gr.ro\/wp-content\/uploads\/2024\/09\/new_logo_elia_shop-1.webp","contentUrl":"https:\/\/shop.elia-gr.ro\/wp-content\/uploads\/2024\/09\/new_logo_elia_shop-1.webp","width":141,"height":50,"caption":"Elia Grecia"},"image":{"@id":"https:\/\/shop.elia-gr.ro\/#\/schema\/logo\/image\/"},"sameAs":["https:\/\/www.facebook.com\/profile.php?id=100063888292671"]}]}},"jetpack_sharing_enabled":true,"_links":{"self":[{"href":"https:\/\/shop.elia-gr.ro\/index.php\/wp-json\/wp\/v2\/product\/17683","targetHints":{"allow":["GET"]}}],"collection":[{"href":"https:\/\/shop.elia-gr.ro\/index.php\/wp-json\/wp\/v2\/product"}],"about":[{"href":"https:\/\/shop.elia-gr.ro\/index.php\/wp-json\/wp\/v2\/types\/product"}],"replies":[{"embeddable":true,"href":"https:\/\/shop.elia-gr.ro\/index.php\/wp-json\/wp\/v2\/comments?post=17683"}],"version-history":[{"count":1,"href":"https:\/\/shop.elia-gr.ro\/index.php\/wp-json\/wp\/v2\/product\/17683\/revisions"}],"predecessor-version":[{"id":17685,"href":"https:\/\/shop.elia-gr.ro\/index.php\/wp-json\/wp\/v2\/product\/17683\/revisions\/17685"}],"wp:featuredmedia":[{"embeddable":true,"href":"https:\/\/shop.elia-gr.ro\/index.php\/wp-json\/wp\/v2\/media\/17684"}],"wp:attachment":[{"href":"https:\/\/shop.elia-gr.ro\/index.php\/wp-json\/wp\/v2\/media?parent=17683"}],"wp:term":[{"taxonomy":"product_cat","embeddable":true,"href":"https:\/\/shop.elia-gr.ro\/index.php\/wp-json\/wp\/v2\/product_cat?post=17683"},{"taxonomy":"product_tag","embeddable":true,"href":"https:\/\/shop.elia-gr.ro\/index.php\/wp-json\/wp\/v2\/product_tag?post=17683"}],"curies":[{"name":"wp","href":"https:\/\/api.w.org\/{rel}","templated":true}]}}