{"id":17691,"date":"2024-12-29T20:00:56","date_gmt":"2024-12-29T18:00:56","guid":{"rendered":"https:\/\/shop.elia-gr.ro\/?post_type=product&#038;p=17691"},"modified":"2024-12-29T20:11:55","modified_gmt":"2024-12-29T18:11:55","slug":"baton-de-susan-fara-zahar-adaugat-40g","status":"publish","type":"product","link":"https:\/\/shop.elia-gr.ro\/index.php\/product\/baton-de-susan-fara-zahar-adaugat-40g\/","title":{"rendered":"Baton de susan f\u0103r\u0103 zah\u0103r ad\u0103ugat 40g"},"content":{"rendered":"<ul>\n<li>F\u0103r\u0103 zah\u0103r ad\u0103ugat<\/li>\n<li>F\u0103r\u0103 \u00eendulcitori, con\u021bine doar zaharuri care apar \u00een mod natural<\/li>\n<li>Bogat \u00een fibre<\/li>\n<li>Surs\u0103 de proteine<\/li>\n<li>Foarte s\u0103rac \u00een sare<\/li>\n<li>Potrivit pentru vegani<\/li>\n<li>F\u0103r\u0103 gluten<\/li>\n<li>F\u0103r\u0103 lactoz\u0103<\/li>\n<li>F\u0103r\u0103 ulei de palmier<\/li>\n<li>F\u0103r\u0103 lactate<\/li>\n<li>F\u0103r\u0103 aditivi<\/li>\n<li>F\u0103r\u0103 conservan\u021bi<\/li>\n<\/ul>\n","protected":false},"excerpt":{"rendered":"<p>F\u0103r\u0103 zah\u0103r ad\u0103ugat F\u0103r\u0103 \u00eendulcitori, con\u021bine doar zaharuri care apar \u00een mod natural Bogat \u00een fibre Surs\u0103 de proteine Foarte s\u0103rac \u00een sare Potrivit pentru vegani F\u0103r\u0103 gluten F\u0103r\u0103 lactoz\u0103 F\u0103r\u0103 ulei de palmier F\u0103r\u0103 lactate F\u0103r\u0103 aditivi F\u0103r\u0103 conservan\u021bi<\/p>\n","protected":false},"featured_media":17692,"comment_status":"open","ping_status":"closed","template":"","meta":[],"product_cat":[217],"product_tag":[218,220,219],"class_list":{"0":"post-17691","1":"product","2":"type-product","3":"status-publish","4":"has-post-thumbnail","6":"product_brand-jannis","7":"product_cat-dulciuri","8":"product_tag-baton-de-susan","9":"product_tag-baton-de-susan-fara-zahar","10":"product_tag-zero-zahar","12":"first","13":"instock","14":"featured","15":"shipping-taxable","16":"purchasable","17":"product-type-simple"},"yoast_head":"<!-- This site is optimized with the Yoast SEO plugin v27.5 - https:\/\/yoast.com\/product\/yoast-seo-wordpress\/ -->\n<title>Baton de susan f\u0103r\u0103 zah\u0103r ad\u0103ugat 40g - Elia Grecia<\/title>\n<meta name=\"robots\" content=\"index, follow, max-snippet:-1, max-image-preview:large, max-video-preview:-1\" \/>\n<meta property=\"og:locale\" content=\"ro_RO\" \/>\n<meta property=\"og:type\" content=\"article\" \/>\n<meta property=\"og:title\" content=\"Baton de susan f\u0103r\u0103 zah\u0103r ad\u0103ugat 40g - Elia Grecia\" \/>\n<meta property=\"og:description\" content=\"F\u0103r\u0103 zah\u0103r ad\u0103ugat F\u0103r\u0103 \u00eendulcitori, con\u021bine doar zaharuri care apar \u00een mod natural Bogat \u00een fibre Surs\u0103 de proteine Foarte s\u0103rac \u00een sare Potrivit pentru vegani F\u0103r\u0103 gluten F\u0103r\u0103 lactoz\u0103 F\u0103r\u0103 ulei de palmier F\u0103r\u0103 lactate F\u0103r\u0103 aditivi F\u0103r\u0103 conservan\u021bi\" \/>\n<meta property=\"og:url\" content=\"https:\/\/shop.elia-gr.ro\/index.php\/product\/baton-de-susan-fara-zahar-adaugat-40g\/\" \/>\n<meta property=\"og:site_name\" content=\"Elia Grecia\" \/>\n<meta property=\"article:publisher\" content=\"https:\/\/www.facebook.com\/profile.php?id=100063888292671\" \/>\n<meta property=\"article:modified_time\" content=\"2024-12-29T18:11:55+00:00\" \/>\n<meta property=\"og:image\" content=\"https:\/\/shop.elia-gr.ro\/wp-content\/uploads\/2024\/12\/JANNIS-SESAME-BAR-0-zahar.webp\" \/>\n\t<meta property=\"og:image:width\" content=\"800\" \/>\n\t<meta property=\"og:image:height\" content=\"960\" \/>\n\t<meta property=\"og:image:type\" content=\"image\/webp\" \/>\n<meta name=\"twitter:card\" content=\"summary_large_image\" \/>\n<!-- \/ Yoast SEO plugin. -->","yoast_head_json":{"title":"Baton de susan f\u0103r\u0103 zah\u0103r ad\u0103ugat 40g - Elia Grecia","robots":{"index":"index","follow":"follow","max-snippet":"max-snippet:-1","max-image-preview":"max-image-preview:large","max-video-preview":"max-video-preview:-1"},"og_locale":"ro_RO","og_type":"article","og_title":"Baton de susan f\u0103r\u0103 zah\u0103r ad\u0103ugat 40g - Elia Grecia","og_description":"F\u0103r\u0103 zah\u0103r ad\u0103ugat F\u0103r\u0103 \u00eendulcitori, con\u021bine doar zaharuri care apar \u00een mod natural Bogat \u00een fibre Surs\u0103 de proteine Foarte s\u0103rac \u00een sare Potrivit pentru vegani F\u0103r\u0103 gluten F\u0103r\u0103 lactoz\u0103 F\u0103r\u0103 ulei de palmier F\u0103r\u0103 lactate F\u0103r\u0103 aditivi F\u0103r\u0103 conservan\u021bi","og_url":"https:\/\/shop.elia-gr.ro\/index.php\/product\/baton-de-susan-fara-zahar-adaugat-40g\/","og_site_name":"Elia Grecia","article_publisher":"https:\/\/www.facebook.com\/profile.php?id=100063888292671","article_modified_time":"2024-12-29T18:11:55+00:00","og_image":[{"width":800,"height":960,"url":"https:\/\/shop.elia-gr.ro\/wp-content\/uploads\/2024\/12\/JANNIS-SESAME-BAR-0-zahar.webp","type":"image\/webp"}],"twitter_card":"summary_large_image","schema":{"@context":"https:\/\/schema.org","@graph":[{"@type":"WebPage","@id":"https:\/\/shop.elia-gr.ro\/index.php\/product\/baton-de-susan-fara-zahar-adaugat-40g\/","url":"https:\/\/shop.elia-gr.ro\/index.php\/product\/baton-de-susan-fara-zahar-adaugat-40g\/","name":"Baton de susan f\u0103r\u0103 zah\u0103r ad\u0103ugat 40g - Elia Grecia","isPartOf":{"@id":"https:\/\/shop.elia-gr.ro\/#website"},"primaryImageOfPage":{"@id":"https:\/\/shop.elia-gr.ro\/index.php\/product\/baton-de-susan-fara-zahar-adaugat-40g\/#primaryimage"},"image":{"@id":"https:\/\/shop.elia-gr.ro\/index.php\/product\/baton-de-susan-fara-zahar-adaugat-40g\/#primaryimage"},"thumbnailUrl":"https:\/\/shop.elia-gr.ro\/wp-content\/uploads\/2024\/12\/JANNIS-SESAME-BAR-0-zahar.webp","datePublished":"2024-12-29T18:00:56+00:00","dateModified":"2024-12-29T18:11:55+00:00","breadcrumb":{"@id":"https:\/\/shop.elia-gr.ro\/index.php\/product\/baton-de-susan-fara-zahar-adaugat-40g\/#breadcrumb"},"inLanguage":"ro-RO","potentialAction":[{"@type":"ReadAction","target":["https:\/\/shop.elia-gr.ro\/index.php\/product\/baton-de-susan-fara-zahar-adaugat-40g\/"]}]},{"@type":"ImageObject","inLanguage":"ro-RO","@id":"https:\/\/shop.elia-gr.ro\/index.php\/product\/baton-de-susan-fara-zahar-adaugat-40g\/#primaryimage","url":"https:\/\/shop.elia-gr.ro\/wp-content\/uploads\/2024\/12\/JANNIS-SESAME-BAR-0-zahar.webp","contentUrl":"https:\/\/shop.elia-gr.ro\/wp-content\/uploads\/2024\/12\/JANNIS-SESAME-BAR-0-zahar.webp","width":800,"height":960},{"@type":"BreadcrumbList","@id":"https:\/\/shop.elia-gr.ro\/index.php\/product\/baton-de-susan-fara-zahar-adaugat-40g\/#breadcrumb","itemListElement":[{"@type":"ListItem","position":1,"name":"Home","item":"https:\/\/shop.elia-gr.ro\/"},{"@type":"ListItem","position":2,"name":"Shop","item":"https:\/\/shop.elia-gr.ro\/index.php\/shop\/"},{"@type":"ListItem","position":3,"name":"Baton de susan f\u0103r\u0103 zah\u0103r ad\u0103ugat 40g"}]},{"@type":"WebSite","@id":"https:\/\/shop.elia-gr.ro\/#website","url":"https:\/\/shop.elia-gr.ro\/","name":"Elia Grecia","description":"Cele mai bune produse grece\u0219ti pentru tine!","publisher":{"@id":"https:\/\/shop.elia-gr.ro\/#organization"},"potentialAction":[{"@type":"SearchAction","target":{"@type":"EntryPoint","urlTemplate":"https:\/\/shop.elia-gr.ro\/?s={search_term_string}"},"query-input":{"@type":"PropertyValueSpecification","valueRequired":true,"valueName":"search_term_string"}}],"inLanguage":"ro-RO"},{"@type":"Organization","@id":"https:\/\/shop.elia-gr.ro\/#organization","name":"Elia Grecia","url":"https:\/\/shop.elia-gr.ro\/","logo":{"@type":"ImageObject","inLanguage":"ro-RO","@id":"https:\/\/shop.elia-gr.ro\/#\/schema\/logo\/image\/","url":"https:\/\/shop.elia-gr.ro\/wp-content\/uploads\/2024\/09\/new_logo_elia_shop-1.webp","contentUrl":"https:\/\/shop.elia-gr.ro\/wp-content\/uploads\/2024\/09\/new_logo_elia_shop-1.webp","width":141,"height":50,"caption":"Elia Grecia"},"image":{"@id":"https:\/\/shop.elia-gr.ro\/#\/schema\/logo\/image\/"},"sameAs":["https:\/\/www.facebook.com\/profile.php?id=100063888292671"]}]}},"jetpack_sharing_enabled":true,"_links":{"self":[{"href":"https:\/\/shop.elia-gr.ro\/index.php\/wp-json\/wp\/v2\/product\/17691","targetHints":{"allow":["GET"]}}],"collection":[{"href":"https:\/\/shop.elia-gr.ro\/index.php\/wp-json\/wp\/v2\/product"}],"about":[{"href":"https:\/\/shop.elia-gr.ro\/index.php\/wp-json\/wp\/v2\/types\/product"}],"replies":[{"embeddable":true,"href":"https:\/\/shop.elia-gr.ro\/index.php\/wp-json\/wp\/v2\/comments?post=17691"}],"version-history":[{"count":1,"href":"https:\/\/shop.elia-gr.ro\/index.php\/wp-json\/wp\/v2\/product\/17691\/revisions"}],"predecessor-version":[{"id":17694,"href":"https:\/\/shop.elia-gr.ro\/index.php\/wp-json\/wp\/v2\/product\/17691\/revisions\/17694"}],"wp:featuredmedia":[{"embeddable":true,"href":"https:\/\/shop.elia-gr.ro\/index.php\/wp-json\/wp\/v2\/media\/17692"}],"wp:attachment":[{"href":"https:\/\/shop.elia-gr.ro\/index.php\/wp-json\/wp\/v2\/media?parent=17691"}],"wp:term":[{"taxonomy":"product_cat","embeddable":true,"href":"https:\/\/shop.elia-gr.ro\/index.php\/wp-json\/wp\/v2\/product_cat?post=17691"},{"taxonomy":"product_tag","embeddable":true,"href":"https:\/\/shop.elia-gr.ro\/index.php\/wp-json\/wp\/v2\/product_tag?post=17691"}],"curies":[{"name":"wp","href":"https:\/\/api.w.org\/{rel}","templated":true}]}}