{"id":17705,"date":"2024-12-29T20:28:22","date_gmt":"2024-12-29T18:28:22","guid":{"rendered":"https:\/\/shop.elia-gr.ro\/?post_type=product&#038;p=17705"},"modified":"2024-12-29T20:33:26","modified_gmt":"2024-12-29T18:33:26","slug":"mini-sesame-super-bites-150g","status":"publish","type":"product","link":"https:\/\/shop.elia-gr.ro\/index.php\/product\/mini-sesame-super-bites-150g\/","title":{"rendered":"Mini sesame super bites 150g"},"content":{"rendered":"<ul>\n<li>0% zah\u0103r ad\u0103ugat<\/li>\n<li>F\u0103r\u0103 \u00eendulcitori, con\u021bine zaharuri naturale<\/li>\n<li>Con\u021binut ridicat de fibre<\/li>\n<li>Surs\u0103 de proteine<\/li>\n<li>Potrivit pentru vegani<\/li>\n<li>Con\u021binut foarte sc\u0103zut de sare<\/li>\n<li>F\u0103r\u0103 lactoz\u0103<\/li>\n<li>F\u0103r\u0103 produse lactate<\/li>\n<li>F\u0103r\u0103 conservan\u021bi<\/li>\n<\/ul>\n","protected":false},"excerpt":{"rendered":"<ul>\n<li>Surs\u0103 de fibre<\/li>\n<li>Surs\u0103 natural\u0103 de proteine<\/li>\n<li>F\u0103r\u0103 gluten<\/li>\n<li>Potrivit pentru vegani<\/li>\n<li>Foarte s\u0103rac \u00een sare<\/li>\n<li>F\u0103r\u0103 lactoz\u0103<\/li>\n<li>F\u0103r\u0103 conservan\u021bi<\/li>\n<\/ul>\n","protected":false},"featured_media":17706,"comment_status":"open","ping_status":"closed","template":"","meta":[],"product_cat":[217],"product_tag":[],"class_list":{"0":"post-17705","1":"product","2":"type-product","3":"status-publish","4":"has-post-thumbnail","6":"product_brand-jannis","7":"product_cat-dulciuri","9":"first","10":"instock","11":"featured","12":"shipping-taxable","13":"purchasable","14":"product-type-simple"},"yoast_head":"<!-- This site is optimized with the Yoast SEO plugin v27.5 - https:\/\/yoast.com\/product\/yoast-seo-wordpress\/ -->\n<title>Mini sesame super bites 150g - Elia Grecia<\/title>\n<meta name=\"robots\" content=\"index, follow, max-snippet:-1, max-image-preview:large, max-video-preview:-1\" \/>\n<meta property=\"og:locale\" content=\"ro_RO\" \/>\n<meta property=\"og:type\" content=\"article\" \/>\n<meta property=\"og:title\" content=\"Mini sesame super bites 150g - Elia Grecia\" \/>\n<meta property=\"og:description\" content=\"Surs\u0103 de fibre  Surs\u0103 natural\u0103 de proteine  F\u0103r\u0103 gluten  Potrivit pentru vegani  Foarte s\u0103rac \u00een sare  F\u0103r\u0103 lactoz\u0103  F\u0103r\u0103 conservan\u021bi\" \/>\n<meta property=\"og:url\" content=\"https:\/\/shop.elia-gr.ro\/index.php\/product\/mini-sesame-super-bites-150g\/\" \/>\n<meta property=\"og:site_name\" content=\"Elia Grecia\" \/>\n<meta property=\"article:publisher\" content=\"https:\/\/www.facebook.com\/profile.php?id=100063888292671\" \/>\n<meta property=\"article:modified_time\" content=\"2024-12-29T18:33:26+00:00\" \/>\n<meta property=\"og:image\" content=\"https:\/\/shop.elia-gr.ro\/wp-content\/uploads\/2024\/12\/mini-sesame-superbites.webp\" \/>\n\t<meta property=\"og:image:width\" content=\"800\" \/>\n\t<meta property=\"og:image:height\" content=\"960\" \/>\n\t<meta property=\"og:image:type\" content=\"image\/webp\" \/>\n<meta name=\"twitter:card\" content=\"summary_large_image\" \/>\n<!-- \/ Yoast SEO plugin. -->","yoast_head_json":{"title":"Mini sesame super bites 150g - Elia Grecia","robots":{"index":"index","follow":"follow","max-snippet":"max-snippet:-1","max-image-preview":"max-image-preview:large","max-video-preview":"max-video-preview:-1"},"og_locale":"ro_RO","og_type":"article","og_title":"Mini sesame super bites 150g - Elia Grecia","og_description":"Surs\u0103 de fibre  Surs\u0103 natural\u0103 de proteine  F\u0103r\u0103 gluten  Potrivit pentru vegani  Foarte s\u0103rac \u00een sare  F\u0103r\u0103 lactoz\u0103  F\u0103r\u0103 conservan\u021bi","og_url":"https:\/\/shop.elia-gr.ro\/index.php\/product\/mini-sesame-super-bites-150g\/","og_site_name":"Elia Grecia","article_publisher":"https:\/\/www.facebook.com\/profile.php?id=100063888292671","article_modified_time":"2024-12-29T18:33:26+00:00","og_image":[{"width":800,"height":960,"url":"https:\/\/shop.elia-gr.ro\/wp-content\/uploads\/2024\/12\/mini-sesame-superbites.webp","type":"image\/webp"}],"twitter_card":"summary_large_image","schema":{"@context":"https:\/\/schema.org","@graph":[{"@type":"WebPage","@id":"https:\/\/shop.elia-gr.ro\/index.php\/product\/mini-sesame-super-bites-150g\/","url":"https:\/\/shop.elia-gr.ro\/index.php\/product\/mini-sesame-super-bites-150g\/","name":"Mini sesame super bites 150g - Elia Grecia","isPartOf":{"@id":"https:\/\/shop.elia-gr.ro\/#website"},"primaryImageOfPage":{"@id":"https:\/\/shop.elia-gr.ro\/index.php\/product\/mini-sesame-super-bites-150g\/#primaryimage"},"image":{"@id":"https:\/\/shop.elia-gr.ro\/index.php\/product\/mini-sesame-super-bites-150g\/#primaryimage"},"thumbnailUrl":"https:\/\/shop.elia-gr.ro\/wp-content\/uploads\/2024\/12\/mini-sesame-superbites.webp","datePublished":"2024-12-29T18:28:22+00:00","dateModified":"2024-12-29T18:33:26+00:00","breadcrumb":{"@id":"https:\/\/shop.elia-gr.ro\/index.php\/product\/mini-sesame-super-bites-150g\/#breadcrumb"},"inLanguage":"ro-RO","potentialAction":[{"@type":"ReadAction","target":["https:\/\/shop.elia-gr.ro\/index.php\/product\/mini-sesame-super-bites-150g\/"]}]},{"@type":"ImageObject","inLanguage":"ro-RO","@id":"https:\/\/shop.elia-gr.ro\/index.php\/product\/mini-sesame-super-bites-150g\/#primaryimage","url":"https:\/\/shop.elia-gr.ro\/wp-content\/uploads\/2024\/12\/mini-sesame-superbites.webp","contentUrl":"https:\/\/shop.elia-gr.ro\/wp-content\/uploads\/2024\/12\/mini-sesame-superbites.webp","width":800,"height":960},{"@type":"BreadcrumbList","@id":"https:\/\/shop.elia-gr.ro\/index.php\/product\/mini-sesame-super-bites-150g\/#breadcrumb","itemListElement":[{"@type":"ListItem","position":1,"name":"Home","item":"https:\/\/shop.elia-gr.ro\/"},{"@type":"ListItem","position":2,"name":"Shop","item":"https:\/\/shop.elia-gr.ro\/index.php\/shop\/"},{"@type":"ListItem","position":3,"name":"Mini sesame super bites 150g"}]},{"@type":"WebSite","@id":"https:\/\/shop.elia-gr.ro\/#website","url":"https:\/\/shop.elia-gr.ro\/","name":"Elia Grecia","description":"Cele mai bune produse grece\u0219ti pentru tine!","publisher":{"@id":"https:\/\/shop.elia-gr.ro\/#organization"},"potentialAction":[{"@type":"SearchAction","target":{"@type":"EntryPoint","urlTemplate":"https:\/\/shop.elia-gr.ro\/?s={search_term_string}"},"query-input":{"@type":"PropertyValueSpecification","valueRequired":true,"valueName":"search_term_string"}}],"inLanguage":"ro-RO"},{"@type":"Organization","@id":"https:\/\/shop.elia-gr.ro\/#organization","name":"Elia Grecia","url":"https:\/\/shop.elia-gr.ro\/","logo":{"@type":"ImageObject","inLanguage":"ro-RO","@id":"https:\/\/shop.elia-gr.ro\/#\/schema\/logo\/image\/","url":"https:\/\/shop.elia-gr.ro\/wp-content\/uploads\/2024\/09\/new_logo_elia_shop-1.webp","contentUrl":"https:\/\/shop.elia-gr.ro\/wp-content\/uploads\/2024\/09\/new_logo_elia_shop-1.webp","width":141,"height":50,"caption":"Elia Grecia"},"image":{"@id":"https:\/\/shop.elia-gr.ro\/#\/schema\/logo\/image\/"},"sameAs":["https:\/\/www.facebook.com\/profile.php?id=100063888292671"]}]}},"jetpack_sharing_enabled":true,"_links":{"self":[{"href":"https:\/\/shop.elia-gr.ro\/index.php\/wp-json\/wp\/v2\/product\/17705","targetHints":{"allow":["GET"]}}],"collection":[{"href":"https:\/\/shop.elia-gr.ro\/index.php\/wp-json\/wp\/v2\/product"}],"about":[{"href":"https:\/\/shop.elia-gr.ro\/index.php\/wp-json\/wp\/v2\/types\/product"}],"replies":[{"embeddable":true,"href":"https:\/\/shop.elia-gr.ro\/index.php\/wp-json\/wp\/v2\/comments?post=17705"}],"version-history":[{"count":1,"href":"https:\/\/shop.elia-gr.ro\/index.php\/wp-json\/wp\/v2\/product\/17705\/revisions"}],"predecessor-version":[{"id":17707,"href":"https:\/\/shop.elia-gr.ro\/index.php\/wp-json\/wp\/v2\/product\/17705\/revisions\/17707"}],"wp:featuredmedia":[{"embeddable":true,"href":"https:\/\/shop.elia-gr.ro\/index.php\/wp-json\/wp\/v2\/media\/17706"}],"wp:attachment":[{"href":"https:\/\/shop.elia-gr.ro\/index.php\/wp-json\/wp\/v2\/media?parent=17705"}],"wp:term":[{"taxonomy":"product_cat","embeddable":true,"href":"https:\/\/shop.elia-gr.ro\/index.php\/wp-json\/wp\/v2\/product_cat?post=17705"},{"taxonomy":"product_tag","embeddable":true,"href":"https:\/\/shop.elia-gr.ro\/index.php\/wp-json\/wp\/v2\/product_tag?post=17705"}],"curies":[{"name":"wp","href":"https:\/\/api.w.org\/{rel}","templated":true}]}}