{"id":17716,"date":"2024-12-29T20:57:33","date_gmt":"2024-12-29T18:57:33","guid":{"rendered":"https:\/\/shop.elia-gr.ro\/?post_type=product&#038;p=17716"},"modified":"2026-02-02T20:34:18","modified_gmt":"2026-02-02T18:34:18","slug":"batoane-cu-nuci-bogate-in-proteine-cu-capsuni-si-zmeura-fara-zaharuri-adaugate","status":"publish","type":"product","link":"https:\/\/shop.elia-gr.ro\/index.php\/product\/batoane-cu-nuci-bogate-in-proteine-cu-capsuni-si-zmeura-fara-zaharuri-adaugate\/","title":{"rendered":"Batoane cu nuci bogate \u00een proteine, cu c\u0103p\u0219uni \u0219i zmeur\u0103, f\u0103r\u0103 zaharuri ad\u0103ugate"},"content":{"rendered":"<ul>\n<li>0% zah\u0103r ad\u0103ugat<\/li>\n<li>F\u0103r\u0103 \u00eendulcitori, con\u021bine zaharuri naturale<\/li>\n<li>Con\u021binut ridicat de fibre<\/li>\n<li>Surs\u0103 de proteine<\/li>\n<li>Potrivit pentru vegani<\/li>\n<li>Con\u021binut foarte sc\u0103zut de sare<\/li>\n<li>F\u0103r\u0103 lactoz\u0103<\/li>\n<li>F\u0103r\u0103 produse lactate<\/li>\n<li>F\u0103r\u0103 conservan\u021bi<\/li>\n<\/ul>\n","protected":false},"excerpt":{"rendered":"<p><span dir=\"auto\">Batoanele\u00a0<\/span><span dir=\"auto\">proteice<\/span><span dir=\"auto\">\u00a0au fost create prin\u00a0<\/span><span dir=\"auto\">eliminarea complet\u0103 a zah\u0103rului<\/span><span dir=\"auto\">\u00a0\u0219i \u00eenlocuirea acestuia cu fibre vegetale,\u00a0<\/span><span dir=\"auto\">f\u0103r\u0103<\/span><span dir=\"auto\">\u00a0utilizarea\u00a0<\/span><span dir=\"auto\">\u00eendu<wbr \/>lcitorilor<\/span><span dir=\"auto\">\u00a0. Ingredientul ales, extractul de r\u0103d\u0103cin\u0103 de cicoare, este un\u00a0<\/span><span dir=\"auto\">probiotic<\/span><span dir=\"auto\">\u00a0popular , care, conform rapoartelor unor oameni de \u0219tiin\u021b\u0103 de \u00eencredere, are beneficii foarte semnificative. Acestea sunt produse cu adev\u0103rat bogate \u00een\u00a0<\/span><span dir=\"auto\">proteine<\/span><span dir=\"auto\">\u00a0\u0219i\u00a0<\/span><span dir=\"auto\">fibre vegetale<\/span><span dir=\"auto\">\u00a0. Con\u021binutul\u00a0<\/span><span dir=\"auto\">de sare<\/span><span dir=\"auto\">\u00a0este\u00a0<\/span><span dir=\"auto\">foarte sc\u0103zut<\/span><span dir=\"auto\">\u00a0\u0219i\u00a0<\/span><span dir=\"auto\">nu au fost ad\u0103uga\u021bi conservan\u021bi<\/span><span dir=\"auto\">\u00a0. Sunt\u00a0<\/span><span dir=\"auto\">potrivite<\/span><span dir=\"auto\">\u00a0pentru consumul\u00a0<\/span><span dir=\"auto\">vegan<\/span><span dir=\"auto\">\u00a0, f\u0103r\u0103\u00a0<\/span><span dir=\"auto\">lactoz\u0103<\/span><span dir=\"auto\">\u00a0\u0219i\u00a0<\/span><span dir=\"auto\">lactate<\/span><span dir=\"auto\">\u00a0, extrem de s\u0103n\u0103toase \u0219i, de asemenea,&#8230;\u00a0<\/span><span dir=\"auto\">incredibil de delicioase!<\/span><\/p>\n<ul>\n<li>25% Proteine<\/li>\n<li>Peste 24% Fibre<\/li>\n<li>0% Zah\u0103r ad\u0103ugat<\/li>\n<li>F\u0103r\u0103 \u00eendulcitori, con\u021bine doar zaharuri naturale<\/li>\n<li>F\u0103r\u0103 conservan\u021bi<\/li>\n<li>F\u0103r\u0103 ulei de palmier<\/li>\n<li>Con\u021binut redus de sare<\/li>\n<li>F\u0103r\u0103 produse lactate<\/li>\n<li>F\u0103r\u0103 lactoz\u0103<\/li>\n<li>Potrivit pentru vegani<\/li>\n<\/ul>\n","protected":false},"featured_media":21576,"comment_status":"open","ping_status":"closed","template":"","meta":[],"product_cat":[217],"product_tag":[],"class_list":{"0":"post-17716","1":"product","2":"type-product","3":"status-publish","4":"has-post-thumbnail","6":"product_brand-jannis","7":"product_cat-dulciuri","9":"first","10":"instock","11":"featured","12":"shipping-taxable","13":"purchasable","14":"product-type-variable"},"yoast_head":"<!-- This site is optimized with the Yoast SEO plugin v27.5 - https:\/\/yoast.com\/product\/yoast-seo-wordpress\/ -->\n<title>Batoane cu nuci bogate \u00een proteine, cu c\u0103p\u0219uni \u0219i zmeur\u0103<\/title>\n<meta name=\"description\" content=\"Batoane cu nuci bogate \u00een proteine, cu c\u0103p\u0219uni \u0219i zmeur\u0103, f\u0103r\u0103 zaharuri ad\u0103ugate\" \/>\n<meta name=\"robots\" content=\"index, follow, max-snippet:-1, max-image-preview:large, max-video-preview:-1\" \/>\n<meta property=\"og:locale\" content=\"ro_RO\" \/>\n<meta property=\"og:type\" content=\"article\" \/>\n<meta property=\"og:title\" content=\"Batoane cu nuci bogate \u00een proteine, cu c\u0103p\u0219uni \u0219i zmeur\u0103\" \/>\n<meta property=\"og:description\" content=\"Batoane cu nuci bogate \u00een proteine, cu c\u0103p\u0219uni \u0219i zmeur\u0103, f\u0103r\u0103 zaharuri ad\u0103ugate\" \/>\n<meta property=\"og:url\" content=\"https:\/\/shop.elia-gr.ro\/index.php\/product\/batoane-cu-nuci-bogate-in-proteine-cu-capsuni-si-zmeura-fara-zaharuri-adaugate\/\" \/>\n<meta property=\"og:site_name\" content=\"Elia Grecia\" \/>\n<meta property=\"article:publisher\" content=\"https:\/\/www.facebook.com\/profile.php?id=100063888292671\" \/>\n<meta property=\"article:modified_time\" content=\"2026-02-02T18:34:18+00:00\" \/>\n<meta property=\"og:image\" content=\"https:\/\/shop.elia-gr.ro\/wp-content\/uploads\/2024\/12\/NUT_BARS_ATOMIKO_STRAWBRASB.jpg\" \/>\n\t<meta property=\"og:image:width\" content=\"1440\" \/>\n\t<meta property=\"og:image:height\" content=\"648\" \/>\n\t<meta property=\"og:image:type\" content=\"image\/jpeg\" \/>\n<meta name=\"twitter:card\" content=\"summary_large_image\" \/>\n<meta name=\"twitter:label1\" content=\"Timp estimat pentru citire\" \/>\n\t<meta name=\"twitter:data1\" content=\"1 minut\" \/>\n<!-- \/ Yoast SEO plugin. -->","yoast_head_json":{"title":"Batoane cu nuci bogate \u00een proteine, cu c\u0103p\u0219uni \u0219i zmeur\u0103","description":"Batoane cu nuci bogate \u00een proteine, cu c\u0103p\u0219uni \u0219i zmeur\u0103, f\u0103r\u0103 zaharuri ad\u0103ugate","robots":{"index":"index","follow":"follow","max-snippet":"max-snippet:-1","max-image-preview":"max-image-preview:large","max-video-preview":"max-video-preview:-1"},"og_locale":"ro_RO","og_type":"article","og_title":"Batoane cu nuci bogate \u00een proteine, cu c\u0103p\u0219uni \u0219i zmeur\u0103","og_description":"Batoane cu nuci bogate \u00een proteine, cu c\u0103p\u0219uni \u0219i zmeur\u0103, f\u0103r\u0103 zaharuri ad\u0103ugate","og_url":"https:\/\/shop.elia-gr.ro\/index.php\/product\/batoane-cu-nuci-bogate-in-proteine-cu-capsuni-si-zmeura-fara-zaharuri-adaugate\/","og_site_name":"Elia Grecia","article_publisher":"https:\/\/www.facebook.com\/profile.php?id=100063888292671","article_modified_time":"2026-02-02T18:34:18+00:00","og_image":[{"width":1440,"height":648,"url":"https:\/\/shop.elia-gr.ro\/wp-content\/uploads\/2024\/12\/NUT_BARS_ATOMIKO_STRAWBRASB.jpg","type":"image\/jpeg"}],"twitter_card":"summary_large_image","twitter_misc":{"Timp estimat pentru citire":"1 minut"},"schema":{"@context":"https:\/\/schema.org","@graph":[{"@type":"WebPage","@id":"https:\/\/shop.elia-gr.ro\/index.php\/product\/batoane-cu-nuci-bogate-in-proteine-cu-capsuni-si-zmeura-fara-zaharuri-adaugate\/","url":"https:\/\/shop.elia-gr.ro\/index.php\/product\/batoane-cu-nuci-bogate-in-proteine-cu-capsuni-si-zmeura-fara-zaharuri-adaugate\/","name":"Batoane cu nuci bogate \u00een proteine, cu c\u0103p\u0219uni \u0219i zmeur\u0103","isPartOf":{"@id":"https:\/\/shop.elia-gr.ro\/#website"},"primaryImageOfPage":{"@id":"https:\/\/shop.elia-gr.ro\/index.php\/product\/batoane-cu-nuci-bogate-in-proteine-cu-capsuni-si-zmeura-fara-zaharuri-adaugate\/#primaryimage"},"image":{"@id":"https:\/\/shop.elia-gr.ro\/index.php\/product\/batoane-cu-nuci-bogate-in-proteine-cu-capsuni-si-zmeura-fara-zaharuri-adaugate\/#primaryimage"},"thumbnailUrl":"https:\/\/shop.elia-gr.ro\/wp-content\/uploads\/2024\/12\/NUT_BARS_ATOMIKO_STRAWBRASB.jpg","datePublished":"2024-12-29T18:57:33+00:00","dateModified":"2026-02-02T18:34:18+00:00","description":"Batoane cu nuci bogate \u00een proteine, cu c\u0103p\u0219uni \u0219i zmeur\u0103, f\u0103r\u0103 zaharuri ad\u0103ugate","breadcrumb":{"@id":"https:\/\/shop.elia-gr.ro\/index.php\/product\/batoane-cu-nuci-bogate-in-proteine-cu-capsuni-si-zmeura-fara-zaharuri-adaugate\/#breadcrumb"},"inLanguage":"ro-RO","potentialAction":[{"@type":"ReadAction","target":["https:\/\/shop.elia-gr.ro\/index.php\/product\/batoane-cu-nuci-bogate-in-proteine-cu-capsuni-si-zmeura-fara-zaharuri-adaugate\/"]}]},{"@type":"ImageObject","inLanguage":"ro-RO","@id":"https:\/\/shop.elia-gr.ro\/index.php\/product\/batoane-cu-nuci-bogate-in-proteine-cu-capsuni-si-zmeura-fara-zaharuri-adaugate\/#primaryimage","url":"https:\/\/shop.elia-gr.ro\/wp-content\/uploads\/2024\/12\/NUT_BARS_ATOMIKO_STRAWBRASB.jpg","contentUrl":"https:\/\/shop.elia-gr.ro\/wp-content\/uploads\/2024\/12\/NUT_BARS_ATOMIKO_STRAWBRASB.jpg","width":1440,"height":648},{"@type":"BreadcrumbList","@id":"https:\/\/shop.elia-gr.ro\/index.php\/product\/batoane-cu-nuci-bogate-in-proteine-cu-capsuni-si-zmeura-fara-zaharuri-adaugate\/#breadcrumb","itemListElement":[{"@type":"ListItem","position":1,"name":"Home","item":"https:\/\/shop.elia-gr.ro\/"},{"@type":"ListItem","position":2,"name":"Shop","item":"https:\/\/shop.elia-gr.ro\/index.php\/shop\/"},{"@type":"ListItem","position":3,"name":"Batoane cu nuci bogate \u00een proteine, cu c\u0103p\u0219uni \u0219i zmeur\u0103, f\u0103r\u0103 zaharuri ad\u0103ugate"}]},{"@type":"WebSite","@id":"https:\/\/shop.elia-gr.ro\/#website","url":"https:\/\/shop.elia-gr.ro\/","name":"Elia Grecia","description":"Cele mai bune produse grece\u0219ti pentru tine!","publisher":{"@id":"https:\/\/shop.elia-gr.ro\/#organization"},"potentialAction":[{"@type":"SearchAction","target":{"@type":"EntryPoint","urlTemplate":"https:\/\/shop.elia-gr.ro\/?s={search_term_string}"},"query-input":{"@type":"PropertyValueSpecification","valueRequired":true,"valueName":"search_term_string"}}],"inLanguage":"ro-RO"},{"@type":"Organization","@id":"https:\/\/shop.elia-gr.ro\/#organization","name":"Elia Grecia","url":"https:\/\/shop.elia-gr.ro\/","logo":{"@type":"ImageObject","inLanguage":"ro-RO","@id":"https:\/\/shop.elia-gr.ro\/#\/schema\/logo\/image\/","url":"https:\/\/shop.elia-gr.ro\/wp-content\/uploads\/2024\/09\/new_logo_elia_shop-1.webp","contentUrl":"https:\/\/shop.elia-gr.ro\/wp-content\/uploads\/2024\/09\/new_logo_elia_shop-1.webp","width":141,"height":50,"caption":"Elia Grecia"},"image":{"@id":"https:\/\/shop.elia-gr.ro\/#\/schema\/logo\/image\/"},"sameAs":["https:\/\/www.facebook.com\/profile.php?id=100063888292671"]}]}},"jetpack_sharing_enabled":true,"_links":{"self":[{"href":"https:\/\/shop.elia-gr.ro\/index.php\/wp-json\/wp\/v2\/product\/17716","targetHints":{"allow":["GET"]}}],"collection":[{"href":"https:\/\/shop.elia-gr.ro\/index.php\/wp-json\/wp\/v2\/product"}],"about":[{"href":"https:\/\/shop.elia-gr.ro\/index.php\/wp-json\/wp\/v2\/types\/product"}],"replies":[{"embeddable":true,"href":"https:\/\/shop.elia-gr.ro\/index.php\/wp-json\/wp\/v2\/comments?post=17716"}],"version-history":[{"count":2,"href":"https:\/\/shop.elia-gr.ro\/index.php\/wp-json\/wp\/v2\/product\/17716\/revisions"}],"predecessor-version":[{"id":21868,"href":"https:\/\/shop.elia-gr.ro\/index.php\/wp-json\/wp\/v2\/product\/17716\/revisions\/21868"}],"wp:featuredmedia":[{"embeddable":true,"href":"https:\/\/shop.elia-gr.ro\/index.php\/wp-json\/wp\/v2\/media\/21576"}],"wp:attachment":[{"href":"https:\/\/shop.elia-gr.ro\/index.php\/wp-json\/wp\/v2\/media?parent=17716"}],"wp:term":[{"taxonomy":"product_cat","embeddable":true,"href":"https:\/\/shop.elia-gr.ro\/index.php\/wp-json\/wp\/v2\/product_cat?post=17716"},{"taxonomy":"product_tag","embeddable":true,"href":"https:\/\/shop.elia-gr.ro\/index.php\/wp-json\/wp\/v2\/product_tag?post=17716"}],"curies":[{"name":"wp","href":"https:\/\/api.w.org\/{rel}","templated":true}]}}