{"id":17753,"date":"2024-12-29T21:57:08","date_gmt":"2024-12-29T19:57:08","guid":{"rendered":"https:\/\/shop.elia-gr.ro\/?post_type=product&#038;p=17753"},"modified":"2024-12-29T21:58:05","modified_gmt":"2024-12-29T19:58:05","slug":"rahat-grecesc-cu-merisoare","status":"publish","type":"product","link":"https:\/\/shop.elia-gr.ro\/index.php\/product\/rahat-grecesc-cu-merisoare\/","title":{"rendered":"Rahat grecesc cu meri\u0219oare"},"content":{"rendered":"\t\t<div data-elementor-type=\"product-post\" data-elementor-id=\"17753\" class=\"elementor elementor-17753\" data-elementor-post-type=\"product\">\n\t\t\t\t<div class=\"elementor-element elementor-element-3787c701 e-flex e-con-boxed e-con e-parent\" data-id=\"3787c701\" data-element_type=\"container\" data-e-type=\"container\">\n\t\t\t\t\t<div class=\"e-con-inner\">\n\t\t\t\t\t<\/div>\n\t\t\t\t<\/div>\n\t\t\t\t<\/div>\n\t\t","protected":false},"excerpt":{"rendered":"<ul>\n<li>F\u0103r\u0103 conservan\u021bi<\/li>\n<li>Potrivit pentru post<\/li>\n<li>Con\u021binut redus de sare<\/li>\n<li>F\u0103r\u0103 lactate<\/li>\n<li>Potrivit pentru vegetarieni<\/li>\n<li>F\u0103r\u0103 gluten<\/li>\n<\/ul>\n","protected":false},"featured_media":17754,"comment_status":"open","ping_status":"closed","template":"","meta":[],"product_cat":[217],"product_tag":[],"class_list":{"0":"post-17753","1":"product","2":"type-product","3":"status-publish","4":"has-post-thumbnail","6":"product_brand-jannis","7":"product_cat-dulciuri","9":"first","10":"instock","11":"featured","12":"shipping-taxable","13":"purchasable","14":"product-type-simple"},"yoast_head":"<!-- This site is optimized with the Yoast SEO plugin v27.5 - https:\/\/yoast.com\/product\/yoast-seo-wordpress\/ -->\n<title>Rahat grecesc cu meri\u0219oare - Elia Grecia<\/title>\n<meta name=\"robots\" content=\"index, follow, max-snippet:-1, max-image-preview:large, max-video-preview:-1\" \/>\n<meta property=\"og:locale\" content=\"ro_RO\" \/>\n<meta property=\"og:type\" content=\"article\" \/>\n<meta property=\"og:title\" content=\"Rahat grecesc cu meri\u0219oare - Elia Grecia\" \/>\n<meta property=\"og:description\" content=\"F\u0103r\u0103 conservan\u021bi  Potrivit pentru post  Con\u021binut redus de sare  F\u0103r\u0103 lactate  Potrivit pentru vegetarieni  F\u0103r\u0103 gluten\" \/>\n<meta property=\"og:url\" content=\"https:\/\/shop.elia-gr.ro\/index.php\/product\/rahat-grecesc-cu-merisoare\/\" \/>\n<meta property=\"og:site_name\" content=\"Elia Grecia\" \/>\n<meta property=\"article:publisher\" content=\"https:\/\/www.facebook.com\/profile.php?id=100063888292671\" \/>\n<meta property=\"article:modified_time\" content=\"2024-12-29T19:58:05+00:00\" \/>\n<meta property=\"og:image\" content=\"https:\/\/shop.elia-gr.ro\/wp-content\/uploads\/2024\/12\/rahat-grecesc-merisoare.webp\" \/>\n\t<meta property=\"og:image:width\" content=\"800\" \/>\n\t<meta property=\"og:image:height\" content=\"960\" \/>\n\t<meta property=\"og:image:type\" content=\"image\/webp\" \/>\n<meta name=\"twitter:card\" content=\"summary_large_image\" \/>\n<!-- \/ Yoast SEO plugin. -->","yoast_head_json":{"title":"Rahat grecesc cu meri\u0219oare - Elia Grecia","robots":{"index":"index","follow":"follow","max-snippet":"max-snippet:-1","max-image-preview":"max-image-preview:large","max-video-preview":"max-video-preview:-1"},"og_locale":"ro_RO","og_type":"article","og_title":"Rahat grecesc cu meri\u0219oare - Elia Grecia","og_description":"F\u0103r\u0103 conservan\u021bi  Potrivit pentru post  Con\u021binut redus de sare  F\u0103r\u0103 lactate  Potrivit pentru vegetarieni  F\u0103r\u0103 gluten","og_url":"https:\/\/shop.elia-gr.ro\/index.php\/product\/rahat-grecesc-cu-merisoare\/","og_site_name":"Elia Grecia","article_publisher":"https:\/\/www.facebook.com\/profile.php?id=100063888292671","article_modified_time":"2024-12-29T19:58:05+00:00","og_image":[{"width":800,"height":960,"url":"https:\/\/shop.elia-gr.ro\/wp-content\/uploads\/2024\/12\/rahat-grecesc-merisoare.webp","type":"image\/webp"}],"twitter_card":"summary_large_image","schema":{"@context":"https:\/\/schema.org","@graph":[{"@type":"WebPage","@id":"https:\/\/shop.elia-gr.ro\/index.php\/product\/rahat-grecesc-cu-merisoare\/","url":"https:\/\/shop.elia-gr.ro\/index.php\/product\/rahat-grecesc-cu-merisoare\/","name":"Rahat grecesc cu meri\u0219oare - Elia Grecia","isPartOf":{"@id":"https:\/\/shop.elia-gr.ro\/#website"},"primaryImageOfPage":{"@id":"https:\/\/shop.elia-gr.ro\/index.php\/product\/rahat-grecesc-cu-merisoare\/#primaryimage"},"image":{"@id":"https:\/\/shop.elia-gr.ro\/index.php\/product\/rahat-grecesc-cu-merisoare\/#primaryimage"},"thumbnailUrl":"https:\/\/shop.elia-gr.ro\/wp-content\/uploads\/2024\/12\/rahat-grecesc-merisoare.webp","datePublished":"2024-12-29T19:57:08+00:00","dateModified":"2024-12-29T19:58:05+00:00","breadcrumb":{"@id":"https:\/\/shop.elia-gr.ro\/index.php\/product\/rahat-grecesc-cu-merisoare\/#breadcrumb"},"inLanguage":"ro-RO","potentialAction":[{"@type":"ReadAction","target":["https:\/\/shop.elia-gr.ro\/index.php\/product\/rahat-grecesc-cu-merisoare\/"]}]},{"@type":"ImageObject","inLanguage":"ro-RO","@id":"https:\/\/shop.elia-gr.ro\/index.php\/product\/rahat-grecesc-cu-merisoare\/#primaryimage","url":"https:\/\/shop.elia-gr.ro\/wp-content\/uploads\/2024\/12\/rahat-grecesc-merisoare.webp","contentUrl":"https:\/\/shop.elia-gr.ro\/wp-content\/uploads\/2024\/12\/rahat-grecesc-merisoare.webp","width":800,"height":960},{"@type":"BreadcrumbList","@id":"https:\/\/shop.elia-gr.ro\/index.php\/product\/rahat-grecesc-cu-merisoare\/#breadcrumb","itemListElement":[{"@type":"ListItem","position":1,"name":"Home","item":"https:\/\/shop.elia-gr.ro\/"},{"@type":"ListItem","position":2,"name":"Shop","item":"https:\/\/shop.elia-gr.ro\/index.php\/shop\/"},{"@type":"ListItem","position":3,"name":"Rahat grecesc cu meri\u0219oare"}]},{"@type":"WebSite","@id":"https:\/\/shop.elia-gr.ro\/#website","url":"https:\/\/shop.elia-gr.ro\/","name":"Elia Grecia","description":"Cele mai bune produse grece\u0219ti pentru tine!","publisher":{"@id":"https:\/\/shop.elia-gr.ro\/#organization"},"potentialAction":[{"@type":"SearchAction","target":{"@type":"EntryPoint","urlTemplate":"https:\/\/shop.elia-gr.ro\/?s={search_term_string}"},"query-input":{"@type":"PropertyValueSpecification","valueRequired":true,"valueName":"search_term_string"}}],"inLanguage":"ro-RO"},{"@type":"Organization","@id":"https:\/\/shop.elia-gr.ro\/#organization","name":"Elia Grecia","url":"https:\/\/shop.elia-gr.ro\/","logo":{"@type":"ImageObject","inLanguage":"ro-RO","@id":"https:\/\/shop.elia-gr.ro\/#\/schema\/logo\/image\/","url":"https:\/\/shop.elia-gr.ro\/wp-content\/uploads\/2024\/09\/new_logo_elia_shop-1.webp","contentUrl":"https:\/\/shop.elia-gr.ro\/wp-content\/uploads\/2024\/09\/new_logo_elia_shop-1.webp","width":141,"height":50,"caption":"Elia Grecia"},"image":{"@id":"https:\/\/shop.elia-gr.ro\/#\/schema\/logo\/image\/"},"sameAs":["https:\/\/www.facebook.com\/profile.php?id=100063888292671"]}]}},"jetpack_sharing_enabled":true,"_links":{"self":[{"href":"https:\/\/shop.elia-gr.ro\/index.php\/wp-json\/wp\/v2\/product\/17753","targetHints":{"allow":["GET"]}}],"collection":[{"href":"https:\/\/shop.elia-gr.ro\/index.php\/wp-json\/wp\/v2\/product"}],"about":[{"href":"https:\/\/shop.elia-gr.ro\/index.php\/wp-json\/wp\/v2\/types\/product"}],"replies":[{"embeddable":true,"href":"https:\/\/shop.elia-gr.ro\/index.php\/wp-json\/wp\/v2\/comments?post=17753"}],"version-history":[{"count":1,"href":"https:\/\/shop.elia-gr.ro\/index.php\/wp-json\/wp\/v2\/product\/17753\/revisions"}],"predecessor-version":[{"id":17755,"href":"https:\/\/shop.elia-gr.ro\/index.php\/wp-json\/wp\/v2\/product\/17753\/revisions\/17755"}],"wp:featuredmedia":[{"embeddable":true,"href":"https:\/\/shop.elia-gr.ro\/index.php\/wp-json\/wp\/v2\/media\/17754"}],"wp:attachment":[{"href":"https:\/\/shop.elia-gr.ro\/index.php\/wp-json\/wp\/v2\/media?parent=17753"}],"wp:term":[{"taxonomy":"product_cat","embeddable":true,"href":"https:\/\/shop.elia-gr.ro\/index.php\/wp-json\/wp\/v2\/product_cat?post=17753"},{"taxonomy":"product_tag","embeddable":true,"href":"https:\/\/shop.elia-gr.ro\/index.php\/wp-json\/wp\/v2\/product_tag?post=17753"}],"curies":[{"name":"wp","href":"https:\/\/api.w.org\/{rel}","templated":true}]}}