{"id":17857,"date":"2025-02-03T20:10:21","date_gmt":"2025-02-03T18:10:21","guid":{"rendered":"https:\/\/shop.elia-gr.ro\/?post_type=product&#038;p=17857"},"modified":"2026-02-23T14:13:34","modified_gmt":"2026-02-23T12:13:34","slug":"ulei-de-masline-organic-ophellia-500-ml","status":"publish","type":"product","link":"https:\/\/shop.elia-gr.ro\/index.php\/product\/ulei-de-masline-organic-ophellia-500-ml\/","title":{"rendered":"Ulei de m\u0103sline organic Ophellia 500 ml"},"content":{"rendered":"<p>Descoper\u0103 uleiul de m\u0103sline organic Ophellia 500 ml \u2013 gust autentic, 100% natural, presat la rece. Ideal pentru salate, g\u0103tit s\u0103n\u0103tos \u0219i rafinament culinar<\/p>\n","protected":false},"excerpt":{"rendered":"<p>Descoper\u0103 uleiul de m\u0103sline organic Ophellia 500 ml \u2013 gust autentic, 100% natural, presat la rece. Ideal pentru salate, g\u0103tit s\u0103n\u0103tos \u0219i rafinament culinar<\/p>\n","protected":false},"featured_media":19017,"comment_status":"open","ping_status":"closed","template":"","meta":[],"product_cat":[141],"product_tag":[150],"class_list":{"0":"post-17857","1":"product","2":"type-product","3":"status-publish","4":"has-post-thumbnail","6":"product_brand-ophellia","7":"product_cat-ulei-de-masline","8":"product_tag-ulei-de-masline-extravirgin","10":"first","11":"outofstock","12":"featured","13":"shipping-taxable","14":"purchasable","15":"product-type-simple"},"yoast_head":"<!-- This site is optimized with the Yoast SEO plugin v27.5 - https:\/\/yoast.com\/product\/yoast-seo-wordpress\/ -->\n<title>Ulei de m\u0103sline organic Ophellia 500 ml - Elia Grecia<\/title>\n<meta name=\"description\" content=\"Ulei de m\u0103sline organic Ophellia 500 ml. Descoper\u0103 uleiul de m\u0103sline organic Ophellia 500 ml \u2013 gust autentic, 100% natural, presat la rece.\" \/>\n<meta name=\"robots\" content=\"index, follow, max-snippet:-1, max-image-preview:large, max-video-preview:-1\" \/>\n<meta property=\"og:locale\" content=\"ro_RO\" \/>\n<meta property=\"og:type\" content=\"article\" \/>\n<meta property=\"og:title\" content=\"Ulei de m\u0103sline organic Ophellia 500 ml - Elia Grecia\" \/>\n<meta property=\"og:description\" content=\"Ulei de m\u0103sline organic Ophellia 500 ml. Descoper\u0103 uleiul de m\u0103sline organic Ophellia 500 ml \u2013 gust autentic, 100% natural, presat la rece.\" \/>\n<meta property=\"og:url\" content=\"https:\/\/shop.elia-gr.ro\/index.php\/product\/ulei-de-masline-organic-ophellia-500-ml\/\" \/>\n<meta property=\"og:site_name\" content=\"Elia Grecia\" \/>\n<meta property=\"article:publisher\" content=\"https:\/\/www.facebook.com\/profile.php?id=100063888292671\" \/>\n<meta property=\"article:modified_time\" content=\"2026-02-23T12:13:34+00:00\" \/>\n<meta property=\"og:image\" content=\"https:\/\/shop.elia-gr.ro\/wp-content\/uploads\/2025\/02\/ulei-ophellia-500.webp\" \/>\n\t<meta property=\"og:image:width\" content=\"800\" \/>\n\t<meta property=\"og:image:height\" content=\"960\" \/>\n\t<meta property=\"og:image:type\" content=\"image\/webp\" \/>\n<meta name=\"twitter:card\" content=\"summary_large_image\" \/>\n<meta name=\"twitter:label1\" content=\"Timp estimat pentru citire\" \/>\n\t<meta name=\"twitter:data1\" content=\"1 minut\" \/>\n<!-- \/ Yoast SEO plugin. -->","yoast_head_json":{"title":"Ulei de m\u0103sline organic Ophellia 500 ml - Elia Grecia","description":"Ulei de m\u0103sline organic Ophellia 500 ml. Descoper\u0103 uleiul de m\u0103sline organic Ophellia 500 ml \u2013 gust autentic, 100% natural, presat la rece.","robots":{"index":"index","follow":"follow","max-snippet":"max-snippet:-1","max-image-preview":"max-image-preview:large","max-video-preview":"max-video-preview:-1"},"og_locale":"ro_RO","og_type":"article","og_title":"Ulei de m\u0103sline organic Ophellia 500 ml - Elia Grecia","og_description":"Ulei de m\u0103sline organic Ophellia 500 ml. Descoper\u0103 uleiul de m\u0103sline organic Ophellia 500 ml \u2013 gust autentic, 100% natural, presat la rece.","og_url":"https:\/\/shop.elia-gr.ro\/index.php\/product\/ulei-de-masline-organic-ophellia-500-ml\/","og_site_name":"Elia Grecia","article_publisher":"https:\/\/www.facebook.com\/profile.php?id=100063888292671","article_modified_time":"2026-02-23T12:13:34+00:00","og_image":[{"width":800,"height":960,"url":"https:\/\/shop.elia-gr.ro\/wp-content\/uploads\/2025\/02\/ulei-ophellia-500.webp","type":"image\/webp"}],"twitter_card":"summary_large_image","twitter_misc":{"Timp estimat pentru citire":"1 minut"},"schema":{"@context":"https:\/\/schema.org","@graph":[{"@type":"WebPage","@id":"https:\/\/shop.elia-gr.ro\/index.php\/product\/ulei-de-masline-organic-ophellia-500-ml\/","url":"https:\/\/shop.elia-gr.ro\/index.php\/product\/ulei-de-masline-organic-ophellia-500-ml\/","name":"Ulei de m\u0103sline organic Ophellia 500 ml - Elia Grecia","isPartOf":{"@id":"https:\/\/shop.elia-gr.ro\/#website"},"primaryImageOfPage":{"@id":"https:\/\/shop.elia-gr.ro\/index.php\/product\/ulei-de-masline-organic-ophellia-500-ml\/#primaryimage"},"image":{"@id":"https:\/\/shop.elia-gr.ro\/index.php\/product\/ulei-de-masline-organic-ophellia-500-ml\/#primaryimage"},"thumbnailUrl":"https:\/\/shop.elia-gr.ro\/wp-content\/uploads\/2025\/02\/ulei-ophellia-500.webp","datePublished":"2025-02-03T18:10:21+00:00","dateModified":"2026-02-23T12:13:34+00:00","description":"Ulei de m\u0103sline organic Ophellia 500 ml. Descoper\u0103 uleiul de m\u0103sline organic Ophellia 500 ml \u2013 gust autentic, 100% natural, presat la rece.","breadcrumb":{"@id":"https:\/\/shop.elia-gr.ro\/index.php\/product\/ulei-de-masline-organic-ophellia-500-ml\/#breadcrumb"},"inLanguage":"ro-RO","potentialAction":[{"@type":"ReadAction","target":["https:\/\/shop.elia-gr.ro\/index.php\/product\/ulei-de-masline-organic-ophellia-500-ml\/"]}]},{"@type":"ImageObject","inLanguage":"ro-RO","@id":"https:\/\/shop.elia-gr.ro\/index.php\/product\/ulei-de-masline-organic-ophellia-500-ml\/#primaryimage","url":"https:\/\/shop.elia-gr.ro\/wp-content\/uploads\/2025\/02\/ulei-ophellia-500.webp","contentUrl":"https:\/\/shop.elia-gr.ro\/wp-content\/uploads\/2025\/02\/ulei-ophellia-500.webp","width":800,"height":960},{"@type":"BreadcrumbList","@id":"https:\/\/shop.elia-gr.ro\/index.php\/product\/ulei-de-masline-organic-ophellia-500-ml\/#breadcrumb","itemListElement":[{"@type":"ListItem","position":1,"name":"Home","item":"https:\/\/shop.elia-gr.ro\/"},{"@type":"ListItem","position":2,"name":"Shop","item":"https:\/\/shop.elia-gr.ro\/index.php\/shop\/"},{"@type":"ListItem","position":3,"name":"Ulei de m\u0103sline organic Ophellia 500 ml"}]},{"@type":"WebSite","@id":"https:\/\/shop.elia-gr.ro\/#website","url":"https:\/\/shop.elia-gr.ro\/","name":"Elia Grecia","description":"Cele mai bune produse grece\u0219ti pentru tine!","publisher":{"@id":"https:\/\/shop.elia-gr.ro\/#organization"},"potentialAction":[{"@type":"SearchAction","target":{"@type":"EntryPoint","urlTemplate":"https:\/\/shop.elia-gr.ro\/?s={search_term_string}"},"query-input":{"@type":"PropertyValueSpecification","valueRequired":true,"valueName":"search_term_string"}}],"inLanguage":"ro-RO"},{"@type":"Organization","@id":"https:\/\/shop.elia-gr.ro\/#organization","name":"Elia Grecia","url":"https:\/\/shop.elia-gr.ro\/","logo":{"@type":"ImageObject","inLanguage":"ro-RO","@id":"https:\/\/shop.elia-gr.ro\/#\/schema\/logo\/image\/","url":"https:\/\/shop.elia-gr.ro\/wp-content\/uploads\/2024\/09\/new_logo_elia_shop-1.webp","contentUrl":"https:\/\/shop.elia-gr.ro\/wp-content\/uploads\/2024\/09\/new_logo_elia_shop-1.webp","width":141,"height":50,"caption":"Elia Grecia"},"image":{"@id":"https:\/\/shop.elia-gr.ro\/#\/schema\/logo\/image\/"},"sameAs":["https:\/\/www.facebook.com\/profile.php?id=100063888292671"]}]}},"jetpack_sharing_enabled":true,"_links":{"self":[{"href":"https:\/\/shop.elia-gr.ro\/index.php\/wp-json\/wp\/v2\/product\/17857","targetHints":{"allow":["GET"]}}],"collection":[{"href":"https:\/\/shop.elia-gr.ro\/index.php\/wp-json\/wp\/v2\/product"}],"about":[{"href":"https:\/\/shop.elia-gr.ro\/index.php\/wp-json\/wp\/v2\/types\/product"}],"replies":[{"embeddable":true,"href":"https:\/\/shop.elia-gr.ro\/index.php\/wp-json\/wp\/v2\/comments?post=17857"}],"version-history":[{"count":5,"href":"https:\/\/shop.elia-gr.ro\/index.php\/wp-json\/wp\/v2\/product\/17857\/revisions"}],"predecessor-version":[{"id":21321,"href":"https:\/\/shop.elia-gr.ro\/index.php\/wp-json\/wp\/v2\/product\/17857\/revisions\/21321"}],"wp:featuredmedia":[{"embeddable":true,"href":"https:\/\/shop.elia-gr.ro\/index.php\/wp-json\/wp\/v2\/media\/19017"}],"wp:attachment":[{"href":"https:\/\/shop.elia-gr.ro\/index.php\/wp-json\/wp\/v2\/media?parent=17857"}],"wp:term":[{"taxonomy":"product_cat","embeddable":true,"href":"https:\/\/shop.elia-gr.ro\/index.php\/wp-json\/wp\/v2\/product_cat?post=17857"},{"taxonomy":"product_tag","embeddable":true,"href":"https:\/\/shop.elia-gr.ro\/index.php\/wp-json\/wp\/v2\/product_tag?post=17857"}],"curies":[{"name":"wp","href":"https:\/\/api.w.org\/{rel}","templated":true}]}}