{"id":17869,"date":"2025-02-03T21:58:38","date_gmt":"2025-02-03T19:58:38","guid":{"rendered":"https:\/\/shop.elia-gr.ro\/?post_type=product&#038;p=17869"},"modified":"2026-04-29T21:01:19","modified_gmt":"2026-04-29T19:01:19","slug":"branza-artizanala-de-capra-petroto","status":"publish","type":"product","link":"https:\/\/shop.elia-gr.ro\/index.php\/product\/branza-artizanala-de-capra-petroto\/","title":{"rendered":"Br\u00e2nz\u0103 artizanal\u0103 de capr\u0103 Petroto"},"content":{"rendered":"<p>Petroto este br\u00e2nza tare de capr\u0103 f\u0103cut\u0103 \u00een tifon (chantillas,) ca pe vremuri. Putina grasime, putina sare si fara aditivi.<br \/>\nDoar lapte proasp\u0103t de capr\u0103,, grij\u0103 \u0219i cuno\u0219tin\u021be transmise din genera\u021bie \u00een genera\u021bie.<br \/>\nGust pur, m\u00e2ncare autentic\u0103<\/p>\n","protected":false},"excerpt":{"rendered":"<p>Petroto este br\u00e2nza tare de capr\u0103 f\u0103cut\u0103 \u00een tifon (chantillas,) ca pe vremuri. Putina grasime, putina sare si fara aditivi.<br \/>\nDoar lapte proasp\u0103t de capr\u0103,, grij\u0103 \u0219i cuno\u0219tin\u021be transmise din genera\u021bie \u00een genera\u021bie.<br \/>\nGust pur, m\u00e2ncare autentic\u0103<\/p>\n<p><strong>PETROTO<\/strong> este o br\u00e2nz\u0103 alb\u0103 maturat\u0103 \u00een saramur\u0103, ob\u021binut\u0103 din lapte proasp\u0103t de capr\u0103, pasteurizat, provenit din surse locale, f\u0103r\u0103 aditivi sau conservan\u021bi. Este o br\u00e2nz\u0103 tare, cu un con\u021binut redus de gr\u0103simi \u0219i sare, u\u0219or de recunoscut datorit\u0103 metodei tradi\u021bionale de scurgere \u00een sac de p\u00e2nz\u0103.<\/p>\n<p>Metodele unice de produc\u021bie \u00eei confer\u0103 un gust bogat \u0219i, mai presus de toate, o valoare nutri\u021bional\u0103 ridicat\u0103. Aceast\u0103 br\u00e2nz\u0103 respect\u0103 cerin\u021bele unei diete s\u0103n\u0103toase moderne, fiind \u00een acela\u0219i timp parte din tradi\u021biile noastre recente.<\/p>\n","protected":false},"featured_media":21212,"comment_status":"open","ping_status":"closed","template":"","meta":[],"product_cat":[142],"product_tag":[],"class_list":{"0":"post-17869","1":"product","2":"type-product","3":"status-publish","4":"has-post-thumbnail","6":"product_brand-petroto","7":"product_cat-branzeturi","9":"first","10":"instock","11":"featured","12":"shipping-taxable","13":"purchasable","14":"product-type-variable"},"yoast_head":"<!-- This site is optimized with the Yoast SEO plugin v27.5 - https:\/\/yoast.com\/product\/yoast-seo-wordpress\/ -->\n<title>Br\u00e2nz\u0103 artizanal\u0103 de capr\u0103 Petroto - Elia Grecia<\/title>\n<meta name=\"description\" content=\"Br\u00e2nz\u0103 artizanal\u0103 de capr\u0103 Petroto. Este una dintre cele mai iubite br\u00e2nzeturi de capr\u0103. Cu un gust curat \u0219i autentic, ob\u021binut din lapte proasp\u0103t de capr\u0103\" \/>\n<meta name=\"robots\" content=\"index, follow, max-snippet:-1, max-image-preview:large, max-video-preview:-1\" \/>\n<meta property=\"og:locale\" content=\"ro_RO\" \/>\n<meta property=\"og:type\" content=\"article\" \/>\n<meta property=\"og:title\" content=\"Br\u00e2nz\u0103 artizanal\u0103 de capr\u0103 Petroto - Elia Grecia\" \/>\n<meta property=\"og:description\" content=\"Br\u00e2nz\u0103 artizanal\u0103 de capr\u0103 Petroto. Este una dintre cele mai iubite br\u00e2nzeturi de capr\u0103. Cu un gust curat \u0219i autentic, ob\u021binut din lapte proasp\u0103t de capr\u0103\" \/>\n<meta property=\"og:url\" content=\"https:\/\/shop.elia-gr.ro\/index.php\/product\/branza-artizanala-de-capra-petroto\/\" \/>\n<meta property=\"og:site_name\" content=\"Elia Grecia\" \/>\n<meta property=\"article:publisher\" content=\"https:\/\/www.facebook.com\/profile.php?id=100063888292671\" \/>\n<meta property=\"article:modified_time\" content=\"2026-04-29T19:01:19+00:00\" \/>\n<meta property=\"og:image\" content=\"https:\/\/shop.elia-gr.ro\/wp-content\/uploads\/2025\/02\/petroto_1.jpg\" \/>\n\t<meta property=\"og:image:width\" content=\"1080\" \/>\n\t<meta property=\"og:image:height\" content=\"1350\" \/>\n\t<meta property=\"og:image:type\" content=\"image\/jpeg\" \/>\n<meta name=\"twitter:card\" content=\"summary_large_image\" \/>\n<meta name=\"twitter:label1\" content=\"Timp estimat pentru citire\" \/>\n\t<meta name=\"twitter:data1\" content=\"1 minut\" \/>\n<!-- \/ Yoast SEO plugin. -->","yoast_head_json":{"title":"Br\u00e2nz\u0103 artizanal\u0103 de capr\u0103 Petroto - Elia Grecia","description":"Br\u00e2nz\u0103 artizanal\u0103 de capr\u0103 Petroto. Este una dintre cele mai iubite br\u00e2nzeturi de capr\u0103. Cu un gust curat \u0219i autentic, ob\u021binut din lapte proasp\u0103t de capr\u0103","robots":{"index":"index","follow":"follow","max-snippet":"max-snippet:-1","max-image-preview":"max-image-preview:large","max-video-preview":"max-video-preview:-1"},"og_locale":"ro_RO","og_type":"article","og_title":"Br\u00e2nz\u0103 artizanal\u0103 de capr\u0103 Petroto - Elia Grecia","og_description":"Br\u00e2nz\u0103 artizanal\u0103 de capr\u0103 Petroto. Este una dintre cele mai iubite br\u00e2nzeturi de capr\u0103. Cu un gust curat \u0219i autentic, ob\u021binut din lapte proasp\u0103t de capr\u0103","og_url":"https:\/\/shop.elia-gr.ro\/index.php\/product\/branza-artizanala-de-capra-petroto\/","og_site_name":"Elia Grecia","article_publisher":"https:\/\/www.facebook.com\/profile.php?id=100063888292671","article_modified_time":"2026-04-29T19:01:19+00:00","og_image":[{"width":1080,"height":1350,"url":"https:\/\/shop.elia-gr.ro\/wp-content\/uploads\/2025\/02\/petroto_1.jpg","type":"image\/jpeg"}],"twitter_card":"summary_large_image","twitter_misc":{"Timp estimat pentru citire":"1 minut"},"schema":{"@context":"https:\/\/schema.org","@graph":[{"@type":"WebPage","@id":"https:\/\/shop.elia-gr.ro\/index.php\/product\/branza-artizanala-de-capra-petroto\/","url":"https:\/\/shop.elia-gr.ro\/index.php\/product\/branza-artizanala-de-capra-petroto\/","name":"Br\u00e2nz\u0103 artizanal\u0103 de capr\u0103 Petroto - Elia Grecia","isPartOf":{"@id":"https:\/\/shop.elia-gr.ro\/#website"},"primaryImageOfPage":{"@id":"https:\/\/shop.elia-gr.ro\/index.php\/product\/branza-artizanala-de-capra-petroto\/#primaryimage"},"image":{"@id":"https:\/\/shop.elia-gr.ro\/index.php\/product\/branza-artizanala-de-capra-petroto\/#primaryimage"},"thumbnailUrl":"https:\/\/shop.elia-gr.ro\/wp-content\/uploads\/2025\/02\/petroto_1.jpg","datePublished":"2025-02-03T19:58:38+00:00","dateModified":"2026-04-29T19:01:19+00:00","description":"Br\u00e2nz\u0103 artizanal\u0103 de capr\u0103 Petroto. Este una dintre cele mai iubite br\u00e2nzeturi de capr\u0103. Cu un gust curat \u0219i autentic, ob\u021binut din lapte proasp\u0103t de capr\u0103","breadcrumb":{"@id":"https:\/\/shop.elia-gr.ro\/index.php\/product\/branza-artizanala-de-capra-petroto\/#breadcrumb"},"inLanguage":"ro-RO","potentialAction":[{"@type":"ReadAction","target":["https:\/\/shop.elia-gr.ro\/index.php\/product\/branza-artizanala-de-capra-petroto\/"]}]},{"@type":"ImageObject","inLanguage":"ro-RO","@id":"https:\/\/shop.elia-gr.ro\/index.php\/product\/branza-artizanala-de-capra-petroto\/#primaryimage","url":"https:\/\/shop.elia-gr.ro\/wp-content\/uploads\/2025\/02\/petroto_1.jpg","contentUrl":"https:\/\/shop.elia-gr.ro\/wp-content\/uploads\/2025\/02\/petroto_1.jpg","width":1080,"height":1350},{"@type":"BreadcrumbList","@id":"https:\/\/shop.elia-gr.ro\/index.php\/product\/branza-artizanala-de-capra-petroto\/#breadcrumb","itemListElement":[{"@type":"ListItem","position":1,"name":"Home","item":"https:\/\/shop.elia-gr.ro\/"},{"@type":"ListItem","position":2,"name":"Shop","item":"https:\/\/shop.elia-gr.ro\/index.php\/shop\/"},{"@type":"ListItem","position":3,"name":"Br\u00e2nz\u0103 artizanal\u0103 de capr\u0103 Petroto"}]},{"@type":"WebSite","@id":"https:\/\/shop.elia-gr.ro\/#website","url":"https:\/\/shop.elia-gr.ro\/","name":"Elia Grecia","description":"Cele mai bune produse grece\u0219ti pentru tine!","publisher":{"@id":"https:\/\/shop.elia-gr.ro\/#organization"},"potentialAction":[{"@type":"SearchAction","target":{"@type":"EntryPoint","urlTemplate":"https:\/\/shop.elia-gr.ro\/?s={search_term_string}"},"query-input":{"@type":"PropertyValueSpecification","valueRequired":true,"valueName":"search_term_string"}}],"inLanguage":"ro-RO"},{"@type":"Organization","@id":"https:\/\/shop.elia-gr.ro\/#organization","name":"Elia Grecia","url":"https:\/\/shop.elia-gr.ro\/","logo":{"@type":"ImageObject","inLanguage":"ro-RO","@id":"https:\/\/shop.elia-gr.ro\/#\/schema\/logo\/image\/","url":"https:\/\/shop.elia-gr.ro\/wp-content\/uploads\/2024\/09\/new_logo_elia_shop-1.webp","contentUrl":"https:\/\/shop.elia-gr.ro\/wp-content\/uploads\/2024\/09\/new_logo_elia_shop-1.webp","width":141,"height":50,"caption":"Elia Grecia"},"image":{"@id":"https:\/\/shop.elia-gr.ro\/#\/schema\/logo\/image\/"},"sameAs":["https:\/\/www.facebook.com\/profile.php?id=100063888292671"]}]}},"jetpack_sharing_enabled":true,"_links":{"self":[{"href":"https:\/\/shop.elia-gr.ro\/index.php\/wp-json\/wp\/v2\/product\/17869","targetHints":{"allow":["GET"]}}],"collection":[{"href":"https:\/\/shop.elia-gr.ro\/index.php\/wp-json\/wp\/v2\/product"}],"about":[{"href":"https:\/\/shop.elia-gr.ro\/index.php\/wp-json\/wp\/v2\/types\/product"}],"replies":[{"embeddable":true,"href":"https:\/\/shop.elia-gr.ro\/index.php\/wp-json\/wp\/v2\/comments?post=17869"}],"version-history":[{"count":5,"href":"https:\/\/shop.elia-gr.ro\/index.php\/wp-json\/wp\/v2\/product\/17869\/revisions"}],"predecessor-version":[{"id":21216,"href":"https:\/\/shop.elia-gr.ro\/index.php\/wp-json\/wp\/v2\/product\/17869\/revisions\/21216"}],"wp:featuredmedia":[{"embeddable":true,"href":"https:\/\/shop.elia-gr.ro\/index.php\/wp-json\/wp\/v2\/media\/21212"}],"wp:attachment":[{"href":"https:\/\/shop.elia-gr.ro\/index.php\/wp-json\/wp\/v2\/media?parent=17869"}],"wp:term":[{"taxonomy":"product_cat","embeddable":true,"href":"https:\/\/shop.elia-gr.ro\/index.php\/wp-json\/wp\/v2\/product_cat?post=17869"},{"taxonomy":"product_tag","embeddable":true,"href":"https:\/\/shop.elia-gr.ro\/index.php\/wp-json\/wp\/v2\/product_tag?post=17869"}],"curies":[{"name":"wp","href":"https:\/\/api.w.org\/{rel}","templated":true}]}}