{"id":17923,"date":"2025-02-03T23:21:46","date_gmt":"2025-02-03T21:21:46","guid":{"rendered":"https:\/\/shop.elia-gr.ro\/?post_type=product&#038;p=17923"},"modified":"2025-03-06T20:26:40","modified_gmt":"2025-03-06T18:26:40","slug":"gem-de-capsuni-85-fruct-ophellia","status":"publish","type":"product","link":"https:\/\/shop.elia-gr.ro\/index.php\/product\/gem-de-capsuni-85-fruct-ophellia\/","title":{"rendered":"Gem de c\u0103p\u0219uni 85% fruct Ophellia"},"content":{"rendered":"","protected":false},"excerpt":{"rendered":"<p><strong>Dulcea\u021b\u0103 premium Ophellia&#8230; Delicioas\u0103, de calitate premium \u0219i tradi\u021bional greceasc\u0103!<\/strong><\/p>\n<p>Cu un con\u021binut de <strong>85% fructe<\/strong>, este o dulcea\u021b\u0103 delicioas\u0103, plin\u0103 de vitamine \u0219i nutrien\u021bi esen\u021biali pentru organism.<\/p>\n<p>Un produs mediteranean autentic, realizat din fructe grece\u0219ti, dup\u0103 re\u021bete tradi\u021bionale, care te va purta \u00eentr-o diminea\u021b\u0103 \u00eensorit\u0103 din Grecia \u00eenc\u0103 de la prima \u00eenghi\u021bitur\u0103.<\/p>\n<p>O alegere excelent\u0103 pentru micul dejun sau pentru a prepara tarte, pr\u0103jituri, gust\u0103ri \u0219i multe alte re\u021bete delicioase, de care s\u0103 te bucuri al\u0103turi de familie \u0219i prieteni.<\/p>\n","protected":false},"featured_media":17924,"comment_status":"open","ping_status":"closed","template":"","meta":[],"product_cat":[62],"product_tag":[],"class_list":{"0":"post-17923","1":"product","2":"type-product","3":"status-publish","4":"has-post-thumbnail","6":"product_brand-ophellia","7":"product_cat-gem","9":"first","10":"outofstock","11":"featured","12":"shipping-taxable","13":"purchasable","14":"product-type-simple"},"yoast_head":"<!-- This site is optimized with the Yoast SEO plugin v27.2 - https:\/\/yoast.com\/product\/yoast-seo-wordpress\/ -->\n<title>Gem de c\u0103p\u0219uni 85% fruct Ophellia - Elia Grecia<\/title>\n<meta name=\"robots\" content=\"index, follow, max-snippet:-1, max-image-preview:large, max-video-preview:-1\" \/>\n<meta property=\"og:locale\" content=\"ro_RO\" \/>\n<meta property=\"og:type\" content=\"article\" \/>\n<meta property=\"og:title\" content=\"Gem de c\u0103p\u0219uni 85% fruct Ophellia - Elia Grecia\" \/>\n<meta property=\"og:description\" content=\"Dulcea\u021b\u0103 premium Ophellia... Delicioas\u0103, de calitate premium \u0219i tradi\u021bional greceasc\u0103!  Cu un con\u021binut de 85% fructe, este o dulcea\u021b\u0103 delicioas\u0103, plin\u0103 de vitamine \u0219i nutrien\u021bi esen\u021biali pentru organism.  Un produs mediteranean autentic, realizat din fructe grece\u0219ti, dup\u0103 re\u021bete tradi\u021bionale, care te va purta \u00eentr-o diminea\u021b\u0103 \u00eensorit\u0103 din Grecia \u00eenc\u0103 de la prima \u00eenghi\u021bitur\u0103.  O alegere excelent\u0103 pentru micul dejun sau pentru a prepara tarte, pr\u0103jituri, gust\u0103ri \u0219i multe alte re\u021bete delicioase, de care s\u0103 te bucuri al\u0103turi de familie \u0219i prieteni.\" \/>\n<meta property=\"og:url\" content=\"https:\/\/shop.elia-gr.ro\/index.php\/product\/gem-de-capsuni-85-fruct-ophellia\/\" \/>\n<meta property=\"og:site_name\" content=\"Elia Grecia\" \/>\n<meta property=\"article:publisher\" content=\"https:\/\/www.facebook.com\/profile.php?id=100063888292671\" \/>\n<meta property=\"article:modified_time\" content=\"2025-03-06T18:26:40+00:00\" \/>\n<meta property=\"og:image\" content=\"https:\/\/shop.elia-gr.ro\/wp-content\/uploads\/2025\/02\/strawberry-85.webp\" \/>\n\t<meta property=\"og:image:width\" content=\"800\" \/>\n\t<meta property=\"og:image:height\" content=\"960\" \/>\n\t<meta property=\"og:image:type\" content=\"image\/webp\" \/>\n<meta name=\"twitter:card\" content=\"summary_large_image\" \/>\n<!-- \/ Yoast SEO plugin. -->","yoast_head_json":{"title":"Gem de c\u0103p\u0219uni 85% fruct Ophellia - Elia Grecia","robots":{"index":"index","follow":"follow","max-snippet":"max-snippet:-1","max-image-preview":"max-image-preview:large","max-video-preview":"max-video-preview:-1"},"og_locale":"ro_RO","og_type":"article","og_title":"Gem de c\u0103p\u0219uni 85% fruct Ophellia - Elia Grecia","og_description":"Dulcea\u021b\u0103 premium Ophellia... Delicioas\u0103, de calitate premium \u0219i tradi\u021bional greceasc\u0103!  Cu un con\u021binut de 85% fructe, este o dulcea\u021b\u0103 delicioas\u0103, plin\u0103 de vitamine \u0219i nutrien\u021bi esen\u021biali pentru organism.  Un produs mediteranean autentic, realizat din fructe grece\u0219ti, dup\u0103 re\u021bete tradi\u021bionale, care te va purta \u00eentr-o diminea\u021b\u0103 \u00eensorit\u0103 din Grecia \u00eenc\u0103 de la prima \u00eenghi\u021bitur\u0103.  O alegere excelent\u0103 pentru micul dejun sau pentru a prepara tarte, pr\u0103jituri, gust\u0103ri \u0219i multe alte re\u021bete delicioase, de care s\u0103 te bucuri al\u0103turi de familie \u0219i prieteni.","og_url":"https:\/\/shop.elia-gr.ro\/index.php\/product\/gem-de-capsuni-85-fruct-ophellia\/","og_site_name":"Elia Grecia","article_publisher":"https:\/\/www.facebook.com\/profile.php?id=100063888292671","article_modified_time":"2025-03-06T18:26:40+00:00","og_image":[{"width":800,"height":960,"url":"https:\/\/shop.elia-gr.ro\/wp-content\/uploads\/2025\/02\/strawberry-85.webp","type":"image\/webp"}],"twitter_card":"summary_large_image","schema":{"@context":"https:\/\/schema.org","@graph":[{"@type":"WebPage","@id":"https:\/\/shop.elia-gr.ro\/index.php\/product\/gem-de-capsuni-85-fruct-ophellia\/","url":"https:\/\/shop.elia-gr.ro\/index.php\/product\/gem-de-capsuni-85-fruct-ophellia\/","name":"Gem de c\u0103p\u0219uni 85% fruct Ophellia - Elia Grecia","isPartOf":{"@id":"https:\/\/shop.elia-gr.ro\/#website"},"primaryImageOfPage":{"@id":"https:\/\/shop.elia-gr.ro\/index.php\/product\/gem-de-capsuni-85-fruct-ophellia\/#primaryimage"},"image":{"@id":"https:\/\/shop.elia-gr.ro\/index.php\/product\/gem-de-capsuni-85-fruct-ophellia\/#primaryimage"},"thumbnailUrl":"https:\/\/shop.elia-gr.ro\/wp-content\/uploads\/2025\/02\/strawberry-85.webp","datePublished":"2025-02-03T21:21:46+00:00","dateModified":"2025-03-06T18:26:40+00:00","breadcrumb":{"@id":"https:\/\/shop.elia-gr.ro\/index.php\/product\/gem-de-capsuni-85-fruct-ophellia\/#breadcrumb"},"inLanguage":"ro-RO","potentialAction":[{"@type":"ReadAction","target":["https:\/\/shop.elia-gr.ro\/index.php\/product\/gem-de-capsuni-85-fruct-ophellia\/"]}]},{"@type":"ImageObject","inLanguage":"ro-RO","@id":"https:\/\/shop.elia-gr.ro\/index.php\/product\/gem-de-capsuni-85-fruct-ophellia\/#primaryimage","url":"https:\/\/shop.elia-gr.ro\/wp-content\/uploads\/2025\/02\/strawberry-85.webp","contentUrl":"https:\/\/shop.elia-gr.ro\/wp-content\/uploads\/2025\/02\/strawberry-85.webp","width":800,"height":960},{"@type":"BreadcrumbList","@id":"https:\/\/shop.elia-gr.ro\/index.php\/product\/gem-de-capsuni-85-fruct-ophellia\/#breadcrumb","itemListElement":[{"@type":"ListItem","position":1,"name":"Home","item":"https:\/\/shop.elia-gr.ro\/"},{"@type":"ListItem","position":2,"name":"Shop","item":"https:\/\/shop.elia-gr.ro\/index.php\/shop\/"},{"@type":"ListItem","position":3,"name":"Gem de c\u0103p\u0219uni 85% fruct Ophellia"}]},{"@type":"WebSite","@id":"https:\/\/shop.elia-gr.ro\/#website","url":"https:\/\/shop.elia-gr.ro\/","name":"Elia Grecia","description":"Cele mai bune produse grece\u0219ti pentru tine!","publisher":{"@id":"https:\/\/shop.elia-gr.ro\/#organization"},"potentialAction":[{"@type":"SearchAction","target":{"@type":"EntryPoint","urlTemplate":"https:\/\/shop.elia-gr.ro\/?s={search_term_string}"},"query-input":{"@type":"PropertyValueSpecification","valueRequired":true,"valueName":"search_term_string"}}],"inLanguage":"ro-RO"},{"@type":"Organization","@id":"https:\/\/shop.elia-gr.ro\/#organization","name":"Elia Grecia","url":"https:\/\/shop.elia-gr.ro\/","logo":{"@type":"ImageObject","inLanguage":"ro-RO","@id":"https:\/\/shop.elia-gr.ro\/#\/schema\/logo\/image\/","url":"https:\/\/shop.elia-gr.ro\/wp-content\/uploads\/2024\/09\/new_logo_elia_shop-1.webp","contentUrl":"https:\/\/shop.elia-gr.ro\/wp-content\/uploads\/2024\/09\/new_logo_elia_shop-1.webp","width":141,"height":50,"caption":"Elia Grecia"},"image":{"@id":"https:\/\/shop.elia-gr.ro\/#\/schema\/logo\/image\/"},"sameAs":["https:\/\/www.facebook.com\/profile.php?id=100063888292671"]}]}},"jetpack_sharing_enabled":true,"_links":{"self":[{"href":"https:\/\/shop.elia-gr.ro\/index.php\/wp-json\/wp\/v2\/product\/17923","targetHints":{"allow":["GET"]}}],"collection":[{"href":"https:\/\/shop.elia-gr.ro\/index.php\/wp-json\/wp\/v2\/product"}],"about":[{"href":"https:\/\/shop.elia-gr.ro\/index.php\/wp-json\/wp\/v2\/types\/product"}],"replies":[{"embeddable":true,"href":"https:\/\/shop.elia-gr.ro\/index.php\/wp-json\/wp\/v2\/comments?post=17923"}],"version-history":[{"count":1,"href":"https:\/\/shop.elia-gr.ro\/index.php\/wp-json\/wp\/v2\/product\/17923\/revisions"}],"predecessor-version":[{"id":17925,"href":"https:\/\/shop.elia-gr.ro\/index.php\/wp-json\/wp\/v2\/product\/17923\/revisions\/17925"}],"wp:featuredmedia":[{"embeddable":true,"href":"https:\/\/shop.elia-gr.ro\/index.php\/wp-json\/wp\/v2\/media\/17924"}],"wp:attachment":[{"href":"https:\/\/shop.elia-gr.ro\/index.php\/wp-json\/wp\/v2\/media?parent=17923"}],"wp:term":[{"taxonomy":"product_cat","embeddable":true,"href":"https:\/\/shop.elia-gr.ro\/index.php\/wp-json\/wp\/v2\/product_cat?post=17923"},{"taxonomy":"product_tag","embeddable":true,"href":"https:\/\/shop.elia-gr.ro\/index.php\/wp-json\/wp\/v2\/product_tag?post=17923"}],"curies":[{"name":"wp","href":"https:\/\/api.w.org\/{rel}","templated":true}]}}