{"id":17935,"date":"2025-02-03T23:31:51","date_gmt":"2025-02-03T21:31:51","guid":{"rendered":"https:\/\/shop.elia-gr.ro\/?post_type=product&#038;p=17935"},"modified":"2025-05-22T18:12:12","modified_gmt":"2025-05-22T16:12:12","slug":"gem-de-fructe-de-padure-100","status":"publish","type":"product","link":"https:\/\/shop.elia-gr.ro\/index.php\/product\/gem-de-fructe-de-padure-100\/","title":{"rendered":"Gem de fructe de p\u0103dure 100% fruct, f\u0103r\u0103 zah\u0103r adaugat"},"content":{"rendered":"<p>Con\u021bine 100% fructe de p\u0103dure<\/p>\n","protected":false},"excerpt":{"rendered":"<p>Con\u021bine 100% fructe de p\u0103dure<\/p>\n","protected":false},"featured_media":17936,"comment_status":"open","ping_status":"closed","template":"","meta":[],"product_cat":[62],"product_tag":[227],"class_list":{"0":"post-17935","1":"product","2":"type-product","3":"status-publish","4":"has-post-thumbnail","6":"product_brand-ophellia","7":"product_cat-gem","8":"product_tag-gem-de-fructe-de-padure","10":"first","11":"instock","12":"featured","13":"shipping-taxable","14":"purchasable","15":"product-type-simple"},"yoast_head":"<!-- This site is optimized with the Yoast SEO plugin v27.5 - https:\/\/yoast.com\/product\/yoast-seo-wordpress\/ -->\n<title>Gem de fructe de p\u0103dure 100% fruct, f\u0103r\u0103 zah\u0103r adaugat - Elia Grecia<\/title>\n<meta name=\"description\" content=\"Gem de fructe de p\u0103dure 100% fruct, f\u0103r\u0103 zah\u0103r adaugat\" \/>\n<meta name=\"robots\" content=\"index, follow, max-snippet:-1, max-image-preview:large, max-video-preview:-1\" \/>\n<meta property=\"og:locale\" content=\"ro_RO\" \/>\n<meta property=\"og:type\" content=\"article\" \/>\n<meta property=\"og:title\" content=\"Gem de fructe de p\u0103dure 100% fruct, f\u0103r\u0103 zah\u0103r adaugat - Elia Grecia\" \/>\n<meta property=\"og:description\" content=\"Gem de fructe de p\u0103dure 100% fruct, f\u0103r\u0103 zah\u0103r adaugat\" \/>\n<meta property=\"og:url\" content=\"https:\/\/shop.elia-gr.ro\/index.php\/product\/gem-de-fructe-de-padure-100\/\" \/>\n<meta property=\"og:site_name\" content=\"Elia Grecia\" \/>\n<meta property=\"article:publisher\" content=\"https:\/\/www.facebook.com\/profile.php?id=100063888292671\" \/>\n<meta property=\"article:modified_time\" content=\"2025-05-22T16:12:12+00:00\" \/>\n<meta property=\"og:image\" content=\"https:\/\/shop.elia-gr.ro\/wp-content\/uploads\/2025\/02\/100-forest-fruits.webp\" \/>\n\t<meta property=\"og:image:width\" content=\"800\" \/>\n\t<meta property=\"og:image:height\" content=\"960\" \/>\n\t<meta property=\"og:image:type\" content=\"image\/webp\" \/>\n<meta name=\"twitter:card\" content=\"summary_large_image\" \/>\n<meta name=\"twitter:label1\" content=\"Timp estimat pentru citire\" \/>\n\t<meta name=\"twitter:data1\" content=\"1 minut\" \/>\n<!-- \/ Yoast SEO plugin. -->","yoast_head_json":{"title":"Gem de fructe de p\u0103dure 100% fruct, f\u0103r\u0103 zah\u0103r adaugat - Elia Grecia","description":"Gem de fructe de p\u0103dure 100% fruct, f\u0103r\u0103 zah\u0103r adaugat","robots":{"index":"index","follow":"follow","max-snippet":"max-snippet:-1","max-image-preview":"max-image-preview:large","max-video-preview":"max-video-preview:-1"},"og_locale":"ro_RO","og_type":"article","og_title":"Gem de fructe de p\u0103dure 100% fruct, f\u0103r\u0103 zah\u0103r adaugat - Elia Grecia","og_description":"Gem de fructe de p\u0103dure 100% fruct, f\u0103r\u0103 zah\u0103r adaugat","og_url":"https:\/\/shop.elia-gr.ro\/index.php\/product\/gem-de-fructe-de-padure-100\/","og_site_name":"Elia Grecia","article_publisher":"https:\/\/www.facebook.com\/profile.php?id=100063888292671","article_modified_time":"2025-05-22T16:12:12+00:00","og_image":[{"width":800,"height":960,"url":"https:\/\/shop.elia-gr.ro\/wp-content\/uploads\/2025\/02\/100-forest-fruits.webp","type":"image\/webp"}],"twitter_card":"summary_large_image","twitter_misc":{"Timp estimat pentru citire":"1 minut"},"schema":{"@context":"https:\/\/schema.org","@graph":[{"@type":"WebPage","@id":"https:\/\/shop.elia-gr.ro\/index.php\/product\/gem-de-fructe-de-padure-100\/","url":"https:\/\/shop.elia-gr.ro\/index.php\/product\/gem-de-fructe-de-padure-100\/","name":"Gem de fructe de p\u0103dure 100% fruct, f\u0103r\u0103 zah\u0103r adaugat - Elia Grecia","isPartOf":{"@id":"https:\/\/shop.elia-gr.ro\/#website"},"primaryImageOfPage":{"@id":"https:\/\/shop.elia-gr.ro\/index.php\/product\/gem-de-fructe-de-padure-100\/#primaryimage"},"image":{"@id":"https:\/\/shop.elia-gr.ro\/index.php\/product\/gem-de-fructe-de-padure-100\/#primaryimage"},"thumbnailUrl":"https:\/\/shop.elia-gr.ro\/wp-content\/uploads\/2025\/02\/100-forest-fruits.webp","datePublished":"2025-02-03T21:31:51+00:00","dateModified":"2025-05-22T16:12:12+00:00","description":"Gem de fructe de p\u0103dure 100% fruct, f\u0103r\u0103 zah\u0103r adaugat","breadcrumb":{"@id":"https:\/\/shop.elia-gr.ro\/index.php\/product\/gem-de-fructe-de-padure-100\/#breadcrumb"},"inLanguage":"ro-RO","potentialAction":[{"@type":"ReadAction","target":["https:\/\/shop.elia-gr.ro\/index.php\/product\/gem-de-fructe-de-padure-100\/"]}]},{"@type":"ImageObject","inLanguage":"ro-RO","@id":"https:\/\/shop.elia-gr.ro\/index.php\/product\/gem-de-fructe-de-padure-100\/#primaryimage","url":"https:\/\/shop.elia-gr.ro\/wp-content\/uploads\/2025\/02\/100-forest-fruits.webp","contentUrl":"https:\/\/shop.elia-gr.ro\/wp-content\/uploads\/2025\/02\/100-forest-fruits.webp","width":800,"height":960},{"@type":"BreadcrumbList","@id":"https:\/\/shop.elia-gr.ro\/index.php\/product\/gem-de-fructe-de-padure-100\/#breadcrumb","itemListElement":[{"@type":"ListItem","position":1,"name":"Home","item":"https:\/\/shop.elia-gr.ro\/"},{"@type":"ListItem","position":2,"name":"Shop","item":"https:\/\/shop.elia-gr.ro\/index.php\/shop\/"},{"@type":"ListItem","position":3,"name":"Gem de fructe de p\u0103dure 100% fruct, f\u0103r\u0103 zah\u0103r adaugat"}]},{"@type":"WebSite","@id":"https:\/\/shop.elia-gr.ro\/#website","url":"https:\/\/shop.elia-gr.ro\/","name":"Elia Grecia","description":"Cele mai bune produse grece\u0219ti pentru tine!","publisher":{"@id":"https:\/\/shop.elia-gr.ro\/#organization"},"potentialAction":[{"@type":"SearchAction","target":{"@type":"EntryPoint","urlTemplate":"https:\/\/shop.elia-gr.ro\/?s={search_term_string}"},"query-input":{"@type":"PropertyValueSpecification","valueRequired":true,"valueName":"search_term_string"}}],"inLanguage":"ro-RO"},{"@type":"Organization","@id":"https:\/\/shop.elia-gr.ro\/#organization","name":"Elia Grecia","url":"https:\/\/shop.elia-gr.ro\/","logo":{"@type":"ImageObject","inLanguage":"ro-RO","@id":"https:\/\/shop.elia-gr.ro\/#\/schema\/logo\/image\/","url":"https:\/\/shop.elia-gr.ro\/wp-content\/uploads\/2024\/09\/new_logo_elia_shop-1.webp","contentUrl":"https:\/\/shop.elia-gr.ro\/wp-content\/uploads\/2024\/09\/new_logo_elia_shop-1.webp","width":141,"height":50,"caption":"Elia Grecia"},"image":{"@id":"https:\/\/shop.elia-gr.ro\/#\/schema\/logo\/image\/"},"sameAs":["https:\/\/www.facebook.com\/profile.php?id=100063888292671"]}]}},"jetpack_sharing_enabled":true,"_links":{"self":[{"href":"https:\/\/shop.elia-gr.ro\/index.php\/wp-json\/wp\/v2\/product\/17935","targetHints":{"allow":["GET"]}}],"collection":[{"href":"https:\/\/shop.elia-gr.ro\/index.php\/wp-json\/wp\/v2\/product"}],"about":[{"href":"https:\/\/shop.elia-gr.ro\/index.php\/wp-json\/wp\/v2\/types\/product"}],"replies":[{"embeddable":true,"href":"https:\/\/shop.elia-gr.ro\/index.php\/wp-json\/wp\/v2\/comments?post=17935"}],"version-history":[{"count":2,"href":"https:\/\/shop.elia-gr.ro\/index.php\/wp-json\/wp\/v2\/product\/17935\/revisions"}],"predecessor-version":[{"id":20770,"href":"https:\/\/shop.elia-gr.ro\/index.php\/wp-json\/wp\/v2\/product\/17935\/revisions\/20770"}],"wp:featuredmedia":[{"embeddable":true,"href":"https:\/\/shop.elia-gr.ro\/index.php\/wp-json\/wp\/v2\/media\/17936"}],"wp:attachment":[{"href":"https:\/\/shop.elia-gr.ro\/index.php\/wp-json\/wp\/v2\/media?parent=17935"}],"wp:term":[{"taxonomy":"product_cat","embeddable":true,"href":"https:\/\/shop.elia-gr.ro\/index.php\/wp-json\/wp\/v2\/product_cat?post=17935"},{"taxonomy":"product_tag","embeddable":true,"href":"https:\/\/shop.elia-gr.ro\/index.php\/wp-json\/wp\/v2\/product_tag?post=17935"}],"curies":[{"name":"wp","href":"https:\/\/api.w.org\/{rel}","templated":true}]}}