{"id":17950,"date":"2025-02-03T23:54:41","date_gmt":"2025-02-03T21:54:41","guid":{"rendered":"https:\/\/shop.elia-gr.ro\/?post_type=product&#038;p=17950"},"modified":"2025-03-06T20:29:25","modified_gmt":"2025-03-06T18:29:25","slug":"sos-de-rosii-picant","status":"publish","type":"product","link":"https:\/\/shop.elia-gr.ro\/index.php\/product\/sos-de-rosii-picant\/","title":{"rendered":"Sos de ro\u0219ii picant"},"content":{"rendered":"<p>Preparat din ro\u0219ii atent selec\u021bionate, coapte sub soarele Mediteranei, <strong>sosul de ro\u0219ii Ophellia<\/strong> surprinde esen\u021ba autentic\u0103 a buc\u0103t\u0103riei mediteraneene. Fiecare borcan con\u021bine un amestec de ro\u0219ii premium, g\u0103tite lent \u00eempreun\u0103 cu ierburi aromatice \u0219i condimente, dup\u0103 o re\u021bet\u0103 tradi\u021bional\u0103, pentru a ob\u021bine un gust profund, dulce-acri\u0219or, care \u00eembog\u0103\u021be\u0219te orice preparat.<\/p>\n<p><strong>Sosul de ro\u0219ii Ophellia cu cimbru<\/strong> este realizat f\u0103r\u0103 conservan\u021bi artificiali, f\u0103r\u0103 zaharuri ad\u0103ugate \u0219i f\u0103r\u0103 organisme modificate genetic (GMO), oferind o experien\u021b\u0103 autentic\u0103 \u0219i s\u0103n\u0103toas\u0103 \u00een fiecare lingur\u0103. Are o textur\u0103 dens\u0103 \u0219i catifelat\u0103, care ader\u0103 perfect la paste, iar aroma sa echilibrat\u0103 \u00eel face potrivit pentru mult mai multe preparate dec\u00e2t cele din buc\u0103t\u0103ria italian\u0103. De la sosuri clasice marinara \u0219i baze pentru pizza, p\u00e2n\u0103 la supe consistente \u0219i toc\u0103ni\u021be savuroase, <strong>Ophellia<\/strong> este un sos versatil care \u00eembog\u0103\u021be\u0219te orice fel de m\u00e2ncare.<\/p>\n<p>Sosul <strong>Ophellia cu cimbru<\/strong> se remarc\u0103 prin simplitatea sa: folosim doar cele mai fine ingrediente \u2013 ro\u0219ii bine coapte pe vi\u021b\u0103, ulei de m\u0103sline extravirgin, usturoi, cimbru proasp\u0103t \u0219i un strop de sare de mare. Rezultatul este un gust reconfortant \u0219i rafinat.<\/p>\n<p>Indiferent dac\u0103 e\u0219ti un buc\u0103tar experimentat sau g\u0103te\u0219ti pentru familie, acest sos transform\u0103 mesele obi\u0219nuite \u00een experien\u021be culinare deosebite. Ambalat \u00eentr-un borcan de sticl\u0103 resigilabil, <strong>sosul de ro\u0219ii Ophellia<\/strong> \u00ee\u0219i p\u0103streaz\u0103 prospe\u021bimea, fiind u\u0219or de depozitat \u0219i folosit oric\u00e2nd ai nevoie. Perfect pentru cine rapide \u00een timpul s\u0103pt\u0103m\u00e2nii sau pentru ocazii speciale, este baza ideal\u0103 pentru orice re\u021bet\u0103 de cas\u0103.<\/p>\n<p><strong>Adu savoarea autentic\u0103 a Mediteranei \u00een buc\u0103t\u0103ria ta cu sosul de ro\u0219ii Ophellia \u2013 unde calitatea \u0219i gustul sunt \u00eentotdeauna prioritare.<\/strong><\/p>\n","protected":false},"excerpt":{"rendered":"<p>Preparat din ro\u0219ii atent selec\u021bionate, coapte sub soarele Mediteranei, sosul de ro\u0219ii Ophellia surprinde esen\u021ba autentic\u0103 a buc\u0103t\u0103riei mediteraneene. Fiecare borcan con\u021bine un amestec de ro\u0219ii premium, g\u0103tite lent \u00eempreun\u0103 cu ierburi aromatice \u0219i condimente, dup\u0103 o re\u021bet\u0103 tradi\u021bional\u0103, pentru &hellip; <a href=\"https:\/\/shop.elia-gr.ro\/index.php\/product\/sos-de-rosii-picant\/\">Readmore<\/a><\/p>\n","protected":false},"featured_media":17951,"comment_status":"open","ping_status":"closed","template":"","meta":[],"product_cat":[230],"product_tag":[],"class_list":{"0":"post-17950","1":"product","2":"type-product","3":"status-publish","4":"has-post-thumbnail","6":"product_brand-ophellia","7":"product_cat-sos-de-tomate","9":"first","10":"outofstock","11":"featured","12":"shipping-taxable","13":"purchasable","14":"product-type-simple"},"yoast_head":"<!-- This site is optimized with the Yoast SEO plugin v27.5 - https:\/\/yoast.com\/product\/yoast-seo-wordpress\/ -->\n<title>Sos de ro\u0219ii picant - Elia Grecia<\/title>\n<meta name=\"robots\" content=\"index, follow, max-snippet:-1, max-image-preview:large, max-video-preview:-1\" \/>\n<meta property=\"og:locale\" content=\"ro_RO\" \/>\n<meta property=\"og:type\" content=\"article\" \/>\n<meta property=\"og:title\" content=\"Sos de ro\u0219ii picant - Elia Grecia\" \/>\n<meta property=\"og:description\" content=\"Preparat din ro\u0219ii atent selec\u021bionate, coapte sub soarele Mediteranei, sosul de ro\u0219ii Ophellia surprinde esen\u021ba autentic\u0103 a buc\u0103t\u0103riei mediteraneene. Fiecare borcan con\u021bine un amestec de ro\u0219ii premium, g\u0103tite lent \u00eempreun\u0103 cu ierburi aromatice \u0219i condimente, dup\u0103 o re\u021bet\u0103 tradi\u021bional\u0103, pentru &hellip; Readmore\" \/>\n<meta property=\"og:url\" content=\"https:\/\/shop.elia-gr.ro\/index.php\/product\/sos-de-rosii-picant\/\" \/>\n<meta property=\"og:site_name\" content=\"Elia Grecia\" \/>\n<meta property=\"article:publisher\" content=\"https:\/\/www.facebook.com\/profile.php?id=100063888292671\" \/>\n<meta property=\"article:modified_time\" content=\"2025-03-06T18:29:25+00:00\" \/>\n<meta property=\"og:image\" content=\"https:\/\/shop.elia-gr.ro\/wp-content\/uploads\/2025\/02\/sos-de-rosii-picant.webp\" \/>\n\t<meta property=\"og:image:width\" content=\"800\" \/>\n\t<meta property=\"og:image:height\" content=\"960\" \/>\n\t<meta property=\"og:image:type\" content=\"image\/webp\" \/>\n<meta name=\"twitter:card\" content=\"summary_large_image\" \/>\n<meta name=\"twitter:label1\" content=\"Timp estimat pentru citire\" \/>\n\t<meta name=\"twitter:data1\" content=\"2 minute\" \/>\n<!-- \/ Yoast SEO plugin. -->","yoast_head_json":{"title":"Sos de ro\u0219ii picant - Elia Grecia","robots":{"index":"index","follow":"follow","max-snippet":"max-snippet:-1","max-image-preview":"max-image-preview:large","max-video-preview":"max-video-preview:-1"},"og_locale":"ro_RO","og_type":"article","og_title":"Sos de ro\u0219ii picant - Elia Grecia","og_description":"Preparat din ro\u0219ii atent selec\u021bionate, coapte sub soarele Mediteranei, sosul de ro\u0219ii Ophellia surprinde esen\u021ba autentic\u0103 a buc\u0103t\u0103riei mediteraneene. Fiecare borcan con\u021bine un amestec de ro\u0219ii premium, g\u0103tite lent \u00eempreun\u0103 cu ierburi aromatice \u0219i condimente, dup\u0103 o re\u021bet\u0103 tradi\u021bional\u0103, pentru &hellip; Readmore","og_url":"https:\/\/shop.elia-gr.ro\/index.php\/product\/sos-de-rosii-picant\/","og_site_name":"Elia Grecia","article_publisher":"https:\/\/www.facebook.com\/profile.php?id=100063888292671","article_modified_time":"2025-03-06T18:29:25+00:00","og_image":[{"width":800,"height":960,"url":"https:\/\/shop.elia-gr.ro\/wp-content\/uploads\/2025\/02\/sos-de-rosii-picant.webp","type":"image\/webp"}],"twitter_card":"summary_large_image","twitter_misc":{"Timp estimat pentru citire":"2 minute"},"schema":{"@context":"https:\/\/schema.org","@graph":[{"@type":"WebPage","@id":"https:\/\/shop.elia-gr.ro\/index.php\/product\/sos-de-rosii-picant\/","url":"https:\/\/shop.elia-gr.ro\/index.php\/product\/sos-de-rosii-picant\/","name":"Sos de ro\u0219ii picant - Elia Grecia","isPartOf":{"@id":"https:\/\/shop.elia-gr.ro\/#website"},"primaryImageOfPage":{"@id":"https:\/\/shop.elia-gr.ro\/index.php\/product\/sos-de-rosii-picant\/#primaryimage"},"image":{"@id":"https:\/\/shop.elia-gr.ro\/index.php\/product\/sos-de-rosii-picant\/#primaryimage"},"thumbnailUrl":"https:\/\/shop.elia-gr.ro\/wp-content\/uploads\/2025\/02\/sos-de-rosii-picant.webp","datePublished":"2025-02-03T21:54:41+00:00","dateModified":"2025-03-06T18:29:25+00:00","breadcrumb":{"@id":"https:\/\/shop.elia-gr.ro\/index.php\/product\/sos-de-rosii-picant\/#breadcrumb"},"inLanguage":"ro-RO","potentialAction":[{"@type":"ReadAction","target":["https:\/\/shop.elia-gr.ro\/index.php\/product\/sos-de-rosii-picant\/"]}]},{"@type":"ImageObject","inLanguage":"ro-RO","@id":"https:\/\/shop.elia-gr.ro\/index.php\/product\/sos-de-rosii-picant\/#primaryimage","url":"https:\/\/shop.elia-gr.ro\/wp-content\/uploads\/2025\/02\/sos-de-rosii-picant.webp","contentUrl":"https:\/\/shop.elia-gr.ro\/wp-content\/uploads\/2025\/02\/sos-de-rosii-picant.webp","width":800,"height":960},{"@type":"BreadcrumbList","@id":"https:\/\/shop.elia-gr.ro\/index.php\/product\/sos-de-rosii-picant\/#breadcrumb","itemListElement":[{"@type":"ListItem","position":1,"name":"Home","item":"https:\/\/shop.elia-gr.ro\/"},{"@type":"ListItem","position":2,"name":"Shop","item":"https:\/\/shop.elia-gr.ro\/index.php\/shop\/"},{"@type":"ListItem","position":3,"name":"Sos de ro\u0219ii picant"}]},{"@type":"WebSite","@id":"https:\/\/shop.elia-gr.ro\/#website","url":"https:\/\/shop.elia-gr.ro\/","name":"Elia Grecia","description":"Cele mai bune produse grece\u0219ti pentru tine!","publisher":{"@id":"https:\/\/shop.elia-gr.ro\/#organization"},"potentialAction":[{"@type":"SearchAction","target":{"@type":"EntryPoint","urlTemplate":"https:\/\/shop.elia-gr.ro\/?s={search_term_string}"},"query-input":{"@type":"PropertyValueSpecification","valueRequired":true,"valueName":"search_term_string"}}],"inLanguage":"ro-RO"},{"@type":"Organization","@id":"https:\/\/shop.elia-gr.ro\/#organization","name":"Elia Grecia","url":"https:\/\/shop.elia-gr.ro\/","logo":{"@type":"ImageObject","inLanguage":"ro-RO","@id":"https:\/\/shop.elia-gr.ro\/#\/schema\/logo\/image\/","url":"https:\/\/shop.elia-gr.ro\/wp-content\/uploads\/2024\/09\/new_logo_elia_shop-1.webp","contentUrl":"https:\/\/shop.elia-gr.ro\/wp-content\/uploads\/2024\/09\/new_logo_elia_shop-1.webp","width":141,"height":50,"caption":"Elia Grecia"},"image":{"@id":"https:\/\/shop.elia-gr.ro\/#\/schema\/logo\/image\/"},"sameAs":["https:\/\/www.facebook.com\/profile.php?id=100063888292671"]}]}},"jetpack_sharing_enabled":true,"_links":{"self":[{"href":"https:\/\/shop.elia-gr.ro\/index.php\/wp-json\/wp\/v2\/product\/17950","targetHints":{"allow":["GET"]}}],"collection":[{"href":"https:\/\/shop.elia-gr.ro\/index.php\/wp-json\/wp\/v2\/product"}],"about":[{"href":"https:\/\/shop.elia-gr.ro\/index.php\/wp-json\/wp\/v2\/types\/product"}],"replies":[{"embeddable":true,"href":"https:\/\/shop.elia-gr.ro\/index.php\/wp-json\/wp\/v2\/comments?post=17950"}],"version-history":[{"count":1,"href":"https:\/\/shop.elia-gr.ro\/index.php\/wp-json\/wp\/v2\/product\/17950\/revisions"}],"predecessor-version":[{"id":17952,"href":"https:\/\/shop.elia-gr.ro\/index.php\/wp-json\/wp\/v2\/product\/17950\/revisions\/17952"}],"wp:featuredmedia":[{"embeddable":true,"href":"https:\/\/shop.elia-gr.ro\/index.php\/wp-json\/wp\/v2\/media\/17951"}],"wp:attachment":[{"href":"https:\/\/shop.elia-gr.ro\/index.php\/wp-json\/wp\/v2\/media?parent=17950"}],"wp:term":[{"taxonomy":"product_cat","embeddable":true,"href":"https:\/\/shop.elia-gr.ro\/index.php\/wp-json\/wp\/v2\/product_cat?post=17950"},{"taxonomy":"product_tag","embeddable":true,"href":"https:\/\/shop.elia-gr.ro\/index.php\/wp-json\/wp\/v2\/product_tag?post=17950"}],"curies":[{"name":"wp","href":"https:\/\/api.w.org\/{rel}","templated":true}]}}