{"id":17995,"date":"2025-02-10T20:18:50","date_gmt":"2025-02-10T18:18:50","guid":{"rendered":"https:\/\/shop.elia-gr.ro\/?post_type=product&#038;p=17995"},"modified":"2025-10-14T13:00:29","modified_gmt":"2025-10-14T11:00:29","slug":"masline-rostogolite-almades-200-gr","status":"publish","type":"product","link":"https:\/\/shop.elia-gr.ro\/index.php\/product\/masline-rostogolite-almades-200-gr\/","title":{"rendered":"M\u0103sline rostogolite (almades) 200 gr"},"content":{"rendered":"\t\t<div data-elementor-type=\"wp-post\" data-elementor-id=\"17995\" class=\"elementor elementor-17995\" data-elementor-post-type=\"product\">\n\t\t\t\t<div class=\"elementor-element elementor-element-5c387b e-flex e-con-boxed e-con e-parent\" data-id=\"5c387b\" data-element_type=\"container\" data-e-type=\"container\">\n\t\t\t\t\t<div class=\"e-con-inner\">\n\t\t\t\t\t<\/div>\n\t\t\t\t<\/div>\n\t\t\t\t<\/div>\n\t\t","protected":false},"excerpt":{"rendered":"<p>M\u0103sline recoltate \u00een luna octombrie, coapte corespunz\u0103tor, astfel \u00eenc\u00e2t s\u0103 le putem procesa \u00eentr-un mod inovator care le asigur\u0103 dimensiunea mare, aroma dulce \u0219i textura crocant\u0103.<\/p>\n<p>Numele m\u0103slinelor provine din metoda lor de procesare. Mai exact, acestea sunt plasate \u00eentr-un butoi cu o cantitate adecvat\u0103 de sare, iar butoiul este rostogolit frecvent pentru ca m\u0103slinele s\u0103 fie acoperite cu propriile sucuri.<\/p>\n<p>\u0218tiai c\u0103 m\u0103slinele regleaz\u0103 nivelul ridicat al colesterolului \u0219i reduc tensiunea arterial\u0103 mare?<\/p>\n","protected":false},"featured_media":17996,"comment_status":"open","ping_status":"closed","template":"","meta":[],"product_cat":[143],"product_tag":[206,151],"class_list":{"0":"post-17995","1":"product","2":"type-product","3":"status-publish","4":"has-post-thumbnail","6":"product_brand-periapton","7":"product_cat-masline-grecia","8":"product_tag-masline","9":"product_tag-masline-kalamata","11":"first","12":"outofstock","13":"featured","14":"shipping-taxable","15":"purchasable","16":"product-type-simple"},"yoast_head":"<!-- This site is optimized with the Yoast SEO plugin v27.5 - https:\/\/yoast.com\/product\/yoast-seo-wordpress\/ -->\n<title>M\u0103sline rostogolite (almades) 200 gr - Elia Grecia<\/title>\n<meta name=\"description\" content=\"Masline rostogolite almades | Masline Grecia | Ulei de masline Grecia | Branza feta Grecia | Produse grecesti de calitate | Masline almades\" \/>\n<meta name=\"robots\" content=\"index, follow, max-snippet:-1, max-image-preview:large, max-video-preview:-1\" \/>\n<meta property=\"og:locale\" content=\"ro_RO\" \/>\n<meta property=\"og:type\" content=\"article\" \/>\n<meta property=\"og:title\" content=\"M\u0103sline rostogolite (almades) 200 gr - Elia Grecia\" \/>\n<meta property=\"og:description\" content=\"Masline rostogolite almades | Masline Grecia | Ulei de masline Grecia | Branza feta Grecia | Produse grecesti de calitate | Masline almades\" \/>\n<meta property=\"og:url\" content=\"https:\/\/shop.elia-gr.ro\/index.php\/product\/masline-rostogolite-almades-200-gr\/\" \/>\n<meta property=\"og:site_name\" content=\"Elia Grecia\" \/>\n<meta property=\"article:publisher\" content=\"https:\/\/www.facebook.com\/profile.php?id=100063888292671\" \/>\n<meta property=\"article:modified_time\" content=\"2025-10-14T11:00:29+00:00\" \/>\n<meta property=\"og:image\" content=\"https:\/\/shop.elia-gr.ro\/wp-content\/uploads\/2025\/02\/rostogolite-200.webp\" \/>\n\t<meta property=\"og:image:width\" content=\"800\" \/>\n\t<meta property=\"og:image:height\" content=\"960\" \/>\n\t<meta property=\"og:image:type\" content=\"image\/webp\" \/>\n<meta name=\"twitter:card\" content=\"summary_large_image\" \/>\n<meta name=\"twitter:label1\" content=\"Timp estimat pentru citire\" \/>\n\t<meta name=\"twitter:data1\" content=\"1 minut\" \/>\n<!-- \/ Yoast SEO plugin. -->","yoast_head_json":{"title":"M\u0103sline rostogolite (almades) 200 gr - Elia Grecia","description":"Masline rostogolite almades | Masline Grecia | Ulei de masline Grecia | Branza feta Grecia | Produse grecesti de calitate | Masline almades","robots":{"index":"index","follow":"follow","max-snippet":"max-snippet:-1","max-image-preview":"max-image-preview:large","max-video-preview":"max-video-preview:-1"},"og_locale":"ro_RO","og_type":"article","og_title":"M\u0103sline rostogolite (almades) 200 gr - Elia Grecia","og_description":"Masline rostogolite almades | Masline Grecia | Ulei de masline Grecia | Branza feta Grecia | Produse grecesti de calitate | Masline almades","og_url":"https:\/\/shop.elia-gr.ro\/index.php\/product\/masline-rostogolite-almades-200-gr\/","og_site_name":"Elia Grecia","article_publisher":"https:\/\/www.facebook.com\/profile.php?id=100063888292671","article_modified_time":"2025-10-14T11:00:29+00:00","og_image":[{"width":800,"height":960,"url":"https:\/\/shop.elia-gr.ro\/wp-content\/uploads\/2025\/02\/rostogolite-200.webp","type":"image\/webp"}],"twitter_card":"summary_large_image","twitter_misc":{"Timp estimat pentru citire":"1 minut"},"schema":{"@context":"https:\/\/schema.org","@graph":[{"@type":"WebPage","@id":"https:\/\/shop.elia-gr.ro\/index.php\/product\/masline-rostogolite-almades-200-gr\/","url":"https:\/\/shop.elia-gr.ro\/index.php\/product\/masline-rostogolite-almades-200-gr\/","name":"M\u0103sline rostogolite (almades) 200 gr - Elia Grecia","isPartOf":{"@id":"https:\/\/shop.elia-gr.ro\/#website"},"primaryImageOfPage":{"@id":"https:\/\/shop.elia-gr.ro\/index.php\/product\/masline-rostogolite-almades-200-gr\/#primaryimage"},"image":{"@id":"https:\/\/shop.elia-gr.ro\/index.php\/product\/masline-rostogolite-almades-200-gr\/#primaryimage"},"thumbnailUrl":"https:\/\/shop.elia-gr.ro\/wp-content\/uploads\/2025\/02\/rostogolite-200.webp","datePublished":"2025-02-10T18:18:50+00:00","dateModified":"2025-10-14T11:00:29+00:00","description":"Masline rostogolite almades | Masline Grecia | Ulei de masline Grecia | Branza feta Grecia | Produse grecesti de calitate | Masline almades","breadcrumb":{"@id":"https:\/\/shop.elia-gr.ro\/index.php\/product\/masline-rostogolite-almades-200-gr\/#breadcrumb"},"inLanguage":"ro-RO","potentialAction":[{"@type":"ReadAction","target":["https:\/\/shop.elia-gr.ro\/index.php\/product\/masline-rostogolite-almades-200-gr\/"]}]},{"@type":"ImageObject","inLanguage":"ro-RO","@id":"https:\/\/shop.elia-gr.ro\/index.php\/product\/masline-rostogolite-almades-200-gr\/#primaryimage","url":"https:\/\/shop.elia-gr.ro\/wp-content\/uploads\/2025\/02\/rostogolite-200.webp","contentUrl":"https:\/\/shop.elia-gr.ro\/wp-content\/uploads\/2025\/02\/rostogolite-200.webp","width":800,"height":960},{"@type":"BreadcrumbList","@id":"https:\/\/shop.elia-gr.ro\/index.php\/product\/masline-rostogolite-almades-200-gr\/#breadcrumb","itemListElement":[{"@type":"ListItem","position":1,"name":"Home","item":"https:\/\/shop.elia-gr.ro\/"},{"@type":"ListItem","position":2,"name":"Shop","item":"https:\/\/shop.elia-gr.ro\/index.php\/shop\/"},{"@type":"ListItem","position":3,"name":"M\u0103sline rostogolite (almades) 200 gr"}]},{"@type":"WebSite","@id":"https:\/\/shop.elia-gr.ro\/#website","url":"https:\/\/shop.elia-gr.ro\/","name":"Elia Grecia","description":"Cele mai bune produse grece\u0219ti pentru tine!","publisher":{"@id":"https:\/\/shop.elia-gr.ro\/#organization"},"potentialAction":[{"@type":"SearchAction","target":{"@type":"EntryPoint","urlTemplate":"https:\/\/shop.elia-gr.ro\/?s={search_term_string}"},"query-input":{"@type":"PropertyValueSpecification","valueRequired":true,"valueName":"search_term_string"}}],"inLanguage":"ro-RO"},{"@type":"Organization","@id":"https:\/\/shop.elia-gr.ro\/#organization","name":"Elia Grecia","url":"https:\/\/shop.elia-gr.ro\/","logo":{"@type":"ImageObject","inLanguage":"ro-RO","@id":"https:\/\/shop.elia-gr.ro\/#\/schema\/logo\/image\/","url":"https:\/\/shop.elia-gr.ro\/wp-content\/uploads\/2024\/09\/new_logo_elia_shop-1.webp","contentUrl":"https:\/\/shop.elia-gr.ro\/wp-content\/uploads\/2024\/09\/new_logo_elia_shop-1.webp","width":141,"height":50,"caption":"Elia Grecia"},"image":{"@id":"https:\/\/shop.elia-gr.ro\/#\/schema\/logo\/image\/"},"sameAs":["https:\/\/www.facebook.com\/profile.php?id=100063888292671"]}]}},"jetpack_sharing_enabled":true,"_links":{"self":[{"href":"https:\/\/shop.elia-gr.ro\/index.php\/wp-json\/wp\/v2\/product\/17995","targetHints":{"allow":["GET"]}}],"collection":[{"href":"https:\/\/shop.elia-gr.ro\/index.php\/wp-json\/wp\/v2\/product"}],"about":[{"href":"https:\/\/shop.elia-gr.ro\/index.php\/wp-json\/wp\/v2\/types\/product"}],"replies":[{"embeddable":true,"href":"https:\/\/shop.elia-gr.ro\/index.php\/wp-json\/wp\/v2\/comments?post=17995"}],"version-history":[{"count":1,"href":"https:\/\/shop.elia-gr.ro\/index.php\/wp-json\/wp\/v2\/product\/17995\/revisions"}],"predecessor-version":[{"id":17997,"href":"https:\/\/shop.elia-gr.ro\/index.php\/wp-json\/wp\/v2\/product\/17995\/revisions\/17997"}],"wp:featuredmedia":[{"embeddable":true,"href":"https:\/\/shop.elia-gr.ro\/index.php\/wp-json\/wp\/v2\/media\/17996"}],"wp:attachment":[{"href":"https:\/\/shop.elia-gr.ro\/index.php\/wp-json\/wp\/v2\/media?parent=17995"}],"wp:term":[{"taxonomy":"product_cat","embeddable":true,"href":"https:\/\/shop.elia-gr.ro\/index.php\/wp-json\/wp\/v2\/product_cat?post=17995"},{"taxonomy":"product_tag","embeddable":true,"href":"https:\/\/shop.elia-gr.ro\/index.php\/wp-json\/wp\/v2\/product_tag?post=17995"}],"curies":[{"name":"wp","href":"https:\/\/api.w.org\/{rel}","templated":true}]}}