{"id":18004,"date":"2025-02-10T21:14:11","date_gmt":"2025-02-10T19:14:11","guid":{"rendered":"https:\/\/shop.elia-gr.ro\/?post_type=product&#038;p=18004"},"modified":"2025-02-10T21:18:02","modified_gmt":"2025-02-10T19:18:02","slug":"masline-kalamata-deshidrate-200-gr","status":"publish","type":"product","link":"https:\/\/shop.elia-gr.ro\/index.php\/product\/masline-kalamata-deshidrate-200-gr\/","title":{"rendered":"M\u0103sline kalamata deshidrate 200 gr"},"content":{"rendered":"\t\t<div data-elementor-type=\"wp-post\" data-elementor-id=\"18004\" class=\"elementor elementor-18004\" data-elementor-post-type=\"product\">\n\t\t\t\t<div class=\"elementor-element elementor-element-5c387b e-flex e-con-boxed e-con e-parent\" data-id=\"5c387b\" data-element_type=\"container\" data-e-type=\"container\">\n\t\t\t\t\t<div class=\"e-con-inner\">\n\t\t\t\t\t<\/div>\n\t\t\t\t<\/div>\n\t\t\t\t<\/div>\n\t\t","protected":false},"excerpt":{"rendered":"<p>M\u0103sline din soiul Kalamata, cultivate \u0219i produse \u0219i \u00een Halkidiki. Sunt procesate \u0219i ambalate de noi, p\u0103str\u00e2nd to\u021bi nutrien\u021bii \u0219i beneficiile produsului, deoarece sunt prelucrate natural, f\u0103r\u0103 aditivi chimici. Inova\u021bia noastr\u0103 const\u0103 \u00een metoda de procesare, care rezult\u0103 \u00eentr-un produs superior ca gust, arom\u0103, culoare \u0219i cu o textur\u0103 catifelat\u0103.<\/p>\n","protected":false},"featured_media":18005,"comment_status":"open","ping_status":"closed","template":"","meta":[],"product_cat":[143,203],"product_tag":[206],"class_list":{"0":"post-18004","1":"product","2":"type-product","3":"status-publish","4":"has-post-thumbnail","6":"product_brand-periapton","7":"product_cat-masline-grecia","8":"product_cat-masline-kalamata","9":"product_tag-masline","11":"first","12":"instock","13":"featured","14":"shipping-taxable","15":"purchasable","16":"product-type-simple"},"yoast_head":"<!-- This site is optimized with the Yoast SEO plugin v27.5 - https:\/\/yoast.com\/product\/yoast-seo-wordpress\/ -->\n<title>M\u0103sline kalamata deshidrate 200 gr - Elia Grecia<\/title>\n<meta name=\"robots\" content=\"index, follow, max-snippet:-1, max-image-preview:large, max-video-preview:-1\" \/>\n<meta property=\"og:locale\" content=\"ro_RO\" \/>\n<meta property=\"og:type\" content=\"article\" \/>\n<meta property=\"og:title\" content=\"M\u0103sline kalamata deshidrate 200 gr - Elia Grecia\" \/>\n<meta property=\"og:description\" content=\"M\u0103sline din soiul Kalamata, cultivate \u0219i produse \u0219i \u00een Halkidiki. Sunt procesate \u0219i ambalate de noi, p\u0103str\u00e2nd to\u021bi nutrien\u021bii \u0219i beneficiile produsului, deoarece sunt prelucrate natural, f\u0103r\u0103 aditivi chimici. Inova\u021bia noastr\u0103 const\u0103 \u00een metoda de procesare, care rezult\u0103 \u00eentr-un produs superior ca gust, arom\u0103, culoare \u0219i cu o textur\u0103 catifelat\u0103.\" \/>\n<meta property=\"og:url\" content=\"https:\/\/shop.elia-gr.ro\/index.php\/product\/masline-kalamata-deshidrate-200-gr\/\" \/>\n<meta property=\"og:site_name\" content=\"Elia Grecia\" \/>\n<meta property=\"article:publisher\" content=\"https:\/\/www.facebook.com\/profile.php?id=100063888292671\" \/>\n<meta property=\"article:modified_time\" content=\"2025-02-10T19:18:02+00:00\" \/>\n<meta property=\"og:image\" content=\"https:\/\/shop.elia-gr.ro\/wp-content\/uploads\/2025\/02\/negre-stafidite-200.webp\" \/>\n\t<meta property=\"og:image:width\" content=\"800\" \/>\n\t<meta property=\"og:image:height\" content=\"960\" \/>\n\t<meta property=\"og:image:type\" content=\"image\/webp\" \/>\n<meta name=\"twitter:card\" content=\"summary_large_image\" \/>\n<!-- \/ Yoast SEO plugin. -->","yoast_head_json":{"title":"M\u0103sline kalamata deshidrate 200 gr - Elia Grecia","robots":{"index":"index","follow":"follow","max-snippet":"max-snippet:-1","max-image-preview":"max-image-preview:large","max-video-preview":"max-video-preview:-1"},"og_locale":"ro_RO","og_type":"article","og_title":"M\u0103sline kalamata deshidrate 200 gr - Elia Grecia","og_description":"M\u0103sline din soiul Kalamata, cultivate \u0219i produse \u0219i \u00een Halkidiki. Sunt procesate \u0219i ambalate de noi, p\u0103str\u00e2nd to\u021bi nutrien\u021bii \u0219i beneficiile produsului, deoarece sunt prelucrate natural, f\u0103r\u0103 aditivi chimici. Inova\u021bia noastr\u0103 const\u0103 \u00een metoda de procesare, care rezult\u0103 \u00eentr-un produs superior ca gust, arom\u0103, culoare \u0219i cu o textur\u0103 catifelat\u0103.","og_url":"https:\/\/shop.elia-gr.ro\/index.php\/product\/masline-kalamata-deshidrate-200-gr\/","og_site_name":"Elia Grecia","article_publisher":"https:\/\/www.facebook.com\/profile.php?id=100063888292671","article_modified_time":"2025-02-10T19:18:02+00:00","og_image":[{"width":800,"height":960,"url":"https:\/\/shop.elia-gr.ro\/wp-content\/uploads\/2025\/02\/negre-stafidite-200.webp","type":"image\/webp"}],"twitter_card":"summary_large_image","schema":{"@context":"https:\/\/schema.org","@graph":[{"@type":"WebPage","@id":"https:\/\/shop.elia-gr.ro\/index.php\/product\/masline-kalamata-deshidrate-200-gr\/","url":"https:\/\/shop.elia-gr.ro\/index.php\/product\/masline-kalamata-deshidrate-200-gr\/","name":"M\u0103sline kalamata deshidrate 200 gr - Elia Grecia","isPartOf":{"@id":"https:\/\/shop.elia-gr.ro\/#website"},"primaryImageOfPage":{"@id":"https:\/\/shop.elia-gr.ro\/index.php\/product\/masline-kalamata-deshidrate-200-gr\/#primaryimage"},"image":{"@id":"https:\/\/shop.elia-gr.ro\/index.php\/product\/masline-kalamata-deshidrate-200-gr\/#primaryimage"},"thumbnailUrl":"https:\/\/shop.elia-gr.ro\/wp-content\/uploads\/2025\/02\/negre-stafidite-200.webp","datePublished":"2025-02-10T19:14:11+00:00","dateModified":"2025-02-10T19:18:02+00:00","breadcrumb":{"@id":"https:\/\/shop.elia-gr.ro\/index.php\/product\/masline-kalamata-deshidrate-200-gr\/#breadcrumb"},"inLanguage":"ro-RO","potentialAction":[{"@type":"ReadAction","target":["https:\/\/shop.elia-gr.ro\/index.php\/product\/masline-kalamata-deshidrate-200-gr\/"]}]},{"@type":"ImageObject","inLanguage":"ro-RO","@id":"https:\/\/shop.elia-gr.ro\/index.php\/product\/masline-kalamata-deshidrate-200-gr\/#primaryimage","url":"https:\/\/shop.elia-gr.ro\/wp-content\/uploads\/2025\/02\/negre-stafidite-200.webp","contentUrl":"https:\/\/shop.elia-gr.ro\/wp-content\/uploads\/2025\/02\/negre-stafidite-200.webp","width":800,"height":960},{"@type":"BreadcrumbList","@id":"https:\/\/shop.elia-gr.ro\/index.php\/product\/masline-kalamata-deshidrate-200-gr\/#breadcrumb","itemListElement":[{"@type":"ListItem","position":1,"name":"Home","item":"https:\/\/shop.elia-gr.ro\/"},{"@type":"ListItem","position":2,"name":"Shop","item":"https:\/\/shop.elia-gr.ro\/index.php\/shop\/"},{"@type":"ListItem","position":3,"name":"M\u0103sline kalamata deshidrate 200 gr"}]},{"@type":"WebSite","@id":"https:\/\/shop.elia-gr.ro\/#website","url":"https:\/\/shop.elia-gr.ro\/","name":"Elia Grecia","description":"Cele mai bune produse grece\u0219ti pentru tine!","publisher":{"@id":"https:\/\/shop.elia-gr.ro\/#organization"},"potentialAction":[{"@type":"SearchAction","target":{"@type":"EntryPoint","urlTemplate":"https:\/\/shop.elia-gr.ro\/?s={search_term_string}"},"query-input":{"@type":"PropertyValueSpecification","valueRequired":true,"valueName":"search_term_string"}}],"inLanguage":"ro-RO"},{"@type":"Organization","@id":"https:\/\/shop.elia-gr.ro\/#organization","name":"Elia Grecia","url":"https:\/\/shop.elia-gr.ro\/","logo":{"@type":"ImageObject","inLanguage":"ro-RO","@id":"https:\/\/shop.elia-gr.ro\/#\/schema\/logo\/image\/","url":"https:\/\/shop.elia-gr.ro\/wp-content\/uploads\/2024\/09\/new_logo_elia_shop-1.webp","contentUrl":"https:\/\/shop.elia-gr.ro\/wp-content\/uploads\/2024\/09\/new_logo_elia_shop-1.webp","width":141,"height":50,"caption":"Elia Grecia"},"image":{"@id":"https:\/\/shop.elia-gr.ro\/#\/schema\/logo\/image\/"},"sameAs":["https:\/\/www.facebook.com\/profile.php?id=100063888292671"]}]}},"jetpack_sharing_enabled":true,"_links":{"self":[{"href":"https:\/\/shop.elia-gr.ro\/index.php\/wp-json\/wp\/v2\/product\/18004","targetHints":{"allow":["GET"]}}],"collection":[{"href":"https:\/\/shop.elia-gr.ro\/index.php\/wp-json\/wp\/v2\/product"}],"about":[{"href":"https:\/\/shop.elia-gr.ro\/index.php\/wp-json\/wp\/v2\/types\/product"}],"replies":[{"embeddable":true,"href":"https:\/\/shop.elia-gr.ro\/index.php\/wp-json\/wp\/v2\/comments?post=18004"}],"version-history":[{"count":1,"href":"https:\/\/shop.elia-gr.ro\/index.php\/wp-json\/wp\/v2\/product\/18004\/revisions"}],"predecessor-version":[{"id":18006,"href":"https:\/\/shop.elia-gr.ro\/index.php\/wp-json\/wp\/v2\/product\/18004\/revisions\/18006"}],"wp:featuredmedia":[{"embeddable":true,"href":"https:\/\/shop.elia-gr.ro\/index.php\/wp-json\/wp\/v2\/media\/18005"}],"wp:attachment":[{"href":"https:\/\/shop.elia-gr.ro\/index.php\/wp-json\/wp\/v2\/media?parent=18004"}],"wp:term":[{"taxonomy":"product_cat","embeddable":true,"href":"https:\/\/shop.elia-gr.ro\/index.php\/wp-json\/wp\/v2\/product_cat?post=18004"},{"taxonomy":"product_tag","embeddable":true,"href":"https:\/\/shop.elia-gr.ro\/index.php\/wp-json\/wp\/v2\/product_tag?post=18004"}],"curies":[{"name":"wp","href":"https:\/\/api.w.org\/{rel}","templated":true}]}}