{"id":18028,"date":"2025-02-10T21:46:41","date_gmt":"2025-02-10T19:46:41","guid":{"rendered":"https:\/\/shop.elia-gr.ro\/?post_type=product&#038;p=18028"},"modified":"2025-10-29T20:51:07","modified_gmt":"2025-10-29T18:51:07","slug":"branza-halloumi-intreg-alambra-1000-g","status":"publish","type":"product","link":"https:\/\/shop.elia-gr.ro\/index.php\/product\/branza-halloumi-intreg-alambra-1000-g\/","title":{"rendered":"Br\u00e2nz\u0103 halloumi \u00eentreg Alambra 1000 g"},"content":{"rendered":"\t\t<div data-elementor-type=\"wp-post\" data-elementor-id=\"18028\" class=\"elementor elementor-18028\" data-elementor-post-type=\"product\">\n\t\t\t\t<div class=\"elementor-element elementor-element-5c387b e-flex e-con-boxed e-con e-parent\" data-id=\"5c387b\" data-element_type=\"container\" data-e-type=\"container\">\n\t\t\t\t\t<div class=\"e-con-inner\">\n\t\t\t\t\t<\/div>\n\t\t\t\t<\/div>\n\t\t\t\t<\/div>\n\t\t","protected":false},"excerpt":{"rendered":"<p><strong>Pre\u021bul afi\u0219at este valabil pentru 1 kg. Un produs poate avea \u00eentre 800 g \u0219i 1000 g. Valoarea final\u0103 a produsului va fi comunicat\u0103 de comerciant dupa plasarea comenzii.<\/strong><\/p>\n<p>Br\u00e2nza Halloumi este br\u00e2nza tradi\u021bional\u0103 din Cipru, care este produs\u0103 pe insul\u0103 de secole. Este o br\u00e2nz\u0103 semitar\u0103, produs\u0103 dintr-un amestec de lapte de vac\u0103, oaie \u0219i capr\u0103. Apoi, se adaug\u0103 ment\u0103 uscat\u0103 \u0219i se p\u0103streaz\u0103 \u00een ap\u0103 s\u0103rat\u0103.<br \/>\nBr\u00e2nza Halloumi Cipriot\u0103 Original\u0103 a reu\u0219it s\u0103 se impun\u0103 cu succes pe pia\u021ba global\u0103 datorit\u0103 particularit\u0103\u021bii sale, fiind singura br\u00e2nz\u0103 din lume care nu se tope\u0219te atunci c\u00e2nd este g\u0103tit\u0103 \u0219i oferind infinite op\u021biuni gastronomice. Br\u00e2nza Halloumi poate fi la gr\u0103tar, pr\u0103jit\u0103, ras\u0103 pe paste, sau utilizat\u0103 ca ingredient principal \u00een salate \u0219i omlete, sau chiar savurat\u0103 proasp\u0103t\u0103, a\u0219a cum este.<\/p>\n<p>Indiferent de modul \u00een care alegi s\u0103 o folose\u0219ti, br\u00e2nza Halloumi \u00ee\u0219i va p\u0103stra \u00eentotdeauna forma \u0219i textura. Bucur\u0103-te de experien\u021b\u0103!!!<\/p>\n","protected":false},"featured_media":18029,"comment_status":"open","ping_status":"closed","template":"","meta":[],"product_cat":[142],"product_tag":[233],"class_list":{"0":"post-18028","1":"product","2":"type-product","3":"status-publish","4":"has-post-thumbnail","6":"product_brand-alambra","7":"product_cat-branzeturi","8":"product_tag-halloumi","10":"first","11":"instock","12":"featured","13":"shipping-taxable","14":"purchasable","15":"product-type-simple"},"yoast_head":"<!-- This site is optimized with the Yoast SEO plugin v27.5 - https:\/\/yoast.com\/product\/yoast-seo-wordpress\/ -->\n<title>Br\u00e2nz\u0103 halloumi \u00eentreg Alambra 1000 g - Elia Grecia<\/title>\n<meta name=\"description\" content=\"Br\u00e2nz\u0103 halloumi\" \/>\n<meta name=\"robots\" content=\"index, follow, max-snippet:-1, max-image-preview:large, max-video-preview:-1\" \/>\n<meta property=\"og:locale\" content=\"ro_RO\" \/>\n<meta property=\"og:type\" content=\"article\" \/>\n<meta property=\"og:title\" content=\"Br\u00e2nz\u0103 halloumi \u00eentreg Alambra 1000 g - Elia Grecia\" \/>\n<meta property=\"og:description\" content=\"Br\u00e2nz\u0103 halloumi\" \/>\n<meta property=\"og:url\" content=\"https:\/\/shop.elia-gr.ro\/index.php\/product\/branza-halloumi-intreg-alambra-1000-g\/\" \/>\n<meta property=\"og:site_name\" content=\"Elia Grecia\" \/>\n<meta property=\"article:publisher\" content=\"https:\/\/www.facebook.com\/profile.php?id=100063888292671\" \/>\n<meta property=\"article:modified_time\" content=\"2025-10-29T18:51:07+00:00\" \/>\n<meta property=\"og:image\" content=\"https:\/\/shop.elia-gr.ro\/wp-content\/uploads\/2025\/02\/halloumi-intreg.webp\" \/>\n\t<meta property=\"og:image:width\" content=\"800\" \/>\n\t<meta property=\"og:image:height\" content=\"960\" \/>\n\t<meta property=\"og:image:type\" content=\"image\/webp\" \/>\n<meta name=\"twitter:card\" content=\"summary_large_image\" \/>\n<meta name=\"twitter:label1\" content=\"Timp estimat pentru citire\" \/>\n\t<meta name=\"twitter:data1\" content=\"1 minut\" \/>\n<!-- \/ Yoast SEO plugin. -->","yoast_head_json":{"title":"Br\u00e2nz\u0103 halloumi \u00eentreg Alambra 1000 g - Elia Grecia","description":"Br\u00e2nz\u0103 halloumi","robots":{"index":"index","follow":"follow","max-snippet":"max-snippet:-1","max-image-preview":"max-image-preview:large","max-video-preview":"max-video-preview:-1"},"og_locale":"ro_RO","og_type":"article","og_title":"Br\u00e2nz\u0103 halloumi \u00eentreg Alambra 1000 g - Elia Grecia","og_description":"Br\u00e2nz\u0103 halloumi","og_url":"https:\/\/shop.elia-gr.ro\/index.php\/product\/branza-halloumi-intreg-alambra-1000-g\/","og_site_name":"Elia Grecia","article_publisher":"https:\/\/www.facebook.com\/profile.php?id=100063888292671","article_modified_time":"2025-10-29T18:51:07+00:00","og_image":[{"width":800,"height":960,"url":"https:\/\/shop.elia-gr.ro\/wp-content\/uploads\/2025\/02\/halloumi-intreg.webp","type":"image\/webp"}],"twitter_card":"summary_large_image","twitter_misc":{"Timp estimat pentru citire":"1 minut"},"schema":{"@context":"https:\/\/schema.org","@graph":[{"@type":"WebPage","@id":"https:\/\/shop.elia-gr.ro\/index.php\/product\/branza-halloumi-intreg-alambra-1000-g\/","url":"https:\/\/shop.elia-gr.ro\/index.php\/product\/branza-halloumi-intreg-alambra-1000-g\/","name":"Br\u00e2nz\u0103 halloumi \u00eentreg Alambra 1000 g - Elia Grecia","isPartOf":{"@id":"https:\/\/shop.elia-gr.ro\/#website"},"primaryImageOfPage":{"@id":"https:\/\/shop.elia-gr.ro\/index.php\/product\/branza-halloumi-intreg-alambra-1000-g\/#primaryimage"},"image":{"@id":"https:\/\/shop.elia-gr.ro\/index.php\/product\/branza-halloumi-intreg-alambra-1000-g\/#primaryimage"},"thumbnailUrl":"https:\/\/shop.elia-gr.ro\/wp-content\/uploads\/2025\/02\/halloumi-intreg.webp","datePublished":"2025-02-10T19:46:41+00:00","dateModified":"2025-10-29T18:51:07+00:00","description":"Br\u00e2nz\u0103 halloumi","breadcrumb":{"@id":"https:\/\/shop.elia-gr.ro\/index.php\/product\/branza-halloumi-intreg-alambra-1000-g\/#breadcrumb"},"inLanguage":"ro-RO","potentialAction":[{"@type":"ReadAction","target":["https:\/\/shop.elia-gr.ro\/index.php\/product\/branza-halloumi-intreg-alambra-1000-g\/"]}]},{"@type":"ImageObject","inLanguage":"ro-RO","@id":"https:\/\/shop.elia-gr.ro\/index.php\/product\/branza-halloumi-intreg-alambra-1000-g\/#primaryimage","url":"https:\/\/shop.elia-gr.ro\/wp-content\/uploads\/2025\/02\/halloumi-intreg.webp","contentUrl":"https:\/\/shop.elia-gr.ro\/wp-content\/uploads\/2025\/02\/halloumi-intreg.webp","width":800,"height":960},{"@type":"BreadcrumbList","@id":"https:\/\/shop.elia-gr.ro\/index.php\/product\/branza-halloumi-intreg-alambra-1000-g\/#breadcrumb","itemListElement":[{"@type":"ListItem","position":1,"name":"Home","item":"https:\/\/shop.elia-gr.ro\/"},{"@type":"ListItem","position":2,"name":"Shop","item":"https:\/\/shop.elia-gr.ro\/index.php\/shop\/"},{"@type":"ListItem","position":3,"name":"Br\u00e2nz\u0103 halloumi \u00eentreg Alambra 1000 g"}]},{"@type":"WebSite","@id":"https:\/\/shop.elia-gr.ro\/#website","url":"https:\/\/shop.elia-gr.ro\/","name":"Elia Grecia","description":"Cele mai bune produse grece\u0219ti pentru tine!","publisher":{"@id":"https:\/\/shop.elia-gr.ro\/#organization"},"potentialAction":[{"@type":"SearchAction","target":{"@type":"EntryPoint","urlTemplate":"https:\/\/shop.elia-gr.ro\/?s={search_term_string}"},"query-input":{"@type":"PropertyValueSpecification","valueRequired":true,"valueName":"search_term_string"}}],"inLanguage":"ro-RO"},{"@type":"Organization","@id":"https:\/\/shop.elia-gr.ro\/#organization","name":"Elia Grecia","url":"https:\/\/shop.elia-gr.ro\/","logo":{"@type":"ImageObject","inLanguage":"ro-RO","@id":"https:\/\/shop.elia-gr.ro\/#\/schema\/logo\/image\/","url":"https:\/\/shop.elia-gr.ro\/wp-content\/uploads\/2024\/09\/new_logo_elia_shop-1.webp","contentUrl":"https:\/\/shop.elia-gr.ro\/wp-content\/uploads\/2024\/09\/new_logo_elia_shop-1.webp","width":141,"height":50,"caption":"Elia Grecia"},"image":{"@id":"https:\/\/shop.elia-gr.ro\/#\/schema\/logo\/image\/"},"sameAs":["https:\/\/www.facebook.com\/profile.php?id=100063888292671"]}]}},"jetpack_sharing_enabled":true,"_links":{"self":[{"href":"https:\/\/shop.elia-gr.ro\/index.php\/wp-json\/wp\/v2\/product\/18028","targetHints":{"allow":["GET"]}}],"collection":[{"href":"https:\/\/shop.elia-gr.ro\/index.php\/wp-json\/wp\/v2\/product"}],"about":[{"href":"https:\/\/shop.elia-gr.ro\/index.php\/wp-json\/wp\/v2\/types\/product"}],"replies":[{"embeddable":true,"href":"https:\/\/shop.elia-gr.ro\/index.php\/wp-json\/wp\/v2\/comments?post=18028"}],"version-history":[{"count":2,"href":"https:\/\/shop.elia-gr.ro\/index.php\/wp-json\/wp\/v2\/product\/18028\/revisions"}],"predecessor-version":[{"id":21656,"href":"https:\/\/shop.elia-gr.ro\/index.php\/wp-json\/wp\/v2\/product\/18028\/revisions\/21656"}],"wp:featuredmedia":[{"embeddable":true,"href":"https:\/\/shop.elia-gr.ro\/index.php\/wp-json\/wp\/v2\/media\/18029"}],"wp:attachment":[{"href":"https:\/\/shop.elia-gr.ro\/index.php\/wp-json\/wp\/v2\/media?parent=18028"}],"wp:term":[{"taxonomy":"product_cat","embeddable":true,"href":"https:\/\/shop.elia-gr.ro\/index.php\/wp-json\/wp\/v2\/product_cat?post=18028"},{"taxonomy":"product_tag","embeddable":true,"href":"https:\/\/shop.elia-gr.ro\/index.php\/wp-json\/wp\/v2\/product_tag?post=18028"}],"curies":[{"name":"wp","href":"https:\/\/api.w.org\/{rel}","templated":true}]}}