{"id":18053,"date":"2025-02-10T22:53:04","date_gmt":"2025-02-10T20:53:04","guid":{"rendered":"https:\/\/shop.elia-gr.ro\/?post_type=product&#038;p=18053"},"modified":"2025-03-13T23:40:47","modified_gmt":"2025-03-13T21:40:47","slug":"unt-virgin-pentru-cofetarie-patiserie","status":"publish","type":"product","link":"https:\/\/shop.elia-gr.ro\/index.php\/product\/unt-virgin-pentru-cofetarie-patiserie\/","title":{"rendered":"Unt virgin pentru cofet\u00e0rie patiserie"},"content":{"rendered":"\t\t<div data-elementor-type=\"wp-post\" data-elementor-id=\"18053\" class=\"elementor elementor-18053\" data-elementor-post-type=\"product\">\n\t\t\t\t<div class=\"elementor-element elementor-element-5c387b e-flex e-con-boxed e-con e-parent\" data-id=\"5c387b\" data-element_type=\"container\" data-e-type=\"container\">\n\t\t\t\t\t<div class=\"e-con-inner\">\n\t\t\t\t\t<\/div>\n\t\t\t\t<\/div>\n\t\t\t\t<\/div>\n\t\t","protected":false},"excerpt":{"rendered":"<p>Untul topit este produs dup\u0103 re\u021beta tradi\u021bional\u0103, din 100% lapte proasp\u0103t de oaie \u0219i capr\u0103. Este folosit at\u00e2t \u00een g\u0103tit, c\u00e2t \u0219i \u00een patiserie, oferind un gust bogat \u0219i o arom\u0103 unic\u0103 tuturor re\u021betelor.<\/p>\n","protected":false},"featured_media":18054,"comment_status":"open","ping_status":"closed","template":"","meta":[],"product_cat":[142],"product_tag":[],"class_list":{"0":"post-18053","1":"product","2":"type-product","3":"status-publish","4":"has-post-thumbnail","6":"product_brand-ab","7":"product_cat-branzeturi","9":"first","10":"instock","11":"featured","12":"shipping-taxable","13":"purchasable","14":"product-type-simple"},"yoast_head":"<!-- This site is optimized with the Yoast SEO plugin v27.5 - https:\/\/yoast.com\/product\/yoast-seo-wordpress\/ -->\n<title>Unt virgin pentru cofet\u00e0rie patiserie - Elia Grecia<\/title>\n<meta name=\"robots\" content=\"index, follow, max-snippet:-1, max-image-preview:large, max-video-preview:-1\" \/>\n<meta property=\"og:locale\" content=\"ro_RO\" \/>\n<meta property=\"og:type\" content=\"article\" \/>\n<meta property=\"og:title\" content=\"Unt virgin pentru cofet\u00e0rie patiserie - Elia Grecia\" \/>\n<meta property=\"og:description\" content=\"Untul topit este produs dup\u0103 re\u021beta tradi\u021bional\u0103, din 100% lapte proasp\u0103t de oaie \u0219i capr\u0103. Este folosit at\u00e2t \u00een g\u0103tit, c\u00e2t \u0219i \u00een patiserie, oferind un gust bogat \u0219i o arom\u0103 unic\u0103 tuturor re\u021betelor.\" \/>\n<meta property=\"og:url\" content=\"https:\/\/shop.elia-gr.ro\/index.php\/product\/unt-virgin-pentru-cofetarie-patiserie\/\" \/>\n<meta property=\"og:site_name\" content=\"Elia Grecia\" \/>\n<meta property=\"article:publisher\" content=\"https:\/\/www.facebook.com\/profile.php?id=100063888292671\" \/>\n<meta property=\"article:modified_time\" content=\"2025-03-13T21:40:47+00:00\" \/>\n<meta property=\"og:image\" content=\"https:\/\/shop.elia-gr.ro\/wp-content\/uploads\/2025\/02\/unt-virgin.webp\" \/>\n\t<meta property=\"og:image:width\" content=\"800\" \/>\n\t<meta property=\"og:image:height\" content=\"960\" \/>\n\t<meta property=\"og:image:type\" content=\"image\/webp\" \/>\n<meta name=\"twitter:card\" content=\"summary_large_image\" \/>\n<!-- \/ Yoast SEO plugin. -->","yoast_head_json":{"title":"Unt virgin pentru cofet\u00e0rie patiserie - Elia Grecia","robots":{"index":"index","follow":"follow","max-snippet":"max-snippet:-1","max-image-preview":"max-image-preview:large","max-video-preview":"max-video-preview:-1"},"og_locale":"ro_RO","og_type":"article","og_title":"Unt virgin pentru cofet\u00e0rie patiserie - Elia Grecia","og_description":"Untul topit este produs dup\u0103 re\u021beta tradi\u021bional\u0103, din 100% lapte proasp\u0103t de oaie \u0219i capr\u0103. Este folosit at\u00e2t \u00een g\u0103tit, c\u00e2t \u0219i \u00een patiserie, oferind un gust bogat \u0219i o arom\u0103 unic\u0103 tuturor re\u021betelor.","og_url":"https:\/\/shop.elia-gr.ro\/index.php\/product\/unt-virgin-pentru-cofetarie-patiserie\/","og_site_name":"Elia Grecia","article_publisher":"https:\/\/www.facebook.com\/profile.php?id=100063888292671","article_modified_time":"2025-03-13T21:40:47+00:00","og_image":[{"width":800,"height":960,"url":"https:\/\/shop.elia-gr.ro\/wp-content\/uploads\/2025\/02\/unt-virgin.webp","type":"image\/webp"}],"twitter_card":"summary_large_image","schema":{"@context":"https:\/\/schema.org","@graph":[{"@type":"WebPage","@id":"https:\/\/shop.elia-gr.ro\/index.php\/product\/unt-virgin-pentru-cofetarie-patiserie\/","url":"https:\/\/shop.elia-gr.ro\/index.php\/product\/unt-virgin-pentru-cofetarie-patiserie\/","name":"Unt virgin pentru cofet\u00e0rie patiserie - Elia Grecia","isPartOf":{"@id":"https:\/\/shop.elia-gr.ro\/#website"},"primaryImageOfPage":{"@id":"https:\/\/shop.elia-gr.ro\/index.php\/product\/unt-virgin-pentru-cofetarie-patiserie\/#primaryimage"},"image":{"@id":"https:\/\/shop.elia-gr.ro\/index.php\/product\/unt-virgin-pentru-cofetarie-patiserie\/#primaryimage"},"thumbnailUrl":"https:\/\/shop.elia-gr.ro\/wp-content\/uploads\/2025\/02\/unt-virgin.webp","datePublished":"2025-02-10T20:53:04+00:00","dateModified":"2025-03-13T21:40:47+00:00","breadcrumb":{"@id":"https:\/\/shop.elia-gr.ro\/index.php\/product\/unt-virgin-pentru-cofetarie-patiserie\/#breadcrumb"},"inLanguage":"ro-RO","potentialAction":[{"@type":"ReadAction","target":["https:\/\/shop.elia-gr.ro\/index.php\/product\/unt-virgin-pentru-cofetarie-patiserie\/"]}]},{"@type":"ImageObject","inLanguage":"ro-RO","@id":"https:\/\/shop.elia-gr.ro\/index.php\/product\/unt-virgin-pentru-cofetarie-patiserie\/#primaryimage","url":"https:\/\/shop.elia-gr.ro\/wp-content\/uploads\/2025\/02\/unt-virgin.webp","contentUrl":"https:\/\/shop.elia-gr.ro\/wp-content\/uploads\/2025\/02\/unt-virgin.webp","width":800,"height":960},{"@type":"BreadcrumbList","@id":"https:\/\/shop.elia-gr.ro\/index.php\/product\/unt-virgin-pentru-cofetarie-patiserie\/#breadcrumb","itemListElement":[{"@type":"ListItem","position":1,"name":"Home","item":"https:\/\/shop.elia-gr.ro\/"},{"@type":"ListItem","position":2,"name":"Shop","item":"https:\/\/shop.elia-gr.ro\/index.php\/shop\/"},{"@type":"ListItem","position":3,"name":"Unt virgin pentru cofet\u00e0rie patiserie"}]},{"@type":"WebSite","@id":"https:\/\/shop.elia-gr.ro\/#website","url":"https:\/\/shop.elia-gr.ro\/","name":"Elia Grecia","description":"Cele mai bune produse grece\u0219ti pentru tine!","publisher":{"@id":"https:\/\/shop.elia-gr.ro\/#organization"},"potentialAction":[{"@type":"SearchAction","target":{"@type":"EntryPoint","urlTemplate":"https:\/\/shop.elia-gr.ro\/?s={search_term_string}"},"query-input":{"@type":"PropertyValueSpecification","valueRequired":true,"valueName":"search_term_string"}}],"inLanguage":"ro-RO"},{"@type":"Organization","@id":"https:\/\/shop.elia-gr.ro\/#organization","name":"Elia Grecia","url":"https:\/\/shop.elia-gr.ro\/","logo":{"@type":"ImageObject","inLanguage":"ro-RO","@id":"https:\/\/shop.elia-gr.ro\/#\/schema\/logo\/image\/","url":"https:\/\/shop.elia-gr.ro\/wp-content\/uploads\/2024\/09\/new_logo_elia_shop-1.webp","contentUrl":"https:\/\/shop.elia-gr.ro\/wp-content\/uploads\/2024\/09\/new_logo_elia_shop-1.webp","width":141,"height":50,"caption":"Elia Grecia"},"image":{"@id":"https:\/\/shop.elia-gr.ro\/#\/schema\/logo\/image\/"},"sameAs":["https:\/\/www.facebook.com\/profile.php?id=100063888292671"]}]}},"jetpack_sharing_enabled":true,"_links":{"self":[{"href":"https:\/\/shop.elia-gr.ro\/index.php\/wp-json\/wp\/v2\/product\/18053","targetHints":{"allow":["GET"]}}],"collection":[{"href":"https:\/\/shop.elia-gr.ro\/index.php\/wp-json\/wp\/v2\/product"}],"about":[{"href":"https:\/\/shop.elia-gr.ro\/index.php\/wp-json\/wp\/v2\/types\/product"}],"replies":[{"embeddable":true,"href":"https:\/\/shop.elia-gr.ro\/index.php\/wp-json\/wp\/v2\/comments?post=18053"}],"version-history":[{"count":1,"href":"https:\/\/shop.elia-gr.ro\/index.php\/wp-json\/wp\/v2\/product\/18053\/revisions"}],"predecessor-version":[{"id":18056,"href":"https:\/\/shop.elia-gr.ro\/index.php\/wp-json\/wp\/v2\/product\/18053\/revisions\/18056"}],"wp:featuredmedia":[{"embeddable":true,"href":"https:\/\/shop.elia-gr.ro\/index.php\/wp-json\/wp\/v2\/media\/18054"}],"wp:attachment":[{"href":"https:\/\/shop.elia-gr.ro\/index.php\/wp-json\/wp\/v2\/media?parent=18053"}],"wp:term":[{"taxonomy":"product_cat","embeddable":true,"href":"https:\/\/shop.elia-gr.ro\/index.php\/wp-json\/wp\/v2\/product_cat?post=18053"},{"taxonomy":"product_tag","embeddable":true,"href":"https:\/\/shop.elia-gr.ro\/index.php\/wp-json\/wp\/v2\/product_tag?post=18053"}],"curies":[{"name":"wp","href":"https:\/\/api.w.org\/{rel}","templated":true}]}}