{"id":18100,"date":"2025-02-10T23:33:37","date_gmt":"2025-02-10T21:33:37","guid":{"rendered":"https:\/\/shop.elia-gr.ro\/?post_type=product&#038;p=18100"},"modified":"2025-05-27T20:35:29","modified_gmt":"2025-05-27T18:35:29","slug":"gem-de-capsuni-280-g","status":"publish","type":"product","link":"https:\/\/shop.elia-gr.ro\/index.php\/product\/gem-de-capsuni-280-g\/","title":{"rendered":"Gem de c\u0103p\u0219uni 280 g"},"content":{"rendered":"\t\t<div data-elementor-type=\"wp-post\" data-elementor-id=\"18100\" class=\"elementor elementor-18100\" data-elementor-post-type=\"product\">\n\t\t\t\t<div class=\"elementor-element elementor-element-5c387b e-flex e-con-boxed e-con e-parent\" data-id=\"5c387b\" data-element_type=\"container\" data-e-type=\"container\">\n\t\t\t\t\t<div class=\"e-con-inner\">\n\t\t\t\t\t<\/div>\n\t\t\t\t<\/div>\n\t\t\t\t<\/div>\n\t\t","protected":false},"excerpt":{"rendered":"<p>Descoper\u0103 gustul autentic al Greciei cu gemul de c\u0103p\u0219uni Pom Star, preparat cu grij\u0103 din fructe coapte natural la soare. Textura fin\u0103 \u0219i aroma intens\u0103 de c\u0103p\u0219uni proaspete transform\u0103 fiecare mic dejun \u00eentr-un moment de r\u0103sf\u0103\u021b. Ideal pentru tartine, cl\u0103tite, deserturi sau ca umplutur\u0103 pentru pr\u0103jituri. F\u0103r\u0103 conservan\u021bi artificiali, cu un con\u021binut generos de fruct \u2013 un deliciu natural pentru \u00eentreaga familie.<\/p>\n","protected":false},"featured_media":20778,"comment_status":"open","ping_status":"closed","template":"","meta":[],"product_cat":[62,144],"product_tag":[],"class_list":{"0":"post-18100","1":"product","2":"type-product","3":"status-publish","4":"has-post-thumbnail","6":"product_brand-pom-star","7":"product_cat-gem","8":"product_cat-produse-rodie","10":"first","11":"instock","12":"featured","13":"shipping-taxable","14":"purchasable","15":"product-type-variable"},"yoast_head":"<!-- This site is optimized with the Yoast SEO plugin v27.5 - https:\/\/yoast.com\/product\/yoast-seo-wordpress\/ -->\n<title>Gem de c\u0103p\u0219uni 280 g - Elia Grecia<\/title>\n<meta name=\"description\" content=\"Gem de c\u0103p\u0219uni 280 g Descoper\u0103 gustul autentic al Greciei cu gemul de c\u0103p\u0219uni Pom Star, preparat cu grij\u0103 din fructe coapte natural la soare.\" \/>\n<meta name=\"robots\" content=\"index, follow, max-snippet:-1, max-image-preview:large, max-video-preview:-1\" \/>\n<meta property=\"og:locale\" content=\"ro_RO\" \/>\n<meta property=\"og:type\" content=\"article\" \/>\n<meta property=\"og:title\" content=\"Gem de c\u0103p\u0219uni 280 g - Elia Grecia\" \/>\n<meta property=\"og:description\" content=\"Gem de c\u0103p\u0219uni 280 g Descoper\u0103 gustul autentic al Greciei cu gemul de c\u0103p\u0219uni Pom Star, preparat cu grij\u0103 din fructe coapte natural la soare.\" \/>\n<meta property=\"og:url\" content=\"https:\/\/shop.elia-gr.ro\/index.php\/product\/gem-de-capsuni-280-g\/\" \/>\n<meta property=\"og:site_name\" content=\"Elia Grecia\" \/>\n<meta property=\"article:publisher\" content=\"https:\/\/www.facebook.com\/profile.php?id=100063888292671\" \/>\n<meta property=\"article:modified_time\" content=\"2025-05-27T18:35:29+00:00\" \/>\n<meta property=\"og:image\" content=\"https:\/\/shop.elia-gr.ro\/wp-content\/uploads\/2025\/02\/gem-de-capsuni-pom-star.png\" \/>\n\t<meta property=\"og:image:width\" content=\"800\" \/>\n\t<meta property=\"og:image:height\" content=\"960\" \/>\n\t<meta property=\"og:image:type\" content=\"image\/png\" \/>\n<meta name=\"twitter:card\" content=\"summary_large_image\" \/>\n<meta name=\"twitter:label1\" content=\"Timp estimat pentru citire\" \/>\n\t<meta name=\"twitter:data1\" content=\"1 minut\" \/>\n<!-- \/ Yoast SEO plugin. -->","yoast_head_json":{"title":"Gem de c\u0103p\u0219uni 280 g - Elia Grecia","description":"Gem de c\u0103p\u0219uni 280 g Descoper\u0103 gustul autentic al Greciei cu gemul de c\u0103p\u0219uni Pom Star, preparat cu grij\u0103 din fructe coapte natural la soare.","robots":{"index":"index","follow":"follow","max-snippet":"max-snippet:-1","max-image-preview":"max-image-preview:large","max-video-preview":"max-video-preview:-1"},"og_locale":"ro_RO","og_type":"article","og_title":"Gem de c\u0103p\u0219uni 280 g - Elia Grecia","og_description":"Gem de c\u0103p\u0219uni 280 g Descoper\u0103 gustul autentic al Greciei cu gemul de c\u0103p\u0219uni Pom Star, preparat cu grij\u0103 din fructe coapte natural la soare.","og_url":"https:\/\/shop.elia-gr.ro\/index.php\/product\/gem-de-capsuni-280-g\/","og_site_name":"Elia Grecia","article_publisher":"https:\/\/www.facebook.com\/profile.php?id=100063888292671","article_modified_time":"2025-05-27T18:35:29+00:00","og_image":[{"width":800,"height":960,"url":"https:\/\/shop.elia-gr.ro\/wp-content\/uploads\/2025\/02\/gem-de-capsuni-pom-star.png","type":"image\/png"}],"twitter_card":"summary_large_image","twitter_misc":{"Timp estimat pentru citire":"1 minut"},"schema":{"@context":"https:\/\/schema.org","@graph":[{"@type":"WebPage","@id":"https:\/\/shop.elia-gr.ro\/index.php\/product\/gem-de-capsuni-280-g\/","url":"https:\/\/shop.elia-gr.ro\/index.php\/product\/gem-de-capsuni-280-g\/","name":"Gem de c\u0103p\u0219uni 280 g - Elia Grecia","isPartOf":{"@id":"https:\/\/shop.elia-gr.ro\/#website"},"primaryImageOfPage":{"@id":"https:\/\/shop.elia-gr.ro\/index.php\/product\/gem-de-capsuni-280-g\/#primaryimage"},"image":{"@id":"https:\/\/shop.elia-gr.ro\/index.php\/product\/gem-de-capsuni-280-g\/#primaryimage"},"thumbnailUrl":"https:\/\/shop.elia-gr.ro\/wp-content\/uploads\/2025\/02\/gem-de-capsuni-pom-star.png","datePublished":"2025-02-10T21:33:37+00:00","dateModified":"2025-05-27T18:35:29+00:00","description":"Gem de c\u0103p\u0219uni 280 g Descoper\u0103 gustul autentic al Greciei cu gemul de c\u0103p\u0219uni Pom Star, preparat cu grij\u0103 din fructe coapte natural la soare.","breadcrumb":{"@id":"https:\/\/shop.elia-gr.ro\/index.php\/product\/gem-de-capsuni-280-g\/#breadcrumb"},"inLanguage":"ro-RO","potentialAction":[{"@type":"ReadAction","target":["https:\/\/shop.elia-gr.ro\/index.php\/product\/gem-de-capsuni-280-g\/"]}]},{"@type":"ImageObject","inLanguage":"ro-RO","@id":"https:\/\/shop.elia-gr.ro\/index.php\/product\/gem-de-capsuni-280-g\/#primaryimage","url":"https:\/\/shop.elia-gr.ro\/wp-content\/uploads\/2025\/02\/gem-de-capsuni-pom-star.png","contentUrl":"https:\/\/shop.elia-gr.ro\/wp-content\/uploads\/2025\/02\/gem-de-capsuni-pom-star.png","width":800,"height":960},{"@type":"BreadcrumbList","@id":"https:\/\/shop.elia-gr.ro\/index.php\/product\/gem-de-capsuni-280-g\/#breadcrumb","itemListElement":[{"@type":"ListItem","position":1,"name":"Home","item":"https:\/\/shop.elia-gr.ro\/"},{"@type":"ListItem","position":2,"name":"Shop","item":"https:\/\/shop.elia-gr.ro\/index.php\/shop\/"},{"@type":"ListItem","position":3,"name":"Gem de c\u0103p\u0219uni 280 g"}]},{"@type":"WebSite","@id":"https:\/\/shop.elia-gr.ro\/#website","url":"https:\/\/shop.elia-gr.ro\/","name":"Elia Grecia","description":"Cele mai bune produse grece\u0219ti pentru tine!","publisher":{"@id":"https:\/\/shop.elia-gr.ro\/#organization"},"potentialAction":[{"@type":"SearchAction","target":{"@type":"EntryPoint","urlTemplate":"https:\/\/shop.elia-gr.ro\/?s={search_term_string}"},"query-input":{"@type":"PropertyValueSpecification","valueRequired":true,"valueName":"search_term_string"}}],"inLanguage":"ro-RO"},{"@type":"Organization","@id":"https:\/\/shop.elia-gr.ro\/#organization","name":"Elia Grecia","url":"https:\/\/shop.elia-gr.ro\/","logo":{"@type":"ImageObject","inLanguage":"ro-RO","@id":"https:\/\/shop.elia-gr.ro\/#\/schema\/logo\/image\/","url":"https:\/\/shop.elia-gr.ro\/wp-content\/uploads\/2024\/09\/new_logo_elia_shop-1.webp","contentUrl":"https:\/\/shop.elia-gr.ro\/wp-content\/uploads\/2024\/09\/new_logo_elia_shop-1.webp","width":141,"height":50,"caption":"Elia Grecia"},"image":{"@id":"https:\/\/shop.elia-gr.ro\/#\/schema\/logo\/image\/"},"sameAs":["https:\/\/www.facebook.com\/profile.php?id=100063888292671"]}]}},"jetpack_sharing_enabled":true,"_links":{"self":[{"href":"https:\/\/shop.elia-gr.ro\/index.php\/wp-json\/wp\/v2\/product\/18100","targetHints":{"allow":["GET"]}}],"collection":[{"href":"https:\/\/shop.elia-gr.ro\/index.php\/wp-json\/wp\/v2\/product"}],"about":[{"href":"https:\/\/shop.elia-gr.ro\/index.php\/wp-json\/wp\/v2\/types\/product"}],"replies":[{"embeddable":true,"href":"https:\/\/shop.elia-gr.ro\/index.php\/wp-json\/wp\/v2\/comments?post=18100"}],"version-history":[{"count":4,"href":"https:\/\/shop.elia-gr.ro\/index.php\/wp-json\/wp\/v2\/product\/18100\/revisions"}],"predecessor-version":[{"id":20779,"href":"https:\/\/shop.elia-gr.ro\/index.php\/wp-json\/wp\/v2\/product\/18100\/revisions\/20779"}],"wp:featuredmedia":[{"embeddable":true,"href":"https:\/\/shop.elia-gr.ro\/index.php\/wp-json\/wp\/v2\/media\/20778"}],"wp:attachment":[{"href":"https:\/\/shop.elia-gr.ro\/index.php\/wp-json\/wp\/v2\/media?parent=18100"}],"wp:term":[{"taxonomy":"product_cat","embeddable":true,"href":"https:\/\/shop.elia-gr.ro\/index.php\/wp-json\/wp\/v2\/product_cat?post=18100"},{"taxonomy":"product_tag","embeddable":true,"href":"https:\/\/shop.elia-gr.ro\/index.php\/wp-json\/wp\/v2\/product_tag?post=18100"}],"curies":[{"name":"wp","href":"https:\/\/api.w.org\/{rel}","templated":true}]}}