{"id":18152,"date":"2025-02-12T21:48:31","date_gmt":"2025-02-12T19:48:31","guid":{"rendered":"https:\/\/shop.elia-gr.ro\/?post_type=product&#038;p=18152"},"modified":"2025-08-06T13:37:18","modified_gmt":"2025-08-06T11:37:18","slug":"ulei-din-samburi-de-struguri","status":"publish","type":"product","link":"https:\/\/shop.elia-gr.ro\/index.php\/product\/ulei-din-samburi-de-struguri\/","title":{"rendered":"Ulei din s\u00e2mburi de struguri"},"content":{"rendered":"\t\t<div data-elementor-type=\"wp-post\" data-elementor-id=\"18152\" class=\"elementor elementor-18152\" data-elementor-post-type=\"product\">\n\t\t\t\t<div class=\"elementor-element elementor-element-5c387b e-flex e-con-boxed e-con e-parent\" data-id=\"5c387b\" data-element_type=\"container\" data-e-type=\"container\">\n\t\t\t\t\t<div class=\"e-con-inner\">\n\t\t\t\t<div class=\"elementor-element elementor-element-41b9d8f9 elementor-widget elementor-widget-text-editor\" data-id=\"41b9d8f9\" data-element_type=\"widget\" data-e-type=\"widget\" data-widget_type=\"text-editor.default\">\n\t\t\t\t<div class=\"elementor-widget-container\">\n\t\t\t\t\t\t\t\t\t<p><span style=\"color: #000000;\">Uleiul organic din semin\u021be de struguri\u00a0<strong>Ilioni<\/strong>\u00a0este un ulei 100% organic, presat la rece. Este produs din semin\u021be de struguri cultivate organic, pe care le ob\u021binem din podgoriile grece\u0219ti. Uleiul organic din semin\u021be de struguri concentreaz\u0103 toate caracteristicile solului \u0219i climatice pe care le poate aduce un strugure organic grecesc. Este un produs excelent cu multiple propriet\u0103\u021bi care contribuie la protejarea organismului uman.<\/span><\/p><p><span style=\"color: #000000;\">Este extrem de bogat \u00een Omega-6, antioxidan\u021bi naturali \u0219i vitaminele E, C \u0219i D, care contribuie la ap\u0103rarea organismului uman.<\/span><\/p><h4><span style=\"color: #000000;\">Modalit\u0103\u021bi sugerate de utilizare<\/span><\/h4><p><br \/><span style=\"color: #000000;\"><strong>Fa\u021b\u0103<\/strong>\u00a0: Aplica\u021bi 2-3 pic\u0103turi de ulei de semin\u021be de struguri pe fa\u021b\u0103 \u0219i pe g\u00e2t, cu mi\u0219c\u0103ri circulare, diminea\u021ba \u0219i seara. Ulei excelent pentru o piele s\u0103n\u0103toas\u0103 \u0219i radiant\u0103. Se absoarbe u\u0219or \u0219i nu las\u0103 str\u0103lucire. Contribuie \u00een mod natural la producerea de colagen, elastin\u0103 \u0219i la tratarea acneei.\u00a0Ideal pentru toate tipurile de piele, chiar \u0219i pentru tenul gras\u00a0.<\/span><\/p><p><span style=\"color: #000000;\"><strong>Corp<\/strong>\u00a0: Folose\u0219te-l pentru hidratarea profund\u0103 a corpului, ideal dup\u0103 baie. Are propriet\u0103\u021bi de catifelare \u0219i rejuvenare. Alternativ, folose\u0219te-l ca ulei de masaj. Este indicat pentru aplicarea pe r\u0103ni superficiale, deoarece are propriet\u0103\u021bi antiinflamatorii \u0219i antimicrobiene.<\/span><\/p><p><span style=\"color: #000000;\"><strong>P\u0103r<\/strong>\u00a0: \u00cengrije\u0219te p\u0103rul, men\u021bin\u00e2ndu-i str\u0103lucirea \u0219i s\u0103n\u0103tatea. Pe p\u0103rul deshidratat \u0219i uscat, aplica\u021bi pe lungimea p\u0103rului de 2 ori pe s\u0103pt\u0103m\u00e2n\u0103.<\/span><\/p><p><span style=\"color: #000000;\"><strong>\u00cent\u0103rirea organismului\u00a0<\/strong>: \u00cel pute\u021bi consuma la micul dejun sau la pr\u00e2nz. Ad\u0103uga\u021bi 5 pic\u0103turi de ulei organic din semin\u021be de struguri \u00een p\u00e2ine sau salat\u0103.<\/span><\/p>\t\t\t\t\t\t\t\t<\/div>\n\t\t\t\t<\/div>\n\t\t\t\t\t<\/div>\n\t\t\t\t<\/div>\n\t\t\t\t<\/div>\n\t\t","protected":false},"excerpt":{"rendered":"<p>Uleiul organic din semin\u021be de struguri\u00a0Ilioni\u00a0este un ulei 100% organic, presat la rece. Este produs din semin\u021be de struguri cultivate organic, pe care le ob\u021binem din podgoriile grece\u0219ti. Uleiul organic din semin\u021be de struguri concentreaz\u0103 toate caracteristicile solului \u0219i climatice pe care le poate aduce un strugure organic grecesc. Este un produs excelent cu multiple propriet\u0103\u021bi care contribuie la protejarea organismului uman.<\/p>\n<p>Este extrem de bogat \u00een Omega-6, antioxidan\u021bi naturali \u0219i vitaminele E, C \u0219i D, care contribuie la ap\u0103rarea organismului uman.<\/p>\n","protected":false},"featured_media":18153,"comment_status":"open","ping_status":"closed","template":"","meta":[],"product_cat":[238],"product_tag":[],"class_list":{"0":"post-18152","1":"product","2":"type-product","3":"status-publish","4":"has-post-thumbnail","6":"product_brand-ilioni","7":"product_cat-uleiuri-esentiale","9":"first","10":"instock","11":"featured","12":"shipping-taxable","13":"purchasable","14":"product-type-simple"},"yoast_head":"<!-- This site is optimized with the Yoast SEO plugin v27.5 - https:\/\/yoast.com\/product\/yoast-seo-wordpress\/ -->\n<title>Ulei din s\u00e2mburi de struguri - Elia Grecia<\/title>\n<meta name=\"description\" content=\"Ulei din s\u00e2mburi de struguri este un ulei 100% organic, presat la rece. Este produs din semin\u021be de struguri cultivate organic, pe care le ob\u021binem din\" \/>\n<meta name=\"robots\" content=\"index, follow, max-snippet:-1, max-image-preview:large, max-video-preview:-1\" \/>\n<meta property=\"og:locale\" content=\"ro_RO\" \/>\n<meta property=\"og:type\" content=\"article\" \/>\n<meta property=\"og:title\" content=\"Ulei din s\u00e2mburi de struguri - Elia Grecia\" \/>\n<meta property=\"og:description\" content=\"Ulei din s\u00e2mburi de struguri este un ulei 100% organic, presat la rece. Este produs din semin\u021be de struguri cultivate organic, pe care le ob\u021binem din\" \/>\n<meta property=\"og:url\" content=\"https:\/\/shop.elia-gr.ro\/index.php\/product\/ulei-din-samburi-de-struguri\/\" \/>\n<meta property=\"og:site_name\" content=\"Elia Grecia\" \/>\n<meta property=\"article:publisher\" content=\"https:\/\/www.facebook.com\/profile.php?id=100063888292671\" \/>\n<meta property=\"article:modified_time\" content=\"2025-08-06T11:37:18+00:00\" \/>\n<meta property=\"og:image\" content=\"https:\/\/shop.elia-gr.ro\/wp-content\/uploads\/2025\/02\/ulei-de-struguri.webp\" \/>\n\t<meta property=\"og:image:width\" content=\"800\" \/>\n\t<meta property=\"og:image:height\" content=\"960\" \/>\n\t<meta property=\"og:image:type\" content=\"image\/webp\" \/>\n<meta name=\"twitter:card\" content=\"summary_large_image\" \/>\n<meta name=\"twitter:label1\" content=\"Timp estimat pentru citire\" \/>\n\t<meta name=\"twitter:data1\" content=\"2 minute\" \/>\n<!-- \/ Yoast SEO plugin. -->","yoast_head_json":{"title":"Ulei din s\u00e2mburi de struguri - Elia Grecia","description":"Ulei din s\u00e2mburi de struguri este un ulei 100% organic, presat la rece. Este produs din semin\u021be de struguri cultivate organic, pe care le ob\u021binem din","robots":{"index":"index","follow":"follow","max-snippet":"max-snippet:-1","max-image-preview":"max-image-preview:large","max-video-preview":"max-video-preview:-1"},"og_locale":"ro_RO","og_type":"article","og_title":"Ulei din s\u00e2mburi de struguri - Elia Grecia","og_description":"Ulei din s\u00e2mburi de struguri este un ulei 100% organic, presat la rece. Este produs din semin\u021be de struguri cultivate organic, pe care le ob\u021binem din","og_url":"https:\/\/shop.elia-gr.ro\/index.php\/product\/ulei-din-samburi-de-struguri\/","og_site_name":"Elia Grecia","article_publisher":"https:\/\/www.facebook.com\/profile.php?id=100063888292671","article_modified_time":"2025-08-06T11:37:18+00:00","og_image":[{"width":800,"height":960,"url":"https:\/\/shop.elia-gr.ro\/wp-content\/uploads\/2025\/02\/ulei-de-struguri.webp","type":"image\/webp"}],"twitter_card":"summary_large_image","twitter_misc":{"Timp estimat pentru citire":"2 minute"},"schema":{"@context":"https:\/\/schema.org","@graph":[{"@type":"WebPage","@id":"https:\/\/shop.elia-gr.ro\/index.php\/product\/ulei-din-samburi-de-struguri\/","url":"https:\/\/shop.elia-gr.ro\/index.php\/product\/ulei-din-samburi-de-struguri\/","name":"Ulei din s\u00e2mburi de struguri - Elia Grecia","isPartOf":{"@id":"https:\/\/shop.elia-gr.ro\/#website"},"primaryImageOfPage":{"@id":"https:\/\/shop.elia-gr.ro\/index.php\/product\/ulei-din-samburi-de-struguri\/#primaryimage"},"image":{"@id":"https:\/\/shop.elia-gr.ro\/index.php\/product\/ulei-din-samburi-de-struguri\/#primaryimage"},"thumbnailUrl":"https:\/\/shop.elia-gr.ro\/wp-content\/uploads\/2025\/02\/ulei-de-struguri.webp","datePublished":"2025-02-12T19:48:31+00:00","dateModified":"2025-08-06T11:37:18+00:00","description":"Ulei din s\u00e2mburi de struguri este un ulei 100% organic, presat la rece. Este produs din semin\u021be de struguri cultivate organic, pe care le ob\u021binem din","breadcrumb":{"@id":"https:\/\/shop.elia-gr.ro\/index.php\/product\/ulei-din-samburi-de-struguri\/#breadcrumb"},"inLanguage":"ro-RO","potentialAction":[{"@type":"ReadAction","target":["https:\/\/shop.elia-gr.ro\/index.php\/product\/ulei-din-samburi-de-struguri\/"]}]},{"@type":"ImageObject","inLanguage":"ro-RO","@id":"https:\/\/shop.elia-gr.ro\/index.php\/product\/ulei-din-samburi-de-struguri\/#primaryimage","url":"https:\/\/shop.elia-gr.ro\/wp-content\/uploads\/2025\/02\/ulei-de-struguri.webp","contentUrl":"https:\/\/shop.elia-gr.ro\/wp-content\/uploads\/2025\/02\/ulei-de-struguri.webp","width":800,"height":960},{"@type":"BreadcrumbList","@id":"https:\/\/shop.elia-gr.ro\/index.php\/product\/ulei-din-samburi-de-struguri\/#breadcrumb","itemListElement":[{"@type":"ListItem","position":1,"name":"Home","item":"https:\/\/shop.elia-gr.ro\/"},{"@type":"ListItem","position":2,"name":"Shop","item":"https:\/\/shop.elia-gr.ro\/index.php\/shop\/"},{"@type":"ListItem","position":3,"name":"Ulei din s\u00e2mburi de struguri"}]},{"@type":"WebSite","@id":"https:\/\/shop.elia-gr.ro\/#website","url":"https:\/\/shop.elia-gr.ro\/","name":"Elia Grecia","description":"Cele mai bune produse grece\u0219ti pentru tine!","publisher":{"@id":"https:\/\/shop.elia-gr.ro\/#organization"},"potentialAction":[{"@type":"SearchAction","target":{"@type":"EntryPoint","urlTemplate":"https:\/\/shop.elia-gr.ro\/?s={search_term_string}"},"query-input":{"@type":"PropertyValueSpecification","valueRequired":true,"valueName":"search_term_string"}}],"inLanguage":"ro-RO"},{"@type":"Organization","@id":"https:\/\/shop.elia-gr.ro\/#organization","name":"Elia Grecia","url":"https:\/\/shop.elia-gr.ro\/","logo":{"@type":"ImageObject","inLanguage":"ro-RO","@id":"https:\/\/shop.elia-gr.ro\/#\/schema\/logo\/image\/","url":"https:\/\/shop.elia-gr.ro\/wp-content\/uploads\/2024\/09\/new_logo_elia_shop-1.webp","contentUrl":"https:\/\/shop.elia-gr.ro\/wp-content\/uploads\/2024\/09\/new_logo_elia_shop-1.webp","width":141,"height":50,"caption":"Elia Grecia"},"image":{"@id":"https:\/\/shop.elia-gr.ro\/#\/schema\/logo\/image\/"},"sameAs":["https:\/\/www.facebook.com\/profile.php?id=100063888292671"]}]}},"jetpack_sharing_enabled":true,"_links":{"self":[{"href":"https:\/\/shop.elia-gr.ro\/index.php\/wp-json\/wp\/v2\/product\/18152","targetHints":{"allow":["GET"]}}],"collection":[{"href":"https:\/\/shop.elia-gr.ro\/index.php\/wp-json\/wp\/v2\/product"}],"about":[{"href":"https:\/\/shop.elia-gr.ro\/index.php\/wp-json\/wp\/v2\/types\/product"}],"replies":[{"embeddable":true,"href":"https:\/\/shop.elia-gr.ro\/index.php\/wp-json\/wp\/v2\/comments?post=18152"}],"version-history":[{"count":11,"href":"https:\/\/shop.elia-gr.ro\/index.php\/wp-json\/wp\/v2\/product\/18152\/revisions"}],"predecessor-version":[{"id":21433,"href":"https:\/\/shop.elia-gr.ro\/index.php\/wp-json\/wp\/v2\/product\/18152\/revisions\/21433"}],"wp:featuredmedia":[{"embeddable":true,"href":"https:\/\/shop.elia-gr.ro\/index.php\/wp-json\/wp\/v2\/media\/18153"}],"wp:attachment":[{"href":"https:\/\/shop.elia-gr.ro\/index.php\/wp-json\/wp\/v2\/media?parent=18152"}],"wp:term":[{"taxonomy":"product_cat","embeddable":true,"href":"https:\/\/shop.elia-gr.ro\/index.php\/wp-json\/wp\/v2\/product_cat?post=18152"},{"taxonomy":"product_tag","embeddable":true,"href":"https:\/\/shop.elia-gr.ro\/index.php\/wp-json\/wp\/v2\/product_tag?post=18152"}],"curies":[{"name":"wp","href":"https:\/\/api.w.org\/{rel}","templated":true}]}}