{"id":18159,"date":"2025-02-12T22:09:54","date_gmt":"2025-02-12T20:09:54","guid":{"rendered":"https:\/\/shop.elia-gr.ro\/?post_type=product&#038;p=18159"},"modified":"2025-02-12T22:14:49","modified_gmt":"2025-02-12T20:14:49","slug":"ulei-din-samburi-de-rodie","status":"publish","type":"product","link":"https:\/\/shop.elia-gr.ro\/index.php\/product\/ulei-din-samburi-de-rodie\/","title":{"rendered":"Ulei din s\u00e2mburi de rodie"},"content":{"rendered":"\t\t<div data-elementor-type=\"wp-post\" data-elementor-id=\"18159\" class=\"elementor elementor-18159\" data-elementor-post-type=\"product\">\n\t\t\t\t<div class=\"elementor-element elementor-element-5c387b e-flex e-con-boxed e-con e-parent\" data-id=\"5c387b\" data-element_type=\"container\" data-e-type=\"container\">\n\t\t\t\t\t<div class=\"e-con-inner\">\n\t\t\t\t<div class=\"elementor-element elementor-element-41b9d8f9 elementor-widget elementor-widget-text-editor\" data-id=\"41b9d8f9\" data-element_type=\"widget\" data-e-type=\"widget\" data-widget_type=\"text-editor.default\">\n\t\t\t\t<div class=\"elementor-widget-container\">\n\t\t\t\t\t\t\t\t\t<ul><li>Propriet\u0103\u021bile sale antiinflamatorii \u0219i antioxidante \u00eembun\u0103t\u0103\u021besc func\u021biile cognitive ale creierului \u0219i \u00eent\u0103resc sistemul imunitar.<\/li><li>Beneficii asupra s\u0103n\u0103t\u0103\u021bii inimii regleaz\u0103 nivelul de colesterol, stimuleaz\u0103 circula\u021bia \u0219i reduc tensiunea arterial\u0103<\/li><li>Propriet\u0103\u021bi antidiabetice<\/li><li>Propriet\u0103\u021bi antiproliferative \u0219i antitumorale, prevenind formarea estrogenului<\/li><li>Potrivit pentru \u00eengrijirea pielii<\/li><\/ul>\t\t\t\t\t\t\t\t<\/div>\n\t\t\t\t<\/div>\n\t\t\t\t\t<\/div>\n\t\t\t\t<\/div>\n\t\t\t\t<\/div>\n\t\t","protected":false},"excerpt":{"rendered":"<p>Uleiul din semin\u021be de rodie este produs de semin\u021bele rodiei prin presare la rece.<\/p>\n<p>&nbsp;<\/p>\n<p>Are activitate antioxidant\u0103, \u201ecombate radicalii liberi \u0219i se consider\u0103 c\u0103 ajut\u0103 la str\u00e2ngerea pielii, la hidratarea acesteia \u0219i la combaterea ridurilor.<\/p>\n<p>Rreduce efectele negative ale proceselor oxidative.<\/p>\n<p>Regenereaz\u0103 pielea afectat\u0103 de factorii externi fiind :expunerea la soare \u0219i poluare.<\/p>\n<p>Reduce aspectul liniilor fine ale tenului \u0219i previne apari\u021bia ridurilor<\/p>\n<p>Efect anti\u00eemb\u0103tr\u00eenire, efect emolient.<\/p>\n<p>Stimuleaz\u0103 mecanismele de regenerare ale pielii.<\/p>\n","protected":false},"featured_media":18160,"comment_status":"open","ping_status":"closed","template":"","meta":[],"product_cat":[238],"product_tag":[],"class_list":{"0":"post-18159","1":"product","2":"type-product","3":"status-publish","4":"has-post-thumbnail","6":"product_brand-pom-star","7":"product_cat-uleiuri-esentiale","9":"first","10":"instock","11":"featured","12":"shipping-taxable","13":"purchasable","14":"product-type-simple"},"yoast_head":"<!-- This site is optimized with the Yoast SEO plugin v27.5 - https:\/\/yoast.com\/product\/yoast-seo-wordpress\/ -->\n<title>Ulei din s\u00e2mburi de rodie - Elia Grecia<\/title>\n<meta name=\"robots\" content=\"index, follow, max-snippet:-1, max-image-preview:large, max-video-preview:-1\" \/>\n<meta property=\"og:locale\" content=\"ro_RO\" \/>\n<meta property=\"og:type\" content=\"article\" \/>\n<meta property=\"og:title\" content=\"Ulei din s\u00e2mburi de rodie - Elia Grecia\" \/>\n<meta property=\"og:description\" content=\"Uleiul din semin\u021be de rodie este produs de semin\u021bele rodiei prin presare la rece.  &nbsp;  Are activitate antioxidant\u0103, \u201ecombate radicalii liberi \u0219i se consider\u0103 c\u0103 ajut\u0103 la str\u00e2ngerea pielii, la hidratarea acesteia \u0219i la combaterea ridurilor.  Rreduce efectele negative ale proceselor oxidative.  Regenereaz\u0103 pielea afectat\u0103 de factorii externi fiind :expunerea la soare \u0219i poluare.  Reduce aspectul liniilor fine ale tenului \u0219i previne apari\u021bia ridurilor  Efect anti\u00eemb\u0103tr\u00eenire, efect emolient.  Stimuleaz\u0103 mecanismele de regenerare ale pielii.\" \/>\n<meta property=\"og:url\" content=\"https:\/\/shop.elia-gr.ro\/index.php\/product\/ulei-din-samburi-de-rodie\/\" \/>\n<meta property=\"og:site_name\" content=\"Elia Grecia\" \/>\n<meta property=\"article:publisher\" content=\"https:\/\/www.facebook.com\/profile.php?id=100063888292671\" \/>\n<meta property=\"article:modified_time\" content=\"2025-02-12T20:14:49+00:00\" \/>\n<meta property=\"og:image\" content=\"https:\/\/shop.elia-gr.ro\/wp-content\/uploads\/2025\/02\/ulei-samburi-rodie.webp\" \/>\n\t<meta property=\"og:image:width\" content=\"800\" \/>\n\t<meta property=\"og:image:height\" content=\"960\" \/>\n\t<meta property=\"og:image:type\" content=\"image\/webp\" \/>\n<meta name=\"twitter:card\" content=\"summary_large_image\" \/>\n<!-- \/ Yoast SEO plugin. -->","yoast_head_json":{"title":"Ulei din s\u00e2mburi de rodie - Elia Grecia","robots":{"index":"index","follow":"follow","max-snippet":"max-snippet:-1","max-image-preview":"max-image-preview:large","max-video-preview":"max-video-preview:-1"},"og_locale":"ro_RO","og_type":"article","og_title":"Ulei din s\u00e2mburi de rodie - Elia Grecia","og_description":"Uleiul din semin\u021be de rodie este produs de semin\u021bele rodiei prin presare la rece.  &nbsp;  Are activitate antioxidant\u0103, \u201ecombate radicalii liberi \u0219i se consider\u0103 c\u0103 ajut\u0103 la str\u00e2ngerea pielii, la hidratarea acesteia \u0219i la combaterea ridurilor.  Rreduce efectele negative ale proceselor oxidative.  Regenereaz\u0103 pielea afectat\u0103 de factorii externi fiind :expunerea la soare \u0219i poluare.  Reduce aspectul liniilor fine ale tenului \u0219i previne apari\u021bia ridurilor  Efect anti\u00eemb\u0103tr\u00eenire, efect emolient.  Stimuleaz\u0103 mecanismele de regenerare ale pielii.","og_url":"https:\/\/shop.elia-gr.ro\/index.php\/product\/ulei-din-samburi-de-rodie\/","og_site_name":"Elia Grecia","article_publisher":"https:\/\/www.facebook.com\/profile.php?id=100063888292671","article_modified_time":"2025-02-12T20:14:49+00:00","og_image":[{"width":800,"height":960,"url":"https:\/\/shop.elia-gr.ro\/wp-content\/uploads\/2025\/02\/ulei-samburi-rodie.webp","type":"image\/webp"}],"twitter_card":"summary_large_image","schema":{"@context":"https:\/\/schema.org","@graph":[{"@type":"WebPage","@id":"https:\/\/shop.elia-gr.ro\/index.php\/product\/ulei-din-samburi-de-rodie\/","url":"https:\/\/shop.elia-gr.ro\/index.php\/product\/ulei-din-samburi-de-rodie\/","name":"Ulei din s\u00e2mburi de rodie - Elia Grecia","isPartOf":{"@id":"https:\/\/shop.elia-gr.ro\/#website"},"primaryImageOfPage":{"@id":"https:\/\/shop.elia-gr.ro\/index.php\/product\/ulei-din-samburi-de-rodie\/#primaryimage"},"image":{"@id":"https:\/\/shop.elia-gr.ro\/index.php\/product\/ulei-din-samburi-de-rodie\/#primaryimage"},"thumbnailUrl":"https:\/\/shop.elia-gr.ro\/wp-content\/uploads\/2025\/02\/ulei-samburi-rodie.webp","datePublished":"2025-02-12T20:09:54+00:00","dateModified":"2025-02-12T20:14:49+00:00","breadcrumb":{"@id":"https:\/\/shop.elia-gr.ro\/index.php\/product\/ulei-din-samburi-de-rodie\/#breadcrumb"},"inLanguage":"ro-RO","potentialAction":[{"@type":"ReadAction","target":["https:\/\/shop.elia-gr.ro\/index.php\/product\/ulei-din-samburi-de-rodie\/"]}]},{"@type":"ImageObject","inLanguage":"ro-RO","@id":"https:\/\/shop.elia-gr.ro\/index.php\/product\/ulei-din-samburi-de-rodie\/#primaryimage","url":"https:\/\/shop.elia-gr.ro\/wp-content\/uploads\/2025\/02\/ulei-samburi-rodie.webp","contentUrl":"https:\/\/shop.elia-gr.ro\/wp-content\/uploads\/2025\/02\/ulei-samburi-rodie.webp","width":800,"height":960},{"@type":"BreadcrumbList","@id":"https:\/\/shop.elia-gr.ro\/index.php\/product\/ulei-din-samburi-de-rodie\/#breadcrumb","itemListElement":[{"@type":"ListItem","position":1,"name":"Home","item":"https:\/\/shop.elia-gr.ro\/"},{"@type":"ListItem","position":2,"name":"Shop","item":"https:\/\/shop.elia-gr.ro\/index.php\/shop\/"},{"@type":"ListItem","position":3,"name":"Ulei din s\u00e2mburi de rodie"}]},{"@type":"WebSite","@id":"https:\/\/shop.elia-gr.ro\/#website","url":"https:\/\/shop.elia-gr.ro\/","name":"Elia Grecia","description":"Cele mai bune produse grece\u0219ti pentru tine!","publisher":{"@id":"https:\/\/shop.elia-gr.ro\/#organization"},"potentialAction":[{"@type":"SearchAction","target":{"@type":"EntryPoint","urlTemplate":"https:\/\/shop.elia-gr.ro\/?s={search_term_string}"},"query-input":{"@type":"PropertyValueSpecification","valueRequired":true,"valueName":"search_term_string"}}],"inLanguage":"ro-RO"},{"@type":"Organization","@id":"https:\/\/shop.elia-gr.ro\/#organization","name":"Elia Grecia","url":"https:\/\/shop.elia-gr.ro\/","logo":{"@type":"ImageObject","inLanguage":"ro-RO","@id":"https:\/\/shop.elia-gr.ro\/#\/schema\/logo\/image\/","url":"https:\/\/shop.elia-gr.ro\/wp-content\/uploads\/2024\/09\/new_logo_elia_shop-1.webp","contentUrl":"https:\/\/shop.elia-gr.ro\/wp-content\/uploads\/2024\/09\/new_logo_elia_shop-1.webp","width":141,"height":50,"caption":"Elia Grecia"},"image":{"@id":"https:\/\/shop.elia-gr.ro\/#\/schema\/logo\/image\/"},"sameAs":["https:\/\/www.facebook.com\/profile.php?id=100063888292671"]}]}},"jetpack_sharing_enabled":true,"_links":{"self":[{"href":"https:\/\/shop.elia-gr.ro\/index.php\/wp-json\/wp\/v2\/product\/18159","targetHints":{"allow":["GET"]}}],"collection":[{"href":"https:\/\/shop.elia-gr.ro\/index.php\/wp-json\/wp\/v2\/product"}],"about":[{"href":"https:\/\/shop.elia-gr.ro\/index.php\/wp-json\/wp\/v2\/types\/product"}],"replies":[{"embeddable":true,"href":"https:\/\/shop.elia-gr.ro\/index.php\/wp-json\/wp\/v2\/comments?post=18159"}],"version-history":[{"count":4,"href":"https:\/\/shop.elia-gr.ro\/index.php\/wp-json\/wp\/v2\/product\/18159\/revisions"}],"predecessor-version":[{"id":18164,"href":"https:\/\/shop.elia-gr.ro\/index.php\/wp-json\/wp\/v2\/product\/18159\/revisions\/18164"}],"wp:featuredmedia":[{"embeddable":true,"href":"https:\/\/shop.elia-gr.ro\/index.php\/wp-json\/wp\/v2\/media\/18160"}],"wp:attachment":[{"href":"https:\/\/shop.elia-gr.ro\/index.php\/wp-json\/wp\/v2\/media?parent=18159"}],"wp:term":[{"taxonomy":"product_cat","embeddable":true,"href":"https:\/\/shop.elia-gr.ro\/index.php\/wp-json\/wp\/v2\/product_cat?post=18159"},{"taxonomy":"product_tag","embeddable":true,"href":"https:\/\/shop.elia-gr.ro\/index.php\/wp-json\/wp\/v2\/product_tag?post=18159"}],"curies":[{"name":"wp","href":"https:\/\/api.w.org\/{rel}","templated":true}]}}