{"id":18426,"date":"2025-02-13T15:54:29","date_gmt":"2025-02-13T13:54:29","guid":{"rendered":"https:\/\/shop.elia-gr.ro\/?post_type=product&#038;p=18426"},"modified":"2025-04-14T22:43:21","modified_gmt":"2025-04-14T20:43:21","slug":"foaie-de-placinta-taraneasca","status":"publish","type":"product","link":"https:\/\/shop.elia-gr.ro\/index.php\/product\/foaie-de-placinta-taraneasca\/","title":{"rendered":"Foaie de pl\u0103cint\u0103 \u021b\u0103r\u0103neasc\u0103"},"content":{"rendered":"\t\t<div data-elementor-type=\"wp-post\" data-elementor-id=\"18426\" class=\"elementor elementor-18426\" data-elementor-post-type=\"product\">\n\t\t\t\t<div class=\"elementor-element elementor-element-5c387b e-flex e-con-boxed e-con e-parent\" data-id=\"5c387b\" data-element_type=\"container\" data-e-type=\"container\">\n\t\t\t\t\t<div class=\"e-con-inner\">\n\t\t\t\t\t<\/div>\n\t\t\t\t<\/div>\n\t\t\t\t<\/div>\n\t\t","protected":false},"excerpt":{"rendered":"","protected":false},"featured_media":18429,"comment_status":"open","ping_status":"closed","template":"","meta":[],"product_cat":[242],"product_tag":[357,364],"class_list":{"0":"post-18426","1":"product","2":"type-product","3":"status-publish","4":"has-post-thumbnail","6":"product_cat-congelate","7":"product_tag-foaie-de-placinta","8":"product_tag-placinta-taraneasca","10":"first","11":"instock","12":"featured","13":"shipping-taxable","14":"purchasable","15":"product-type-simple"},"yoast_head":"<!-- This site is optimized with the Yoast SEO plugin v27.5 - https:\/\/yoast.com\/product\/yoast-seo-wordpress\/ -->\n<title>Foaie de Pl\u0103cint\u0103 \u021a\u0103r\u0103neasc\u0103 \u2013 Autentic Gust Tradi\u021bional | Elia GR<\/title>\n<meta name=\"description\" content=\"Foaie de pl\u0103cint\u0103 \u021b\u0103r\u0103neasc\u0103 \u2013 groas\u0103, rustic\u0103 \u0219i gustoas\u0103, ideal\u0103 pentru pl\u0103cinte tradi\u021bionale grece\u0219ti. Comand\u0103 acum online pe Shop Elia GR!\" \/>\n<meta name=\"robots\" content=\"index, follow, max-snippet:-1, max-image-preview:large, max-video-preview:-1\" \/>\n<meta property=\"og:locale\" content=\"ro_RO\" \/>\n<meta property=\"og:type\" content=\"article\" \/>\n<meta property=\"og:title\" content=\"Foaie de Pl\u0103cint\u0103 \u021a\u0103r\u0103neasc\u0103 \u2013 Autentic Gust Tradi\u021bional | Elia GR\" \/>\n<meta property=\"og:description\" content=\"Foaie de pl\u0103cint\u0103 \u021b\u0103r\u0103neasc\u0103 \u2013 groas\u0103, rustic\u0103 \u0219i gustoas\u0103, ideal\u0103 pentru pl\u0103cinte tradi\u021bionale grece\u0219ti. Comand\u0103 acum online pe Shop Elia GR!\" \/>\n<meta property=\"og:url\" content=\"https:\/\/shop.elia-gr.ro\/index.php\/product\/foaie-de-placinta-taraneasca\/\" \/>\n<meta property=\"og:site_name\" content=\"Elia Grecia\" \/>\n<meta property=\"article:publisher\" content=\"https:\/\/www.facebook.com\/profile.php?id=100063888292671\" \/>\n<meta property=\"article:modified_time\" content=\"2025-04-14T20:43:21+00:00\" \/>\n<meta property=\"og:image\" content=\"https:\/\/shop.elia-gr.ro\/wp-content\/uploads\/2025\/02\/foaie-placinta.webp\" \/>\n\t<meta property=\"og:image:width\" content=\"300\" \/>\n\t<meta property=\"og:image:height\" content=\"400\" \/>\n\t<meta property=\"og:image:type\" content=\"image\/webp\" \/>\n<meta name=\"twitter:card\" content=\"summary_large_image\" \/>\n<meta name=\"twitter:label1\" content=\"Timp estimat pentru citire\" \/>\n\t<meta name=\"twitter:data1\" content=\"1 minut\" \/>\n<!-- \/ Yoast SEO plugin. -->","yoast_head_json":{"title":"Foaie de Pl\u0103cint\u0103 \u021a\u0103r\u0103neasc\u0103 \u2013 Autentic Gust Tradi\u021bional | Elia GR","description":"Foaie de pl\u0103cint\u0103 \u021b\u0103r\u0103neasc\u0103 \u2013 groas\u0103, rustic\u0103 \u0219i gustoas\u0103, ideal\u0103 pentru pl\u0103cinte tradi\u021bionale grece\u0219ti. Comand\u0103 acum online pe Shop Elia GR!","robots":{"index":"index","follow":"follow","max-snippet":"max-snippet:-1","max-image-preview":"max-image-preview:large","max-video-preview":"max-video-preview:-1"},"og_locale":"ro_RO","og_type":"article","og_title":"Foaie de Pl\u0103cint\u0103 \u021a\u0103r\u0103neasc\u0103 \u2013 Autentic Gust Tradi\u021bional | Elia GR","og_description":"Foaie de pl\u0103cint\u0103 \u021b\u0103r\u0103neasc\u0103 \u2013 groas\u0103, rustic\u0103 \u0219i gustoas\u0103, ideal\u0103 pentru pl\u0103cinte tradi\u021bionale grece\u0219ti. Comand\u0103 acum online pe Shop Elia GR!","og_url":"https:\/\/shop.elia-gr.ro\/index.php\/product\/foaie-de-placinta-taraneasca\/","og_site_name":"Elia Grecia","article_publisher":"https:\/\/www.facebook.com\/profile.php?id=100063888292671","article_modified_time":"2025-04-14T20:43:21+00:00","og_image":[{"width":300,"height":400,"url":"https:\/\/shop.elia-gr.ro\/wp-content\/uploads\/2025\/02\/foaie-placinta.webp","type":"image\/webp"}],"twitter_card":"summary_large_image","twitter_misc":{"Timp estimat pentru citire":"1 minut"},"schema":{"@context":"https:\/\/schema.org","@graph":[{"@type":"WebPage","@id":"https:\/\/shop.elia-gr.ro\/index.php\/product\/foaie-de-placinta-taraneasca\/","url":"https:\/\/shop.elia-gr.ro\/index.php\/product\/foaie-de-placinta-taraneasca\/","name":"Foaie de Pl\u0103cint\u0103 \u021a\u0103r\u0103neasc\u0103 \u2013 Autentic Gust Tradi\u021bional | Elia GR","isPartOf":{"@id":"https:\/\/shop.elia-gr.ro\/#website"},"primaryImageOfPage":{"@id":"https:\/\/shop.elia-gr.ro\/index.php\/product\/foaie-de-placinta-taraneasca\/#primaryimage"},"image":{"@id":"https:\/\/shop.elia-gr.ro\/index.php\/product\/foaie-de-placinta-taraneasca\/#primaryimage"},"thumbnailUrl":"https:\/\/shop.elia-gr.ro\/wp-content\/uploads\/2025\/02\/foaie-placinta.webp","datePublished":"2025-02-13T13:54:29+00:00","dateModified":"2025-04-14T20:43:21+00:00","description":"Foaie de pl\u0103cint\u0103 \u021b\u0103r\u0103neasc\u0103 \u2013 groas\u0103, rustic\u0103 \u0219i gustoas\u0103, ideal\u0103 pentru pl\u0103cinte tradi\u021bionale grece\u0219ti. Comand\u0103 acum online pe Shop Elia GR!","breadcrumb":{"@id":"https:\/\/shop.elia-gr.ro\/index.php\/product\/foaie-de-placinta-taraneasca\/#breadcrumb"},"inLanguage":"ro-RO","potentialAction":[{"@type":"ReadAction","target":["https:\/\/shop.elia-gr.ro\/index.php\/product\/foaie-de-placinta-taraneasca\/"]}]},{"@type":"ImageObject","inLanguage":"ro-RO","@id":"https:\/\/shop.elia-gr.ro\/index.php\/product\/foaie-de-placinta-taraneasca\/#primaryimage","url":"https:\/\/shop.elia-gr.ro\/wp-content\/uploads\/2025\/02\/foaie-placinta.webp","contentUrl":"https:\/\/shop.elia-gr.ro\/wp-content\/uploads\/2025\/02\/foaie-placinta.webp","width":300,"height":400},{"@type":"BreadcrumbList","@id":"https:\/\/shop.elia-gr.ro\/index.php\/product\/foaie-de-placinta-taraneasca\/#breadcrumb","itemListElement":[{"@type":"ListItem","position":1,"name":"Home","item":"https:\/\/shop.elia-gr.ro\/"},{"@type":"ListItem","position":2,"name":"Shop","item":"https:\/\/shop.elia-gr.ro\/index.php\/shop\/"},{"@type":"ListItem","position":3,"name":"Foaie de pl\u0103cint\u0103 \u021b\u0103r\u0103neasc\u0103"}]},{"@type":"WebSite","@id":"https:\/\/shop.elia-gr.ro\/#website","url":"https:\/\/shop.elia-gr.ro\/","name":"Elia Grecia","description":"Cele mai bune produse grece\u0219ti pentru tine!","publisher":{"@id":"https:\/\/shop.elia-gr.ro\/#organization"},"potentialAction":[{"@type":"SearchAction","target":{"@type":"EntryPoint","urlTemplate":"https:\/\/shop.elia-gr.ro\/?s={search_term_string}"},"query-input":{"@type":"PropertyValueSpecification","valueRequired":true,"valueName":"search_term_string"}}],"inLanguage":"ro-RO"},{"@type":"Organization","@id":"https:\/\/shop.elia-gr.ro\/#organization","name":"Elia Grecia","url":"https:\/\/shop.elia-gr.ro\/","logo":{"@type":"ImageObject","inLanguage":"ro-RO","@id":"https:\/\/shop.elia-gr.ro\/#\/schema\/logo\/image\/","url":"https:\/\/shop.elia-gr.ro\/wp-content\/uploads\/2024\/09\/new_logo_elia_shop-1.webp","contentUrl":"https:\/\/shop.elia-gr.ro\/wp-content\/uploads\/2024\/09\/new_logo_elia_shop-1.webp","width":141,"height":50,"caption":"Elia Grecia"},"image":{"@id":"https:\/\/shop.elia-gr.ro\/#\/schema\/logo\/image\/"},"sameAs":["https:\/\/www.facebook.com\/profile.php?id=100063888292671"]}]}},"jetpack_sharing_enabled":true,"_links":{"self":[{"href":"https:\/\/shop.elia-gr.ro\/index.php\/wp-json\/wp\/v2\/product\/18426","targetHints":{"allow":["GET"]}}],"collection":[{"href":"https:\/\/shop.elia-gr.ro\/index.php\/wp-json\/wp\/v2\/product"}],"about":[{"href":"https:\/\/shop.elia-gr.ro\/index.php\/wp-json\/wp\/v2\/types\/product"}],"replies":[{"embeddable":true,"href":"https:\/\/shop.elia-gr.ro\/index.php\/wp-json\/wp\/v2\/comments?post=18426"}],"version-history":[{"count":1,"href":"https:\/\/shop.elia-gr.ro\/index.php\/wp-json\/wp\/v2\/product\/18426\/revisions"}],"predecessor-version":[{"id":18430,"href":"https:\/\/shop.elia-gr.ro\/index.php\/wp-json\/wp\/v2\/product\/18426\/revisions\/18430"}],"wp:featuredmedia":[{"embeddable":true,"href":"https:\/\/shop.elia-gr.ro\/index.php\/wp-json\/wp\/v2\/media\/18429"}],"wp:attachment":[{"href":"https:\/\/shop.elia-gr.ro\/index.php\/wp-json\/wp\/v2\/media?parent=18426"}],"wp:term":[{"taxonomy":"product_cat","embeddable":true,"href":"https:\/\/shop.elia-gr.ro\/index.php\/wp-json\/wp\/v2\/product_cat?post=18426"},{"taxonomy":"product_tag","embeddable":true,"href":"https:\/\/shop.elia-gr.ro\/index.php\/wp-json\/wp\/v2\/product_tag?post=18426"}],"curies":[{"name":"wp","href":"https:\/\/api.w.org\/{rel}","templated":true}]}}