{"id":18431,"date":"2025-02-13T15:56:52","date_gmt":"2025-02-13T13:56:52","guid":{"rendered":"https:\/\/shop.elia-gr.ro\/?post_type=product&#038;p=18431"},"modified":"2025-04-14T22:41:33","modified_gmt":"2025-04-14T20:41:33","slug":"foaie-de-placinta-subtire","status":"publish","type":"product","link":"https:\/\/shop.elia-gr.ro\/index.php\/product\/foaie-de-placinta-subtire\/","title":{"rendered":"Foaie de pl\u0103cint\u0103 sub\u021bire"},"content":{"rendered":"\t\t<div data-elementor-type=\"wp-post\" data-elementor-id=\"18431\" class=\"elementor elementor-18431\" data-elementor-post-type=\"product\">\n\t\t\t\t<div class=\"elementor-element elementor-element-5c387b e-flex e-con-boxed e-con e-parent\" data-id=\"5c387b\" data-element_type=\"container\" data-e-type=\"container\">\n\t\t\t\t\t<div class=\"e-con-inner\">\n\t\t\t\t\t<\/div>\n\t\t\t\t<\/div>\n\t\t\t\t<\/div>\n\t\t","protected":false},"excerpt":{"rendered":"","protected":false},"featured_media":18432,"comment_status":"open","ping_status":"closed","template":"","meta":[],"product_cat":[242],"product_tag":[357,362,363],"class_list":{"0":"post-18431","1":"product","2":"type-product","3":"status-publish","4":"has-post-thumbnail","6":"product_cat-congelate","7":"product_tag-foaie-de-placinta","8":"product_tag-foaie-subtire","9":"product_tag-preparate-traditionale","11":"first","12":"instock","13":"featured","14":"shipping-taxable","15":"purchasable","16":"product-type-simple"},"yoast_head":"<!-- This site is optimized with the Yoast SEO plugin v27.5 - https:\/\/yoast.com\/product\/yoast-seo-wordpress\/ -->\n<title>Foaie de Pl\u0103cint\u0103 Sub\u021bire \u2013 Ideal\u0103 pentru Pl\u0103cinte Fine | Elia GR<\/title>\n<meta name=\"description\" content=\"Foaie de pl\u0103cint\u0103 sub\u021bire \u2013 perfect\u0103 pentru preparate tradi\u021bionale, dulci sau s\u0103rate. Textur\u0103 fin\u0103 \u0219i flexibil\u0103. Comand\u0103 online de la Shop Elia GR!\" \/>\n<meta name=\"robots\" content=\"index, follow, max-snippet:-1, max-image-preview:large, max-video-preview:-1\" \/>\n<meta property=\"og:locale\" content=\"ro_RO\" \/>\n<meta property=\"og:type\" content=\"article\" \/>\n<meta property=\"og:title\" content=\"Foaie de Pl\u0103cint\u0103 Sub\u021bire \u2013 Ideal\u0103 pentru Pl\u0103cinte Fine | Elia GR\" \/>\n<meta property=\"og:description\" content=\"Foaie de pl\u0103cint\u0103 sub\u021bire \u2013 perfect\u0103 pentru preparate tradi\u021bionale, dulci sau s\u0103rate. Textur\u0103 fin\u0103 \u0219i flexibil\u0103. Comand\u0103 online de la Shop Elia GR!\" \/>\n<meta property=\"og:url\" content=\"https:\/\/shop.elia-gr.ro\/index.php\/product\/foaie-de-placinta-subtire\/\" \/>\n<meta property=\"og:site_name\" content=\"Elia Grecia\" \/>\n<meta property=\"article:publisher\" content=\"https:\/\/www.facebook.com\/profile.php?id=100063888292671\" \/>\n<meta property=\"article:modified_time\" content=\"2025-04-14T20:41:33+00:00\" \/>\n<meta property=\"og:image\" content=\"https:\/\/shop.elia-gr.ro\/wp-content\/uploads\/2025\/02\/foaie-placinta-subtire.webp\" \/>\n\t<meta property=\"og:image:width\" content=\"300\" \/>\n\t<meta property=\"og:image:height\" content=\"400\" \/>\n\t<meta property=\"og:image:type\" content=\"image\/webp\" \/>\n<meta name=\"twitter:card\" content=\"summary_large_image\" \/>\n<meta name=\"twitter:label1\" content=\"Timp estimat pentru citire\" \/>\n\t<meta name=\"twitter:data1\" content=\"1 minut\" \/>\n<!-- \/ Yoast SEO plugin. -->","yoast_head_json":{"title":"Foaie de Pl\u0103cint\u0103 Sub\u021bire \u2013 Ideal\u0103 pentru Pl\u0103cinte Fine | Elia GR","description":"Foaie de pl\u0103cint\u0103 sub\u021bire \u2013 perfect\u0103 pentru preparate tradi\u021bionale, dulci sau s\u0103rate. Textur\u0103 fin\u0103 \u0219i flexibil\u0103. Comand\u0103 online de la Shop Elia GR!","robots":{"index":"index","follow":"follow","max-snippet":"max-snippet:-1","max-image-preview":"max-image-preview:large","max-video-preview":"max-video-preview:-1"},"og_locale":"ro_RO","og_type":"article","og_title":"Foaie de Pl\u0103cint\u0103 Sub\u021bire \u2013 Ideal\u0103 pentru Pl\u0103cinte Fine | Elia GR","og_description":"Foaie de pl\u0103cint\u0103 sub\u021bire \u2013 perfect\u0103 pentru preparate tradi\u021bionale, dulci sau s\u0103rate. Textur\u0103 fin\u0103 \u0219i flexibil\u0103. Comand\u0103 online de la Shop Elia GR!","og_url":"https:\/\/shop.elia-gr.ro\/index.php\/product\/foaie-de-placinta-subtire\/","og_site_name":"Elia Grecia","article_publisher":"https:\/\/www.facebook.com\/profile.php?id=100063888292671","article_modified_time":"2025-04-14T20:41:33+00:00","og_image":[{"width":300,"height":400,"url":"https:\/\/shop.elia-gr.ro\/wp-content\/uploads\/2025\/02\/foaie-placinta-subtire.webp","type":"image\/webp"}],"twitter_card":"summary_large_image","twitter_misc":{"Timp estimat pentru citire":"1 minut"},"schema":{"@context":"https:\/\/schema.org","@graph":[{"@type":"WebPage","@id":"https:\/\/shop.elia-gr.ro\/index.php\/product\/foaie-de-placinta-subtire\/","url":"https:\/\/shop.elia-gr.ro\/index.php\/product\/foaie-de-placinta-subtire\/","name":"Foaie de Pl\u0103cint\u0103 Sub\u021bire \u2013 Ideal\u0103 pentru Pl\u0103cinte Fine | Elia GR","isPartOf":{"@id":"https:\/\/shop.elia-gr.ro\/#website"},"primaryImageOfPage":{"@id":"https:\/\/shop.elia-gr.ro\/index.php\/product\/foaie-de-placinta-subtire\/#primaryimage"},"image":{"@id":"https:\/\/shop.elia-gr.ro\/index.php\/product\/foaie-de-placinta-subtire\/#primaryimage"},"thumbnailUrl":"https:\/\/shop.elia-gr.ro\/wp-content\/uploads\/2025\/02\/foaie-placinta-subtire.webp","datePublished":"2025-02-13T13:56:52+00:00","dateModified":"2025-04-14T20:41:33+00:00","description":"Foaie de pl\u0103cint\u0103 sub\u021bire \u2013 perfect\u0103 pentru preparate tradi\u021bionale, dulci sau s\u0103rate. Textur\u0103 fin\u0103 \u0219i flexibil\u0103. Comand\u0103 online de la Shop Elia GR!","breadcrumb":{"@id":"https:\/\/shop.elia-gr.ro\/index.php\/product\/foaie-de-placinta-subtire\/#breadcrumb"},"inLanguage":"ro-RO","potentialAction":[{"@type":"ReadAction","target":["https:\/\/shop.elia-gr.ro\/index.php\/product\/foaie-de-placinta-subtire\/"]}]},{"@type":"ImageObject","inLanguage":"ro-RO","@id":"https:\/\/shop.elia-gr.ro\/index.php\/product\/foaie-de-placinta-subtire\/#primaryimage","url":"https:\/\/shop.elia-gr.ro\/wp-content\/uploads\/2025\/02\/foaie-placinta-subtire.webp","contentUrl":"https:\/\/shop.elia-gr.ro\/wp-content\/uploads\/2025\/02\/foaie-placinta-subtire.webp","width":300,"height":400},{"@type":"BreadcrumbList","@id":"https:\/\/shop.elia-gr.ro\/index.php\/product\/foaie-de-placinta-subtire\/#breadcrumb","itemListElement":[{"@type":"ListItem","position":1,"name":"Home","item":"https:\/\/shop.elia-gr.ro\/"},{"@type":"ListItem","position":2,"name":"Shop","item":"https:\/\/shop.elia-gr.ro\/index.php\/shop\/"},{"@type":"ListItem","position":3,"name":"Foaie de pl\u0103cint\u0103 sub\u021bire"}]},{"@type":"WebSite","@id":"https:\/\/shop.elia-gr.ro\/#website","url":"https:\/\/shop.elia-gr.ro\/","name":"Elia Grecia","description":"Cele mai bune produse grece\u0219ti pentru tine!","publisher":{"@id":"https:\/\/shop.elia-gr.ro\/#organization"},"potentialAction":[{"@type":"SearchAction","target":{"@type":"EntryPoint","urlTemplate":"https:\/\/shop.elia-gr.ro\/?s={search_term_string}"},"query-input":{"@type":"PropertyValueSpecification","valueRequired":true,"valueName":"search_term_string"}}],"inLanguage":"ro-RO"},{"@type":"Organization","@id":"https:\/\/shop.elia-gr.ro\/#organization","name":"Elia Grecia","url":"https:\/\/shop.elia-gr.ro\/","logo":{"@type":"ImageObject","inLanguage":"ro-RO","@id":"https:\/\/shop.elia-gr.ro\/#\/schema\/logo\/image\/","url":"https:\/\/shop.elia-gr.ro\/wp-content\/uploads\/2024\/09\/new_logo_elia_shop-1.webp","contentUrl":"https:\/\/shop.elia-gr.ro\/wp-content\/uploads\/2024\/09\/new_logo_elia_shop-1.webp","width":141,"height":50,"caption":"Elia Grecia"},"image":{"@id":"https:\/\/shop.elia-gr.ro\/#\/schema\/logo\/image\/"},"sameAs":["https:\/\/www.facebook.com\/profile.php?id=100063888292671"]}]}},"jetpack_sharing_enabled":true,"_links":{"self":[{"href":"https:\/\/shop.elia-gr.ro\/index.php\/wp-json\/wp\/v2\/product\/18431","targetHints":{"allow":["GET"]}}],"collection":[{"href":"https:\/\/shop.elia-gr.ro\/index.php\/wp-json\/wp\/v2\/product"}],"about":[{"href":"https:\/\/shop.elia-gr.ro\/index.php\/wp-json\/wp\/v2\/types\/product"}],"replies":[{"embeddable":true,"href":"https:\/\/shop.elia-gr.ro\/index.php\/wp-json\/wp\/v2\/comments?post=18431"}],"version-history":[{"count":1,"href":"https:\/\/shop.elia-gr.ro\/index.php\/wp-json\/wp\/v2\/product\/18431\/revisions"}],"predecessor-version":[{"id":18433,"href":"https:\/\/shop.elia-gr.ro\/index.php\/wp-json\/wp\/v2\/product\/18431\/revisions\/18433"}],"wp:featuredmedia":[{"embeddable":true,"href":"https:\/\/shop.elia-gr.ro\/index.php\/wp-json\/wp\/v2\/media\/18432"}],"wp:attachment":[{"href":"https:\/\/shop.elia-gr.ro\/index.php\/wp-json\/wp\/v2\/media?parent=18431"}],"wp:term":[{"taxonomy":"product_cat","embeddable":true,"href":"https:\/\/shop.elia-gr.ro\/index.php\/wp-json\/wp\/v2\/product_cat?post=18431"},{"taxonomy":"product_tag","embeddable":true,"href":"https:\/\/shop.elia-gr.ro\/index.php\/wp-json\/wp\/v2\/product_tag?post=18431"}],"curies":[{"name":"wp","href":"https:\/\/api.w.org\/{rel}","templated":true}]}}