{"id":18440,"date":"2025-02-13T16:04:55","date_gmt":"2025-02-13T14:04:55","guid":{"rendered":"https:\/\/shop.elia-gr.ro\/?post_type=product&#038;p=18440"},"modified":"2025-08-06T21:11:10","modified_gmt":"2025-08-06T19:11:10","slug":"placinta-cu-branza-triunghiulara","status":"publish","type":"product","link":"https:\/\/shop.elia-gr.ro\/index.php\/product\/placinta-cu-branza-triunghiulara\/","title":{"rendered":"Pl\u0103cint\u0103 cu br\u00e2nz\u0103 triunghiular\u0103"},"content":{"rendered":"\t\t<div data-elementor-type=\"wp-post\" data-elementor-id=\"18440\" class=\"elementor elementor-18440\" data-elementor-post-type=\"product\">\n\t\t\t\t<div class=\"elementor-element elementor-element-5c387b e-flex e-con-boxed e-con e-parent\" data-id=\"5c387b\" data-element_type=\"container\" data-e-type=\"container\">\n\t\t\t\t\t<div class=\"e-con-inner\">\n\t\t\t\t\t<\/div>\n\t\t\t\t<\/div>\n\t\t\t\t<\/div>\n\t\t","protected":false},"excerpt":{"rendered":"<p>Savureaz\u0103 o pl\u0103cint\u0103 cu br\u00e2nz\u0103 triunghiular\u0103 \u2013 re\u021bet\u0103 greceasc\u0103 autentic\u0103, cu aluat fraged \u0219i umplutur\u0103 cremoas\u0103.<\/p>\n","protected":false},"featured_media":18447,"comment_status":"open","ping_status":"closed","template":"","meta":[],"product_cat":[242],"product_tag":[354,356,355],"class_list":{"0":"post-18440","1":"product","2":"type-product","3":"status-publish","4":"has-post-thumbnail","6":"product_cat-congelate","7":"product_tag-gust-autentic","8":"product_tag-placinta-cu-branza","9":"product_tag-reteta-greceasca","11":"first","12":"instock","13":"featured","14":"shipping-taxable","15":"purchasable","16":"product-type-variable"},"yoast_head":"<!-- This site is optimized with the Yoast SEO plugin v27.5 - https:\/\/yoast.com\/product\/yoast-seo-wordpress\/ -->\n<title>Pl\u0103cint\u0103 cu Br\u00e2nz\u0103 Triunghiular\u0103 \u2013 Gust Autentic Grecesc | Elia GR<\/title>\n<meta name=\"description\" content=\"Savureaz\u0103 o pl\u0103cint\u0103 cu br\u00e2nz\u0103 triunghiular\u0103 \u2013 re\u021bet\u0103 greceasc\u0103 autentic\u0103, cu aluat fraged \u0219i umplutur\u0103 cremoas\u0103. Disponibil\u0103 pe Shop Elia GR!\" \/>\n<meta name=\"robots\" content=\"index, follow, max-snippet:-1, max-image-preview:large, max-video-preview:-1\" \/>\n<meta property=\"og:locale\" content=\"ro_RO\" \/>\n<meta property=\"og:type\" content=\"article\" \/>\n<meta property=\"og:title\" content=\"Pl\u0103cint\u0103 cu Br\u00e2nz\u0103 Triunghiular\u0103 \u2013 Gust Autentic Grecesc | Elia GR\" \/>\n<meta property=\"og:description\" content=\"Savureaz\u0103 o pl\u0103cint\u0103 cu br\u00e2nz\u0103 triunghiular\u0103 \u2013 re\u021bet\u0103 greceasc\u0103 autentic\u0103, cu aluat fraged \u0219i umplutur\u0103 cremoas\u0103. Disponibil\u0103 pe Shop Elia GR!\" \/>\n<meta property=\"og:url\" content=\"https:\/\/shop.elia-gr.ro\/index.php\/product\/placinta-cu-branza-triunghiulara\/\" \/>\n<meta property=\"og:site_name\" content=\"Elia Grecia\" \/>\n<meta property=\"article:publisher\" content=\"https:\/\/www.facebook.com\/profile.php?id=100063888292671\" \/>\n<meta property=\"article:modified_time\" content=\"2025-08-06T19:11:10+00:00\" \/>\n<meta property=\"og:image\" content=\"https:\/\/shop.elia-gr.ro\/wp-content\/uploads\/2025\/02\/placinta.webp\" \/>\n\t<meta property=\"og:image:width\" content=\"300\" \/>\n\t<meta property=\"og:image:height\" content=\"400\" \/>\n\t<meta property=\"og:image:type\" content=\"image\/webp\" \/>\n<meta name=\"twitter:card\" content=\"summary_large_image\" \/>\n<meta name=\"twitter:label1\" content=\"Timp estimat pentru citire\" \/>\n\t<meta name=\"twitter:data1\" content=\"1 minut\" \/>\n<!-- \/ Yoast SEO plugin. -->","yoast_head_json":{"title":"Pl\u0103cint\u0103 cu Br\u00e2nz\u0103 Triunghiular\u0103 \u2013 Gust Autentic Grecesc | Elia GR","description":"Savureaz\u0103 o pl\u0103cint\u0103 cu br\u00e2nz\u0103 triunghiular\u0103 \u2013 re\u021bet\u0103 greceasc\u0103 autentic\u0103, cu aluat fraged \u0219i umplutur\u0103 cremoas\u0103. Disponibil\u0103 pe Shop Elia GR!","robots":{"index":"index","follow":"follow","max-snippet":"max-snippet:-1","max-image-preview":"max-image-preview:large","max-video-preview":"max-video-preview:-1"},"og_locale":"ro_RO","og_type":"article","og_title":"Pl\u0103cint\u0103 cu Br\u00e2nz\u0103 Triunghiular\u0103 \u2013 Gust Autentic Grecesc | Elia GR","og_description":"Savureaz\u0103 o pl\u0103cint\u0103 cu br\u00e2nz\u0103 triunghiular\u0103 \u2013 re\u021bet\u0103 greceasc\u0103 autentic\u0103, cu aluat fraged \u0219i umplutur\u0103 cremoas\u0103. Disponibil\u0103 pe Shop Elia GR!","og_url":"https:\/\/shop.elia-gr.ro\/index.php\/product\/placinta-cu-branza-triunghiulara\/","og_site_name":"Elia Grecia","article_publisher":"https:\/\/www.facebook.com\/profile.php?id=100063888292671","article_modified_time":"2025-08-06T19:11:10+00:00","og_image":[{"width":300,"height":400,"url":"https:\/\/shop.elia-gr.ro\/wp-content\/uploads\/2025\/02\/placinta.webp","type":"image\/webp"}],"twitter_card":"summary_large_image","twitter_misc":{"Timp estimat pentru citire":"1 minut"},"schema":{"@context":"https:\/\/schema.org","@graph":[{"@type":"WebPage","@id":"https:\/\/shop.elia-gr.ro\/index.php\/product\/placinta-cu-branza-triunghiulara\/","url":"https:\/\/shop.elia-gr.ro\/index.php\/product\/placinta-cu-branza-triunghiulara\/","name":"Pl\u0103cint\u0103 cu Br\u00e2nz\u0103 Triunghiular\u0103 \u2013 Gust Autentic Grecesc | Elia GR","isPartOf":{"@id":"https:\/\/shop.elia-gr.ro\/#website"},"primaryImageOfPage":{"@id":"https:\/\/shop.elia-gr.ro\/index.php\/product\/placinta-cu-branza-triunghiulara\/#primaryimage"},"image":{"@id":"https:\/\/shop.elia-gr.ro\/index.php\/product\/placinta-cu-branza-triunghiulara\/#primaryimage"},"thumbnailUrl":"https:\/\/shop.elia-gr.ro\/wp-content\/uploads\/2025\/02\/placinta.webp","datePublished":"2025-02-13T14:04:55+00:00","dateModified":"2025-08-06T19:11:10+00:00","description":"Savureaz\u0103 o pl\u0103cint\u0103 cu br\u00e2nz\u0103 triunghiular\u0103 \u2013 re\u021bet\u0103 greceasc\u0103 autentic\u0103, cu aluat fraged \u0219i umplutur\u0103 cremoas\u0103. Disponibil\u0103 pe Shop Elia GR!","breadcrumb":{"@id":"https:\/\/shop.elia-gr.ro\/index.php\/product\/placinta-cu-branza-triunghiulara\/#breadcrumb"},"inLanguage":"ro-RO","potentialAction":[{"@type":"ReadAction","target":["https:\/\/shop.elia-gr.ro\/index.php\/product\/placinta-cu-branza-triunghiulara\/"]}]},{"@type":"ImageObject","inLanguage":"ro-RO","@id":"https:\/\/shop.elia-gr.ro\/index.php\/product\/placinta-cu-branza-triunghiulara\/#primaryimage","url":"https:\/\/shop.elia-gr.ro\/wp-content\/uploads\/2025\/02\/placinta.webp","contentUrl":"https:\/\/shop.elia-gr.ro\/wp-content\/uploads\/2025\/02\/placinta.webp","width":300,"height":400},{"@type":"BreadcrumbList","@id":"https:\/\/shop.elia-gr.ro\/index.php\/product\/placinta-cu-branza-triunghiulara\/#breadcrumb","itemListElement":[{"@type":"ListItem","position":1,"name":"Home","item":"https:\/\/shop.elia-gr.ro\/"},{"@type":"ListItem","position":2,"name":"Shop","item":"https:\/\/shop.elia-gr.ro\/index.php\/shop\/"},{"@type":"ListItem","position":3,"name":"Pl\u0103cint\u0103 cu br\u00e2nz\u0103 triunghiular\u0103"}]},{"@type":"WebSite","@id":"https:\/\/shop.elia-gr.ro\/#website","url":"https:\/\/shop.elia-gr.ro\/","name":"Elia Grecia","description":"Cele mai bune produse grece\u0219ti pentru tine!","publisher":{"@id":"https:\/\/shop.elia-gr.ro\/#organization"},"potentialAction":[{"@type":"SearchAction","target":{"@type":"EntryPoint","urlTemplate":"https:\/\/shop.elia-gr.ro\/?s={search_term_string}"},"query-input":{"@type":"PropertyValueSpecification","valueRequired":true,"valueName":"search_term_string"}}],"inLanguage":"ro-RO"},{"@type":"Organization","@id":"https:\/\/shop.elia-gr.ro\/#organization","name":"Elia Grecia","url":"https:\/\/shop.elia-gr.ro\/","logo":{"@type":"ImageObject","inLanguage":"ro-RO","@id":"https:\/\/shop.elia-gr.ro\/#\/schema\/logo\/image\/","url":"https:\/\/shop.elia-gr.ro\/wp-content\/uploads\/2024\/09\/new_logo_elia_shop-1.webp","contentUrl":"https:\/\/shop.elia-gr.ro\/wp-content\/uploads\/2024\/09\/new_logo_elia_shop-1.webp","width":141,"height":50,"caption":"Elia Grecia"},"image":{"@id":"https:\/\/shop.elia-gr.ro\/#\/schema\/logo\/image\/"},"sameAs":["https:\/\/www.facebook.com\/profile.php?id=100063888292671"]}]}},"jetpack_sharing_enabled":true,"_links":{"self":[{"href":"https:\/\/shop.elia-gr.ro\/index.php\/wp-json\/wp\/v2\/product\/18440","targetHints":{"allow":["GET"]}}],"collection":[{"href":"https:\/\/shop.elia-gr.ro\/index.php\/wp-json\/wp\/v2\/product"}],"about":[{"href":"https:\/\/shop.elia-gr.ro\/index.php\/wp-json\/wp\/v2\/types\/product"}],"replies":[{"embeddable":true,"href":"https:\/\/shop.elia-gr.ro\/index.php\/wp-json\/wp\/v2\/comments?post=18440"}],"version-history":[{"count":2,"href":"https:\/\/shop.elia-gr.ro\/index.php\/wp-json\/wp\/v2\/product\/18440\/revisions"}],"predecessor-version":[{"id":21434,"href":"https:\/\/shop.elia-gr.ro\/index.php\/wp-json\/wp\/v2\/product\/18440\/revisions\/21434"}],"wp:featuredmedia":[{"embeddable":true,"href":"https:\/\/shop.elia-gr.ro\/index.php\/wp-json\/wp\/v2\/media\/18447"}],"wp:attachment":[{"href":"https:\/\/shop.elia-gr.ro\/index.php\/wp-json\/wp\/v2\/media?parent=18440"}],"wp:term":[{"taxonomy":"product_cat","embeddable":true,"href":"https:\/\/shop.elia-gr.ro\/index.php\/wp-json\/wp\/v2\/product_cat?post=18440"},{"taxonomy":"product_tag","embeddable":true,"href":"https:\/\/shop.elia-gr.ro\/index.php\/wp-json\/wp\/v2\/product_tag?post=18440"}],"curies":[{"name":"wp","href":"https:\/\/api.w.org\/{rel}","templated":true}]}}