{"id":18476,"date":"2025-02-13T20:03:05","date_gmt":"2025-02-13T18:03:05","guid":{"rendered":"https:\/\/shop.elia-gr.ro\/?post_type=product&#038;p=18476"},"modified":"2025-05-06T14:37:56","modified_gmt":"2025-05-06T12:37:56","slug":"placinta-cu-feta-tyropita","status":"publish","type":"product","link":"https:\/\/shop.elia-gr.ro\/index.php\/product\/placinta-cu-feta-tyropita\/","title":{"rendered":"Pl\u0103cint\u0103 cu feta (tyropita)"},"content":{"rendered":"\t\t<div data-elementor-type=\"wp-post\" data-elementor-id=\"18476\" class=\"elementor elementor-18476\" data-elementor-post-type=\"product\">\n\t\t\t\t<div class=\"elementor-element elementor-element-5c387b e-flex e-con-boxed e-con e-parent\" data-id=\"5c387b\" data-element_type=\"container\" data-e-type=\"container\">\n\t\t\t\t\t<div class=\"e-con-inner\">\n\t\t\t\t\t<\/div>\n\t\t\t\t<\/div>\n\t\t\t\t<\/div>\n\t\t","protected":false},"excerpt":{"rendered":"","protected":false},"featured_media":18477,"comment_status":"open","ping_status":"closed","template":"","meta":[],"product_cat":[242],"product_tag":[],"class_list":{"0":"post-18476","1":"product","2":"type-product","3":"status-publish","4":"has-post-thumbnail","6":"product_cat-congelate","8":"first","9":"outofstock","10":"featured","11":"shipping-taxable","12":"product-type-simple"},"yoast_head":"<!-- This site is optimized with the Yoast SEO plugin v27.5 - https:\/\/yoast.com\/product\/yoast-seo-wordpress\/ -->\n<title>Tyropita \u2013 Pl\u0103cint\u0103 greceasc\u0103 cu feta, fin\u0103 \u0219i savuroas\u0103<\/title>\n<meta name=\"description\" content=\"Tyropita \u2013 pl\u0103cint\u0103 greceasc\u0103 tradi\u021bional\u0103, cu foi crocante \u0219i br\u00e2nz\u0103 feta cremoas\u0103. Gust autentic, perfect pentru orice moment al zilei.\" \/>\n<meta name=\"robots\" content=\"index, follow, max-snippet:-1, max-image-preview:large, max-video-preview:-1\" \/>\n<meta property=\"og:locale\" content=\"ro_RO\" \/>\n<meta property=\"og:type\" content=\"article\" \/>\n<meta property=\"og:title\" content=\"Tyropita \u2013 Pl\u0103cint\u0103 greceasc\u0103 cu feta, fin\u0103 \u0219i savuroas\u0103\" \/>\n<meta property=\"og:description\" content=\"Tyropita \u2013 pl\u0103cint\u0103 greceasc\u0103 tradi\u021bional\u0103, cu foi crocante \u0219i br\u00e2nz\u0103 feta cremoas\u0103. Gust autentic, perfect pentru orice moment al zilei.\" \/>\n<meta property=\"og:url\" content=\"https:\/\/shop.elia-gr.ro\/index.php\/product\/placinta-cu-feta-tyropita\/\" \/>\n<meta property=\"og:site_name\" content=\"Elia Grecia\" \/>\n<meta property=\"article:publisher\" content=\"https:\/\/www.facebook.com\/profile.php?id=100063888292671\" \/>\n<meta property=\"article:modified_time\" content=\"2025-05-06T12:37:56+00:00\" \/>\n<meta property=\"og:image\" content=\"https:\/\/shop.elia-gr.ro\/wp-content\/uploads\/2025\/02\/tyropita.webp\" \/>\n\t<meta property=\"og:image:width\" content=\"800\" \/>\n\t<meta property=\"og:image:height\" content=\"960\" \/>\n\t<meta property=\"og:image:type\" content=\"image\/webp\" \/>\n<meta name=\"twitter:card\" content=\"summary_large_image\" \/>\n<meta name=\"twitter:label1\" content=\"Timp estimat pentru citire\" \/>\n\t<meta name=\"twitter:data1\" content=\"1 minut\" \/>\n<!-- \/ Yoast SEO plugin. -->","yoast_head_json":{"title":"Tyropita \u2013 Pl\u0103cint\u0103 greceasc\u0103 cu feta, fin\u0103 \u0219i savuroas\u0103","description":"Tyropita \u2013 pl\u0103cint\u0103 greceasc\u0103 tradi\u021bional\u0103, cu foi crocante \u0219i br\u00e2nz\u0103 feta cremoas\u0103. Gust autentic, perfect pentru orice moment al zilei.","robots":{"index":"index","follow":"follow","max-snippet":"max-snippet:-1","max-image-preview":"max-image-preview:large","max-video-preview":"max-video-preview:-1"},"og_locale":"ro_RO","og_type":"article","og_title":"Tyropita \u2013 Pl\u0103cint\u0103 greceasc\u0103 cu feta, fin\u0103 \u0219i savuroas\u0103","og_description":"Tyropita \u2013 pl\u0103cint\u0103 greceasc\u0103 tradi\u021bional\u0103, cu foi crocante \u0219i br\u00e2nz\u0103 feta cremoas\u0103. Gust autentic, perfect pentru orice moment al zilei.","og_url":"https:\/\/shop.elia-gr.ro\/index.php\/product\/placinta-cu-feta-tyropita\/","og_site_name":"Elia Grecia","article_publisher":"https:\/\/www.facebook.com\/profile.php?id=100063888292671","article_modified_time":"2025-05-06T12:37:56+00:00","og_image":[{"width":800,"height":960,"url":"https:\/\/shop.elia-gr.ro\/wp-content\/uploads\/2025\/02\/tyropita.webp","type":"image\/webp"}],"twitter_card":"summary_large_image","twitter_misc":{"Timp estimat pentru citire":"1 minut"},"schema":{"@context":"https:\/\/schema.org","@graph":[{"@type":"WebPage","@id":"https:\/\/shop.elia-gr.ro\/index.php\/product\/placinta-cu-feta-tyropita\/","url":"https:\/\/shop.elia-gr.ro\/index.php\/product\/placinta-cu-feta-tyropita\/","name":"Tyropita \u2013 Pl\u0103cint\u0103 greceasc\u0103 cu feta, fin\u0103 \u0219i savuroas\u0103","isPartOf":{"@id":"https:\/\/shop.elia-gr.ro\/#website"},"primaryImageOfPage":{"@id":"https:\/\/shop.elia-gr.ro\/index.php\/product\/placinta-cu-feta-tyropita\/#primaryimage"},"image":{"@id":"https:\/\/shop.elia-gr.ro\/index.php\/product\/placinta-cu-feta-tyropita\/#primaryimage"},"thumbnailUrl":"https:\/\/shop.elia-gr.ro\/wp-content\/uploads\/2025\/02\/tyropita.webp","datePublished":"2025-02-13T18:03:05+00:00","dateModified":"2025-05-06T12:37:56+00:00","description":"Tyropita \u2013 pl\u0103cint\u0103 greceasc\u0103 tradi\u021bional\u0103, cu foi crocante \u0219i br\u00e2nz\u0103 feta cremoas\u0103. Gust autentic, perfect pentru orice moment al zilei.","breadcrumb":{"@id":"https:\/\/shop.elia-gr.ro\/index.php\/product\/placinta-cu-feta-tyropita\/#breadcrumb"},"inLanguage":"ro-RO","potentialAction":[{"@type":"ReadAction","target":["https:\/\/shop.elia-gr.ro\/index.php\/product\/placinta-cu-feta-tyropita\/"]}]},{"@type":"ImageObject","inLanguage":"ro-RO","@id":"https:\/\/shop.elia-gr.ro\/index.php\/product\/placinta-cu-feta-tyropita\/#primaryimage","url":"https:\/\/shop.elia-gr.ro\/wp-content\/uploads\/2025\/02\/tyropita.webp","contentUrl":"https:\/\/shop.elia-gr.ro\/wp-content\/uploads\/2025\/02\/tyropita.webp","width":800,"height":960},{"@type":"BreadcrumbList","@id":"https:\/\/shop.elia-gr.ro\/index.php\/product\/placinta-cu-feta-tyropita\/#breadcrumb","itemListElement":[{"@type":"ListItem","position":1,"name":"Home","item":"https:\/\/shop.elia-gr.ro\/"},{"@type":"ListItem","position":2,"name":"Shop","item":"https:\/\/shop.elia-gr.ro\/index.php\/shop\/"},{"@type":"ListItem","position":3,"name":"Pl\u0103cint\u0103 cu feta (tyropita)"}]},{"@type":"WebSite","@id":"https:\/\/shop.elia-gr.ro\/#website","url":"https:\/\/shop.elia-gr.ro\/","name":"Elia Grecia","description":"Cele mai bune produse grece\u0219ti pentru tine!","publisher":{"@id":"https:\/\/shop.elia-gr.ro\/#organization"},"potentialAction":[{"@type":"SearchAction","target":{"@type":"EntryPoint","urlTemplate":"https:\/\/shop.elia-gr.ro\/?s={search_term_string}"},"query-input":{"@type":"PropertyValueSpecification","valueRequired":true,"valueName":"search_term_string"}}],"inLanguage":"ro-RO"},{"@type":"Organization","@id":"https:\/\/shop.elia-gr.ro\/#organization","name":"Elia Grecia","url":"https:\/\/shop.elia-gr.ro\/","logo":{"@type":"ImageObject","inLanguage":"ro-RO","@id":"https:\/\/shop.elia-gr.ro\/#\/schema\/logo\/image\/","url":"https:\/\/shop.elia-gr.ro\/wp-content\/uploads\/2024\/09\/new_logo_elia_shop-1.webp","contentUrl":"https:\/\/shop.elia-gr.ro\/wp-content\/uploads\/2024\/09\/new_logo_elia_shop-1.webp","width":141,"height":50,"caption":"Elia Grecia"},"image":{"@id":"https:\/\/shop.elia-gr.ro\/#\/schema\/logo\/image\/"},"sameAs":["https:\/\/www.facebook.com\/profile.php?id=100063888292671"]}]}},"jetpack_sharing_enabled":true,"_links":{"self":[{"href":"https:\/\/shop.elia-gr.ro\/index.php\/wp-json\/wp\/v2\/product\/18476","targetHints":{"allow":["GET"]}}],"collection":[{"href":"https:\/\/shop.elia-gr.ro\/index.php\/wp-json\/wp\/v2\/product"}],"about":[{"href":"https:\/\/shop.elia-gr.ro\/index.php\/wp-json\/wp\/v2\/types\/product"}],"replies":[{"embeddable":true,"href":"https:\/\/shop.elia-gr.ro\/index.php\/wp-json\/wp\/v2\/comments?post=18476"}],"version-history":[{"count":1,"href":"https:\/\/shop.elia-gr.ro\/index.php\/wp-json\/wp\/v2\/product\/18476\/revisions"}],"predecessor-version":[{"id":18478,"href":"https:\/\/shop.elia-gr.ro\/index.php\/wp-json\/wp\/v2\/product\/18476\/revisions\/18478"}],"wp:featuredmedia":[{"embeddable":true,"href":"https:\/\/shop.elia-gr.ro\/index.php\/wp-json\/wp\/v2\/media\/18477"}],"wp:attachment":[{"href":"https:\/\/shop.elia-gr.ro\/index.php\/wp-json\/wp\/v2\/media?parent=18476"}],"wp:term":[{"taxonomy":"product_cat","embeddable":true,"href":"https:\/\/shop.elia-gr.ro\/index.php\/wp-json\/wp\/v2\/product_cat?post=18476"},{"taxonomy":"product_tag","embeddable":true,"href":"https:\/\/shop.elia-gr.ro\/index.php\/wp-json\/wp\/v2\/product_tag?post=18476"}],"curies":[{"name":"wp","href":"https:\/\/api.w.org\/{rel}","templated":true}]}}