{"id":18479,"date":"2025-02-13T20:05:28","date_gmt":"2025-02-13T18:05:28","guid":{"rendered":"https:\/\/shop.elia-gr.ro\/?post_type=product&#038;p=18479"},"modified":"2025-05-06T14:36:37","modified_gmt":"2025-05-06T12:36:37","slug":"placinta-cu-feta-si-spanac-spanakotyropita","status":"publish","type":"product","link":"https:\/\/shop.elia-gr.ro\/index.php\/product\/placinta-cu-feta-si-spanac-spanakotyropita\/","title":{"rendered":"Pl\u0103cint\u0103 cu feta \u0219i spanac (Spanakotyropita)"},"content":{"rendered":"\t\t<div data-elementor-type=\"wp-post\" data-elementor-id=\"18479\" class=\"elementor elementor-18479\" data-elementor-post-type=\"product\">\n\t\t\t\t<div class=\"elementor-element elementor-element-5c387b e-flex e-con-boxed e-con e-parent\" data-id=\"5c387b\" data-element_type=\"container\" data-e-type=\"container\">\n\t\t\t\t\t<div class=\"e-con-inner\">\n\t\t\t\t\t<\/div>\n\t\t\t\t<\/div>\n\t\t\t\t<\/div>\n\t\t","protected":false},"excerpt":{"rendered":"","protected":false},"featured_media":18480,"comment_status":"open","ping_status":"closed","template":"","meta":[],"product_cat":[242],"product_tag":[],"class_list":{"0":"post-18479","1":"product","2":"type-product","3":"status-publish","4":"has-post-thumbnail","6":"product_cat-congelate","8":"first","9":"outofstock","10":"featured","11":"shipping-taxable","12":"product-type-simple"},"yoast_head":"<!-- This site is optimized with the Yoast SEO plugin v27.5 - https:\/\/yoast.com\/product\/yoast-seo-wordpress\/ -->\n<title>Spanakotyropita \u2013 Pl\u0103cint\u0103 greceasc\u0103 cu feta \u0219i spanac, autentic\u0103<\/title>\n<meta name=\"description\" content=\"Spanakotyropita \u2013 pl\u0103cint\u0103 tradi\u021bional\u0103 greceasc\u0103 cu spanac proasp\u0103t \u0219i br\u00e2nz\u0103 feta, \u00een foi fine \u0219i crocante. Gust echilibrat, perfect\" \/>\n<meta name=\"robots\" content=\"index, follow, max-snippet:-1, max-image-preview:large, max-video-preview:-1\" \/>\n<meta property=\"og:locale\" content=\"ro_RO\" \/>\n<meta property=\"og:type\" content=\"article\" \/>\n<meta property=\"og:title\" content=\"Spanakotyropita \u2013 Pl\u0103cint\u0103 greceasc\u0103 cu feta \u0219i spanac, autentic\u0103\" \/>\n<meta property=\"og:description\" content=\"Spanakotyropita \u2013 pl\u0103cint\u0103 tradi\u021bional\u0103 greceasc\u0103 cu spanac proasp\u0103t \u0219i br\u00e2nz\u0103 feta, \u00een foi fine \u0219i crocante. Gust echilibrat, perfect\" \/>\n<meta property=\"og:url\" content=\"https:\/\/shop.elia-gr.ro\/index.php\/product\/placinta-cu-feta-si-spanac-spanakotyropita\/\" \/>\n<meta property=\"og:site_name\" content=\"Elia Grecia\" \/>\n<meta property=\"article:publisher\" content=\"https:\/\/www.facebook.com\/profile.php?id=100063888292671\" \/>\n<meta property=\"article:modified_time\" content=\"2025-05-06T12:36:37+00:00\" \/>\n<meta property=\"og:image\" content=\"https:\/\/shop.elia-gr.ro\/wp-content\/uploads\/2025\/02\/spanac-si-feta.webp\" \/>\n\t<meta property=\"og:image:width\" content=\"800\" \/>\n\t<meta property=\"og:image:height\" content=\"960\" \/>\n\t<meta property=\"og:image:type\" content=\"image\/webp\" \/>\n<meta name=\"twitter:card\" content=\"summary_large_image\" \/>\n<meta name=\"twitter:label1\" content=\"Timp estimat pentru citire\" \/>\n\t<meta name=\"twitter:data1\" content=\"1 minut\" \/>\n<!-- \/ Yoast SEO plugin. -->","yoast_head_json":{"title":"Spanakotyropita \u2013 Pl\u0103cint\u0103 greceasc\u0103 cu feta \u0219i spanac, autentic\u0103","description":"Spanakotyropita \u2013 pl\u0103cint\u0103 tradi\u021bional\u0103 greceasc\u0103 cu spanac proasp\u0103t \u0219i br\u00e2nz\u0103 feta, \u00een foi fine \u0219i crocante. Gust echilibrat, perfect","robots":{"index":"index","follow":"follow","max-snippet":"max-snippet:-1","max-image-preview":"max-image-preview:large","max-video-preview":"max-video-preview:-1"},"og_locale":"ro_RO","og_type":"article","og_title":"Spanakotyropita \u2013 Pl\u0103cint\u0103 greceasc\u0103 cu feta \u0219i spanac, autentic\u0103","og_description":"Spanakotyropita \u2013 pl\u0103cint\u0103 tradi\u021bional\u0103 greceasc\u0103 cu spanac proasp\u0103t \u0219i br\u00e2nz\u0103 feta, \u00een foi fine \u0219i crocante. Gust echilibrat, perfect","og_url":"https:\/\/shop.elia-gr.ro\/index.php\/product\/placinta-cu-feta-si-spanac-spanakotyropita\/","og_site_name":"Elia Grecia","article_publisher":"https:\/\/www.facebook.com\/profile.php?id=100063888292671","article_modified_time":"2025-05-06T12:36:37+00:00","og_image":[{"width":800,"height":960,"url":"https:\/\/shop.elia-gr.ro\/wp-content\/uploads\/2025\/02\/spanac-si-feta.webp","type":"image\/webp"}],"twitter_card":"summary_large_image","twitter_misc":{"Timp estimat pentru citire":"1 minut"},"schema":{"@context":"https:\/\/schema.org","@graph":[{"@type":"WebPage","@id":"https:\/\/shop.elia-gr.ro\/index.php\/product\/placinta-cu-feta-si-spanac-spanakotyropita\/","url":"https:\/\/shop.elia-gr.ro\/index.php\/product\/placinta-cu-feta-si-spanac-spanakotyropita\/","name":"Spanakotyropita \u2013 Pl\u0103cint\u0103 greceasc\u0103 cu feta \u0219i spanac, autentic\u0103","isPartOf":{"@id":"https:\/\/shop.elia-gr.ro\/#website"},"primaryImageOfPage":{"@id":"https:\/\/shop.elia-gr.ro\/index.php\/product\/placinta-cu-feta-si-spanac-spanakotyropita\/#primaryimage"},"image":{"@id":"https:\/\/shop.elia-gr.ro\/index.php\/product\/placinta-cu-feta-si-spanac-spanakotyropita\/#primaryimage"},"thumbnailUrl":"https:\/\/shop.elia-gr.ro\/wp-content\/uploads\/2025\/02\/spanac-si-feta.webp","datePublished":"2025-02-13T18:05:28+00:00","dateModified":"2025-05-06T12:36:37+00:00","description":"Spanakotyropita \u2013 pl\u0103cint\u0103 tradi\u021bional\u0103 greceasc\u0103 cu spanac proasp\u0103t \u0219i br\u00e2nz\u0103 feta, \u00een foi fine \u0219i crocante. Gust echilibrat, perfect","breadcrumb":{"@id":"https:\/\/shop.elia-gr.ro\/index.php\/product\/placinta-cu-feta-si-spanac-spanakotyropita\/#breadcrumb"},"inLanguage":"ro-RO","potentialAction":[{"@type":"ReadAction","target":["https:\/\/shop.elia-gr.ro\/index.php\/product\/placinta-cu-feta-si-spanac-spanakotyropita\/"]}]},{"@type":"ImageObject","inLanguage":"ro-RO","@id":"https:\/\/shop.elia-gr.ro\/index.php\/product\/placinta-cu-feta-si-spanac-spanakotyropita\/#primaryimage","url":"https:\/\/shop.elia-gr.ro\/wp-content\/uploads\/2025\/02\/spanac-si-feta.webp","contentUrl":"https:\/\/shop.elia-gr.ro\/wp-content\/uploads\/2025\/02\/spanac-si-feta.webp","width":800,"height":960},{"@type":"BreadcrumbList","@id":"https:\/\/shop.elia-gr.ro\/index.php\/product\/placinta-cu-feta-si-spanac-spanakotyropita\/#breadcrumb","itemListElement":[{"@type":"ListItem","position":1,"name":"Home","item":"https:\/\/shop.elia-gr.ro\/"},{"@type":"ListItem","position":2,"name":"Shop","item":"https:\/\/shop.elia-gr.ro\/index.php\/shop\/"},{"@type":"ListItem","position":3,"name":"Pl\u0103cint\u0103 cu feta \u0219i spanac (Spanakotyropita)"}]},{"@type":"WebSite","@id":"https:\/\/shop.elia-gr.ro\/#website","url":"https:\/\/shop.elia-gr.ro\/","name":"Elia Grecia","description":"Cele mai bune produse grece\u0219ti pentru tine!","publisher":{"@id":"https:\/\/shop.elia-gr.ro\/#organization"},"potentialAction":[{"@type":"SearchAction","target":{"@type":"EntryPoint","urlTemplate":"https:\/\/shop.elia-gr.ro\/?s={search_term_string}"},"query-input":{"@type":"PropertyValueSpecification","valueRequired":true,"valueName":"search_term_string"}}],"inLanguage":"ro-RO"},{"@type":"Organization","@id":"https:\/\/shop.elia-gr.ro\/#organization","name":"Elia Grecia","url":"https:\/\/shop.elia-gr.ro\/","logo":{"@type":"ImageObject","inLanguage":"ro-RO","@id":"https:\/\/shop.elia-gr.ro\/#\/schema\/logo\/image\/","url":"https:\/\/shop.elia-gr.ro\/wp-content\/uploads\/2024\/09\/new_logo_elia_shop-1.webp","contentUrl":"https:\/\/shop.elia-gr.ro\/wp-content\/uploads\/2024\/09\/new_logo_elia_shop-1.webp","width":141,"height":50,"caption":"Elia Grecia"},"image":{"@id":"https:\/\/shop.elia-gr.ro\/#\/schema\/logo\/image\/"},"sameAs":["https:\/\/www.facebook.com\/profile.php?id=100063888292671"]}]}},"jetpack_sharing_enabled":true,"_links":{"self":[{"href":"https:\/\/shop.elia-gr.ro\/index.php\/wp-json\/wp\/v2\/product\/18479","targetHints":{"allow":["GET"]}}],"collection":[{"href":"https:\/\/shop.elia-gr.ro\/index.php\/wp-json\/wp\/v2\/product"}],"about":[{"href":"https:\/\/shop.elia-gr.ro\/index.php\/wp-json\/wp\/v2\/types\/product"}],"replies":[{"embeddable":true,"href":"https:\/\/shop.elia-gr.ro\/index.php\/wp-json\/wp\/v2\/comments?post=18479"}],"version-history":[{"count":1,"href":"https:\/\/shop.elia-gr.ro\/index.php\/wp-json\/wp\/v2\/product\/18479\/revisions"}],"predecessor-version":[{"id":18481,"href":"https:\/\/shop.elia-gr.ro\/index.php\/wp-json\/wp\/v2\/product\/18479\/revisions\/18481"}],"wp:featuredmedia":[{"embeddable":true,"href":"https:\/\/shop.elia-gr.ro\/index.php\/wp-json\/wp\/v2\/media\/18480"}],"wp:attachment":[{"href":"https:\/\/shop.elia-gr.ro\/index.php\/wp-json\/wp\/v2\/media?parent=18479"}],"wp:term":[{"taxonomy":"product_cat","embeddable":true,"href":"https:\/\/shop.elia-gr.ro\/index.php\/wp-json\/wp\/v2\/product_cat?post=18479"},{"taxonomy":"product_tag","embeddable":true,"href":"https:\/\/shop.elia-gr.ro\/index.php\/wp-json\/wp\/v2\/product_tag?post=18479"}],"curies":[{"name":"wp","href":"https:\/\/api.w.org\/{rel}","templated":true}]}}