{"id":18502,"date":"2025-02-13T20:35:54","date_gmt":"2025-02-13T18:35:54","guid":{"rendered":"https:\/\/shop.elia-gr.ro\/?post_type=product&#038;p=18502"},"modified":"2025-05-06T14:06:51","modified_gmt":"2025-05-06T12:06:51","slug":"placinta-de-portocale-portocalopita-dulce","status":"publish","type":"product","link":"https:\/\/shop.elia-gr.ro\/index.php\/product\/placinta-de-portocale-portocalopita-dulce\/","title":{"rendered":"Pl\u0103cint\u0103 de portocale (Portocalopita dulce)"},"content":{"rendered":"\t\t<div data-elementor-type=\"wp-post\" data-elementor-id=\"18502\" class=\"elementor elementor-18502\" data-elementor-post-type=\"product\">\n\t\t\t\t<div class=\"elementor-element elementor-element-5c387b e-flex e-con-boxed e-con e-parent\" data-id=\"5c387b\" data-element_type=\"container\" data-e-type=\"container\">\n\t\t\t\t\t<div class=\"e-con-inner\">\n\t\t\t\t\t<\/div>\n\t\t\t\t<\/div>\n\t\t\t\t<\/div>\n\t\t","protected":false},"excerpt":{"rendered":"<p>Portokalopita dulce \u2013 pl\u0103cint\u0103 greceasc\u0103 aromat\u0103 cu portocale proaspete, foi de pl\u0103cint\u0103 \u0219i sirop parfumat. Un desert u\u0219or, cu gust mediteranean.<\/p>\n","protected":false},"featured_media":18503,"comment_status":"open","ping_status":"closed","template":"","meta":[],"product_cat":[242],"product_tag":[436,365,389,435,424,433,434,437],"class_list":{"0":"post-18502","1":"product","2":"type-product","3":"status-publish","4":"has-post-thumbnail","6":"product_cat-congelate","7":"product_tag-desert-cu-citrice","8":"product_tag-desert-grecesc","9":"product_tag-dulciuri-grecesti","10":"product_tag-placinta-de-portocale","11":"product_tag-placinta-insiropata","12":"product_tag-portokalopita","13":"product_tag-portokalopita-dulce","14":"product_tag-rasfat-grecesc","16":"first","17":"outofstock","18":"featured","19":"shipping-taxable","20":"product-type-simple"},"yoast_head":"<!-- This site is optimized with the Yoast SEO plugin v27.5 - https:\/\/yoast.com\/product\/yoast-seo-wordpress\/ -->\n<title>Portokalopita dulce \u2013 Pl\u0103cint\u0103 greceasc\u0103 r\u0103coritoare cu portocale<\/title>\n<meta name=\"description\" content=\"Portokalopita dulce \u2013 pl\u0103cint\u0103 greceasc\u0103 aromat\u0103 cu portocale proaspete, foi de pl\u0103cint\u0103 \u0219i sirop parfumat. Un desert u\u0219or, cu gust mediteranean.\" \/>\n<meta name=\"robots\" content=\"index, follow, max-snippet:-1, max-image-preview:large, max-video-preview:-1\" \/>\n<meta property=\"og:locale\" content=\"ro_RO\" \/>\n<meta property=\"og:type\" content=\"article\" \/>\n<meta property=\"og:title\" content=\"Portokalopita dulce \u2013 Pl\u0103cint\u0103 greceasc\u0103 r\u0103coritoare cu portocale\" \/>\n<meta property=\"og:description\" content=\"Portokalopita dulce \u2013 pl\u0103cint\u0103 greceasc\u0103 aromat\u0103 cu portocale proaspete, foi de pl\u0103cint\u0103 \u0219i sirop parfumat. Un desert u\u0219or, cu gust mediteranean.\" \/>\n<meta property=\"og:url\" content=\"https:\/\/shop.elia-gr.ro\/index.php\/product\/placinta-de-portocale-portocalopita-dulce\/\" \/>\n<meta property=\"og:site_name\" content=\"Elia Grecia\" \/>\n<meta property=\"article:publisher\" content=\"https:\/\/www.facebook.com\/profile.php?id=100063888292671\" \/>\n<meta property=\"article:modified_time\" content=\"2025-05-06T12:06:51+00:00\" \/>\n<meta property=\"og:image\" content=\"https:\/\/shop.elia-gr.ro\/wp-content\/uploads\/2025\/02\/portocalopita.webp\" \/>\n\t<meta property=\"og:image:width\" content=\"800\" \/>\n\t<meta property=\"og:image:height\" content=\"960\" \/>\n\t<meta property=\"og:image:type\" content=\"image\/webp\" \/>\n<meta name=\"twitter:card\" content=\"summary_large_image\" \/>\n<meta name=\"twitter:label1\" content=\"Timp estimat pentru citire\" \/>\n\t<meta name=\"twitter:data1\" content=\"1 minut\" \/>\n<!-- \/ Yoast SEO plugin. -->","yoast_head_json":{"title":"Portokalopita dulce \u2013 Pl\u0103cint\u0103 greceasc\u0103 r\u0103coritoare cu portocale","description":"Portokalopita dulce \u2013 pl\u0103cint\u0103 greceasc\u0103 aromat\u0103 cu portocale proaspete, foi de pl\u0103cint\u0103 \u0219i sirop parfumat. Un desert u\u0219or, cu gust mediteranean.","robots":{"index":"index","follow":"follow","max-snippet":"max-snippet:-1","max-image-preview":"max-image-preview:large","max-video-preview":"max-video-preview:-1"},"og_locale":"ro_RO","og_type":"article","og_title":"Portokalopita dulce \u2013 Pl\u0103cint\u0103 greceasc\u0103 r\u0103coritoare cu portocale","og_description":"Portokalopita dulce \u2013 pl\u0103cint\u0103 greceasc\u0103 aromat\u0103 cu portocale proaspete, foi de pl\u0103cint\u0103 \u0219i sirop parfumat. Un desert u\u0219or, cu gust mediteranean.","og_url":"https:\/\/shop.elia-gr.ro\/index.php\/product\/placinta-de-portocale-portocalopita-dulce\/","og_site_name":"Elia Grecia","article_publisher":"https:\/\/www.facebook.com\/profile.php?id=100063888292671","article_modified_time":"2025-05-06T12:06:51+00:00","og_image":[{"width":800,"height":960,"url":"https:\/\/shop.elia-gr.ro\/wp-content\/uploads\/2025\/02\/portocalopita.webp","type":"image\/webp"}],"twitter_card":"summary_large_image","twitter_misc":{"Timp estimat pentru citire":"1 minut"},"schema":{"@context":"https:\/\/schema.org","@graph":[{"@type":"WebPage","@id":"https:\/\/shop.elia-gr.ro\/index.php\/product\/placinta-de-portocale-portocalopita-dulce\/","url":"https:\/\/shop.elia-gr.ro\/index.php\/product\/placinta-de-portocale-portocalopita-dulce\/","name":"Portokalopita dulce \u2013 Pl\u0103cint\u0103 greceasc\u0103 r\u0103coritoare cu portocale","isPartOf":{"@id":"https:\/\/shop.elia-gr.ro\/#website"},"primaryImageOfPage":{"@id":"https:\/\/shop.elia-gr.ro\/index.php\/product\/placinta-de-portocale-portocalopita-dulce\/#primaryimage"},"image":{"@id":"https:\/\/shop.elia-gr.ro\/index.php\/product\/placinta-de-portocale-portocalopita-dulce\/#primaryimage"},"thumbnailUrl":"https:\/\/shop.elia-gr.ro\/wp-content\/uploads\/2025\/02\/portocalopita.webp","datePublished":"2025-02-13T18:35:54+00:00","dateModified":"2025-05-06T12:06:51+00:00","description":"Portokalopita dulce \u2013 pl\u0103cint\u0103 greceasc\u0103 aromat\u0103 cu portocale proaspete, foi de pl\u0103cint\u0103 \u0219i sirop parfumat. Un desert u\u0219or, cu gust mediteranean.","breadcrumb":{"@id":"https:\/\/shop.elia-gr.ro\/index.php\/product\/placinta-de-portocale-portocalopita-dulce\/#breadcrumb"},"inLanguage":"ro-RO","potentialAction":[{"@type":"ReadAction","target":["https:\/\/shop.elia-gr.ro\/index.php\/product\/placinta-de-portocale-portocalopita-dulce\/"]}]},{"@type":"ImageObject","inLanguage":"ro-RO","@id":"https:\/\/shop.elia-gr.ro\/index.php\/product\/placinta-de-portocale-portocalopita-dulce\/#primaryimage","url":"https:\/\/shop.elia-gr.ro\/wp-content\/uploads\/2025\/02\/portocalopita.webp","contentUrl":"https:\/\/shop.elia-gr.ro\/wp-content\/uploads\/2025\/02\/portocalopita.webp","width":800,"height":960},{"@type":"BreadcrumbList","@id":"https:\/\/shop.elia-gr.ro\/index.php\/product\/placinta-de-portocale-portocalopita-dulce\/#breadcrumb","itemListElement":[{"@type":"ListItem","position":1,"name":"Home","item":"https:\/\/shop.elia-gr.ro\/"},{"@type":"ListItem","position":2,"name":"Shop","item":"https:\/\/shop.elia-gr.ro\/index.php\/shop\/"},{"@type":"ListItem","position":3,"name":"Pl\u0103cint\u0103 de portocale (Portocalopita dulce)"}]},{"@type":"WebSite","@id":"https:\/\/shop.elia-gr.ro\/#website","url":"https:\/\/shop.elia-gr.ro\/","name":"Elia Grecia","description":"Cele mai bune produse grece\u0219ti pentru tine!","publisher":{"@id":"https:\/\/shop.elia-gr.ro\/#organization"},"potentialAction":[{"@type":"SearchAction","target":{"@type":"EntryPoint","urlTemplate":"https:\/\/shop.elia-gr.ro\/?s={search_term_string}"},"query-input":{"@type":"PropertyValueSpecification","valueRequired":true,"valueName":"search_term_string"}}],"inLanguage":"ro-RO"},{"@type":"Organization","@id":"https:\/\/shop.elia-gr.ro\/#organization","name":"Elia Grecia","url":"https:\/\/shop.elia-gr.ro\/","logo":{"@type":"ImageObject","inLanguage":"ro-RO","@id":"https:\/\/shop.elia-gr.ro\/#\/schema\/logo\/image\/","url":"https:\/\/shop.elia-gr.ro\/wp-content\/uploads\/2024\/09\/new_logo_elia_shop-1.webp","contentUrl":"https:\/\/shop.elia-gr.ro\/wp-content\/uploads\/2024\/09\/new_logo_elia_shop-1.webp","width":141,"height":50,"caption":"Elia Grecia"},"image":{"@id":"https:\/\/shop.elia-gr.ro\/#\/schema\/logo\/image\/"},"sameAs":["https:\/\/www.facebook.com\/profile.php?id=100063888292671"]}]}},"jetpack_sharing_enabled":true,"_links":{"self":[{"href":"https:\/\/shop.elia-gr.ro\/index.php\/wp-json\/wp\/v2\/product\/18502","targetHints":{"allow":["GET"]}}],"collection":[{"href":"https:\/\/shop.elia-gr.ro\/index.php\/wp-json\/wp\/v2\/product"}],"about":[{"href":"https:\/\/shop.elia-gr.ro\/index.php\/wp-json\/wp\/v2\/types\/product"}],"replies":[{"embeddable":true,"href":"https:\/\/shop.elia-gr.ro\/index.php\/wp-json\/wp\/v2\/comments?post=18502"}],"version-history":[{"count":2,"href":"https:\/\/shop.elia-gr.ro\/index.php\/wp-json\/wp\/v2\/product\/18502\/revisions"}],"predecessor-version":[{"id":20277,"href":"https:\/\/shop.elia-gr.ro\/index.php\/wp-json\/wp\/v2\/product\/18502\/revisions\/20277"}],"wp:featuredmedia":[{"embeddable":true,"href":"https:\/\/shop.elia-gr.ro\/index.php\/wp-json\/wp\/v2\/media\/18503"}],"wp:attachment":[{"href":"https:\/\/shop.elia-gr.ro\/index.php\/wp-json\/wp\/v2\/media?parent=18502"}],"wp:term":[{"taxonomy":"product_cat","embeddable":true,"href":"https:\/\/shop.elia-gr.ro\/index.php\/wp-json\/wp\/v2\/product_cat?post=18502"},{"taxonomy":"product_tag","embeddable":true,"href":"https:\/\/shop.elia-gr.ro\/index.php\/wp-json\/wp\/v2\/product_tag?post=18502"}],"curies":[{"name":"wp","href":"https:\/\/api.w.org\/{rel}","templated":true}]}}