{"id":18521,"date":"2025-02-16T20:39:46","date_gmt":"2025-02-16T18:39:46","guid":{"rendered":"https:\/\/shop.elia-gr.ro\/?post_type=product&#038;p=18521"},"modified":"2025-05-06T13:25:12","modified_gmt":"2025-05-06T11:25:12","slug":"melomakarona-dulce","status":"publish","type":"product","link":"https:\/\/shop.elia-gr.ro\/index.php\/product\/melomakarona-dulce\/","title":{"rendered":"Melomakarona dulce"},"content":{"rendered":"\t\t<div data-elementor-type=\"wp-post\" data-elementor-id=\"18521\" class=\"elementor elementor-18521\" data-elementor-post-type=\"product\">\n\t\t\t\t<div class=\"elementor-element elementor-element-5c387b e-flex e-con-boxed e-con e-parent\" data-id=\"5c387b\" data-element_type=\"container\" data-e-type=\"container\">\n\t\t\t\t\t<div class=\"e-con-inner\">\n\t\t\t\t\t<\/div>\n\t\t\t\t<\/div>\n\t\t\t\t<\/div>\n\t\t","protected":false},"excerpt":{"rendered":"<p>Melomakarona dulce \u2013 biscui\u021bi grece\u0219ti cu miere, nuc\u0103 \u0219i un sirop delicat, perfect pentru s\u0103rb\u0103tori sau momente de r\u0103sf\u0103\u021b.<\/p>\n","protected":false},"featured_media":18522,"comment_status":"open","ping_status":"closed","template":"","meta":[],"product_cat":[242],"product_tag":[411,412,410,384,397,389,408,409],"class_list":{"0":"post-18521","1":"product","2":"type-product","3":"status-publish","4":"has-post-thumbnail","6":"product_cat-congelate","7":"product_tag-biscuiti-cu-miere","8":"product_tag-biscuiti-de-sarbatori","9":"product_tag-biscuiti-grecesti","10":"product_tag-delicii-grecesti","11":"product_tag-desert-traditional","12":"product_tag-dulciuri-grecesti","13":"product_tag-melomakarona","14":"product_tag-melomakarona-dulce","16":"first","17":"outofstock","18":"featured","19":"shipping-taxable","20":"product-type-simple"},"yoast_head":"<!-- This site is optimized with the Yoast SEO plugin v27.5 - https:\/\/yoast.com\/product\/yoast-seo-wordpress\/ -->\n<title>Melomakarona dulce \u2013 Biscui\u021bi grece\u0219ti cu miere \u0219i nuc\u0103<\/title>\n<meta name=\"description\" content=\"Melomakarona dulce \u2013 biscui\u021bi grece\u0219ti cu miere, nuc\u0103 \u0219i un sirop delicat, perfect pentru s\u0103rb\u0103tori sau momente de r\u0103sf\u0103\u021b.\" \/>\n<meta name=\"robots\" content=\"index, follow, max-snippet:-1, max-image-preview:large, max-video-preview:-1\" \/>\n<meta property=\"og:locale\" content=\"ro_RO\" \/>\n<meta property=\"og:type\" content=\"article\" \/>\n<meta property=\"og:title\" content=\"Melomakarona dulce \u2013 Biscui\u021bi grece\u0219ti cu miere \u0219i nuc\u0103\" \/>\n<meta property=\"og:description\" content=\"Melomakarona dulce \u2013 biscui\u021bi grece\u0219ti cu miere, nuc\u0103 \u0219i un sirop delicat, perfect pentru s\u0103rb\u0103tori sau momente de r\u0103sf\u0103\u021b.\" \/>\n<meta property=\"og:url\" content=\"https:\/\/shop.elia-gr.ro\/index.php\/product\/melomakarona-dulce\/\" \/>\n<meta property=\"og:site_name\" content=\"Elia Grecia\" \/>\n<meta property=\"article:publisher\" content=\"https:\/\/www.facebook.com\/profile.php?id=100063888292671\" \/>\n<meta property=\"article:modified_time\" content=\"2025-05-06T11:25:12+00:00\" \/>\n<meta property=\"og:image\" content=\"https:\/\/shop.elia-gr.ro\/wp-content\/uploads\/2025\/02\/melomakarono.webp\" \/>\n\t<meta property=\"og:image:width\" content=\"800\" \/>\n\t<meta property=\"og:image:height\" content=\"960\" \/>\n\t<meta property=\"og:image:type\" content=\"image\/webp\" \/>\n<meta name=\"twitter:card\" content=\"summary_large_image\" \/>\n<meta name=\"twitter:label1\" content=\"Timp estimat pentru citire\" \/>\n\t<meta name=\"twitter:data1\" content=\"1 minut\" \/>\n<!-- \/ Yoast SEO plugin. -->","yoast_head_json":{"title":"Melomakarona dulce \u2013 Biscui\u021bi grece\u0219ti cu miere \u0219i nuc\u0103","description":"Melomakarona dulce \u2013 biscui\u021bi grece\u0219ti cu miere, nuc\u0103 \u0219i un sirop delicat, perfect pentru s\u0103rb\u0103tori sau momente de r\u0103sf\u0103\u021b.","robots":{"index":"index","follow":"follow","max-snippet":"max-snippet:-1","max-image-preview":"max-image-preview:large","max-video-preview":"max-video-preview:-1"},"og_locale":"ro_RO","og_type":"article","og_title":"Melomakarona dulce \u2013 Biscui\u021bi grece\u0219ti cu miere \u0219i nuc\u0103","og_description":"Melomakarona dulce \u2013 biscui\u021bi grece\u0219ti cu miere, nuc\u0103 \u0219i un sirop delicat, perfect pentru s\u0103rb\u0103tori sau momente de r\u0103sf\u0103\u021b.","og_url":"https:\/\/shop.elia-gr.ro\/index.php\/product\/melomakarona-dulce\/","og_site_name":"Elia Grecia","article_publisher":"https:\/\/www.facebook.com\/profile.php?id=100063888292671","article_modified_time":"2025-05-06T11:25:12+00:00","og_image":[{"width":800,"height":960,"url":"https:\/\/shop.elia-gr.ro\/wp-content\/uploads\/2025\/02\/melomakarono.webp","type":"image\/webp"}],"twitter_card":"summary_large_image","twitter_misc":{"Timp estimat pentru citire":"1 minut"},"schema":{"@context":"https:\/\/schema.org","@graph":[{"@type":"WebPage","@id":"https:\/\/shop.elia-gr.ro\/index.php\/product\/melomakarona-dulce\/","url":"https:\/\/shop.elia-gr.ro\/index.php\/product\/melomakarona-dulce\/","name":"Melomakarona dulce \u2013 Biscui\u021bi grece\u0219ti cu miere \u0219i nuc\u0103","isPartOf":{"@id":"https:\/\/shop.elia-gr.ro\/#website"},"primaryImageOfPage":{"@id":"https:\/\/shop.elia-gr.ro\/index.php\/product\/melomakarona-dulce\/#primaryimage"},"image":{"@id":"https:\/\/shop.elia-gr.ro\/index.php\/product\/melomakarona-dulce\/#primaryimage"},"thumbnailUrl":"https:\/\/shop.elia-gr.ro\/wp-content\/uploads\/2025\/02\/melomakarono.webp","datePublished":"2025-02-16T18:39:46+00:00","dateModified":"2025-05-06T11:25:12+00:00","description":"Melomakarona dulce \u2013 biscui\u021bi grece\u0219ti cu miere, nuc\u0103 \u0219i un sirop delicat, perfect pentru s\u0103rb\u0103tori sau momente de r\u0103sf\u0103\u021b.","breadcrumb":{"@id":"https:\/\/shop.elia-gr.ro\/index.php\/product\/melomakarona-dulce\/#breadcrumb"},"inLanguage":"ro-RO","potentialAction":[{"@type":"ReadAction","target":["https:\/\/shop.elia-gr.ro\/index.php\/product\/melomakarona-dulce\/"]}]},{"@type":"ImageObject","inLanguage":"ro-RO","@id":"https:\/\/shop.elia-gr.ro\/index.php\/product\/melomakarona-dulce\/#primaryimage","url":"https:\/\/shop.elia-gr.ro\/wp-content\/uploads\/2025\/02\/melomakarono.webp","contentUrl":"https:\/\/shop.elia-gr.ro\/wp-content\/uploads\/2025\/02\/melomakarono.webp","width":800,"height":960},{"@type":"BreadcrumbList","@id":"https:\/\/shop.elia-gr.ro\/index.php\/product\/melomakarona-dulce\/#breadcrumb","itemListElement":[{"@type":"ListItem","position":1,"name":"Home","item":"https:\/\/shop.elia-gr.ro\/"},{"@type":"ListItem","position":2,"name":"Shop","item":"https:\/\/shop.elia-gr.ro\/index.php\/shop\/"},{"@type":"ListItem","position":3,"name":"Melomakarona dulce"}]},{"@type":"WebSite","@id":"https:\/\/shop.elia-gr.ro\/#website","url":"https:\/\/shop.elia-gr.ro\/","name":"Elia Grecia","description":"Cele mai bune produse grece\u0219ti pentru tine!","publisher":{"@id":"https:\/\/shop.elia-gr.ro\/#organization"},"potentialAction":[{"@type":"SearchAction","target":{"@type":"EntryPoint","urlTemplate":"https:\/\/shop.elia-gr.ro\/?s={search_term_string}"},"query-input":{"@type":"PropertyValueSpecification","valueRequired":true,"valueName":"search_term_string"}}],"inLanguage":"ro-RO"},{"@type":"Organization","@id":"https:\/\/shop.elia-gr.ro\/#organization","name":"Elia Grecia","url":"https:\/\/shop.elia-gr.ro\/","logo":{"@type":"ImageObject","inLanguage":"ro-RO","@id":"https:\/\/shop.elia-gr.ro\/#\/schema\/logo\/image\/","url":"https:\/\/shop.elia-gr.ro\/wp-content\/uploads\/2024\/09\/new_logo_elia_shop-1.webp","contentUrl":"https:\/\/shop.elia-gr.ro\/wp-content\/uploads\/2024\/09\/new_logo_elia_shop-1.webp","width":141,"height":50,"caption":"Elia Grecia"},"image":{"@id":"https:\/\/shop.elia-gr.ro\/#\/schema\/logo\/image\/"},"sameAs":["https:\/\/www.facebook.com\/profile.php?id=100063888292671"]}]}},"jetpack_sharing_enabled":true,"_links":{"self":[{"href":"https:\/\/shop.elia-gr.ro\/index.php\/wp-json\/wp\/v2\/product\/18521","targetHints":{"allow":["GET"]}}],"collection":[{"href":"https:\/\/shop.elia-gr.ro\/index.php\/wp-json\/wp\/v2\/product"}],"about":[{"href":"https:\/\/shop.elia-gr.ro\/index.php\/wp-json\/wp\/v2\/types\/product"}],"replies":[{"embeddable":true,"href":"https:\/\/shop.elia-gr.ro\/index.php\/wp-json\/wp\/v2\/comments?post=18521"}],"version-history":[{"count":2,"href":"https:\/\/shop.elia-gr.ro\/index.php\/wp-json\/wp\/v2\/product\/18521\/revisions"}],"predecessor-version":[{"id":20270,"href":"https:\/\/shop.elia-gr.ro\/index.php\/wp-json\/wp\/v2\/product\/18521\/revisions\/20270"}],"wp:featuredmedia":[{"embeddable":true,"href":"https:\/\/shop.elia-gr.ro\/index.php\/wp-json\/wp\/v2\/media\/18522"}],"wp:attachment":[{"href":"https:\/\/shop.elia-gr.ro\/index.php\/wp-json\/wp\/v2\/media?parent=18521"}],"wp:term":[{"taxonomy":"product_cat","embeddable":true,"href":"https:\/\/shop.elia-gr.ro\/index.php\/wp-json\/wp\/v2\/product_cat?post=18521"},{"taxonomy":"product_tag","embeddable":true,"href":"https:\/\/shop.elia-gr.ro\/index.php\/wp-json\/wp\/v2\/product_tag?post=18521"}],"curies":[{"name":"wp","href":"https:\/\/api.w.org\/{rel}","templated":true}]}}