{"id":18542,"date":"2025-02-16T20:59:20","date_gmt":"2025-02-16T18:59:20","guid":{"rendered":"https:\/\/shop.elia-gr.ro\/?post_type=product&#038;p=18542"},"modified":"2025-09-24T11:34:11","modified_gmt":"2025-09-24T09:34:11","slug":"baclava-la-tava","status":"publish","type":"product","link":"https:\/\/shop.elia-gr.ro\/index.php\/product\/baclava-la-tava\/","title":{"rendered":"Baclava la tav\u0103"},"content":{"rendered":"\t\t<div data-elementor-type=\"wp-post\" data-elementor-id=\"18542\" class=\"elementor elementor-18542\" data-elementor-post-type=\"product\">\n\t\t\t\t<div class=\"elementor-element elementor-element-5c387b e-flex e-con-boxed e-con e-parent\" data-id=\"5c387b\" data-element_type=\"container\" data-e-type=\"container\">\n\t\t\t\t\t<div class=\"e-con-inner\">\n\t\t\t\t\t<\/div>\n\t\t\t\t<\/div>\n\t\t\t\t<\/div>\n\t\t","protected":false},"excerpt":{"rendered":"","protected":false},"featured_media":18543,"comment_status":"open","ping_status":"closed","template":"","meta":[],"product_cat":[242],"product_tag":[392,391,383,390,384,365,394,393],"class_list":{"0":"post-18542","1":"product","2":"type-product","3":"status-publish","4":"has-post-thumbnail","6":"product_cat-congelate","7":"product_tag-baclava","8":"product_tag-baclava-cu-nuca","9":"product_tag-baclava-la-tava","10":"product_tag-baclava-traditionala","11":"product_tag-delicii-grecesti","12":"product_tag-desert-grecesc","13":"product_tag-desert-insiropat","14":"product_tag-dulciuri-orientale","16":"first","17":"outofstock","18":"featured","19":"shipping-taxable","20":"product-type-simple"},"yoast_head":"<!-- This site is optimized with the Yoast SEO plugin v27.5 - https:\/\/yoast.com\/product\/yoast-seo-wordpress\/ -->\n<title>Baclava la tav\u0103 \u2013 Desert grecesc clasic, \u00eensiropat \u0219i crocant<\/title>\n<meta name=\"description\" content=\"Savureaz\u0103 baclavaua greceasc\u0103 la tav\u0103 \u2013 un desert clasic, cu foi fine, nuci aromate \u0219i sirop delicios, gata de servit \u0219i de \u00eemp\u0103r\u021bit.\" \/>\n<meta name=\"robots\" content=\"index, follow, max-snippet:-1, max-image-preview:large, max-video-preview:-1\" \/>\n<meta property=\"og:locale\" content=\"ro_RO\" \/>\n<meta property=\"og:type\" content=\"article\" \/>\n<meta property=\"og:title\" content=\"Baclava la tav\u0103 \u2013 Desert grecesc clasic, \u00eensiropat \u0219i crocant\" \/>\n<meta property=\"og:description\" content=\"Savureaz\u0103 baclavaua greceasc\u0103 la tav\u0103 \u2013 un desert clasic, cu foi fine, nuci aromate \u0219i sirop delicios, gata de servit \u0219i de \u00eemp\u0103r\u021bit.\" \/>\n<meta property=\"og:url\" content=\"https:\/\/shop.elia-gr.ro\/index.php\/product\/baclava-la-tava\/\" \/>\n<meta property=\"og:site_name\" content=\"Elia Grecia\" \/>\n<meta property=\"article:publisher\" content=\"https:\/\/www.facebook.com\/profile.php?id=100063888292671\" \/>\n<meta property=\"article:modified_time\" content=\"2025-09-24T09:34:11+00:00\" \/>\n<meta property=\"og:image\" content=\"https:\/\/shop.elia-gr.ro\/wp-content\/uploads\/2025\/02\/Baklava.webp\" \/>\n\t<meta property=\"og:image:width\" content=\"800\" \/>\n\t<meta property=\"og:image:height\" content=\"960\" \/>\n\t<meta property=\"og:image:type\" content=\"image\/webp\" \/>\n<meta name=\"twitter:card\" content=\"summary_large_image\" \/>\n<meta name=\"twitter:label1\" content=\"Timp estimat pentru citire\" \/>\n\t<meta name=\"twitter:data1\" content=\"1 minut\" \/>\n<!-- \/ Yoast SEO plugin. -->","yoast_head_json":{"title":"Baclava la tav\u0103 \u2013 Desert grecesc clasic, \u00eensiropat \u0219i crocant","description":"Savureaz\u0103 baclavaua greceasc\u0103 la tav\u0103 \u2013 un desert clasic, cu foi fine, nuci aromate \u0219i sirop delicios, gata de servit \u0219i de \u00eemp\u0103r\u021bit.","robots":{"index":"index","follow":"follow","max-snippet":"max-snippet:-1","max-image-preview":"max-image-preview:large","max-video-preview":"max-video-preview:-1"},"og_locale":"ro_RO","og_type":"article","og_title":"Baclava la tav\u0103 \u2013 Desert grecesc clasic, \u00eensiropat \u0219i crocant","og_description":"Savureaz\u0103 baclavaua greceasc\u0103 la tav\u0103 \u2013 un desert clasic, cu foi fine, nuci aromate \u0219i sirop delicios, gata de servit \u0219i de \u00eemp\u0103r\u021bit.","og_url":"https:\/\/shop.elia-gr.ro\/index.php\/product\/baclava-la-tava\/","og_site_name":"Elia Grecia","article_publisher":"https:\/\/www.facebook.com\/profile.php?id=100063888292671","article_modified_time":"2025-09-24T09:34:11+00:00","og_image":[{"width":800,"height":960,"url":"https:\/\/shop.elia-gr.ro\/wp-content\/uploads\/2025\/02\/Baklava.webp","type":"image\/webp"}],"twitter_card":"summary_large_image","twitter_misc":{"Timp estimat pentru citire":"1 minut"},"schema":{"@context":"https:\/\/schema.org","@graph":[{"@type":"WebPage","@id":"https:\/\/shop.elia-gr.ro\/index.php\/product\/baclava-la-tava\/","url":"https:\/\/shop.elia-gr.ro\/index.php\/product\/baclava-la-tava\/","name":"Baclava la tav\u0103 \u2013 Desert grecesc clasic, \u00eensiropat \u0219i crocant","isPartOf":{"@id":"https:\/\/shop.elia-gr.ro\/#website"},"primaryImageOfPage":{"@id":"https:\/\/shop.elia-gr.ro\/index.php\/product\/baclava-la-tava\/#primaryimage"},"image":{"@id":"https:\/\/shop.elia-gr.ro\/index.php\/product\/baclava-la-tava\/#primaryimage"},"thumbnailUrl":"https:\/\/shop.elia-gr.ro\/wp-content\/uploads\/2025\/02\/Baklava.webp","datePublished":"2025-02-16T18:59:20+00:00","dateModified":"2025-09-24T09:34:11+00:00","description":"Savureaz\u0103 baclavaua greceasc\u0103 la tav\u0103 \u2013 un desert clasic, cu foi fine, nuci aromate \u0219i sirop delicios, gata de servit \u0219i de \u00eemp\u0103r\u021bit.","breadcrumb":{"@id":"https:\/\/shop.elia-gr.ro\/index.php\/product\/baclava-la-tava\/#breadcrumb"},"inLanguage":"ro-RO","potentialAction":[{"@type":"ReadAction","target":["https:\/\/shop.elia-gr.ro\/index.php\/product\/baclava-la-tava\/"]}]},{"@type":"ImageObject","inLanguage":"ro-RO","@id":"https:\/\/shop.elia-gr.ro\/index.php\/product\/baclava-la-tava\/#primaryimage","url":"https:\/\/shop.elia-gr.ro\/wp-content\/uploads\/2025\/02\/Baklava.webp","contentUrl":"https:\/\/shop.elia-gr.ro\/wp-content\/uploads\/2025\/02\/Baklava.webp","width":800,"height":960},{"@type":"BreadcrumbList","@id":"https:\/\/shop.elia-gr.ro\/index.php\/product\/baclava-la-tava\/#breadcrumb","itemListElement":[{"@type":"ListItem","position":1,"name":"Home","item":"https:\/\/shop.elia-gr.ro\/"},{"@type":"ListItem","position":2,"name":"Shop","item":"https:\/\/shop.elia-gr.ro\/index.php\/shop\/"},{"@type":"ListItem","position":3,"name":"Baclava la tav\u0103"}]},{"@type":"WebSite","@id":"https:\/\/shop.elia-gr.ro\/#website","url":"https:\/\/shop.elia-gr.ro\/","name":"Elia Grecia","description":"Cele mai bune produse grece\u0219ti pentru tine!","publisher":{"@id":"https:\/\/shop.elia-gr.ro\/#organization"},"potentialAction":[{"@type":"SearchAction","target":{"@type":"EntryPoint","urlTemplate":"https:\/\/shop.elia-gr.ro\/?s={search_term_string}"},"query-input":{"@type":"PropertyValueSpecification","valueRequired":true,"valueName":"search_term_string"}}],"inLanguage":"ro-RO"},{"@type":"Organization","@id":"https:\/\/shop.elia-gr.ro\/#organization","name":"Elia Grecia","url":"https:\/\/shop.elia-gr.ro\/","logo":{"@type":"ImageObject","inLanguage":"ro-RO","@id":"https:\/\/shop.elia-gr.ro\/#\/schema\/logo\/image\/","url":"https:\/\/shop.elia-gr.ro\/wp-content\/uploads\/2024\/09\/new_logo_elia_shop-1.webp","contentUrl":"https:\/\/shop.elia-gr.ro\/wp-content\/uploads\/2024\/09\/new_logo_elia_shop-1.webp","width":141,"height":50,"caption":"Elia Grecia"},"image":{"@id":"https:\/\/shop.elia-gr.ro\/#\/schema\/logo\/image\/"},"sameAs":["https:\/\/www.facebook.com\/profile.php?id=100063888292671"]}]}},"jetpack_sharing_enabled":true,"_links":{"self":[{"href":"https:\/\/shop.elia-gr.ro\/index.php\/wp-json\/wp\/v2\/product\/18542","targetHints":{"allow":["GET"]}}],"collection":[{"href":"https:\/\/shop.elia-gr.ro\/index.php\/wp-json\/wp\/v2\/product"}],"about":[{"href":"https:\/\/shop.elia-gr.ro\/index.php\/wp-json\/wp\/v2\/types\/product"}],"replies":[{"embeddable":true,"href":"https:\/\/shop.elia-gr.ro\/index.php\/wp-json\/wp\/v2\/comments?post=18542"}],"version-history":[{"count":1,"href":"https:\/\/shop.elia-gr.ro\/index.php\/wp-json\/wp\/v2\/product\/18542\/revisions"}],"predecessor-version":[{"id":18544,"href":"https:\/\/shop.elia-gr.ro\/index.php\/wp-json\/wp\/v2\/product\/18542\/revisions\/18544"}],"wp:featuredmedia":[{"embeddable":true,"href":"https:\/\/shop.elia-gr.ro\/index.php\/wp-json\/wp\/v2\/media\/18543"}],"wp:attachment":[{"href":"https:\/\/shop.elia-gr.ro\/index.php\/wp-json\/wp\/v2\/media?parent=18542"}],"wp:term":[{"taxonomy":"product_cat","embeddable":true,"href":"https:\/\/shop.elia-gr.ro\/index.php\/wp-json\/wp\/v2\/product_cat?post=18542"},{"taxonomy":"product_tag","embeddable":true,"href":"https:\/\/shop.elia-gr.ro\/index.php\/wp-json\/wp\/v2\/product_tag?post=18542"}],"curies":[{"name":"wp","href":"https:\/\/api.w.org\/{rel}","templated":true}]}}