{"id":18575,"date":"2025-03-06T21:53:33","date_gmt":"2025-03-06T19:53:33","guid":{"rendered":"https:\/\/shop.elia-gr.ro\/?post_type=product&#038;p=18575"},"modified":"2026-01-19T23:35:17","modified_gmt":"2026-01-19T21:35:17","slug":"ulei-de-masline-organic-e-v-sofi-500ml-polifenoli-1001","status":"publish","type":"product","link":"https:\/\/shop.elia-gr.ro\/index.php\/product\/ulei-de-masline-organic-e-v-sofi-500ml-polifenoli-1001\/","title":{"rendered":"Ulei de m\u0103sline organic E.V. SOFI 500ml Polifenoli 1001"},"content":{"rendered":"\t\t<div data-elementor-type=\"wp-post\" data-elementor-id=\"18575\" class=\"elementor elementor-18575\" data-elementor-post-type=\"product\">\n\t\t\t\t<div class=\"elementor-element elementor-element-5c387b e-flex e-con-boxed e-con e-parent\" data-id=\"5c387b\" data-element_type=\"container\" data-e-type=\"container\">\n\t\t\t\t\t<div class=\"e-con-inner\">\n\t\t\t\t\t<\/div>\n\t\t\t\t<\/div>\n\t\t\t\t<\/div>\n\t\t","protected":false},"excerpt":{"rendered":"<p>High Phenolic Uleiul de m\u0103sline extravirgin organic Sofi de la &#8220;Kapa Olive Farm&#8221;; este produs din m\u0103sline verzi 100% din soiul Koroneiki din Halkidiki \u0219i apar\u021bine categoriei superioare de uleiuri. Este un ulei de m\u0103sline extravirgin organic considerat terapeutic datorita con\u021binutului foarte mare de polifenoli care protejeaz\u0103 \u00eempotriva oxid\u0103rii lipidelor din s\u00e2nge (\u00een conformitate cu regulamentul UE 432\/2012)*. Acest ulei a fost medaliat cu aur este \u0219i este considerat un excep\u021bional aliment-medicament. Analizele confirm\u0103 c\u0103 acest produs are o cantitate de 1001 mg\/Kg de polifenoli, adic\u0103 de aproape 5 ori mai mult dec\u00e2t impun normele europene pentru ca un aliment s\u0103 poat\u0103 fi considerat medicament. Trebuie remarcat faptul c\u0103 polifenolii Oleocanthal (384mg\/kg) \u0219i Oleaceina (182mg\/kg) sunt mai mari dec\u00e2t media probelor interna\u021bionale la uleiul de m\u0103sline \u0219i au propriet\u0103\u021bi antiinflamatorii, antioxidante, cardioprotectoare \u0219i neuroprotectoare. Conform analizelor chimice efectuate la Universitatea Na\u021bional\u0103 \u0219i Kapodistrian\u0103 din Atena, totalul componentelor polifenolice al acestui ulei de m\u0103sline este de 1001mg\/kg adic\u0103 un ulei medicament care se va consuma ca atare, cca 20-30 ml, pe stomacul gol pentru a avea cele mai optime rezultate terapeutice. Gustul specific al acestui ulei \u00eel inpune at\u00e2t pentru salate c\u00e2t \u0219i pentru asortarea oric\u0103rui preparat \u0219i \u00eel calific\u0103 ca un ulei de cea mai \u00eenalt\u0103 clas\u0103. ULEIUL DE M\u0102SLINE ORGANIC \u201cSOFI\u201d este considerat ulei de m\u0103sline terapeutic datorit\u0103 con\u021binutului foarte mare de polifenoli \u2013 1001mg\/kg, Aciditate sub 0.5%, Produc\u021bie 2024-2025. Produs prin presare la rece (cu temperatura sub 26grade). Presarea la rece prin care ajungem la procesul de separare a uleiului de m\u0103sline este cel mai ideal mod pentru a ajuta uleiul de m\u0103sline s\u0103-\u0219i p\u0103streze toate aromele, ingredientele bune \u0219i nutrien\u021bii (polifenoli) f\u0103r\u0103 nicio deteriorare.<\/p>\n","protected":false},"featured_media":18576,"comment_status":"open","ping_status":"closed","template":"","meta":[],"product_cat":[141],"product_tag":[],"class_list":{"0":"post-18575","1":"product","2":"type-product","3":"status-publish","4":"has-post-thumbnail","6":"product_cat-ulei-de-masline","8":"first","9":"instock","10":"featured","11":"shipping-taxable","12":"purchasable","13":"product-type-simple"},"yoast_head":"<!-- This site is optimized with the Yoast SEO plugin v27.5 - https:\/\/yoast.com\/product\/yoast-seo-wordpress\/ -->\n<title>Ulei de M\u0103sline cu Polifenoli 1001 | Shop Elia GR<\/title>\n<meta name=\"description\" content=\"Ulei de m\u0103sline bogat \u00een polifenoli (1001 mg\/kg), ideal pentru o diet\u0103 mediteranean\u0103 s\u0103n\u0103toas\u0103. Comand\u0103 acum de pe Shop Elia GR!\" \/>\n<meta name=\"robots\" content=\"index, follow, max-snippet:-1, max-image-preview:large, max-video-preview:-1\" \/>\n<meta property=\"og:locale\" content=\"ro_RO\" \/>\n<meta property=\"og:type\" content=\"article\" \/>\n<meta property=\"og:title\" content=\"Ulei de M\u0103sline cu Polifenoli 1001 | Shop Elia GR\" \/>\n<meta property=\"og:description\" content=\"Ulei de m\u0103sline bogat \u00een polifenoli (1001 mg\/kg), ideal pentru o diet\u0103 mediteranean\u0103 s\u0103n\u0103toas\u0103. Comand\u0103 acum de pe Shop Elia GR!\" \/>\n<meta property=\"og:url\" content=\"https:\/\/shop.elia-gr.ro\/index.php\/product\/ulei-de-masline-organic-e-v-sofi-500ml-polifenoli-1001\/\" \/>\n<meta property=\"og:site_name\" content=\"Elia Grecia\" \/>\n<meta property=\"article:publisher\" content=\"https:\/\/www.facebook.com\/profile.php?id=100063888292671\" \/>\n<meta property=\"article:modified_time\" content=\"2026-01-19T21:35:17+00:00\" \/>\n<meta property=\"og:image\" content=\"https:\/\/shop.elia-gr.ro\/wp-content\/uploads\/2025\/03\/sofi.webp\" \/>\n\t<meta property=\"og:image:width\" content=\"800\" \/>\n\t<meta property=\"og:image:height\" content=\"960\" \/>\n\t<meta property=\"og:image:type\" content=\"image\/webp\" \/>\n<meta name=\"twitter:card\" content=\"summary_large_image\" \/>\n<meta name=\"twitter:label1\" content=\"Timp estimat pentru citire\" \/>\n\t<meta name=\"twitter:data1\" content=\"1 minut\" \/>\n<!-- \/ Yoast SEO plugin. -->","yoast_head_json":{"title":"Ulei de M\u0103sline cu Polifenoli 1001 | Shop Elia GR","description":"Ulei de m\u0103sline bogat \u00een polifenoli (1001 mg\/kg), ideal pentru o diet\u0103 mediteranean\u0103 s\u0103n\u0103toas\u0103. Comand\u0103 acum de pe Shop Elia GR!","robots":{"index":"index","follow":"follow","max-snippet":"max-snippet:-1","max-image-preview":"max-image-preview:large","max-video-preview":"max-video-preview:-1"},"og_locale":"ro_RO","og_type":"article","og_title":"Ulei de M\u0103sline cu Polifenoli 1001 | Shop Elia GR","og_description":"Ulei de m\u0103sline bogat \u00een polifenoli (1001 mg\/kg), ideal pentru o diet\u0103 mediteranean\u0103 s\u0103n\u0103toas\u0103. Comand\u0103 acum de pe Shop Elia GR!","og_url":"https:\/\/shop.elia-gr.ro\/index.php\/product\/ulei-de-masline-organic-e-v-sofi-500ml-polifenoli-1001\/","og_site_name":"Elia Grecia","article_publisher":"https:\/\/www.facebook.com\/profile.php?id=100063888292671","article_modified_time":"2026-01-19T21:35:17+00:00","og_image":[{"width":800,"height":960,"url":"https:\/\/shop.elia-gr.ro\/wp-content\/uploads\/2025\/03\/sofi.webp","type":"image\/webp"}],"twitter_card":"summary_large_image","twitter_misc":{"Timp estimat pentru citire":"1 minut"},"schema":{"@context":"https:\/\/schema.org","@graph":[{"@type":"WebPage","@id":"https:\/\/shop.elia-gr.ro\/index.php\/product\/ulei-de-masline-organic-e-v-sofi-500ml-polifenoli-1001\/","url":"https:\/\/shop.elia-gr.ro\/index.php\/product\/ulei-de-masline-organic-e-v-sofi-500ml-polifenoli-1001\/","name":"Ulei de M\u0103sline cu Polifenoli 1001 | Shop Elia GR","isPartOf":{"@id":"https:\/\/shop.elia-gr.ro\/#website"},"primaryImageOfPage":{"@id":"https:\/\/shop.elia-gr.ro\/index.php\/product\/ulei-de-masline-organic-e-v-sofi-500ml-polifenoli-1001\/#primaryimage"},"image":{"@id":"https:\/\/shop.elia-gr.ro\/index.php\/product\/ulei-de-masline-organic-e-v-sofi-500ml-polifenoli-1001\/#primaryimage"},"thumbnailUrl":"https:\/\/shop.elia-gr.ro\/wp-content\/uploads\/2025\/03\/sofi.webp","datePublished":"2025-03-06T19:53:33+00:00","dateModified":"2026-01-19T21:35:17+00:00","description":"Ulei de m\u0103sline bogat \u00een polifenoli (1001 mg\/kg), ideal pentru o diet\u0103 mediteranean\u0103 s\u0103n\u0103toas\u0103. Comand\u0103 acum de pe Shop Elia GR!","breadcrumb":{"@id":"https:\/\/shop.elia-gr.ro\/index.php\/product\/ulei-de-masline-organic-e-v-sofi-500ml-polifenoli-1001\/#breadcrumb"},"inLanguage":"ro-RO","potentialAction":[{"@type":"ReadAction","target":["https:\/\/shop.elia-gr.ro\/index.php\/product\/ulei-de-masline-organic-e-v-sofi-500ml-polifenoli-1001\/"]}]},{"@type":"ImageObject","inLanguage":"ro-RO","@id":"https:\/\/shop.elia-gr.ro\/index.php\/product\/ulei-de-masline-organic-e-v-sofi-500ml-polifenoli-1001\/#primaryimage","url":"https:\/\/shop.elia-gr.ro\/wp-content\/uploads\/2025\/03\/sofi.webp","contentUrl":"https:\/\/shop.elia-gr.ro\/wp-content\/uploads\/2025\/03\/sofi.webp","width":800,"height":960},{"@type":"BreadcrumbList","@id":"https:\/\/shop.elia-gr.ro\/index.php\/product\/ulei-de-masline-organic-e-v-sofi-500ml-polifenoli-1001\/#breadcrumb","itemListElement":[{"@type":"ListItem","position":1,"name":"Home","item":"https:\/\/shop.elia-gr.ro\/"},{"@type":"ListItem","position":2,"name":"Shop","item":"https:\/\/shop.elia-gr.ro\/index.php\/shop\/"},{"@type":"ListItem","position":3,"name":"Ulei de m\u0103sline organic E.V. SOFI 500ml Polifenoli 1001"}]},{"@type":"WebSite","@id":"https:\/\/shop.elia-gr.ro\/#website","url":"https:\/\/shop.elia-gr.ro\/","name":"Elia Grecia","description":"Cele mai bune produse grece\u0219ti pentru tine!","publisher":{"@id":"https:\/\/shop.elia-gr.ro\/#organization"},"potentialAction":[{"@type":"SearchAction","target":{"@type":"EntryPoint","urlTemplate":"https:\/\/shop.elia-gr.ro\/?s={search_term_string}"},"query-input":{"@type":"PropertyValueSpecification","valueRequired":true,"valueName":"search_term_string"}}],"inLanguage":"ro-RO"},{"@type":"Organization","@id":"https:\/\/shop.elia-gr.ro\/#organization","name":"Elia Grecia","url":"https:\/\/shop.elia-gr.ro\/","logo":{"@type":"ImageObject","inLanguage":"ro-RO","@id":"https:\/\/shop.elia-gr.ro\/#\/schema\/logo\/image\/","url":"https:\/\/shop.elia-gr.ro\/wp-content\/uploads\/2024\/09\/new_logo_elia_shop-1.webp","contentUrl":"https:\/\/shop.elia-gr.ro\/wp-content\/uploads\/2024\/09\/new_logo_elia_shop-1.webp","width":141,"height":50,"caption":"Elia Grecia"},"image":{"@id":"https:\/\/shop.elia-gr.ro\/#\/schema\/logo\/image\/"},"sameAs":["https:\/\/www.facebook.com\/profile.php?id=100063888292671"]}]}},"jetpack_sharing_enabled":true,"_links":{"self":[{"href":"https:\/\/shop.elia-gr.ro\/index.php\/wp-json\/wp\/v2\/product\/18575","targetHints":{"allow":["GET"]}}],"collection":[{"href":"https:\/\/shop.elia-gr.ro\/index.php\/wp-json\/wp\/v2\/product"}],"about":[{"href":"https:\/\/shop.elia-gr.ro\/index.php\/wp-json\/wp\/v2\/types\/product"}],"replies":[{"embeddable":true,"href":"https:\/\/shop.elia-gr.ro\/index.php\/wp-json\/wp\/v2\/comments?post=18575"}],"version-history":[{"count":5,"href":"https:\/\/shop.elia-gr.ro\/index.php\/wp-json\/wp\/v2\/product\/18575\/revisions"}],"predecessor-version":[{"id":20262,"href":"https:\/\/shop.elia-gr.ro\/index.php\/wp-json\/wp\/v2\/product\/18575\/revisions\/20262"}],"wp:featuredmedia":[{"embeddable":true,"href":"https:\/\/shop.elia-gr.ro\/index.php\/wp-json\/wp\/v2\/media\/18576"}],"wp:attachment":[{"href":"https:\/\/shop.elia-gr.ro\/index.php\/wp-json\/wp\/v2\/media?parent=18575"}],"wp:term":[{"taxonomy":"product_cat","embeddable":true,"href":"https:\/\/shop.elia-gr.ro\/index.php\/wp-json\/wp\/v2\/product_cat?post=18575"},{"taxonomy":"product_tag","embeddable":true,"href":"https:\/\/shop.elia-gr.ro\/index.php\/wp-json\/wp\/v2\/product_tag?post=18575"}],"curies":[{"name":"wp","href":"https:\/\/api.w.org\/{rel}","templated":true}]}}