{"id":19642,"date":"2025-04-15T17:27:23","date_gmt":"2025-04-15T15:27:23","guid":{"rendered":"https:\/\/shop.elia-gr.ro\/?post_type=product&#038;p=19642"},"modified":"2026-03-22T21:38:36","modified_gmt":"2026-03-22T19:38:36","slug":"bomboane-ciocolata-cu-masline-120g","status":"publish","type":"product","link":"https:\/\/shop.elia-gr.ro\/index.php\/product\/bomboane-ciocolata-cu-masline-120g\/","title":{"rendered":"Bomboane ciocolat\u0103 cu m\u0103sline"},"content":{"rendered":"<p data-start=\"129\" data-end=\"258\"><strong data-start=\"129\" data-end=\"256\">Bomboana cu ciocolat\u0103 alb\u0103 sau neagr\u0103 \u0219i m\u0103sline este o adev\u0103rat\u0103 surpriz\u0103 \u2013 te \u00eenal\u021b\u0103 \u00een ceruri dintr-o singur\u0103 mu\u0219c\u0103tur\u0103.<\/strong><\/p>\n<p data-start=\"260\" data-end=\"395\">Cui\u0219oarele, scor\u021bi\u0219oara \u0219i ciocolata din bel\u0219ug \u2013 fie alb\u0103, fie neagr\u0103 \u2013 \u00ee\u021bi vor \u00eenc\u00e2nta papilele gustative \u0219i te vor cuceri instant.<\/p>\n<p data-start=\"397\" data-end=\"422\">O combina\u021bie exploziv\u0103!<\/p>\n","protected":false},"excerpt":{"rendered":"<p data-start=\"129\" data-end=\"258\"><strong data-start=\"129\" data-end=\"256\">Bomboana cu ciocolat\u0103 alb\u0103 sau neagr\u0103 \u0219i m\u0103sline este o adev\u0103rat\u0103 surpriz\u0103 \u2013 te \u00eenal\u021b\u0103 \u00een ceruri dintr-o singur\u0103 mu\u0219c\u0103tur\u0103.<\/strong><\/p>\n<p data-start=\"260\" data-end=\"395\">Cui\u0219oarele, scor\u021bi\u0219oara \u0219i ciocolata din bel\u0219ug \u2013 fie alb\u0103, fie neagr\u0103 \u2013 \u00ee\u021bi vor \u00eenc\u00e2nta papilele gustative \u0219i te vor cuceri instant.<\/p>\n<p data-start=\"397\" data-end=\"422\">O combina\u021bie exploziv\u0103!<\/p>\n","protected":false},"featured_media":20829,"comment_status":"open","ping_status":"closed","template":"","meta":[],"product_cat":[217],"product_tag":[378],"class_list":{"0":"post-19642","1":"product","2":"type-product","3":"status-publish","4":"has-post-thumbnail","6":"product_cat-dulciuri","7":"product_tag-bomboane-ciocolata-cu-masline","8":"product_filter_data-toate","10":"first","11":"outofstock","12":"taxable","13":"shipping-taxable","14":"purchasable","15":"product-type-simple"},"yoast_head":"<!-- This site is optimized with the Yoast SEO plugin v27.5 - https:\/\/yoast.com\/product\/yoast-seo-wordpress\/ -->\n<title>Bomboane ciocolat\u0103 cu m\u0103sline - Elia Grecia<\/title>\n<meta name=\"description\" content=\"Bomboane ciocolat\u0103 cu m\u0103sline. Bomboana cu ciocolat\u0103 alb\u0103 sau neagr\u0103 \u0219i m\u0103sline este o adev\u0103rat\u0103 surpriz\u0103 \u2013 te \u00eenal\u021b\u0103 \u00een ceruri dintr-o singur\u0103 mu\u0219c\u0103tur\u0103.\" \/>\n<meta name=\"robots\" content=\"index, follow, max-snippet:-1, max-image-preview:large, max-video-preview:-1\" \/>\n<meta property=\"og:locale\" content=\"ro_RO\" \/>\n<meta property=\"og:type\" content=\"article\" \/>\n<meta property=\"og:title\" content=\"Bomboane ciocolat\u0103 cu m\u0103sline - Elia Grecia\" \/>\n<meta property=\"og:description\" content=\"Bomboane ciocolat\u0103 cu m\u0103sline. Bomboana cu ciocolat\u0103 alb\u0103 sau neagr\u0103 \u0219i m\u0103sline este o adev\u0103rat\u0103 surpriz\u0103 \u2013 te \u00eenal\u021b\u0103 \u00een ceruri dintr-o singur\u0103 mu\u0219c\u0103tur\u0103.\" \/>\n<meta property=\"og:url\" content=\"https:\/\/shop.elia-gr.ro\/index.php\/product\/bomboane-ciocolata-cu-masline-120g\/\" \/>\n<meta property=\"og:site_name\" content=\"Elia Grecia\" \/>\n<meta property=\"article:publisher\" content=\"https:\/\/www.facebook.com\/profile.php?id=100063888292671\" \/>\n<meta property=\"article:modified_time\" content=\"2026-03-22T19:38:36+00:00\" \/>\n<meta property=\"og:image\" content=\"https:\/\/shop.elia-gr.ro\/wp-content\/uploads\/2025\/04\/img_7403.jpeg\" \/>\n\t<meta property=\"og:image:width\" content=\"1800\" \/>\n\t<meta property=\"og:image:height\" content=\"2400\" \/>\n\t<meta property=\"og:image:type\" content=\"image\/jpeg\" \/>\n<meta name=\"twitter:card\" content=\"summary_large_image\" \/>\n<meta name=\"twitter:label1\" content=\"Timp estimat pentru citire\" \/>\n\t<meta name=\"twitter:data1\" content=\"1 minut\" \/>\n<!-- \/ Yoast SEO plugin. -->","yoast_head_json":{"title":"Bomboane ciocolat\u0103 cu m\u0103sline - Elia Grecia","description":"Bomboane ciocolat\u0103 cu m\u0103sline. Bomboana cu ciocolat\u0103 alb\u0103 sau neagr\u0103 \u0219i m\u0103sline este o adev\u0103rat\u0103 surpriz\u0103 \u2013 te \u00eenal\u021b\u0103 \u00een ceruri dintr-o singur\u0103 mu\u0219c\u0103tur\u0103.","robots":{"index":"index","follow":"follow","max-snippet":"max-snippet:-1","max-image-preview":"max-image-preview:large","max-video-preview":"max-video-preview:-1"},"og_locale":"ro_RO","og_type":"article","og_title":"Bomboane ciocolat\u0103 cu m\u0103sline - Elia Grecia","og_description":"Bomboane ciocolat\u0103 cu m\u0103sline. Bomboana cu ciocolat\u0103 alb\u0103 sau neagr\u0103 \u0219i m\u0103sline este o adev\u0103rat\u0103 surpriz\u0103 \u2013 te \u00eenal\u021b\u0103 \u00een ceruri dintr-o singur\u0103 mu\u0219c\u0103tur\u0103.","og_url":"https:\/\/shop.elia-gr.ro\/index.php\/product\/bomboane-ciocolata-cu-masline-120g\/","og_site_name":"Elia Grecia","article_publisher":"https:\/\/www.facebook.com\/profile.php?id=100063888292671","article_modified_time":"2026-03-22T19:38:36+00:00","og_image":[{"width":1800,"height":2400,"url":"https:\/\/shop.elia-gr.ro\/wp-content\/uploads\/2025\/04\/img_7403.jpeg","type":"image\/jpeg"}],"twitter_card":"summary_large_image","twitter_misc":{"Timp estimat pentru citire":"1 minut"},"schema":{"@context":"https:\/\/schema.org","@graph":[{"@type":"WebPage","@id":"https:\/\/shop.elia-gr.ro\/index.php\/product\/bomboane-ciocolata-cu-masline-120g\/","url":"https:\/\/shop.elia-gr.ro\/index.php\/product\/bomboane-ciocolata-cu-masline-120g\/","name":"Bomboane ciocolat\u0103 cu m\u0103sline - Elia Grecia","isPartOf":{"@id":"https:\/\/shop.elia-gr.ro\/#website"},"primaryImageOfPage":{"@id":"https:\/\/shop.elia-gr.ro\/index.php\/product\/bomboane-ciocolata-cu-masline-120g\/#primaryimage"},"image":{"@id":"https:\/\/shop.elia-gr.ro\/index.php\/product\/bomboane-ciocolata-cu-masline-120g\/#primaryimage"},"thumbnailUrl":"https:\/\/shop.elia-gr.ro\/wp-content\/uploads\/2025\/04\/img_7403.jpeg","datePublished":"2025-04-15T15:27:23+00:00","dateModified":"2026-03-22T19:38:36+00:00","description":"Bomboane ciocolat\u0103 cu m\u0103sline. Bomboana cu ciocolat\u0103 alb\u0103 sau neagr\u0103 \u0219i m\u0103sline este o adev\u0103rat\u0103 surpriz\u0103 \u2013 te \u00eenal\u021b\u0103 \u00een ceruri dintr-o singur\u0103 mu\u0219c\u0103tur\u0103.","breadcrumb":{"@id":"https:\/\/shop.elia-gr.ro\/index.php\/product\/bomboane-ciocolata-cu-masline-120g\/#breadcrumb"},"inLanguage":"ro-RO","potentialAction":[{"@type":"ReadAction","target":["https:\/\/shop.elia-gr.ro\/index.php\/product\/bomboane-ciocolata-cu-masline-120g\/"]}]},{"@type":"ImageObject","inLanguage":"ro-RO","@id":"https:\/\/shop.elia-gr.ro\/index.php\/product\/bomboane-ciocolata-cu-masline-120g\/#primaryimage","url":"https:\/\/shop.elia-gr.ro\/wp-content\/uploads\/2025\/04\/img_7403.jpeg","contentUrl":"https:\/\/shop.elia-gr.ro\/wp-content\/uploads\/2025\/04\/img_7403.jpeg","width":1800,"height":2400},{"@type":"BreadcrumbList","@id":"https:\/\/shop.elia-gr.ro\/index.php\/product\/bomboane-ciocolata-cu-masline-120g\/#breadcrumb","itemListElement":[{"@type":"ListItem","position":1,"name":"Home","item":"https:\/\/shop.elia-gr.ro\/"},{"@type":"ListItem","position":2,"name":"Shop","item":"https:\/\/shop.elia-gr.ro\/index.php\/shop\/"},{"@type":"ListItem","position":3,"name":"Bomboane ciocolat\u0103 cu m\u0103sline"}]},{"@type":"WebSite","@id":"https:\/\/shop.elia-gr.ro\/#website","url":"https:\/\/shop.elia-gr.ro\/","name":"Elia Grecia","description":"Cele mai bune produse grece\u0219ti pentru tine!","publisher":{"@id":"https:\/\/shop.elia-gr.ro\/#organization"},"potentialAction":[{"@type":"SearchAction","target":{"@type":"EntryPoint","urlTemplate":"https:\/\/shop.elia-gr.ro\/?s={search_term_string}"},"query-input":{"@type":"PropertyValueSpecification","valueRequired":true,"valueName":"search_term_string"}}],"inLanguage":"ro-RO"},{"@type":"Organization","@id":"https:\/\/shop.elia-gr.ro\/#organization","name":"Elia Grecia","url":"https:\/\/shop.elia-gr.ro\/","logo":{"@type":"ImageObject","inLanguage":"ro-RO","@id":"https:\/\/shop.elia-gr.ro\/#\/schema\/logo\/image\/","url":"https:\/\/shop.elia-gr.ro\/wp-content\/uploads\/2024\/09\/new_logo_elia_shop-1.webp","contentUrl":"https:\/\/shop.elia-gr.ro\/wp-content\/uploads\/2024\/09\/new_logo_elia_shop-1.webp","width":141,"height":50,"caption":"Elia Grecia"},"image":{"@id":"https:\/\/shop.elia-gr.ro\/#\/schema\/logo\/image\/"},"sameAs":["https:\/\/www.facebook.com\/profile.php?id=100063888292671"]}]}},"jetpack_sharing_enabled":true,"_links":{"self":[{"href":"https:\/\/shop.elia-gr.ro\/index.php\/wp-json\/wp\/v2\/product\/19642","targetHints":{"allow":["GET"]}}],"collection":[{"href":"https:\/\/shop.elia-gr.ro\/index.php\/wp-json\/wp\/v2\/product"}],"about":[{"href":"https:\/\/shop.elia-gr.ro\/index.php\/wp-json\/wp\/v2\/types\/product"}],"replies":[{"embeddable":true,"href":"https:\/\/shop.elia-gr.ro\/index.php\/wp-json\/wp\/v2\/comments?post=19642"}],"version-history":[{"count":3,"href":"https:\/\/shop.elia-gr.ro\/index.php\/wp-json\/wp\/v2\/product\/19642\/revisions"}],"predecessor-version":[{"id":21598,"href":"https:\/\/shop.elia-gr.ro\/index.php\/wp-json\/wp\/v2\/product\/19642\/revisions\/21598"}],"wp:featuredmedia":[{"embeddable":true,"href":"https:\/\/shop.elia-gr.ro\/index.php\/wp-json\/wp\/v2\/media\/20829"}],"wp:attachment":[{"href":"https:\/\/shop.elia-gr.ro\/index.php\/wp-json\/wp\/v2\/media?parent=19642"}],"wp:term":[{"taxonomy":"product_cat","embeddable":true,"href":"https:\/\/shop.elia-gr.ro\/index.php\/wp-json\/wp\/v2\/product_cat?post=19642"},{"taxonomy":"product_tag","embeddable":true,"href":"https:\/\/shop.elia-gr.ro\/index.php\/wp-json\/wp\/v2\/product_tag?post=19642"}],"curies":[{"name":"wp","href":"https:\/\/api.w.org\/{rel}","templated":true}]}}