{"id":21231,"date":"2025-06-20T18:21:44","date_gmt":"2025-06-20T16:21:44","guid":{"rendered":"https:\/\/shop.elia-gr.ro\/?post_type=product&#038;p=21231"},"modified":"2025-06-20T18:26:39","modified_gmt":"2025-06-20T16:26:39","slug":"branza-athonitiko-din-lapte-de-capra-si-oaie","status":"publish","type":"product","link":"https:\/\/shop.elia-gr.ro\/index.php\/product\/branza-athonitiko-din-lapte-de-capra-si-oaie\/","title":{"rendered":"Br\u00e2nz\u0103 ATHONITIKO din lapte de capr\u0103 \u0219i oaie"},"content":{"rendered":"<p>Este produs\u0103 din lapte proasp\u0103t pasteurizat de capr\u0103 (90%) \u0219i lapte de oaie, lucrat\u0103 manual, una c\u00e2te una, \u00een pungi mici (tulpania). Este o br\u00e2nz\u0103 cu con\u021binut sc\u0103zut de gr\u0103simi, cu o arom\u0103 special\u0103 datorit\u0103 formei sale caracteristice, care face trimitere la v\u00e2rful Muntelui Athos. Aroma sa se bazeaz\u0103 pe tehnica unic\u0103 de produc\u021bie manual\u0103. Nu este o coinciden\u021b\u0103 faptul c\u0103 o br\u00e2nz\u0103 produs\u0103 la umbra Muntelui Athos a reu\u0219it s\u0103 c\u00e2\u0219tige nu doar preferin\u021ba iubitorilor de br\u00e2nzeturi, ci \u0219i numeroase distinc\u021bii la concursuri \u0219i festivaluri.<\/p>\n","protected":false},"excerpt":{"rendered":"<p>Este produs\u0103 din lapte proasp\u0103t pasteurizat de capr\u0103 (90%) \u0219i lapte de oaie, lucrat\u0103 manual, una c\u00e2te una, \u00een pungi mici (tulpania). Este o br\u00e2nz\u0103 cu con\u021binut sc\u0103zut de gr\u0103simi, cu o arom\u0103 special\u0103 datorit\u0103 formei sale caracteristice, care face trimitere la v\u00e2rful Muntelui Athos. Aroma sa se bazeaz\u0103 pe tehnica unic\u0103 de produc\u021bie manual\u0103. Nu este o coinciden\u021b\u0103 faptul c\u0103 o br\u00e2nz\u0103 produs\u0103 la umbra Muntelui Athos a reu\u0219it s\u0103 c\u00e2\u0219tige nu doar preferin\u021ba iubitorilor de br\u00e2nzeturi, ci \u0219i numeroase distinc\u021bii la concursuri \u0219i festivaluri.<\/p>\n","protected":false},"featured_media":21217,"comment_status":"open","ping_status":"closed","template":"","meta":[],"product_cat":[142],"product_tag":[],"class_list":{"0":"post-21231","1":"product","2":"type-product","3":"status-publish","4":"has-post-thumbnail","6":"product_cat-branzeturi","8":"first","9":"instock","10":"featured","11":"shipping-taxable","12":"purchasable","13":"product-type-simple"},"yoast_head":"<!-- This site is optimized with the Yoast SEO plugin v27.5 - https:\/\/yoast.com\/product\/yoast-seo-wordpress\/ -->\n<title>Br\u00e2nz\u0103 ATHONITIKO din lapte de capr\u0103 \u0219i oaie - Elia Grecia<\/title>\n<meta name=\"description\" content=\"Br\u00e2nz\u0103 ATHONITIKO din lapte de capr\u0103 \u0219i oaie . Este produs\u0103 din lapte proasp\u0103t pasteurizat de capr\u0103 (90%) \u0219i lapte de oaie, lucrat\u0103 manual, una c\u00e2te una\" \/>\n<meta name=\"robots\" content=\"index, follow, max-snippet:-1, max-image-preview:large, max-video-preview:-1\" \/>\n<meta property=\"og:locale\" content=\"ro_RO\" \/>\n<meta property=\"og:type\" content=\"article\" \/>\n<meta property=\"og:title\" content=\"Br\u00e2nz\u0103 ATHONITIKO din lapte de capr\u0103 \u0219i oaie - Elia Grecia\" \/>\n<meta property=\"og:description\" content=\"Br\u00e2nz\u0103 ATHONITIKO din lapte de capr\u0103 \u0219i oaie . Este produs\u0103 din lapte proasp\u0103t pasteurizat de capr\u0103 (90%) \u0219i lapte de oaie, lucrat\u0103 manual, una c\u00e2te una\" \/>\n<meta property=\"og:url\" content=\"https:\/\/shop.elia-gr.ro\/index.php\/product\/branza-athonitiko-din-lapte-de-capra-si-oaie\/\" \/>\n<meta property=\"og:site_name\" content=\"Elia Grecia\" \/>\n<meta property=\"article:publisher\" content=\"https:\/\/www.facebook.com\/profile.php?id=100063888292671\" \/>\n<meta property=\"article:modified_time\" content=\"2025-06-20T16:26:39+00:00\" \/>\n<meta property=\"og:image\" content=\"https:\/\/shop.elia-gr.ro\/wp-content\/uploads\/2025\/02\/petroto-150gr.jpg\" \/>\n\t<meta property=\"og:image:width\" content=\"1080\" \/>\n\t<meta property=\"og:image:height\" content=\"1350\" \/>\n\t<meta property=\"og:image:type\" content=\"image\/jpeg\" \/>\n<meta name=\"twitter:card\" content=\"summary_large_image\" \/>\n<meta name=\"twitter:label1\" content=\"Timp estimat pentru citire\" \/>\n\t<meta name=\"twitter:data1\" content=\"1 minut\" \/>\n<!-- \/ Yoast SEO plugin. -->","yoast_head_json":{"title":"Br\u00e2nz\u0103 ATHONITIKO din lapte de capr\u0103 \u0219i oaie - Elia Grecia","description":"Br\u00e2nz\u0103 ATHONITIKO din lapte de capr\u0103 \u0219i oaie . Este produs\u0103 din lapte proasp\u0103t pasteurizat de capr\u0103 (90%) \u0219i lapte de oaie, lucrat\u0103 manual, una c\u00e2te una","robots":{"index":"index","follow":"follow","max-snippet":"max-snippet:-1","max-image-preview":"max-image-preview:large","max-video-preview":"max-video-preview:-1"},"og_locale":"ro_RO","og_type":"article","og_title":"Br\u00e2nz\u0103 ATHONITIKO din lapte de capr\u0103 \u0219i oaie - Elia Grecia","og_description":"Br\u00e2nz\u0103 ATHONITIKO din lapte de capr\u0103 \u0219i oaie . Este produs\u0103 din lapte proasp\u0103t pasteurizat de capr\u0103 (90%) \u0219i lapte de oaie, lucrat\u0103 manual, una c\u00e2te una","og_url":"https:\/\/shop.elia-gr.ro\/index.php\/product\/branza-athonitiko-din-lapte-de-capra-si-oaie\/","og_site_name":"Elia Grecia","article_publisher":"https:\/\/www.facebook.com\/profile.php?id=100063888292671","article_modified_time":"2025-06-20T16:26:39+00:00","og_image":[{"width":1080,"height":1350,"url":"https:\/\/shop.elia-gr.ro\/wp-content\/uploads\/2025\/02\/petroto-150gr.jpg","type":"image\/jpeg"}],"twitter_card":"summary_large_image","twitter_misc":{"Timp estimat pentru citire":"1 minut"},"schema":{"@context":"https:\/\/schema.org","@graph":[{"@type":"WebPage","@id":"https:\/\/shop.elia-gr.ro\/index.php\/product\/branza-athonitiko-din-lapte-de-capra-si-oaie\/","url":"https:\/\/shop.elia-gr.ro\/index.php\/product\/branza-athonitiko-din-lapte-de-capra-si-oaie\/","name":"Br\u00e2nz\u0103 ATHONITIKO din lapte de capr\u0103 \u0219i oaie - Elia Grecia","isPartOf":{"@id":"https:\/\/shop.elia-gr.ro\/#website"},"primaryImageOfPage":{"@id":"https:\/\/shop.elia-gr.ro\/index.php\/product\/branza-athonitiko-din-lapte-de-capra-si-oaie\/#primaryimage"},"image":{"@id":"https:\/\/shop.elia-gr.ro\/index.php\/product\/branza-athonitiko-din-lapte-de-capra-si-oaie\/#primaryimage"},"thumbnailUrl":"https:\/\/shop.elia-gr.ro\/wp-content\/uploads\/2025\/02\/petroto-150gr.jpg","datePublished":"2025-06-20T16:21:44+00:00","dateModified":"2025-06-20T16:26:39+00:00","description":"Br\u00e2nz\u0103 ATHONITIKO din lapte de capr\u0103 \u0219i oaie . Este produs\u0103 din lapte proasp\u0103t pasteurizat de capr\u0103 (90%) \u0219i lapte de oaie, lucrat\u0103 manual, una c\u00e2te una","breadcrumb":{"@id":"https:\/\/shop.elia-gr.ro\/index.php\/product\/branza-athonitiko-din-lapte-de-capra-si-oaie\/#breadcrumb"},"inLanguage":"ro-RO","potentialAction":[{"@type":"ReadAction","target":["https:\/\/shop.elia-gr.ro\/index.php\/product\/branza-athonitiko-din-lapte-de-capra-si-oaie\/"]}]},{"@type":"ImageObject","inLanguage":"ro-RO","@id":"https:\/\/shop.elia-gr.ro\/index.php\/product\/branza-athonitiko-din-lapte-de-capra-si-oaie\/#primaryimage","url":"https:\/\/shop.elia-gr.ro\/wp-content\/uploads\/2025\/02\/petroto-150gr.jpg","contentUrl":"https:\/\/shop.elia-gr.ro\/wp-content\/uploads\/2025\/02\/petroto-150gr.jpg","width":1080,"height":1350},{"@type":"BreadcrumbList","@id":"https:\/\/shop.elia-gr.ro\/index.php\/product\/branza-athonitiko-din-lapte-de-capra-si-oaie\/#breadcrumb","itemListElement":[{"@type":"ListItem","position":1,"name":"Home","item":"https:\/\/shop.elia-gr.ro\/"},{"@type":"ListItem","position":2,"name":"Shop","item":"https:\/\/shop.elia-gr.ro\/index.php\/shop\/"},{"@type":"ListItem","position":3,"name":"Br\u00e2nz\u0103 ATHONITIKO din lapte de capr\u0103 \u0219i oaie"}]},{"@type":"WebSite","@id":"https:\/\/shop.elia-gr.ro\/#website","url":"https:\/\/shop.elia-gr.ro\/","name":"Elia Grecia","description":"Cele mai bune produse grece\u0219ti pentru tine!","publisher":{"@id":"https:\/\/shop.elia-gr.ro\/#organization"},"potentialAction":[{"@type":"SearchAction","target":{"@type":"EntryPoint","urlTemplate":"https:\/\/shop.elia-gr.ro\/?s={search_term_string}"},"query-input":{"@type":"PropertyValueSpecification","valueRequired":true,"valueName":"search_term_string"}}],"inLanguage":"ro-RO"},{"@type":"Organization","@id":"https:\/\/shop.elia-gr.ro\/#organization","name":"Elia Grecia","url":"https:\/\/shop.elia-gr.ro\/","logo":{"@type":"ImageObject","inLanguage":"ro-RO","@id":"https:\/\/shop.elia-gr.ro\/#\/schema\/logo\/image\/","url":"https:\/\/shop.elia-gr.ro\/wp-content\/uploads\/2024\/09\/new_logo_elia_shop-1.webp","contentUrl":"https:\/\/shop.elia-gr.ro\/wp-content\/uploads\/2024\/09\/new_logo_elia_shop-1.webp","width":141,"height":50,"caption":"Elia Grecia"},"image":{"@id":"https:\/\/shop.elia-gr.ro\/#\/schema\/logo\/image\/"},"sameAs":["https:\/\/www.facebook.com\/profile.php?id=100063888292671"]}]}},"jetpack_sharing_enabled":true,"_links":{"self":[{"href":"https:\/\/shop.elia-gr.ro\/index.php\/wp-json\/wp\/v2\/product\/21231","targetHints":{"allow":["GET"]}}],"collection":[{"href":"https:\/\/shop.elia-gr.ro\/index.php\/wp-json\/wp\/v2\/product"}],"about":[{"href":"https:\/\/shop.elia-gr.ro\/index.php\/wp-json\/wp\/v2\/types\/product"}],"replies":[{"embeddable":true,"href":"https:\/\/shop.elia-gr.ro\/index.php\/wp-json\/wp\/v2\/comments?post=21231"}],"version-history":[{"count":2,"href":"https:\/\/shop.elia-gr.ro\/index.php\/wp-json\/wp\/v2\/product\/21231\/revisions"}],"predecessor-version":[{"id":21235,"href":"https:\/\/shop.elia-gr.ro\/index.php\/wp-json\/wp\/v2\/product\/21231\/revisions\/21235"}],"wp:featuredmedia":[{"embeddable":true,"href":"https:\/\/shop.elia-gr.ro\/index.php\/wp-json\/wp\/v2\/media\/21217"}],"wp:attachment":[{"href":"https:\/\/shop.elia-gr.ro\/index.php\/wp-json\/wp\/v2\/media?parent=21231"}],"wp:term":[{"taxonomy":"product_cat","embeddable":true,"href":"https:\/\/shop.elia-gr.ro\/index.php\/wp-json\/wp\/v2\/product_cat?post=21231"},{"taxonomy":"product_tag","embeddable":true,"href":"https:\/\/shop.elia-gr.ro\/index.php\/wp-json\/wp\/v2\/product_tag?post=21231"}],"curies":[{"name":"wp","href":"https:\/\/api.w.org\/{rel}","templated":true}]}}