{"id":21410,"date":"2025-07-29T20:17:56","date_gmt":"2025-07-29T18:17:56","guid":{"rendered":"https:\/\/shop.elia-gr.ro\/?post_type=product&#038;p=21410"},"modified":"2026-03-25T00:20:30","modified_gmt":"2026-03-24T22:20:30","slug":"crema-alba-excelenta-cu-fistic-grecesc","status":"publish","type":"product","link":"https:\/\/shop.elia-gr.ro\/index.php\/product\/crema-alba-excelenta-cu-fistic-grecesc\/","title":{"rendered":"Crem\u0103 alb\u0103 excelent\u0103 cu fistic grecesc"},"content":{"rendered":"<p><span dir=\"auto\"><b>Crem\u0103 alb\u0103 excelent\u0103 cu fistic grecesc\u00a0<\/b>\u2013 30% pralin\u0103 de fistic de\u00a0\u00a0<\/span><span dir=\"auto\">la CORINTO<\/span><\/p>\n<p><span dir=\"auto\">Descoper\u0103 experien\u021ba gustativ\u0103 suprem\u0103 cu\u00a0 excep\u021bionala crem\u0103 alb\u0103\u00a0<\/span><span dir=\"auto\">CORINTO,<\/span><span dir=\"auto\">\u00a0\u00a0preparat\u0103 cu 30% fistic grecesc. Aceast\u0103 crem\u0103 unic\u0103 se remarc\u0103 prin aroma sa puternic\u0103, culoarea intens\u0103 \u0219i delicioasa arom\u0103 de fistic, care \u00ee\u021bi va \u00eenc\u00e2nta papilele gustative.<\/span><\/p>\n<p><span dir=\"auto\">Utiliz\u0103ri multiple pentru fiecare nevoie culinar\u0103:<\/span><\/p>\n<p><span dir=\"auto\">Mic dejun:<\/span><span dir=\"auto\">\u00a0\u00a0Perfect pentru micul dejun, pe p\u00e2ine sau p\u00e2ine pr\u0103jit\u0103.<\/span><br \/>\n<span dir=\"auto\">Folose\u0219te-l pentru a umple croissante, biscui\u021bi sau alte produse de patiserie.<\/span><br \/>\n<span dir=\"auto\">Topping:<\/span><span dir=\"auto\">\u00a0\u00a0perfect pentru a orna pr\u0103jitura sau produsul de patiserie preferat.<\/span><br \/>\n<span dir=\"auto\">Topping pentru \u00eenghe\u021bat\u0103:<\/span><span dir=\"auto\">\u00a0\u00a0Adaug\u0103-l peste \u00eenghe\u021bat\u0103 pentru un plus de savoare.<\/span><br \/>\n<span dir=\"auto\">Topping pentru tort:<\/span><span dir=\"auto\">\u00a0\u00a0Ofer\u0103-i tortului t\u0103u un gust \u0219i un aspect unic.<\/span><\/p>\n<p><span dir=\"auto\">\u00cembun\u0103t\u0103\u021bi\u021bi-v\u0103 crea\u021biile culinare cu aceast\u0103 crem\u0103 alb\u0103 excelent\u0103. Fabricat\u0103 cu cele mai fine ingrediente \u0219i cu grij\u0103 pentru calitate, este alegerea perfect\u0103 pentru orice iubitor de arahide.<\/span><\/p>\n","protected":false},"excerpt":{"rendered":"<p><span dir=\"auto\">Varietate<\/span><span dir=\"auto\">\u00a0: Fistic grecesc<\/span><\/p>\n<p><span dir=\"auto\">100% Natural:<\/span><span dir=\"auto\">\u00a0F\u0103r\u0103 conservan\u021bi, f\u0103r\u0103 coloran\u021bi sau arome artificiale &#8211; doar fistic pur, natural.<\/span><\/p>\n<p><span dir=\"auto\">F\u0103r\u0103 gluten:<\/span><span dir=\"auto\">\u00a0Potrivit pentru persoanele cu intoleran\u021b\u0103 la gluten sau boal\u0103 celiac\u0103.<\/span><\/p>\n<p><span dir=\"auto\">Vegan:<\/span><span dir=\"auto\">\u00a0Perfect pentru dietele bazate pe plante.<\/span><\/p>\n<p><span dir=\"auto\">Textur\u0103 bogat\u0103 \u0219i cremoas\u0103:<\/span><span dir=\"auto\">\u00a0Fin\u0103 \u0219i u\u0219or de \u00eentins, fiind ideal\u0103 pentru diverse aplica\u021bii culinare.<\/span><\/p>\n<p><span dir=\"auto\">Fabricat manual \u00een loturi mici:<\/span><span dir=\"auto\">\u00a0asigur\u0103 o calitate \u0219i o prospe\u021bime constante \u00een fiecare borcan.<\/span><\/p>\n<p><span dir=\"auto\">Bogat \u00een gr\u0103simi s\u0103n\u0103toase \u0219i proteine:<\/span><span dir=\"auto\">\u00a0Sus\u021bine s\u0103n\u0103tatea inimii \u0219i ofer\u0103 o op\u021biune de gustare s\u0103\u021bioas\u0103.<\/span><\/p>\n<p><span dir=\"auto\">Ambalaje disponibile:<\/span><span dir=\"auto\">\u00a0borcan de sticl\u0103 de 200gr<\/span><\/p>\n","protected":false},"featured_media":21411,"comment_status":"open","ping_status":"closed","template":"","meta":[],"product_cat":[217],"product_tag":[],"class_list":{"0":"post-21410","1":"product","2":"type-product","3":"status-publish","4":"has-post-thumbnail","6":"product_cat-dulciuri","8":"first","9":"outofstock","10":"taxable","11":"shipping-taxable","12":"purchasable","13":"product-type-simple"},"yoast_head":"<!-- This site is optimized with the Yoast SEO plugin v27.5 - https:\/\/yoast.com\/product\/yoast-seo-wordpress\/ -->\n<title>Crem\u0103 alb\u0103 excelent\u0103 cu fistic grecesc - Elia Grecia<\/title>\n<meta name=\"description\" content=\"Crem\u0103 alb\u0103 excelent\u0103 cu fistic grecesc. 30% pralin\u0103 de fistic de la CORINTO. Aroma sa puternic\u0103, culoarea intens\u0103 \u0219i delicioasa arom\u0103 de fistic\" \/>\n<meta name=\"robots\" content=\"index, follow, max-snippet:-1, max-image-preview:large, max-video-preview:-1\" \/>\n<meta property=\"og:locale\" content=\"ro_RO\" \/>\n<meta property=\"og:type\" content=\"article\" \/>\n<meta property=\"og:title\" content=\"Crem\u0103 alb\u0103 excelent\u0103 cu fistic grecesc - Elia Grecia\" \/>\n<meta property=\"og:description\" content=\"Crem\u0103 alb\u0103 excelent\u0103 cu fistic grecesc. 30% pralin\u0103 de fistic de la CORINTO. Aroma sa puternic\u0103, culoarea intens\u0103 \u0219i delicioasa arom\u0103 de fistic\" \/>\n<meta property=\"og:url\" content=\"https:\/\/shop.elia-gr.ro\/index.php\/product\/crema-alba-excelenta-cu-fistic-grecesc\/\" \/>\n<meta property=\"og:site_name\" content=\"Elia Grecia\" \/>\n<meta property=\"article:publisher\" content=\"https:\/\/www.facebook.com\/profile.php?id=100063888292671\" \/>\n<meta property=\"article:modified_time\" content=\"2026-03-24T22:20:30+00:00\" \/>\n<meta property=\"og:image\" content=\"https:\/\/shop.elia-gr.ro\/wp-content\/uploads\/2025\/07\/PISTACHIO-SPREAD-a.webp\" \/>\n\t<meta property=\"og:image:width\" content=\"1200\" \/>\n\t<meta property=\"og:image:height\" content=\"1200\" \/>\n\t<meta property=\"og:image:type\" content=\"image\/webp\" \/>\n<meta name=\"twitter:card\" content=\"summary_large_image\" \/>\n<meta name=\"twitter:label1\" content=\"Timp estimat pentru citire\" \/>\n\t<meta name=\"twitter:data1\" content=\"1 minut\" \/>\n<!-- \/ Yoast SEO plugin. -->","yoast_head_json":{"title":"Crem\u0103 alb\u0103 excelent\u0103 cu fistic grecesc - Elia Grecia","description":"Crem\u0103 alb\u0103 excelent\u0103 cu fistic grecesc. 30% pralin\u0103 de fistic de la CORINTO. Aroma sa puternic\u0103, culoarea intens\u0103 \u0219i delicioasa arom\u0103 de fistic","robots":{"index":"index","follow":"follow","max-snippet":"max-snippet:-1","max-image-preview":"max-image-preview:large","max-video-preview":"max-video-preview:-1"},"og_locale":"ro_RO","og_type":"article","og_title":"Crem\u0103 alb\u0103 excelent\u0103 cu fistic grecesc - Elia Grecia","og_description":"Crem\u0103 alb\u0103 excelent\u0103 cu fistic grecesc. 30% pralin\u0103 de fistic de la CORINTO. Aroma sa puternic\u0103, culoarea intens\u0103 \u0219i delicioasa arom\u0103 de fistic","og_url":"https:\/\/shop.elia-gr.ro\/index.php\/product\/crema-alba-excelenta-cu-fistic-grecesc\/","og_site_name":"Elia Grecia","article_publisher":"https:\/\/www.facebook.com\/profile.php?id=100063888292671","article_modified_time":"2026-03-24T22:20:30+00:00","og_image":[{"width":1200,"height":1200,"url":"https:\/\/shop.elia-gr.ro\/wp-content\/uploads\/2025\/07\/PISTACHIO-SPREAD-a.webp","type":"image\/webp"}],"twitter_card":"summary_large_image","twitter_misc":{"Timp estimat pentru citire":"1 minut"},"schema":{"@context":"https:\/\/schema.org","@graph":[{"@type":"WebPage","@id":"https:\/\/shop.elia-gr.ro\/index.php\/product\/crema-alba-excelenta-cu-fistic-grecesc\/","url":"https:\/\/shop.elia-gr.ro\/index.php\/product\/crema-alba-excelenta-cu-fistic-grecesc\/","name":"Crem\u0103 alb\u0103 excelent\u0103 cu fistic grecesc - Elia Grecia","isPartOf":{"@id":"https:\/\/shop.elia-gr.ro\/#website"},"primaryImageOfPage":{"@id":"https:\/\/shop.elia-gr.ro\/index.php\/product\/crema-alba-excelenta-cu-fistic-grecesc\/#primaryimage"},"image":{"@id":"https:\/\/shop.elia-gr.ro\/index.php\/product\/crema-alba-excelenta-cu-fistic-grecesc\/#primaryimage"},"thumbnailUrl":"https:\/\/shop.elia-gr.ro\/wp-content\/uploads\/2025\/07\/PISTACHIO-SPREAD-a.webp","datePublished":"2025-07-29T18:17:56+00:00","dateModified":"2026-03-24T22:20:30+00:00","description":"Crem\u0103 alb\u0103 excelent\u0103 cu fistic grecesc. 30% pralin\u0103 de fistic de la CORINTO. Aroma sa puternic\u0103, culoarea intens\u0103 \u0219i delicioasa arom\u0103 de fistic","breadcrumb":{"@id":"https:\/\/shop.elia-gr.ro\/index.php\/product\/crema-alba-excelenta-cu-fistic-grecesc\/#breadcrumb"},"inLanguage":"ro-RO","potentialAction":[{"@type":"ReadAction","target":["https:\/\/shop.elia-gr.ro\/index.php\/product\/crema-alba-excelenta-cu-fistic-grecesc\/"]}]},{"@type":"ImageObject","inLanguage":"ro-RO","@id":"https:\/\/shop.elia-gr.ro\/index.php\/product\/crema-alba-excelenta-cu-fistic-grecesc\/#primaryimage","url":"https:\/\/shop.elia-gr.ro\/wp-content\/uploads\/2025\/07\/PISTACHIO-SPREAD-a.webp","contentUrl":"https:\/\/shop.elia-gr.ro\/wp-content\/uploads\/2025\/07\/PISTACHIO-SPREAD-a.webp","width":1200,"height":1200},{"@type":"BreadcrumbList","@id":"https:\/\/shop.elia-gr.ro\/index.php\/product\/crema-alba-excelenta-cu-fistic-grecesc\/#breadcrumb","itemListElement":[{"@type":"ListItem","position":1,"name":"Home","item":"https:\/\/shop.elia-gr.ro\/"},{"@type":"ListItem","position":2,"name":"Shop","item":"https:\/\/shop.elia-gr.ro\/index.php\/shop\/"},{"@type":"ListItem","position":3,"name":"Crem\u0103 alb\u0103 excelent\u0103 cu fistic grecesc"}]},{"@type":"WebSite","@id":"https:\/\/shop.elia-gr.ro\/#website","url":"https:\/\/shop.elia-gr.ro\/","name":"Elia Grecia","description":"Cele mai bune produse grece\u0219ti pentru tine!","publisher":{"@id":"https:\/\/shop.elia-gr.ro\/#organization"},"potentialAction":[{"@type":"SearchAction","target":{"@type":"EntryPoint","urlTemplate":"https:\/\/shop.elia-gr.ro\/?s={search_term_string}"},"query-input":{"@type":"PropertyValueSpecification","valueRequired":true,"valueName":"search_term_string"}}],"inLanguage":"ro-RO"},{"@type":"Organization","@id":"https:\/\/shop.elia-gr.ro\/#organization","name":"Elia Grecia","url":"https:\/\/shop.elia-gr.ro\/","logo":{"@type":"ImageObject","inLanguage":"ro-RO","@id":"https:\/\/shop.elia-gr.ro\/#\/schema\/logo\/image\/","url":"https:\/\/shop.elia-gr.ro\/wp-content\/uploads\/2024\/09\/new_logo_elia_shop-1.webp","contentUrl":"https:\/\/shop.elia-gr.ro\/wp-content\/uploads\/2024\/09\/new_logo_elia_shop-1.webp","width":141,"height":50,"caption":"Elia Grecia"},"image":{"@id":"https:\/\/shop.elia-gr.ro\/#\/schema\/logo\/image\/"},"sameAs":["https:\/\/www.facebook.com\/profile.php?id=100063888292671"]}]}},"jetpack_sharing_enabled":true,"_links":{"self":[{"href":"https:\/\/shop.elia-gr.ro\/index.php\/wp-json\/wp\/v2\/product\/21410","targetHints":{"allow":["GET"]}}],"collection":[{"href":"https:\/\/shop.elia-gr.ro\/index.php\/wp-json\/wp\/v2\/product"}],"about":[{"href":"https:\/\/shop.elia-gr.ro\/index.php\/wp-json\/wp\/v2\/types\/product"}],"replies":[{"embeddable":true,"href":"https:\/\/shop.elia-gr.ro\/index.php\/wp-json\/wp\/v2\/comments?post=21410"}],"version-history":[{"count":2,"href":"https:\/\/shop.elia-gr.ro\/index.php\/wp-json\/wp\/v2\/product\/21410\/revisions"}],"predecessor-version":[{"id":21646,"href":"https:\/\/shop.elia-gr.ro\/index.php\/wp-json\/wp\/v2\/product\/21410\/revisions\/21646"}],"wp:featuredmedia":[{"embeddable":true,"href":"https:\/\/shop.elia-gr.ro\/index.php\/wp-json\/wp\/v2\/media\/21411"}],"wp:attachment":[{"href":"https:\/\/shop.elia-gr.ro\/index.php\/wp-json\/wp\/v2\/media?parent=21410"}],"wp:term":[{"taxonomy":"product_cat","embeddable":true,"href":"https:\/\/shop.elia-gr.ro\/index.php\/wp-json\/wp\/v2\/product_cat?post=21410"},{"taxonomy":"product_tag","embeddable":true,"href":"https:\/\/shop.elia-gr.ro\/index.php\/wp-json\/wp\/v2\/product_tag?post=21410"}],"curies":[{"name":"wp","href":"https:\/\/api.w.org\/{rel}","templated":true}]}}