{"id":21416,"date":"2025-07-29T20:25:08","date_gmt":"2025-07-29T18:25:08","guid":{"rendered":"https:\/\/shop.elia-gr.ro\/?post_type=product&#038;p=21416"},"modified":"2025-07-29T20:25:08","modified_gmt":"2025-07-29T18:25:08","slug":"crema-de-fistic-cu-ciocolata-cu-lapte-fara-zahar","status":"publish","type":"product","link":"https:\/\/shop.elia-gr.ro\/index.php\/product\/crema-de-fistic-cu-ciocolata-cu-lapte-fara-zahar\/","title":{"rendered":"Crem\u0103 de fistic, cu ciocolat\u0103 cu lapte, f\u0103r\u0103 zah\u0103r"},"content":{"rendered":"<p><span dir=\"auto\">Varietate<\/span><span dir=\"auto\">\u00a0: 100% Fistic grecesc<\/span><\/p>\n<p><span dir=\"auto\">100% Natural:<\/span><span dir=\"auto\">\u00a0F\u0103r\u0103 conservan\u021bi, f\u0103r\u0103 coloran\u021bi sau arome artificiale &#8211; doar fistic pur, natural.<\/span><\/p>\n<p><span dir=\"auto\">F\u0103r\u0103 gluten:<\/span><span dir=\"auto\">\u00a0Potrivit pentru persoanele cu intoleran\u021b\u0103 la gluten sau boal\u0103 celiac\u0103.<\/span><\/p>\n<p><span dir=\"auto\">Vegan:<\/span><span dir=\"auto\">\u00a0Perfect pentru dietele bazate pe plante.<\/span><\/p>\n<p><span dir=\"auto\">Textur\u0103 bogat\u0103 \u0219i cremoas\u0103:<\/span><span dir=\"auto\">\u00a0Fin\u0103 \u0219i u\u0219or de \u00eentins, fiind ideal\u0103 pentru diverse aplica\u021bii culinare.<\/span><\/p>\n<p><span dir=\"auto\">Fabricat manual \u00een loturi mici:<\/span><span dir=\"auto\">\u00a0asigur\u0103 o calitate \u0219i o prospe\u021bime constante \u00een fiecare borcan.<\/span><\/p>\n<p><span dir=\"auto\">Bogat \u00een gr\u0103simi s\u0103n\u0103toase \u0219i proteine:<\/span><span dir=\"auto\">\u00a0Sus\u021bine s\u0103n\u0103tatea inimii \u0219i ofer\u0103 o op\u021biune de gustare s\u0103\u021bioas\u0103.<\/span><\/p>\n<p><span dir=\"auto\">Ambalaje disponibile:<\/span><span dir=\"auto\">\u00a0borcan de sticl\u0103 de 200gr<\/span><\/p>\n","protected":false},"excerpt":{"rendered":"<p><span dir=\"auto\">Crem\u0103 de fistic cu ciocolat\u0103 cu lapte f\u0103r\u0103 zah\u0103r de la CORINTO \u2013 20% fistic grecesc<\/span><\/p>\n<p><span dir=\"auto\">Descoper\u0103 delicioasa crem\u0103 de fistic CORINTO cu ciocolat\u0103 cu lapte f\u0103r\u0103 zah\u0103r. Printre caracteristicile sale, procentul ridicat (20%) de fistic grecesc \u00eei confer\u0103 o arom\u0103 puternic\u0103 \u0219i o culoare intens\u0103, combinate cu delicioasa ciocolat\u0103 cu lapte f\u0103r\u0103 zah\u0103r pentru o experien\u021b\u0103 gustativ\u0103 perfect\u0103.<\/span><\/p>\n<p><span dir=\"auto\">Perfect pentru orice utilizare \u00een buc\u0103t\u0103ria ta:<\/span><\/p>\n<p><span dir=\"auto\">M\u0103r: Excelent pentru micul dejun, pe p\u00e2ine sau p\u00e2ine pr\u0103jit\u0103.<\/span><br \/>\n<span dir=\"auto\">Perfect pentru micul dejun sau peste p\u00e2ine sau pe p\u00e2ine pr\u0103jit\u0103: Potrivit pentru produse de patiserie umplute, cum ar fi croissante, fursecuri \u0219i multe altele.<\/span><br \/>\n<span dir=\"auto\">Topping: ideal pentru acoperirea \u0219i decorarea pr\u0103jiturilor \u0219i produselor de patiserie.<\/span><br \/>\n<span dir=\"auto\">Tort \u0219i topping pentru tort: Ad\u0103uga\u021bi-l peste \u00eenghe\u021bat\u0103 pentru un plus de arom\u0103 \u0219i textur\u0103.<\/span><br \/>\n<span dir=\"auto\">Topping: Perfect pentru toppingul tortului, oferindu-i un gust \u0219i un aspect unic.<\/span><\/p>\n<p><span dir=\"auto\">Aceast\u0103 crem\u0103 de ciocolat\u0103 cu lapte \u0219i unt de arahide f\u0103r\u0103 zah\u0103r este alegerea ideal\u0103 pentru cei care caut\u0103 savoare f\u0103r\u0103 zah\u0103r ad\u0103ugat. F\u0103cut\u0103 cu dragoste \u0219i aten\u021bie la detalii, este delicate<\/span><\/p>\n","protected":false},"featured_media":21417,"comment_status":"open","ping_status":"closed","template":"","meta":[],"product_cat":[217],"product_tag":[],"class_list":{"0":"post-21416","1":"product","2":"type-product","3":"status-publish","4":"has-post-thumbnail","6":"product_cat-dulciuri","8":"first","9":"instock","10":"taxable","11":"shipping-taxable","12":"purchasable","13":"product-type-simple"},"yoast_head":"<!-- This site is optimized with the Yoast SEO plugin v27.5 - https:\/\/yoast.com\/product\/yoast-seo-wordpress\/ -->\n<title>Crem\u0103 de fistic, cu ciocolat\u0103 cu lapte, f\u0103r\u0103 zah\u0103r - Elia Grecia<\/title>\n<meta name=\"description\" content=\"Crem\u0103 de fistic, cu ciocolat\u0103 cu lapte, f\u0103r\u0103 zah\u0103r. Printre caracteristicile sale, procentul ridicat (20%) de fistic grecesc \u00eei confer\u0103 o arom\u0103 puternic\u0103\" \/>\n<meta name=\"robots\" content=\"index, follow, max-snippet:-1, max-image-preview:large, max-video-preview:-1\" \/>\n<meta property=\"og:locale\" content=\"ro_RO\" \/>\n<meta property=\"og:type\" content=\"article\" \/>\n<meta property=\"og:title\" content=\"Crem\u0103 de fistic, cu ciocolat\u0103 cu lapte, f\u0103r\u0103 zah\u0103r - Elia Grecia\" \/>\n<meta property=\"og:description\" content=\"Crem\u0103 de fistic, cu ciocolat\u0103 cu lapte, f\u0103r\u0103 zah\u0103r. Printre caracteristicile sale, procentul ridicat (20%) de fistic grecesc \u00eei confer\u0103 o arom\u0103 puternic\u0103\" \/>\n<meta property=\"og:url\" content=\"https:\/\/shop.elia-gr.ro\/index.php\/product\/crema-de-fistic-cu-ciocolata-cu-lapte-fara-zahar\/\" \/>\n<meta property=\"og:site_name\" content=\"Elia Grecia\" \/>\n<meta property=\"article:publisher\" content=\"https:\/\/www.facebook.com\/profile.php?id=100063888292671\" \/>\n<meta property=\"og:image\" content=\"https:\/\/shop.elia-gr.ro\/wp-content\/uploads\/2025\/07\/PISTACHIO-SPREAD-MILK-CHOCO-a.webp\" \/>\n\t<meta property=\"og:image:width\" content=\"1200\" \/>\n\t<meta property=\"og:image:height\" content=\"1200\" \/>\n\t<meta property=\"og:image:type\" content=\"image\/webp\" \/>\n<meta name=\"twitter:card\" content=\"summary_large_image\" \/>\n<meta name=\"twitter:label1\" content=\"Timp estimat pentru citire\" \/>\n\t<meta name=\"twitter:data1\" content=\"1 minut\" \/>\n<!-- \/ Yoast SEO plugin. -->","yoast_head_json":{"title":"Crem\u0103 de fistic, cu ciocolat\u0103 cu lapte, f\u0103r\u0103 zah\u0103r - Elia Grecia","description":"Crem\u0103 de fistic, cu ciocolat\u0103 cu lapte, f\u0103r\u0103 zah\u0103r. Printre caracteristicile sale, procentul ridicat (20%) de fistic grecesc \u00eei confer\u0103 o arom\u0103 puternic\u0103","robots":{"index":"index","follow":"follow","max-snippet":"max-snippet:-1","max-image-preview":"max-image-preview:large","max-video-preview":"max-video-preview:-1"},"og_locale":"ro_RO","og_type":"article","og_title":"Crem\u0103 de fistic, cu ciocolat\u0103 cu lapte, f\u0103r\u0103 zah\u0103r - Elia Grecia","og_description":"Crem\u0103 de fistic, cu ciocolat\u0103 cu lapte, f\u0103r\u0103 zah\u0103r. Printre caracteristicile sale, procentul ridicat (20%) de fistic grecesc \u00eei confer\u0103 o arom\u0103 puternic\u0103","og_url":"https:\/\/shop.elia-gr.ro\/index.php\/product\/crema-de-fistic-cu-ciocolata-cu-lapte-fara-zahar\/","og_site_name":"Elia Grecia","article_publisher":"https:\/\/www.facebook.com\/profile.php?id=100063888292671","og_image":[{"width":1200,"height":1200,"url":"https:\/\/shop.elia-gr.ro\/wp-content\/uploads\/2025\/07\/PISTACHIO-SPREAD-MILK-CHOCO-a.webp","type":"image\/webp"}],"twitter_card":"summary_large_image","twitter_misc":{"Timp estimat pentru citire":"1 minut"},"schema":{"@context":"https:\/\/schema.org","@graph":[{"@type":"WebPage","@id":"https:\/\/shop.elia-gr.ro\/index.php\/product\/crema-de-fistic-cu-ciocolata-cu-lapte-fara-zahar\/","url":"https:\/\/shop.elia-gr.ro\/index.php\/product\/crema-de-fistic-cu-ciocolata-cu-lapte-fara-zahar\/","name":"Crem\u0103 de fistic, cu ciocolat\u0103 cu lapte, f\u0103r\u0103 zah\u0103r - Elia Grecia","isPartOf":{"@id":"https:\/\/shop.elia-gr.ro\/#website"},"primaryImageOfPage":{"@id":"https:\/\/shop.elia-gr.ro\/index.php\/product\/crema-de-fistic-cu-ciocolata-cu-lapte-fara-zahar\/#primaryimage"},"image":{"@id":"https:\/\/shop.elia-gr.ro\/index.php\/product\/crema-de-fistic-cu-ciocolata-cu-lapte-fara-zahar\/#primaryimage"},"thumbnailUrl":"https:\/\/shop.elia-gr.ro\/wp-content\/uploads\/2025\/07\/PISTACHIO-SPREAD-MILK-CHOCO-a.webp","datePublished":"2025-07-29T18:25:08+00:00","description":"Crem\u0103 de fistic, cu ciocolat\u0103 cu lapte, f\u0103r\u0103 zah\u0103r. Printre caracteristicile sale, procentul ridicat (20%) de fistic grecesc \u00eei confer\u0103 o arom\u0103 puternic\u0103","breadcrumb":{"@id":"https:\/\/shop.elia-gr.ro\/index.php\/product\/crema-de-fistic-cu-ciocolata-cu-lapte-fara-zahar\/#breadcrumb"},"inLanguage":"ro-RO","potentialAction":[{"@type":"ReadAction","target":["https:\/\/shop.elia-gr.ro\/index.php\/product\/crema-de-fistic-cu-ciocolata-cu-lapte-fara-zahar\/"]}]},{"@type":"ImageObject","inLanguage":"ro-RO","@id":"https:\/\/shop.elia-gr.ro\/index.php\/product\/crema-de-fistic-cu-ciocolata-cu-lapte-fara-zahar\/#primaryimage","url":"https:\/\/shop.elia-gr.ro\/wp-content\/uploads\/2025\/07\/PISTACHIO-SPREAD-MILK-CHOCO-a.webp","contentUrl":"https:\/\/shop.elia-gr.ro\/wp-content\/uploads\/2025\/07\/PISTACHIO-SPREAD-MILK-CHOCO-a.webp","width":1200,"height":1200},{"@type":"BreadcrumbList","@id":"https:\/\/shop.elia-gr.ro\/index.php\/product\/crema-de-fistic-cu-ciocolata-cu-lapte-fara-zahar\/#breadcrumb","itemListElement":[{"@type":"ListItem","position":1,"name":"Home","item":"https:\/\/shop.elia-gr.ro\/"},{"@type":"ListItem","position":2,"name":"Shop","item":"https:\/\/shop.elia-gr.ro\/index.php\/shop\/"},{"@type":"ListItem","position":3,"name":"Crem\u0103 de fistic, cu ciocolat\u0103 cu lapte, f\u0103r\u0103 zah\u0103r"}]},{"@type":"WebSite","@id":"https:\/\/shop.elia-gr.ro\/#website","url":"https:\/\/shop.elia-gr.ro\/","name":"Elia Grecia","description":"Cele mai bune produse grece\u0219ti pentru tine!","publisher":{"@id":"https:\/\/shop.elia-gr.ro\/#organization"},"potentialAction":[{"@type":"SearchAction","target":{"@type":"EntryPoint","urlTemplate":"https:\/\/shop.elia-gr.ro\/?s={search_term_string}"},"query-input":{"@type":"PropertyValueSpecification","valueRequired":true,"valueName":"search_term_string"}}],"inLanguage":"ro-RO"},{"@type":"Organization","@id":"https:\/\/shop.elia-gr.ro\/#organization","name":"Elia Grecia","url":"https:\/\/shop.elia-gr.ro\/","logo":{"@type":"ImageObject","inLanguage":"ro-RO","@id":"https:\/\/shop.elia-gr.ro\/#\/schema\/logo\/image\/","url":"https:\/\/shop.elia-gr.ro\/wp-content\/uploads\/2024\/09\/new_logo_elia_shop-1.webp","contentUrl":"https:\/\/shop.elia-gr.ro\/wp-content\/uploads\/2024\/09\/new_logo_elia_shop-1.webp","width":141,"height":50,"caption":"Elia Grecia"},"image":{"@id":"https:\/\/shop.elia-gr.ro\/#\/schema\/logo\/image\/"},"sameAs":["https:\/\/www.facebook.com\/profile.php?id=100063888292671"]}]}},"jetpack_sharing_enabled":true,"_links":{"self":[{"href":"https:\/\/shop.elia-gr.ro\/index.php\/wp-json\/wp\/v2\/product\/21416","targetHints":{"allow":["GET"]}}],"collection":[{"href":"https:\/\/shop.elia-gr.ro\/index.php\/wp-json\/wp\/v2\/product"}],"about":[{"href":"https:\/\/shop.elia-gr.ro\/index.php\/wp-json\/wp\/v2\/types\/product"}],"replies":[{"embeddable":true,"href":"https:\/\/shop.elia-gr.ro\/index.php\/wp-json\/wp\/v2\/comments?post=21416"}],"version-history":[{"count":1,"href":"https:\/\/shop.elia-gr.ro\/index.php\/wp-json\/wp\/v2\/product\/21416\/revisions"}],"predecessor-version":[{"id":21420,"href":"https:\/\/shop.elia-gr.ro\/index.php\/wp-json\/wp\/v2\/product\/21416\/revisions\/21420"}],"wp:featuredmedia":[{"embeddable":true,"href":"https:\/\/shop.elia-gr.ro\/index.php\/wp-json\/wp\/v2\/media\/21417"}],"wp:attachment":[{"href":"https:\/\/shop.elia-gr.ro\/index.php\/wp-json\/wp\/v2\/media?parent=21416"}],"wp:term":[{"taxonomy":"product_cat","embeddable":true,"href":"https:\/\/shop.elia-gr.ro\/index.php\/wp-json\/wp\/v2\/product_cat?post=21416"},{"taxonomy":"product_tag","embeddable":true,"href":"https:\/\/shop.elia-gr.ro\/index.php\/wp-json\/wp\/v2\/product_tag?post=21416"}],"curies":[{"name":"wp","href":"https:\/\/api.w.org\/{rel}","templated":true}]}}