{"id":21462,"date":"2025-08-27T16:52:51","date_gmt":"2025-08-27T14:52:51","guid":{"rendered":"https:\/\/shop.elia-gr.ro\/?post_type=product&#038;p=21462"},"modified":"2026-01-19T23:39:16","modified_gmt":"2026-01-19T21:39:16","slug":"extra-virgin-olive-oil-02-sticluta-personalizata","status":"publish","type":"product","link":"https:\/\/shop.elia-gr.ro\/index.php\/product\/extra-virgin-olive-oil-02-sticluta-personalizata\/","title":{"rendered":"Extra Virgin Olive Oil 0,2% STICLU\u021a\u0102 PERSONALIZAT\u0102"},"content":{"rendered":"<p><strong><span dir=\"auto\">De ce s\u0103 alegi Ophelia?<\/span><\/strong><\/p>\n<ul>\n<li><strong><span dir=\"auto\">Calitate DOP certificat\u0103:<\/span><\/strong><span dir=\"auto\">\u00a0Denumirea de origine protejat\u0103 (DOP) Viannos garanteaz\u0103 autenticitatea \u0219i originea local\u0103 a uleiului de m\u0103sline.<\/span><\/li>\n<li><strong><span dir=\"auto\">Aciditate extrem de sc\u0103zut\u0103 (0,2%):<\/span><\/strong><span dir=\"auto\">\u00a0Aciditatea foarte sc\u0103zut\u0103 atest\u0103 calitatea superioar\u0103 \u0219i prospe\u021bimea produsului, care protejeaz\u0103 nutrien\u021bii \u0219i aroma.<\/span><\/li>\n<li><strong><span dir=\"auto\">Arom\u0103 bogat\u0103 de fructe \u0219i arom\u0103 delicat\u0103:<\/span><\/strong><span dir=\"auto\">\u00a0Ideal pentru orice utilizare \u00een buc\u0103t\u0103rie, de la salate la g\u0103tit haute cuisine.<\/span><\/li>\n<li><strong><span dir=\"auto\">Produs natural:<\/span><\/strong><span dir=\"auto\">\u00a0F\u0103r\u0103 aditivi, complet natural, bogat \u00een antioxidan\u021bi \u0219i gr\u0103simi bune care promoveaz\u0103 s\u0103n\u0103tatea.<\/span><\/li>\n<li><strong><span dir=\"auto\">Beneficii energetice \u0219i nutri\u021bionale:<\/span><\/strong><span dir=\"auto\">\u00a0Cu 91 g de gr\u0103simi la 100 g, din care doar 13 g sunt saturate, este o surs\u0103 s\u0103n\u0103toas\u0103 de energie, ideal\u0103 pentru o diet\u0103 echilibrat\u0103.<\/span><\/li>\n<\/ul>\n<p><strong><span dir=\"auto\">Ideal pentru un cadou<\/span><\/strong><\/p>\n<p><strong><span dir=\"auto\">\u00cencearc\u0103 Ophellia ast\u0103zi \u0219i du gustul \u0219i calitatea meselor tale la un nou nivel!<\/span><\/strong><\/p>\n","protected":false},"excerpt":{"rendered":"<p><span dir=\"auto\">Uleiul de m\u0103sline extravirgin Ophellia cu aciditate 0,2% DOP Viannos este un ulei de m\u0103sline de calitate superioar\u0103, cu certificare DOP. Este produs din m\u0103sline din regiunea Viannos din Creta, oferind o aciditate extrem de sc\u0103zut\u0103, o arom\u0103 delicat\u0103 \u0219i o savoare fructat\u0103 rafinat\u0103. Ideal pentru cunosc\u0103torii exigen\u021bi.<\/span><\/p>\n<p><strong><span dir=\"auto\">Calitatea de v\u00e2rf din inima Cretei, pentru iubitorii de gust \u0219i s\u0103n\u0103tate!<\/span><\/strong><\/p>\n<p><span dir=\"auto\">Ophellia nu este doar un ulei de m\u0103sline \u2014 este o experien\u021b\u0103 de degustare care provine din cele mai fine m\u0103sline din regiunea Viannos, cu o certificare DOP strict\u0103 ce garanteaz\u0103 autenticitatea \u0219i calitatea excep\u021bional\u0103.<\/span><\/p>\n","protected":false},"featured_media":21463,"comment_status":"open","ping_status":"closed","template":"","meta":[],"product_cat":[141],"product_tag":[],"class_list":{"0":"post-21462","1":"product","2":"type-product","3":"status-publish","4":"has-post-thumbnail","6":"product_brand-ophellia","7":"product_cat-ulei-de-masline","9":"first","10":"instock","11":"taxable","12":"shipping-taxable","13":"purchasable","14":"product-type-simple"},"yoast_head":"<!-- This site is optimized with the Yoast SEO plugin v27.6 - https:\/\/yoast.com\/product\/yoast-seo-wordpress\/ -->\n<title>Extra Virgin Olive Oil 0,2% STICLU\u021a\u0102 PERSONALIZAT\u0102 - Elia Grecia<\/title>\n<meta name=\"description\" content=\"Extra Virgin Olive Oil 0,2% STICLU\u021a\u0102 PERSONALIZAT\u0102. experien\u021b\u0103 de degustare care provine din cele mai fine m\u0103sline din regiunea Viannos\" \/>\n<meta name=\"robots\" content=\"index, follow, max-snippet:-1, max-image-preview:large, max-video-preview:-1\" \/>\n<meta property=\"og:locale\" content=\"ro_RO\" \/>\n<meta property=\"og:type\" content=\"article\" \/>\n<meta property=\"og:title\" content=\"Extra Virgin Olive Oil 0,2% STICLU\u021a\u0102 PERSONALIZAT\u0102 - Elia Grecia\" \/>\n<meta property=\"og:description\" content=\"Extra Virgin Olive Oil 0,2% STICLU\u021a\u0102 PERSONALIZAT\u0102. experien\u021b\u0103 de degustare care provine din cele mai fine m\u0103sline din regiunea Viannos\" \/>\n<meta property=\"og:url\" content=\"https:\/\/shop.elia-gr.ro\/index.php\/product\/extra-virgin-olive-oil-02-sticluta-personalizata\/\" \/>\n<meta property=\"og:site_name\" content=\"Elia Grecia\" \/>\n<meta property=\"article:publisher\" content=\"https:\/\/www.facebook.com\/profile.php?id=100063888292671\" \/>\n<meta property=\"article:modified_time\" content=\"2026-01-19T21:39:16+00:00\" \/>\n<meta property=\"og:image\" content=\"https:\/\/shop.elia-gr.ro\/wp-content\/uploads\/2025\/08\/ophellia-olive-oil-XV702.jpg\" \/>\n\t<meta property=\"og:image:width\" content=\"686\" \/>\n\t<meta property=\"og:image:height\" content=\"686\" \/>\n\t<meta property=\"og:image:type\" content=\"image\/jpeg\" \/>\n<meta name=\"twitter:card\" content=\"summary_large_image\" \/>\n<meta name=\"twitter:label1\" content=\"Timp estimat pentru citire\" \/>\n\t<meta name=\"twitter:data1\" content=\"1 minut\" \/>\n<!-- \/ Yoast SEO plugin. -->","yoast_head_json":{"title":"Extra Virgin Olive Oil 0,2% STICLU\u021a\u0102 PERSONALIZAT\u0102 - Elia Grecia","description":"Extra Virgin Olive Oil 0,2% STICLU\u021a\u0102 PERSONALIZAT\u0102. experien\u021b\u0103 de degustare care provine din cele mai fine m\u0103sline din regiunea Viannos","robots":{"index":"index","follow":"follow","max-snippet":"max-snippet:-1","max-image-preview":"max-image-preview:large","max-video-preview":"max-video-preview:-1"},"og_locale":"ro_RO","og_type":"article","og_title":"Extra Virgin Olive Oil 0,2% STICLU\u021a\u0102 PERSONALIZAT\u0102 - Elia Grecia","og_description":"Extra Virgin Olive Oil 0,2% STICLU\u021a\u0102 PERSONALIZAT\u0102. experien\u021b\u0103 de degustare care provine din cele mai fine m\u0103sline din regiunea Viannos","og_url":"https:\/\/shop.elia-gr.ro\/index.php\/product\/extra-virgin-olive-oil-02-sticluta-personalizata\/","og_site_name":"Elia Grecia","article_publisher":"https:\/\/www.facebook.com\/profile.php?id=100063888292671","article_modified_time":"2026-01-19T21:39:16+00:00","og_image":[{"width":686,"height":686,"url":"https:\/\/shop.elia-gr.ro\/wp-content\/uploads\/2025\/08\/ophellia-olive-oil-XV702.jpg","type":"image\/jpeg"}],"twitter_card":"summary_large_image","twitter_misc":{"Timp estimat pentru citire":"1 minut"},"schema":{"@context":"https:\/\/schema.org","@graph":[{"@type":"WebPage","@id":"https:\/\/shop.elia-gr.ro\/index.php\/product\/extra-virgin-olive-oil-02-sticluta-personalizata\/","url":"https:\/\/shop.elia-gr.ro\/index.php\/product\/extra-virgin-olive-oil-02-sticluta-personalizata\/","name":"Extra Virgin Olive Oil 0,2% STICLU\u021a\u0102 PERSONALIZAT\u0102 - Elia Grecia","isPartOf":{"@id":"https:\/\/shop.elia-gr.ro\/#website"},"primaryImageOfPage":{"@id":"https:\/\/shop.elia-gr.ro\/index.php\/product\/extra-virgin-olive-oil-02-sticluta-personalizata\/#primaryimage"},"image":{"@id":"https:\/\/shop.elia-gr.ro\/index.php\/product\/extra-virgin-olive-oil-02-sticluta-personalizata\/#primaryimage"},"thumbnailUrl":"https:\/\/shop.elia-gr.ro\/wp-content\/uploads\/2025\/08\/ophellia-olive-oil-XV702.jpg","datePublished":"2025-08-27T14:52:51+00:00","dateModified":"2026-01-19T21:39:16+00:00","description":"Extra Virgin Olive Oil 0,2% STICLU\u021a\u0102 PERSONALIZAT\u0102. experien\u021b\u0103 de degustare care provine din cele mai fine m\u0103sline din regiunea Viannos","breadcrumb":{"@id":"https:\/\/shop.elia-gr.ro\/index.php\/product\/extra-virgin-olive-oil-02-sticluta-personalizata\/#breadcrumb"},"inLanguage":"ro-RO","potentialAction":[{"@type":"ReadAction","target":["https:\/\/shop.elia-gr.ro\/index.php\/product\/extra-virgin-olive-oil-02-sticluta-personalizata\/"]}]},{"@type":"ImageObject","inLanguage":"ro-RO","@id":"https:\/\/shop.elia-gr.ro\/index.php\/product\/extra-virgin-olive-oil-02-sticluta-personalizata\/#primaryimage","url":"https:\/\/shop.elia-gr.ro\/wp-content\/uploads\/2025\/08\/ophellia-olive-oil-XV702.jpg","contentUrl":"https:\/\/shop.elia-gr.ro\/wp-content\/uploads\/2025\/08\/ophellia-olive-oil-XV702.jpg","width":686,"height":686},{"@type":"BreadcrumbList","@id":"https:\/\/shop.elia-gr.ro\/index.php\/product\/extra-virgin-olive-oil-02-sticluta-personalizata\/#breadcrumb","itemListElement":[{"@type":"ListItem","position":1,"name":"Home","item":"https:\/\/shop.elia-gr.ro\/"},{"@type":"ListItem","position":2,"name":"Shop","item":"https:\/\/shop.elia-gr.ro\/index.php\/shop\/"},{"@type":"ListItem","position":3,"name":"Extra Virgin Olive Oil 0,2% STICLU\u021a\u0102 PERSONALIZAT\u0102"}]},{"@type":"WebSite","@id":"https:\/\/shop.elia-gr.ro\/#website","url":"https:\/\/shop.elia-gr.ro\/","name":"Elia Grecia","description":"Cele mai bune produse grece\u0219ti pentru tine!","publisher":{"@id":"https:\/\/shop.elia-gr.ro\/#organization"},"potentialAction":[{"@type":"SearchAction","target":{"@type":"EntryPoint","urlTemplate":"https:\/\/shop.elia-gr.ro\/?s={search_term_string}"},"query-input":{"@type":"PropertyValueSpecification","valueRequired":true,"valueName":"search_term_string"}}],"inLanguage":"ro-RO"},{"@type":"Organization","@id":"https:\/\/shop.elia-gr.ro\/#organization","name":"Elia Grecia","url":"https:\/\/shop.elia-gr.ro\/","logo":{"@type":"ImageObject","inLanguage":"ro-RO","@id":"https:\/\/shop.elia-gr.ro\/#\/schema\/logo\/image\/","url":"https:\/\/shop.elia-gr.ro\/wp-content\/uploads\/2024\/09\/new_logo_elia_shop-1.webp","contentUrl":"https:\/\/shop.elia-gr.ro\/wp-content\/uploads\/2024\/09\/new_logo_elia_shop-1.webp","width":141,"height":50,"caption":"Elia Grecia"},"image":{"@id":"https:\/\/shop.elia-gr.ro\/#\/schema\/logo\/image\/"},"sameAs":["https:\/\/www.facebook.com\/profile.php?id=100063888292671"]}]}},"jetpack_sharing_enabled":true,"_links":{"self":[{"href":"https:\/\/shop.elia-gr.ro\/index.php\/wp-json\/wp\/v2\/product\/21462","targetHints":{"allow":["GET"]}}],"collection":[{"href":"https:\/\/shop.elia-gr.ro\/index.php\/wp-json\/wp\/v2\/product"}],"about":[{"href":"https:\/\/shop.elia-gr.ro\/index.php\/wp-json\/wp\/v2\/types\/product"}],"replies":[{"embeddable":true,"href":"https:\/\/shop.elia-gr.ro\/index.php\/wp-json\/wp\/v2\/comments?post=21462"}],"version-history":[{"count":1,"href":"https:\/\/shop.elia-gr.ro\/index.php\/wp-json\/wp\/v2\/product\/21462\/revisions"}],"predecessor-version":[{"id":21464,"href":"https:\/\/shop.elia-gr.ro\/index.php\/wp-json\/wp\/v2\/product\/21462\/revisions\/21464"}],"wp:featuredmedia":[{"embeddable":true,"href":"https:\/\/shop.elia-gr.ro\/index.php\/wp-json\/wp\/v2\/media\/21463"}],"wp:attachment":[{"href":"https:\/\/shop.elia-gr.ro\/index.php\/wp-json\/wp\/v2\/media?parent=21462"}],"wp:term":[{"taxonomy":"product_cat","embeddable":true,"href":"https:\/\/shop.elia-gr.ro\/index.php\/wp-json\/wp\/v2\/product_cat?post=21462"},{"taxonomy":"product_tag","embeddable":true,"href":"https:\/\/shop.elia-gr.ro\/index.php\/wp-json\/wp\/v2\/product_tag?post=21462"}],"curies":[{"name":"wp","href":"https:\/\/api.w.org\/{rel}","templated":true}]}}