{"id":21465,"date":"2025-08-27T17:03:58","date_gmt":"2025-08-27T15:03:58","guid":{"rendered":"https:\/\/shop.elia-gr.ro\/?post_type=product&#038;p=21465"},"modified":"2026-01-19T23:39:03","modified_gmt":"2026-01-19T21:39:03","slug":"extra-virgin-olive-oil-03-sticluta-personalizata","status":"publish","type":"product","link":"https:\/\/shop.elia-gr.ro\/index.php\/product\/extra-virgin-olive-oil-03-sticluta-personalizata\/","title":{"rendered":"Extra Virgin Olive Oil 0,3% STICLU\u021a\u0102 PERSONALIZAT\u0102"},"content":{"rendered":"<p><strong><span dir=\"auto\">De ce s\u0103 alegi Ophellia?<\/span><\/strong><\/p>\n<ul>\n<li><strong><span dir=\"auto\">Aciditate foarte sc\u0103zut\u0103 0,3%:<\/span><\/strong><span dir=\"auto\">\u00a0Asigur\u0103 o arom\u0103 curat\u0103, bl\u00e2nd\u0103 \u0219i fructat\u0103, cu un postgust delicat, ideal\u0103 pentru m\u00e2nc\u0103ruri savuroase \u0219i rafinate.<\/span><\/li>\n<li><strong><span dir=\"auto\">Ambalaje cadou premium:<\/span><\/strong><span dir=\"auto\">\u00a0Ideale pentru orice ocazie \u2013 s\u0103rb\u0103tori, anivers\u0103ri sau pur \u0219i simplu pentru a oferi un cadou special care va fi apreciat.<\/span><\/li>\n<li><strong><span dir=\"auto\">Originea \u0219i calitatea Ophelliei:<\/span><\/strong><span dir=\"auto\">\u00a0Din inima Cretei, cu controale stricte de calitate, pentru a oferi un produs de standarde \u00eenalte.<\/span><\/li>\n<li><strong><span dir=\"auto\">Alegere s\u0103n\u0103toas\u0103:<\/span><\/strong><span dir=\"auto\">\u00a0Natural\u0103, f\u0103r\u0103 aditivi, bogat\u0103 \u00een antioxidan\u021bi \u0219i gr\u0103simi bune, sus\u021bine o diet\u0103 echilibrat\u0103.<\/span><\/li>\n<li><strong><span dir=\"auto\">Versatil:<\/span><\/strong><span dir=\"auto\">\u00a0Perfect pentru salate, toc\u0103ni\u021be, pe\u0219te \u0219i paste, intensific\u00e2nd fiecare arom\u0103.<\/span><\/li>\n<\/ul>\n<p><strong><span dir=\"auto\">De ce este Ophellia cadoul perfect?<\/span><\/strong><\/p>\n<ul>\n<li><span dir=\"auto\">Exprim\u0103 grij\u0103 \u0219i respect pentru calitate \u0219i tradi\u021bie.<\/span><\/li>\n<li><span dir=\"auto\">Surprinde cultura gastronomic\u0103 greac\u0103 \u00eentr-un mod unic.<\/span><\/li>\n<li><span dir=\"auto\">Ideal pentru gurmanzi, buc\u0103tari, dar \u0219i pentru cei care vor s\u0103 \u00ee\u0219i \u00eembun\u0103t\u0103\u021beasc\u0103 masa zilnic\u0103.<\/span><\/li>\n<\/ul>\n<p><strong><span dir=\"auto\">Ofer\u0103 \u00een dar s\u0103n\u0103tate \u0219i gust \u2013 alege Ophellia 0.3% ast\u0103zi!<\/span><\/strong><\/p>\n","protected":false},"excerpt":{"rendered":"<p><span dir=\"auto\">Ulei de m\u0103sline extravirgin cu aciditate foarte sc\u0103zut\u0103, cu o arom\u0103 fructat\u0103 u\u0219oar\u0103 \u0219i un postgust delicat. Ideal pentru degustare \u0219i preparate premium.<\/span><\/p>\n<p><strong><span dir=\"auto\">Ideea perfect\u0103 de cadou pentru cei care iubesc gustul autentic \u0219i calitatea \u00eenalt\u0103!<\/span><\/strong><\/p>\n<p><span dir=\"auto\">Cau\u021bi cadoul ideal care combin\u0103 gustul, calitatea \u0219i tradi\u021bia? Ophellia ofer\u0103 un ulei de m\u0103sline extravirgin premium cu o aciditate de doar 0,3%, ambalat elegant pentru a impresiona orice gurmand.<\/span><\/p>\n","protected":false},"featured_media":21466,"comment_status":"open","ping_status":"closed","template":"","meta":[],"product_cat":[141],"product_tag":[],"class_list":{"0":"post-21465","1":"product","2":"type-product","3":"status-publish","4":"has-post-thumbnail","6":"product_brand-ophellia","7":"product_cat-ulei-de-masline","9":"first","10":"instock","11":"taxable","12":"shipping-taxable","13":"purchasable","14":"product-type-simple"},"yoast_head":"<!-- This site is optimized with the Yoast SEO plugin v27.5 - https:\/\/yoast.com\/product\/yoast-seo-wordpress\/ -->\n<title>Extra Virgin Olive Oil 0,3% STICLU\u021a\u0102 PERSONALIZAT\u0102 - Elia Grecia<\/title>\n<meta name=\"description\" content=\"Extra Virgin Olive Oil 0,3% STICLU\u021a\u0102 PERSONALIZAT\u0102. Ulei de m\u0103sline extravirgin cu aciditate foarte sc\u0103zut\u0103, cu o arom\u0103 fructat\u0103 u\u0219oar\u0103\" \/>\n<meta name=\"robots\" content=\"index, follow, max-snippet:-1, max-image-preview:large, max-video-preview:-1\" \/>\n<meta property=\"og:locale\" content=\"ro_RO\" \/>\n<meta property=\"og:type\" content=\"article\" \/>\n<meta property=\"og:title\" content=\"Extra Virgin Olive Oil 0,3% STICLU\u021a\u0102 PERSONALIZAT\u0102 - Elia Grecia\" \/>\n<meta property=\"og:description\" content=\"Extra Virgin Olive Oil 0,3% STICLU\u021a\u0102 PERSONALIZAT\u0102. Ulei de m\u0103sline extravirgin cu aciditate foarte sc\u0103zut\u0103, cu o arom\u0103 fructat\u0103 u\u0219oar\u0103\" \/>\n<meta property=\"og:url\" content=\"https:\/\/shop.elia-gr.ro\/index.php\/product\/extra-virgin-olive-oil-03-sticluta-personalizata\/\" \/>\n<meta property=\"og:site_name\" content=\"Elia Grecia\" \/>\n<meta property=\"article:publisher\" content=\"https:\/\/www.facebook.com\/profile.php?id=100063888292671\" \/>\n<meta property=\"article:modified_time\" content=\"2026-01-19T21:39:03+00:00\" \/>\n<meta property=\"og:image\" content=\"https:\/\/shop.elia-gr.ro\/wp-content\/uploads\/2025\/08\/ophellia-olive-oil-XV703.jpg\" \/>\n\t<meta property=\"og:image:width\" content=\"1080\" \/>\n\t<meta property=\"og:image:height\" content=\"1350\" \/>\n\t<meta property=\"og:image:type\" content=\"image\/jpeg\" \/>\n<meta name=\"twitter:card\" content=\"summary_large_image\" \/>\n<meta name=\"twitter:label1\" content=\"Timp estimat pentru citire\" \/>\n\t<meta name=\"twitter:data1\" content=\"1 minut\" \/>\n<!-- \/ Yoast SEO plugin. -->","yoast_head_json":{"title":"Extra Virgin Olive Oil 0,3% STICLU\u021a\u0102 PERSONALIZAT\u0102 - Elia Grecia","description":"Extra Virgin Olive Oil 0,3% STICLU\u021a\u0102 PERSONALIZAT\u0102. Ulei de m\u0103sline extravirgin cu aciditate foarte sc\u0103zut\u0103, cu o arom\u0103 fructat\u0103 u\u0219oar\u0103","robots":{"index":"index","follow":"follow","max-snippet":"max-snippet:-1","max-image-preview":"max-image-preview:large","max-video-preview":"max-video-preview:-1"},"og_locale":"ro_RO","og_type":"article","og_title":"Extra Virgin Olive Oil 0,3% STICLU\u021a\u0102 PERSONALIZAT\u0102 - Elia Grecia","og_description":"Extra Virgin Olive Oil 0,3% STICLU\u021a\u0102 PERSONALIZAT\u0102. Ulei de m\u0103sline extravirgin cu aciditate foarte sc\u0103zut\u0103, cu o arom\u0103 fructat\u0103 u\u0219oar\u0103","og_url":"https:\/\/shop.elia-gr.ro\/index.php\/product\/extra-virgin-olive-oil-03-sticluta-personalizata\/","og_site_name":"Elia Grecia","article_publisher":"https:\/\/www.facebook.com\/profile.php?id=100063888292671","article_modified_time":"2026-01-19T21:39:03+00:00","og_image":[{"width":1080,"height":1350,"url":"https:\/\/shop.elia-gr.ro\/wp-content\/uploads\/2025\/08\/ophellia-olive-oil-XV703.jpg","type":"image\/jpeg"}],"twitter_card":"summary_large_image","twitter_misc":{"Timp estimat pentru citire":"1 minut"},"schema":{"@context":"https:\/\/schema.org","@graph":[{"@type":"WebPage","@id":"https:\/\/shop.elia-gr.ro\/index.php\/product\/extra-virgin-olive-oil-03-sticluta-personalizata\/","url":"https:\/\/shop.elia-gr.ro\/index.php\/product\/extra-virgin-olive-oil-03-sticluta-personalizata\/","name":"Extra Virgin Olive Oil 0,3% STICLU\u021a\u0102 PERSONALIZAT\u0102 - Elia Grecia","isPartOf":{"@id":"https:\/\/shop.elia-gr.ro\/#website"},"primaryImageOfPage":{"@id":"https:\/\/shop.elia-gr.ro\/index.php\/product\/extra-virgin-olive-oil-03-sticluta-personalizata\/#primaryimage"},"image":{"@id":"https:\/\/shop.elia-gr.ro\/index.php\/product\/extra-virgin-olive-oil-03-sticluta-personalizata\/#primaryimage"},"thumbnailUrl":"https:\/\/shop.elia-gr.ro\/wp-content\/uploads\/2025\/08\/ophellia-olive-oil-XV703.jpg","datePublished":"2025-08-27T15:03:58+00:00","dateModified":"2026-01-19T21:39:03+00:00","description":"Extra Virgin Olive Oil 0,3% STICLU\u021a\u0102 PERSONALIZAT\u0102. Ulei de m\u0103sline extravirgin cu aciditate foarte sc\u0103zut\u0103, cu o arom\u0103 fructat\u0103 u\u0219oar\u0103","breadcrumb":{"@id":"https:\/\/shop.elia-gr.ro\/index.php\/product\/extra-virgin-olive-oil-03-sticluta-personalizata\/#breadcrumb"},"inLanguage":"ro-RO","potentialAction":[{"@type":"ReadAction","target":["https:\/\/shop.elia-gr.ro\/index.php\/product\/extra-virgin-olive-oil-03-sticluta-personalizata\/"]}]},{"@type":"ImageObject","inLanguage":"ro-RO","@id":"https:\/\/shop.elia-gr.ro\/index.php\/product\/extra-virgin-olive-oil-03-sticluta-personalizata\/#primaryimage","url":"https:\/\/shop.elia-gr.ro\/wp-content\/uploads\/2025\/08\/ophellia-olive-oil-XV703.jpg","contentUrl":"https:\/\/shop.elia-gr.ro\/wp-content\/uploads\/2025\/08\/ophellia-olive-oil-XV703.jpg","width":1080,"height":1350},{"@type":"BreadcrumbList","@id":"https:\/\/shop.elia-gr.ro\/index.php\/product\/extra-virgin-olive-oil-03-sticluta-personalizata\/#breadcrumb","itemListElement":[{"@type":"ListItem","position":1,"name":"Home","item":"https:\/\/shop.elia-gr.ro\/"},{"@type":"ListItem","position":2,"name":"Shop","item":"https:\/\/shop.elia-gr.ro\/index.php\/shop\/"},{"@type":"ListItem","position":3,"name":"Extra Virgin Olive Oil 0,3% STICLU\u021a\u0102 PERSONALIZAT\u0102"}]},{"@type":"WebSite","@id":"https:\/\/shop.elia-gr.ro\/#website","url":"https:\/\/shop.elia-gr.ro\/","name":"Elia Grecia","description":"Cele mai bune produse grece\u0219ti pentru tine!","publisher":{"@id":"https:\/\/shop.elia-gr.ro\/#organization"},"potentialAction":[{"@type":"SearchAction","target":{"@type":"EntryPoint","urlTemplate":"https:\/\/shop.elia-gr.ro\/?s={search_term_string}"},"query-input":{"@type":"PropertyValueSpecification","valueRequired":true,"valueName":"search_term_string"}}],"inLanguage":"ro-RO"},{"@type":"Organization","@id":"https:\/\/shop.elia-gr.ro\/#organization","name":"Elia Grecia","url":"https:\/\/shop.elia-gr.ro\/","logo":{"@type":"ImageObject","inLanguage":"ro-RO","@id":"https:\/\/shop.elia-gr.ro\/#\/schema\/logo\/image\/","url":"https:\/\/shop.elia-gr.ro\/wp-content\/uploads\/2024\/09\/new_logo_elia_shop-1.webp","contentUrl":"https:\/\/shop.elia-gr.ro\/wp-content\/uploads\/2024\/09\/new_logo_elia_shop-1.webp","width":141,"height":50,"caption":"Elia Grecia"},"image":{"@id":"https:\/\/shop.elia-gr.ro\/#\/schema\/logo\/image\/"},"sameAs":["https:\/\/www.facebook.com\/profile.php?id=100063888292671"]}]}},"jetpack_sharing_enabled":true,"_links":{"self":[{"href":"https:\/\/shop.elia-gr.ro\/index.php\/wp-json\/wp\/v2\/product\/21465","targetHints":{"allow":["GET"]}}],"collection":[{"href":"https:\/\/shop.elia-gr.ro\/index.php\/wp-json\/wp\/v2\/product"}],"about":[{"href":"https:\/\/shop.elia-gr.ro\/index.php\/wp-json\/wp\/v2\/types\/product"}],"replies":[{"embeddable":true,"href":"https:\/\/shop.elia-gr.ro\/index.php\/wp-json\/wp\/v2\/comments?post=21465"}],"version-history":[{"count":1,"href":"https:\/\/shop.elia-gr.ro\/index.php\/wp-json\/wp\/v2\/product\/21465\/revisions"}],"predecessor-version":[{"id":21468,"href":"https:\/\/shop.elia-gr.ro\/index.php\/wp-json\/wp\/v2\/product\/21465\/revisions\/21468"}],"wp:featuredmedia":[{"embeddable":true,"href":"https:\/\/shop.elia-gr.ro\/index.php\/wp-json\/wp\/v2\/media\/21466"}],"wp:attachment":[{"href":"https:\/\/shop.elia-gr.ro\/index.php\/wp-json\/wp\/v2\/media?parent=21465"}],"wp:term":[{"taxonomy":"product_cat","embeddable":true,"href":"https:\/\/shop.elia-gr.ro\/index.php\/wp-json\/wp\/v2\/product_cat?post=21465"},{"taxonomy":"product_tag","embeddable":true,"href":"https:\/\/shop.elia-gr.ro\/index.php\/wp-json\/wp\/v2\/product_tag?post=21465"}],"curies":[{"name":"wp","href":"https:\/\/api.w.org\/{rel}","templated":true}]}}