{"id":21476,"date":"2025-08-27T17:29:59","date_gmt":"2025-08-27T15:29:59","guid":{"rendered":"https:\/\/shop.elia-gr.ro\/?post_type=product&#038;p=21476"},"modified":"2026-01-19T23:37:20","modified_gmt":"2026-01-19T21:37:20","slug":"set-3-sticle-cu-ulei-mix-lamaie-cu-mastic-cu-busuioc-si-usturoi","status":"publish","type":"product","link":"https:\/\/shop.elia-gr.ro\/index.php\/product\/set-3-sticle-cu-ulei-mix-lamaie-cu-mastic-cu-busuioc-si-usturoi\/","title":{"rendered":"SET 3 STICLE cu ulei mix l\u0103m\u00e2ie, cu mastic, cu busuioc \u0219i usturoi"},"content":{"rendered":"<div class=\"elementor-element elementor-element-45f2abe elementor-widget elementor-widget-woocommerce-product-title elementor-page-title elementor-widget-heading\" data-id=\"45f2abe\" data-element_type=\"widget\" data-widget_type=\"woocommerce-product-title.default\">\n<div class=\"elementor-widget-container\">\n<p><span dir=\"auto\">Setul\u00a0<\/span><strong><span dir=\"auto\">de 3 condimente cu ulei de m\u0103sline Ophellia (3 x 100ml)<\/span><\/strong><span dir=\"auto\">\u00a0este mica atingere gourmet care transform\u0103 fiecare fel de m\u00e2ncare.<\/span><\/p>\n<p><span dir=\"auto\">\ud83c\udf3f\u00a0<\/span><strong><span dir=\"auto\">Usturoi \u0219i busuioc<\/span><\/strong><span dir=\"auto\">\u00a0pentru paste de vis<\/span><br \/>\n<span dir=\"auto\">\ud83c\udf4b\u00a0<\/span><strong><span dir=\"auto\">L\u0103m\u00e2ie<\/span><\/strong><span dir=\"auto\">\u00a0pentru un plus de prospe\u021bime \u00een salate \u0219i pe\u0219te<\/span><br \/>\n<span dir=\"auto\">\ud83c\udf31\u00a0<\/span><strong><span dir=\"auto\">Cimbru<\/span><\/strong><span dir=\"auto\">\u00a0pentru magie mediteranean\u0103 la fiecare \u00eembuc\u0103tur\u0103<\/span><\/p>\n<p><span dir=\"auto\">\u2728 Elegant, gustos \u0219i ideal ca \u0219i cadou. Pentru cei care g\u0103tesc\u2026 cu imagina\u021bie!<\/span><\/p>\n<\/div>\n<\/div>\n","protected":false},"excerpt":{"rendered":"<p><span dir=\"auto\">O selec\u021bie tripl\u0103 de uleiuri de m\u0103sline extravirgine aromate \u00eentr-un set elegant de 3 x 100 ml. Include arome de busuioc \u0219i usturoi, l\u0103m\u00e2ie \u0219i cimbru, ideale pentru a fi oferite cadou sau degustate, conferind un caracter gourmet fiec\u0103rui preparat.<\/span><\/p>\n<p><span dir=\"auto\">O c\u0103l\u0103torie aromatic\u0103 a savoarelor \u00een fiecare pic\u0103tur\u0103.<\/span><\/p>\n<p><span dir=\"auto\">Un set elegant de 3 sticle de ulei de m\u0103sline extravirgin, \u00eembog\u0103\u021bit cu arome naturale:<\/span><\/p>\n<ul>\n<li><strong><span dir=\"auto\">Busuioc \u0219i usturoi<\/span><\/strong><span dir=\"auto\">\u00a0\u2013 ideale pentru paste \u0219i pizza<\/span><\/li>\n<li><strong><span dir=\"auto\">L\u0103m\u00e2ie<\/span><\/strong><span dir=\"auto\">\u00a0\u2013 prospe\u021bime pentru salate \u0219i pe\u0219te<\/span><\/li>\n<li><strong><span dir=\"auto\">Cimbru<\/span><\/strong><span dir=\"auto\">\u00a0\u2013 pentru carne, cartofi \u0219i preparate mediteraneene<\/span><\/li>\n<\/ul>\n<p><span dir=\"auto\">Ideal ca \u0219i cadou gourmet, pentru degustare sau pentru a eviden\u021bia fiecare mas\u0103 cu un caracter autentic.<\/span><\/p>\n<p><span dir=\"auto\">\ud83c\udf81\u00a0<\/span><strong><span dir=\"auto\">3 arome. 100 de idei. Deliciositate infinit\u0103!<\/span><\/strong><\/p>\n","protected":false},"featured_media":21477,"comment_status":"open","ping_status":"closed","template":"","meta":[],"product_cat":[141],"product_tag":[],"class_list":{"0":"post-21476","1":"product","2":"type-product","3":"status-publish","4":"has-post-thumbnail","6":"product_brand-ophellia","7":"product_cat-ulei-de-masline","9":"first","10":"instock","11":"taxable","12":"shipping-taxable","13":"purchasable","14":"product-type-simple"},"yoast_head":"<!-- This site is optimized with the Yoast SEO plugin v27.5 - https:\/\/yoast.com\/product\/yoast-seo-wordpress\/ -->\n<title>SET 3 STICLE cu ulei mix l\u0103m\u00e2ie, cu mastic, cu busuioc \u0219i usturoi<\/title>\n<meta name=\"description\" content=\"SET 3 STICLE cu ulei mix l\u0103m\u00e2ie, cu mastic, cu busuioc \u0219i usturoi. Include arome de busuioc \u0219i usturoi, l\u0103m\u00e2ie \u0219i cimbru, ideale pentru a fi oferite cadou\" \/>\n<meta name=\"robots\" content=\"index, follow, max-snippet:-1, max-image-preview:large, max-video-preview:-1\" \/>\n<meta property=\"og:locale\" content=\"ro_RO\" \/>\n<meta property=\"og:type\" content=\"article\" \/>\n<meta property=\"og:title\" content=\"SET 3 STICLE cu ulei mix l\u0103m\u00e2ie, cu mastic, cu busuioc \u0219i usturoi\" \/>\n<meta property=\"og:description\" content=\"SET 3 STICLE cu ulei mix l\u0103m\u00e2ie, cu mastic, cu busuioc \u0219i usturoi. Include arome de busuioc \u0219i usturoi, l\u0103m\u00e2ie \u0219i cimbru, ideale pentru a fi oferite cadou\" \/>\n<meta property=\"og:url\" content=\"https:\/\/shop.elia-gr.ro\/index.php\/product\/set-3-sticle-cu-ulei-mix-lamaie-cu-mastic-cu-busuioc-si-usturoi\/\" \/>\n<meta property=\"og:site_name\" content=\"Elia Grecia\" \/>\n<meta property=\"article:publisher\" content=\"https:\/\/www.facebook.com\/profile.php?id=100063888292671\" \/>\n<meta property=\"article:modified_time\" content=\"2026-01-19T21:37:20+00:00\" \/>\n<meta property=\"og:image\" content=\"https:\/\/shop.elia-gr.ro\/wp-content\/uploads\/2025\/08\/ophellia-olive-oil-XVF617.jpg\" \/>\n\t<meta property=\"og:image:width\" content=\"686\" \/>\n\t<meta property=\"og:image:height\" content=\"686\" \/>\n\t<meta property=\"og:image:type\" content=\"image\/jpeg\" \/>\n<meta name=\"twitter:card\" content=\"summary_large_image\" \/>\n<meta name=\"twitter:label1\" content=\"Timp estimat pentru citire\" \/>\n\t<meta name=\"twitter:data1\" content=\"1 minut\" \/>\n<!-- \/ Yoast SEO plugin. -->","yoast_head_json":{"title":"SET 3 STICLE cu ulei mix l\u0103m\u00e2ie, cu mastic, cu busuioc \u0219i usturoi","description":"SET 3 STICLE cu ulei mix l\u0103m\u00e2ie, cu mastic, cu busuioc \u0219i usturoi. Include arome de busuioc \u0219i usturoi, l\u0103m\u00e2ie \u0219i cimbru, ideale pentru a fi oferite cadou","robots":{"index":"index","follow":"follow","max-snippet":"max-snippet:-1","max-image-preview":"max-image-preview:large","max-video-preview":"max-video-preview:-1"},"og_locale":"ro_RO","og_type":"article","og_title":"SET 3 STICLE cu ulei mix l\u0103m\u00e2ie, cu mastic, cu busuioc \u0219i usturoi","og_description":"SET 3 STICLE cu ulei mix l\u0103m\u00e2ie, cu mastic, cu busuioc \u0219i usturoi. Include arome de busuioc \u0219i usturoi, l\u0103m\u00e2ie \u0219i cimbru, ideale pentru a fi oferite cadou","og_url":"https:\/\/shop.elia-gr.ro\/index.php\/product\/set-3-sticle-cu-ulei-mix-lamaie-cu-mastic-cu-busuioc-si-usturoi\/","og_site_name":"Elia Grecia","article_publisher":"https:\/\/www.facebook.com\/profile.php?id=100063888292671","article_modified_time":"2026-01-19T21:37:20+00:00","og_image":[{"width":686,"height":686,"url":"https:\/\/shop.elia-gr.ro\/wp-content\/uploads\/2025\/08\/ophellia-olive-oil-XVF617.jpg","type":"image\/jpeg"}],"twitter_card":"summary_large_image","twitter_misc":{"Timp estimat pentru citire":"1 minut"},"schema":{"@context":"https:\/\/schema.org","@graph":[{"@type":"WebPage","@id":"https:\/\/shop.elia-gr.ro\/index.php\/product\/set-3-sticle-cu-ulei-mix-lamaie-cu-mastic-cu-busuioc-si-usturoi\/","url":"https:\/\/shop.elia-gr.ro\/index.php\/product\/set-3-sticle-cu-ulei-mix-lamaie-cu-mastic-cu-busuioc-si-usturoi\/","name":"SET 3 STICLE cu ulei mix l\u0103m\u00e2ie, cu mastic, cu busuioc \u0219i usturoi","isPartOf":{"@id":"https:\/\/shop.elia-gr.ro\/#website"},"primaryImageOfPage":{"@id":"https:\/\/shop.elia-gr.ro\/index.php\/product\/set-3-sticle-cu-ulei-mix-lamaie-cu-mastic-cu-busuioc-si-usturoi\/#primaryimage"},"image":{"@id":"https:\/\/shop.elia-gr.ro\/index.php\/product\/set-3-sticle-cu-ulei-mix-lamaie-cu-mastic-cu-busuioc-si-usturoi\/#primaryimage"},"thumbnailUrl":"https:\/\/shop.elia-gr.ro\/wp-content\/uploads\/2025\/08\/ophellia-olive-oil-XVF617.jpg","datePublished":"2025-08-27T15:29:59+00:00","dateModified":"2026-01-19T21:37:20+00:00","description":"SET 3 STICLE cu ulei mix l\u0103m\u00e2ie, cu mastic, cu busuioc \u0219i usturoi. Include arome de busuioc \u0219i usturoi, l\u0103m\u00e2ie \u0219i cimbru, ideale pentru a fi oferite cadou","breadcrumb":{"@id":"https:\/\/shop.elia-gr.ro\/index.php\/product\/set-3-sticle-cu-ulei-mix-lamaie-cu-mastic-cu-busuioc-si-usturoi\/#breadcrumb"},"inLanguage":"ro-RO","potentialAction":[{"@type":"ReadAction","target":["https:\/\/shop.elia-gr.ro\/index.php\/product\/set-3-sticle-cu-ulei-mix-lamaie-cu-mastic-cu-busuioc-si-usturoi\/"]}]},{"@type":"ImageObject","inLanguage":"ro-RO","@id":"https:\/\/shop.elia-gr.ro\/index.php\/product\/set-3-sticle-cu-ulei-mix-lamaie-cu-mastic-cu-busuioc-si-usturoi\/#primaryimage","url":"https:\/\/shop.elia-gr.ro\/wp-content\/uploads\/2025\/08\/ophellia-olive-oil-XVF617.jpg","contentUrl":"https:\/\/shop.elia-gr.ro\/wp-content\/uploads\/2025\/08\/ophellia-olive-oil-XVF617.jpg","width":686,"height":686},{"@type":"BreadcrumbList","@id":"https:\/\/shop.elia-gr.ro\/index.php\/product\/set-3-sticle-cu-ulei-mix-lamaie-cu-mastic-cu-busuioc-si-usturoi\/#breadcrumb","itemListElement":[{"@type":"ListItem","position":1,"name":"Home","item":"https:\/\/shop.elia-gr.ro\/"},{"@type":"ListItem","position":2,"name":"Shop","item":"https:\/\/shop.elia-gr.ro\/index.php\/shop\/"},{"@type":"ListItem","position":3,"name":"SET 3 STICLE cu ulei mix l\u0103m\u00e2ie, cu mastic, cu busuioc \u0219i usturoi"}]},{"@type":"WebSite","@id":"https:\/\/shop.elia-gr.ro\/#website","url":"https:\/\/shop.elia-gr.ro\/","name":"Elia Grecia","description":"Cele mai bune produse grece\u0219ti pentru tine!","publisher":{"@id":"https:\/\/shop.elia-gr.ro\/#organization"},"potentialAction":[{"@type":"SearchAction","target":{"@type":"EntryPoint","urlTemplate":"https:\/\/shop.elia-gr.ro\/?s={search_term_string}"},"query-input":{"@type":"PropertyValueSpecification","valueRequired":true,"valueName":"search_term_string"}}],"inLanguage":"ro-RO"},{"@type":"Organization","@id":"https:\/\/shop.elia-gr.ro\/#organization","name":"Elia Grecia","url":"https:\/\/shop.elia-gr.ro\/","logo":{"@type":"ImageObject","inLanguage":"ro-RO","@id":"https:\/\/shop.elia-gr.ro\/#\/schema\/logo\/image\/","url":"https:\/\/shop.elia-gr.ro\/wp-content\/uploads\/2024\/09\/new_logo_elia_shop-1.webp","contentUrl":"https:\/\/shop.elia-gr.ro\/wp-content\/uploads\/2024\/09\/new_logo_elia_shop-1.webp","width":141,"height":50,"caption":"Elia Grecia"},"image":{"@id":"https:\/\/shop.elia-gr.ro\/#\/schema\/logo\/image\/"},"sameAs":["https:\/\/www.facebook.com\/profile.php?id=100063888292671"]}]}},"jetpack_sharing_enabled":true,"_links":{"self":[{"href":"https:\/\/shop.elia-gr.ro\/index.php\/wp-json\/wp\/v2\/product\/21476","targetHints":{"allow":["GET"]}}],"collection":[{"href":"https:\/\/shop.elia-gr.ro\/index.php\/wp-json\/wp\/v2\/product"}],"about":[{"href":"https:\/\/shop.elia-gr.ro\/index.php\/wp-json\/wp\/v2\/types\/product"}],"replies":[{"embeddable":true,"href":"https:\/\/shop.elia-gr.ro\/index.php\/wp-json\/wp\/v2\/comments?post=21476"}],"version-history":[{"count":3,"href":"https:\/\/shop.elia-gr.ro\/index.php\/wp-json\/wp\/v2\/product\/21476\/revisions"}],"predecessor-version":[{"id":21480,"href":"https:\/\/shop.elia-gr.ro\/index.php\/wp-json\/wp\/v2\/product\/21476\/revisions\/21480"}],"wp:featuredmedia":[{"embeddable":true,"href":"https:\/\/shop.elia-gr.ro\/index.php\/wp-json\/wp\/v2\/media\/21477"}],"wp:attachment":[{"href":"https:\/\/shop.elia-gr.ro\/index.php\/wp-json\/wp\/v2\/media?parent=21476"}],"wp:term":[{"taxonomy":"product_cat","embeddable":true,"href":"https:\/\/shop.elia-gr.ro\/index.php\/wp-json\/wp\/v2\/product_cat?post=21476"},{"taxonomy":"product_tag","embeddable":true,"href":"https:\/\/shop.elia-gr.ro\/index.php\/wp-json\/wp\/v2\/product_tag?post=21476"}],"curies":[{"name":"wp","href":"https:\/\/api.w.org\/{rel}","templated":true}]}}