{"id":21481,"date":"2025-08-27T17:35:07","date_gmt":"2025-08-27T15:35:07","guid":{"rendered":"https:\/\/shop.elia-gr.ro\/?post_type=product&#038;p=21481"},"modified":"2026-01-19T23:37:34","modified_gmt":"2026-01-19T21:37:34","slug":"set-5-sticle-cu-ulei-mix-lamaie-cu-mastic-cu-busuioc-si-usturoi","status":"publish","type":"product","link":"https:\/\/shop.elia-gr.ro\/index.php\/product\/set-5-sticle-cu-ulei-mix-lamaie-cu-mastic-cu-busuioc-si-usturoi\/","title":{"rendered":"SET 5 STICLE cu ulei mix l\u0103m\u00e2ie, cu mastic, cu busuioc \u0219i usturoi"},"content":{"rendered":"<div class=\"elementor-element elementor-element-45f2abe elementor-widget elementor-widget-woocommerce-product-title elementor-page-title elementor-widget-heading\" data-id=\"45f2abe\" data-element_type=\"widget\" data-widget_type=\"woocommerce-product-title.default\">\n<div class=\"elementor-widget-container\">\n<p data-start=\"485\" data-end=\"624\"><span dir=\"auto\">Ideal pentru:<\/span><br data-start=\"497\" data-end=\"500\" \/><span dir=\"auto\">\u2705 Degustare \u0219i asociere de preparate culinare<\/span><br data-start=\"530\" data-end=\"533\" \/><span dir=\"auto\">\u2705 Re\u021bete creative \u0219i inspira\u021bie culinar\u0103<\/span><br data-start=\"579\" data-end=\"582\" \/><span dir=\"auto\">\u2705 Cadouri gourmet \u0219i oferte delicioase<\/span><\/p>\n<p data-start=\"626\" data-end=\"775\"><span dir=\"auto\">Setul elegant, ambalat \u00een ambalaje premium, face ca savurarea uleiului de m\u0103sline s\u0103 fie o experien\u021b\u0103 extrem de estetic\u0103 \u2013 fie pentru uz personal, fie ca un cadou impresionant.<\/span><\/p>\n<p data-start=\"777\" data-end=\"906\"><span dir=\"auto\">\ud83d\udd38 5 arome \u2013 extracte 100% naturale<\/span><br data-start=\"815\" data-end=\"818\" \/><span dir=\"auto\">\ud83d\udd38 F\u0103r\u0103 aditivi sau arome artificiale<\/span><br data-start=\"853\" data-end=\"856\" \/><span dir=\"auto\">\ud83d\udd38 Inspirat de p\u0103m\u00e2ntul \u0219i cultura greceasc\u0103<\/span><\/p>\n<\/div>\n<\/div>\n","protected":false},"excerpt":{"rendered":"<p><span dir=\"auto\">Cinci uleiuri de m\u0103sline extravirgine \u00eembog\u0103\u021bite cu extracte naturale de mastic, busuioc, l\u0103m\u00e2ie, oregano \u0219i cimbru, \u00eentr-un set elegant de 100 ml. Ideal pentru degust\u0103ri, cadouri \u0219i re\u021bete creative, oferind mesei tale arome mediteraneene autentice.<\/span><\/p>\n<p data-start=\"95\" data-end=\"203\"><strong data-start=\"95\" data-end=\"153\"><span dir=\"auto\">Pachet de condimente cu arom\u0103 de ulei de m\u0103sline (5 x 100ml)<\/span><\/strong><br data-start=\"153\" data-end=\"156\" \/><em data-start=\"156\" data-end=\"203\"><span dir=\"auto\">Inspira\u021bie mediteranean\u0103 autentic\u0103 \u00een fiecare pic\u0103tur\u0103<\/span><\/em><\/p>\n<p data-start=\"205\" data-end=\"483\"><span dir=\"auto\">Descoperi\u021bi un set rafinat de cinci uleiuri de m\u0103sline extravirgine aromate, \u00eembog\u0103\u021bite cu extracte naturale de mastic, busuioc, l\u0103m\u00e2ie, oregano \u0219i cimbru. Fiecare sticl\u0103 de 100 ml este o experien\u021b\u0103 gustativ\u0103 unic\u0103, care aduce tradi\u021bia mediteranean\u0103 \u00een farfuria dumneavoastr\u0103.<\/span><\/p>\n","protected":false},"featured_media":21482,"comment_status":"open","ping_status":"closed","template":"","meta":[],"product_cat":[141],"product_tag":[],"class_list":{"0":"post-21481","1":"product","2":"type-product","3":"status-publish","4":"has-post-thumbnail","6":"product_brand-ophellia","7":"product_cat-ulei-de-masline","9":"first","10":"instock","11":"taxable","12":"shipping-taxable","13":"purchasable","14":"product-type-simple"},"yoast_head":"<!-- This site is optimized with the Yoast SEO plugin v27.5 - https:\/\/yoast.com\/product\/yoast-seo-wordpress\/ -->\n<title>SET 5 STICLE cu ulei mix l\u0103m\u00e2ie, cu mastic, cu busuioc \u0219i usturoi<\/title>\n<meta name=\"description\" content=\"SET 5 STICLE cu ulei mix l\u0103m\u00e2ie, cu mastic, cu busuioc \u0219i usturoi. Cinci uleiuri de m\u0103sline extravirgine \u00eembog\u0103\u021bite cu extracte naturale de mastic, busuioc, l\u0103m\u00e2ie, oregano \u0219i cimbru\" \/>\n<meta name=\"robots\" content=\"index, follow, max-snippet:-1, max-image-preview:large, max-video-preview:-1\" \/>\n<meta property=\"og:locale\" content=\"ro_RO\" \/>\n<meta property=\"og:type\" content=\"article\" \/>\n<meta property=\"og:title\" content=\"SET 5 STICLE cu ulei mix l\u0103m\u00e2ie, cu mastic, cu busuioc \u0219i usturoi\" \/>\n<meta property=\"og:description\" content=\"SET 5 STICLE cu ulei mix l\u0103m\u00e2ie, cu mastic, cu busuioc \u0219i usturoi. Cinci uleiuri de m\u0103sline extravirgine \u00eembog\u0103\u021bite cu extracte naturale de mastic, busuioc, l\u0103m\u00e2ie, oregano \u0219i cimbru\" \/>\n<meta property=\"og:url\" content=\"https:\/\/shop.elia-gr.ro\/index.php\/product\/set-5-sticle-cu-ulei-mix-lamaie-cu-mastic-cu-busuioc-si-usturoi\/\" \/>\n<meta property=\"og:site_name\" content=\"Elia Grecia\" \/>\n<meta property=\"article:publisher\" content=\"https:\/\/www.facebook.com\/profile.php?id=100063888292671\" \/>\n<meta property=\"article:modified_time\" content=\"2026-01-19T21:37:34+00:00\" \/>\n<meta property=\"og:image\" content=\"https:\/\/shop.elia-gr.ro\/wp-content\/uploads\/2025\/08\/ophellia-olive-oil-XVF288.jpg\" \/>\n\t<meta property=\"og:image:width\" content=\"686\" \/>\n\t<meta property=\"og:image:height\" content=\"686\" \/>\n\t<meta property=\"og:image:type\" content=\"image\/jpeg\" \/>\n<meta name=\"twitter:card\" content=\"summary_large_image\" \/>\n<meta name=\"twitter:label1\" content=\"Timp estimat pentru citire\" \/>\n\t<meta name=\"twitter:data1\" content=\"1 minut\" \/>\n<!-- \/ Yoast SEO plugin. -->","yoast_head_json":{"title":"SET 5 STICLE cu ulei mix l\u0103m\u00e2ie, cu mastic, cu busuioc \u0219i usturoi","description":"SET 5 STICLE cu ulei mix l\u0103m\u00e2ie, cu mastic, cu busuioc \u0219i usturoi. Cinci uleiuri de m\u0103sline extravirgine \u00eembog\u0103\u021bite cu extracte naturale de mastic, busuioc, l\u0103m\u00e2ie, oregano \u0219i cimbru","robots":{"index":"index","follow":"follow","max-snippet":"max-snippet:-1","max-image-preview":"max-image-preview:large","max-video-preview":"max-video-preview:-1"},"og_locale":"ro_RO","og_type":"article","og_title":"SET 5 STICLE cu ulei mix l\u0103m\u00e2ie, cu mastic, cu busuioc \u0219i usturoi","og_description":"SET 5 STICLE cu ulei mix l\u0103m\u00e2ie, cu mastic, cu busuioc \u0219i usturoi. Cinci uleiuri de m\u0103sline extravirgine \u00eembog\u0103\u021bite cu extracte naturale de mastic, busuioc, l\u0103m\u00e2ie, oregano \u0219i cimbru","og_url":"https:\/\/shop.elia-gr.ro\/index.php\/product\/set-5-sticle-cu-ulei-mix-lamaie-cu-mastic-cu-busuioc-si-usturoi\/","og_site_name":"Elia Grecia","article_publisher":"https:\/\/www.facebook.com\/profile.php?id=100063888292671","article_modified_time":"2026-01-19T21:37:34+00:00","og_image":[{"width":686,"height":686,"url":"https:\/\/shop.elia-gr.ro\/wp-content\/uploads\/2025\/08\/ophellia-olive-oil-XVF288.jpg","type":"image\/jpeg"}],"twitter_card":"summary_large_image","twitter_misc":{"Timp estimat pentru citire":"1 minut"},"schema":{"@context":"https:\/\/schema.org","@graph":[{"@type":"WebPage","@id":"https:\/\/shop.elia-gr.ro\/index.php\/product\/set-5-sticle-cu-ulei-mix-lamaie-cu-mastic-cu-busuioc-si-usturoi\/","url":"https:\/\/shop.elia-gr.ro\/index.php\/product\/set-5-sticle-cu-ulei-mix-lamaie-cu-mastic-cu-busuioc-si-usturoi\/","name":"SET 5 STICLE cu ulei mix l\u0103m\u00e2ie, cu mastic, cu busuioc \u0219i usturoi","isPartOf":{"@id":"https:\/\/shop.elia-gr.ro\/#website"},"primaryImageOfPage":{"@id":"https:\/\/shop.elia-gr.ro\/index.php\/product\/set-5-sticle-cu-ulei-mix-lamaie-cu-mastic-cu-busuioc-si-usturoi\/#primaryimage"},"image":{"@id":"https:\/\/shop.elia-gr.ro\/index.php\/product\/set-5-sticle-cu-ulei-mix-lamaie-cu-mastic-cu-busuioc-si-usturoi\/#primaryimage"},"thumbnailUrl":"https:\/\/shop.elia-gr.ro\/wp-content\/uploads\/2025\/08\/ophellia-olive-oil-XVF288.jpg","datePublished":"2025-08-27T15:35:07+00:00","dateModified":"2026-01-19T21:37:34+00:00","description":"SET 5 STICLE cu ulei mix l\u0103m\u00e2ie, cu mastic, cu busuioc \u0219i usturoi. Cinci uleiuri de m\u0103sline extravirgine \u00eembog\u0103\u021bite cu extracte naturale de mastic, busuioc, l\u0103m\u00e2ie, oregano \u0219i cimbru","breadcrumb":{"@id":"https:\/\/shop.elia-gr.ro\/index.php\/product\/set-5-sticle-cu-ulei-mix-lamaie-cu-mastic-cu-busuioc-si-usturoi\/#breadcrumb"},"inLanguage":"ro-RO","potentialAction":[{"@type":"ReadAction","target":["https:\/\/shop.elia-gr.ro\/index.php\/product\/set-5-sticle-cu-ulei-mix-lamaie-cu-mastic-cu-busuioc-si-usturoi\/"]}]},{"@type":"ImageObject","inLanguage":"ro-RO","@id":"https:\/\/shop.elia-gr.ro\/index.php\/product\/set-5-sticle-cu-ulei-mix-lamaie-cu-mastic-cu-busuioc-si-usturoi\/#primaryimage","url":"https:\/\/shop.elia-gr.ro\/wp-content\/uploads\/2025\/08\/ophellia-olive-oil-XVF288.jpg","contentUrl":"https:\/\/shop.elia-gr.ro\/wp-content\/uploads\/2025\/08\/ophellia-olive-oil-XVF288.jpg","width":686,"height":686},{"@type":"BreadcrumbList","@id":"https:\/\/shop.elia-gr.ro\/index.php\/product\/set-5-sticle-cu-ulei-mix-lamaie-cu-mastic-cu-busuioc-si-usturoi\/#breadcrumb","itemListElement":[{"@type":"ListItem","position":1,"name":"Home","item":"https:\/\/shop.elia-gr.ro\/"},{"@type":"ListItem","position":2,"name":"Shop","item":"https:\/\/shop.elia-gr.ro\/index.php\/shop\/"},{"@type":"ListItem","position":3,"name":"SET 5 STICLE cu ulei mix l\u0103m\u00e2ie, cu mastic, cu busuioc \u0219i usturoi"}]},{"@type":"WebSite","@id":"https:\/\/shop.elia-gr.ro\/#website","url":"https:\/\/shop.elia-gr.ro\/","name":"Elia Grecia","description":"Cele mai bune produse grece\u0219ti pentru tine!","publisher":{"@id":"https:\/\/shop.elia-gr.ro\/#organization"},"potentialAction":[{"@type":"SearchAction","target":{"@type":"EntryPoint","urlTemplate":"https:\/\/shop.elia-gr.ro\/?s={search_term_string}"},"query-input":{"@type":"PropertyValueSpecification","valueRequired":true,"valueName":"search_term_string"}}],"inLanguage":"ro-RO"},{"@type":"Organization","@id":"https:\/\/shop.elia-gr.ro\/#organization","name":"Elia Grecia","url":"https:\/\/shop.elia-gr.ro\/","logo":{"@type":"ImageObject","inLanguage":"ro-RO","@id":"https:\/\/shop.elia-gr.ro\/#\/schema\/logo\/image\/","url":"https:\/\/shop.elia-gr.ro\/wp-content\/uploads\/2024\/09\/new_logo_elia_shop-1.webp","contentUrl":"https:\/\/shop.elia-gr.ro\/wp-content\/uploads\/2024\/09\/new_logo_elia_shop-1.webp","width":141,"height":50,"caption":"Elia Grecia"},"image":{"@id":"https:\/\/shop.elia-gr.ro\/#\/schema\/logo\/image\/"},"sameAs":["https:\/\/www.facebook.com\/profile.php?id=100063888292671"]}]}},"jetpack_sharing_enabled":true,"_links":{"self":[{"href":"https:\/\/shop.elia-gr.ro\/index.php\/wp-json\/wp\/v2\/product\/21481","targetHints":{"allow":["GET"]}}],"collection":[{"href":"https:\/\/shop.elia-gr.ro\/index.php\/wp-json\/wp\/v2\/product"}],"about":[{"href":"https:\/\/shop.elia-gr.ro\/index.php\/wp-json\/wp\/v2\/types\/product"}],"replies":[{"embeddable":true,"href":"https:\/\/shop.elia-gr.ro\/index.php\/wp-json\/wp\/v2\/comments?post=21481"}],"version-history":[{"count":1,"href":"https:\/\/shop.elia-gr.ro\/index.php\/wp-json\/wp\/v2\/product\/21481\/revisions"}],"predecessor-version":[{"id":21483,"href":"https:\/\/shop.elia-gr.ro\/index.php\/wp-json\/wp\/v2\/product\/21481\/revisions\/21483"}],"wp:featuredmedia":[{"embeddable":true,"href":"https:\/\/shop.elia-gr.ro\/index.php\/wp-json\/wp\/v2\/media\/21482"}],"wp:attachment":[{"href":"https:\/\/shop.elia-gr.ro\/index.php\/wp-json\/wp\/v2\/media?parent=21481"}],"wp:term":[{"taxonomy":"product_cat","embeddable":true,"href":"https:\/\/shop.elia-gr.ro\/index.php\/wp-json\/wp\/v2\/product_cat?post=21481"},{"taxonomy":"product_tag","embeddable":true,"href":"https:\/\/shop.elia-gr.ro\/index.php\/wp-json\/wp\/v2\/product_tag?post=21481"}],"curies":[{"name":"wp","href":"https:\/\/api.w.org\/{rel}","templated":true}]}}