{"id":21539,"date":"2025-09-23T08:37:02","date_gmt":"2025-09-23T06:37:02","guid":{"rendered":"https:\/\/shop.elia-gr.ro\/?post_type=product&#038;p=21539"},"modified":"2026-04-29T21:05:50","modified_gmt":"2026-04-29T19:05:50","slug":"nuga-cu-cafea-espresso-migdale-si-caramel","status":"publish","type":"product","link":"https:\/\/shop.elia-gr.ro\/index.php\/product\/nuga-cu-cafea-espresso-migdale-si-caramel\/","title":{"rendered":"Nuga cu cafea espresso, migdale \u0219i caramel"},"content":{"rendered":"<div class=\"elementor-element elementor-element-45f2abe elementor-widget elementor-widget-woocommerce-product-title elementor-page-title elementor-widget-heading\" data-id=\"45f2abe\" data-element_type=\"widget\" data-widget_type=\"woocommerce-product-title.default\">\n<div class=\"elementor-widget-container\">\n<p>Ingrediente selectate \u0219i combina\u021bii inspirate sunt vedetele unei serii de sugestii minunate, care fac nuga moale mai savuroas\u0103 ca niciodat\u0103. Note de lux \u00een gust\u0103rile de zi cu zi, dulcele tradi\u021bional ating\u00e2nd noi niveluri de perfec\u021biune gustativ\u0103.<\/p>\n<\/div>\n<\/div>\n","protected":false},"excerpt":{"rendered":"<p>O combina\u021bie sofisticat\u0103 de nuga moale, arom\u0103 intens\u0103 de cafea espresso, migdale crocante \u0219i caramel dulce, pentru un desert rafinat care \u00eenc\u00e2nt\u0103 toate sim\u021burile.<\/p>\n","protected":false},"featured_media":21540,"comment_status":"open","ping_status":"closed","template":"","meta":[],"product_cat":[217],"product_tag":[],"class_list":{"0":"post-21539","1":"product","2":"type-product","3":"status-publish","4":"has-post-thumbnail","6":"product_brand-jannis","7":"product_cat-dulciuri","9":"first","10":"instock","11":"sale","12":"taxable","13":"shipping-taxable","14":"purchasable","15":"product-type-simple"},"yoast_head":"<!-- This site is optimized with the Yoast SEO plugin v27.5 - https:\/\/yoast.com\/product\/yoast-seo-wordpress\/ -->\n<title>Nuga cu cafea espresso, migdale \u0219i caramel<\/title>\n<meta name=\"description\" content=\"Nuga cu cafea espresso, migdale \u0219i caramel.\" \/>\n<meta name=\"robots\" content=\"index, follow, max-snippet:-1, max-image-preview:large, max-video-preview:-1\" \/>\n<meta property=\"og:locale\" content=\"ro_RO\" \/>\n<meta property=\"og:type\" content=\"article\" \/>\n<meta property=\"og:title\" content=\"Nuga cu cafea espresso, migdale \u0219i caramel\" \/>\n<meta property=\"og:description\" content=\"Nuga cu cafea espresso, migdale \u0219i caramel.\" \/>\n<meta property=\"og:url\" content=\"https:\/\/shop.elia-gr.ro\/index.php\/product\/nuga-cu-cafea-espresso-migdale-si-caramel\/\" \/>\n<meta property=\"og:site_name\" content=\"Elia Grecia\" \/>\n<meta property=\"article:publisher\" content=\"https:\/\/www.facebook.com\/profile.php?id=100063888292671\" \/>\n<meta property=\"article:modified_time\" content=\"2026-04-29T19:05:50+00:00\" \/>\n<meta property=\"og:image\" content=\"https:\/\/shop.elia-gr.ro\/wp-content\/uploads\/2025\/09\/DELUXE_SOFT_NOUGAT_COFFEEALMONDSCARAMEL.jpg\" \/>\n\t<meta property=\"og:image:width\" content=\"1200\" \/>\n\t<meta property=\"og:image:height\" content=\"1200\" \/>\n\t<meta property=\"og:image:type\" content=\"image\/jpeg\" \/>\n<meta name=\"twitter:card\" content=\"summary_large_image\" \/>\n<meta name=\"twitter:label1\" content=\"Timp estimat pentru citire\" \/>\n\t<meta name=\"twitter:data1\" content=\"1 minut\" \/>\n<!-- \/ Yoast SEO plugin. -->","yoast_head_json":{"title":"Nuga cu cafea espresso, migdale \u0219i caramel","description":"Nuga cu cafea espresso, migdale \u0219i caramel.","robots":{"index":"index","follow":"follow","max-snippet":"max-snippet:-1","max-image-preview":"max-image-preview:large","max-video-preview":"max-video-preview:-1"},"og_locale":"ro_RO","og_type":"article","og_title":"Nuga cu cafea espresso, migdale \u0219i caramel","og_description":"Nuga cu cafea espresso, migdale \u0219i caramel.","og_url":"https:\/\/shop.elia-gr.ro\/index.php\/product\/nuga-cu-cafea-espresso-migdale-si-caramel\/","og_site_name":"Elia Grecia","article_publisher":"https:\/\/www.facebook.com\/profile.php?id=100063888292671","article_modified_time":"2026-04-29T19:05:50+00:00","og_image":[{"width":1200,"height":1200,"url":"https:\/\/shop.elia-gr.ro\/wp-content\/uploads\/2025\/09\/DELUXE_SOFT_NOUGAT_COFFEEALMONDSCARAMEL.jpg","type":"image\/jpeg"}],"twitter_card":"summary_large_image","twitter_misc":{"Timp estimat pentru citire":"1 minut"},"schema":{"@context":"https:\/\/schema.org","@graph":[{"@type":"WebPage","@id":"https:\/\/shop.elia-gr.ro\/index.php\/product\/nuga-cu-cafea-espresso-migdale-si-caramel\/","url":"https:\/\/shop.elia-gr.ro\/index.php\/product\/nuga-cu-cafea-espresso-migdale-si-caramel\/","name":"Nuga cu cafea espresso, migdale \u0219i caramel","isPartOf":{"@id":"https:\/\/shop.elia-gr.ro\/#website"},"primaryImageOfPage":{"@id":"https:\/\/shop.elia-gr.ro\/index.php\/product\/nuga-cu-cafea-espresso-migdale-si-caramel\/#primaryimage"},"image":{"@id":"https:\/\/shop.elia-gr.ro\/index.php\/product\/nuga-cu-cafea-espresso-migdale-si-caramel\/#primaryimage"},"thumbnailUrl":"https:\/\/shop.elia-gr.ro\/wp-content\/uploads\/2025\/09\/DELUXE_SOFT_NOUGAT_COFFEEALMONDSCARAMEL.jpg","datePublished":"2025-09-23T06:37:02+00:00","dateModified":"2026-04-29T19:05:50+00:00","description":"Nuga cu cafea espresso, migdale \u0219i caramel.","breadcrumb":{"@id":"https:\/\/shop.elia-gr.ro\/index.php\/product\/nuga-cu-cafea-espresso-migdale-si-caramel\/#breadcrumb"},"inLanguage":"ro-RO","potentialAction":[{"@type":"ReadAction","target":["https:\/\/shop.elia-gr.ro\/index.php\/product\/nuga-cu-cafea-espresso-migdale-si-caramel\/"]}]},{"@type":"ImageObject","inLanguage":"ro-RO","@id":"https:\/\/shop.elia-gr.ro\/index.php\/product\/nuga-cu-cafea-espresso-migdale-si-caramel\/#primaryimage","url":"https:\/\/shop.elia-gr.ro\/wp-content\/uploads\/2025\/09\/DELUXE_SOFT_NOUGAT_COFFEEALMONDSCARAMEL.jpg","contentUrl":"https:\/\/shop.elia-gr.ro\/wp-content\/uploads\/2025\/09\/DELUXE_SOFT_NOUGAT_COFFEEALMONDSCARAMEL.jpg","width":1200,"height":1200},{"@type":"BreadcrumbList","@id":"https:\/\/shop.elia-gr.ro\/index.php\/product\/nuga-cu-cafea-espresso-migdale-si-caramel\/#breadcrumb","itemListElement":[{"@type":"ListItem","position":1,"name":"Home","item":"https:\/\/shop.elia-gr.ro\/"},{"@type":"ListItem","position":2,"name":"Shop","item":"https:\/\/shop.elia-gr.ro\/index.php\/shop\/"},{"@type":"ListItem","position":3,"name":"Nuga cu cafea espresso, migdale \u0219i caramel"}]},{"@type":"WebSite","@id":"https:\/\/shop.elia-gr.ro\/#website","url":"https:\/\/shop.elia-gr.ro\/","name":"Elia Grecia","description":"Cele mai bune produse grece\u0219ti pentru tine!","publisher":{"@id":"https:\/\/shop.elia-gr.ro\/#organization"},"potentialAction":[{"@type":"SearchAction","target":{"@type":"EntryPoint","urlTemplate":"https:\/\/shop.elia-gr.ro\/?s={search_term_string}"},"query-input":{"@type":"PropertyValueSpecification","valueRequired":true,"valueName":"search_term_string"}}],"inLanguage":"ro-RO"},{"@type":"Organization","@id":"https:\/\/shop.elia-gr.ro\/#organization","name":"Elia Grecia","url":"https:\/\/shop.elia-gr.ro\/","logo":{"@type":"ImageObject","inLanguage":"ro-RO","@id":"https:\/\/shop.elia-gr.ro\/#\/schema\/logo\/image\/","url":"https:\/\/shop.elia-gr.ro\/wp-content\/uploads\/2024\/09\/new_logo_elia_shop-1.webp","contentUrl":"https:\/\/shop.elia-gr.ro\/wp-content\/uploads\/2024\/09\/new_logo_elia_shop-1.webp","width":141,"height":50,"caption":"Elia Grecia"},"image":{"@id":"https:\/\/shop.elia-gr.ro\/#\/schema\/logo\/image\/"},"sameAs":["https:\/\/www.facebook.com\/profile.php?id=100063888292671"]}]}},"jetpack_sharing_enabled":true,"_links":{"self":[{"href":"https:\/\/shop.elia-gr.ro\/index.php\/wp-json\/wp\/v2\/product\/21539","targetHints":{"allow":["GET"]}}],"collection":[{"href":"https:\/\/shop.elia-gr.ro\/index.php\/wp-json\/wp\/v2\/product"}],"about":[{"href":"https:\/\/shop.elia-gr.ro\/index.php\/wp-json\/wp\/v2\/types\/product"}],"replies":[{"embeddable":true,"href":"https:\/\/shop.elia-gr.ro\/index.php\/wp-json\/wp\/v2\/comments?post=21539"}],"version-history":[{"count":1,"href":"https:\/\/shop.elia-gr.ro\/index.php\/wp-json\/wp\/v2\/product\/21539\/revisions"}],"predecessor-version":[{"id":21542,"href":"https:\/\/shop.elia-gr.ro\/index.php\/wp-json\/wp\/v2\/product\/21539\/revisions\/21542"}],"wp:featuredmedia":[{"embeddable":true,"href":"https:\/\/shop.elia-gr.ro\/index.php\/wp-json\/wp\/v2\/media\/21540"}],"wp:attachment":[{"href":"https:\/\/shop.elia-gr.ro\/index.php\/wp-json\/wp\/v2\/media?parent=21539"}],"wp:term":[{"taxonomy":"product_cat","embeddable":true,"href":"https:\/\/shop.elia-gr.ro\/index.php\/wp-json\/wp\/v2\/product_cat?post=21539"},{"taxonomy":"product_tag","embeddable":true,"href":"https:\/\/shop.elia-gr.ro\/index.php\/wp-json\/wp\/v2\/product_tag?post=21539"}],"curies":[{"name":"wp","href":"https:\/\/api.w.org\/{rel}","templated":true}]}}