{"id":21545,"date":"2025-09-23T10:35:49","date_gmt":"2025-09-23T08:35:49","guid":{"rendered":"https:\/\/shop.elia-gr.ro\/?post_type=product&#038;p=21545"},"modified":"2026-04-29T21:04:12","modified_gmt":"2026-04-29T19:04:12","slug":"nuga-cu-kiwi-lime-si-fistic","status":"publish","type":"product","link":"https:\/\/shop.elia-gr.ro\/index.php\/product\/nuga-cu-kiwi-lime-si-fistic\/","title":{"rendered":"Nuga cu kiwi, lime \u0219i fistic"},"content":{"rendered":"<div class=\"elementor-element elementor-element-45f2abe elementor-widget elementor-widget-woocommerce-product-title elementor-page-title elementor-widget-heading\" data-id=\"45f2abe\" data-element_type=\"widget\" data-widget_type=\"woocommerce-product-title.default\">\n<div class=\"elementor-widget-container\">\n<p>Ingrediente selectate \u0219i combina\u021bii inspirate sunt vedetele unei serii de sugestii minunate, care fac nuga moale mai savuroas\u0103 ca niciodat\u0103. Note de lux \u00een gust\u0103rile de zi cu zi, dulcele tradi\u021bional ating\u00e2nd noi niveluri de perfec\u021biune gustativ\u0103.<\/p>\n<\/div>\n<\/div>\n","protected":false},"excerpt":{"rendered":"<p>O fuziune exotic\u0103 \u00eentre kiwi proasp\u0103t, lime r\u0103coritor \u0219i fistic crocant, \u00eembinate \u00eentr-o nuga fin\u0103 \u0219i moale. Un desert rafinat, cu arome vibrante \u0219i textur\u0103 delicat\u0103, perfect pentru momente speciale sau pentru a ad\u0103uga un strop de culoare \u0219i savoare zilelor tale.<\/p>\n","protected":false},"featured_media":21546,"comment_status":"open","ping_status":"closed","template":"","meta":[],"product_cat":[217],"product_tag":[],"class_list":{"0":"post-21545","1":"product","2":"type-product","3":"status-publish","4":"has-post-thumbnail","6":"product_brand-jannis","7":"product_cat-dulciuri","9":"first","10":"instock","11":"sale","12":"taxable","13":"shipping-taxable","14":"purchasable","15":"product-type-simple"},"yoast_head":"<!-- This site is optimized with the Yoast SEO plugin v27.5 - https:\/\/yoast.com\/product\/yoast-seo-wordpress\/ -->\n<title>Nuga cu kiwi, lime \u0219i fistic<\/title>\n<meta name=\"description\" content=\"Nuga cu kiwi, lime \u0219i fistic\" \/>\n<meta name=\"robots\" content=\"index, follow, max-snippet:-1, max-image-preview:large, max-video-preview:-1\" \/>\n<meta property=\"og:locale\" content=\"ro_RO\" \/>\n<meta property=\"og:type\" content=\"article\" \/>\n<meta property=\"og:title\" content=\"Nuga cu kiwi, lime \u0219i fistic\" \/>\n<meta property=\"og:description\" content=\"Nuga cu kiwi, lime \u0219i fistic\" \/>\n<meta property=\"og:url\" content=\"https:\/\/shop.elia-gr.ro\/index.php\/product\/nuga-cu-kiwi-lime-si-fistic\/\" \/>\n<meta property=\"og:site_name\" content=\"Elia Grecia\" \/>\n<meta property=\"article:publisher\" content=\"https:\/\/www.facebook.com\/profile.php?id=100063888292671\" \/>\n<meta property=\"article:modified_time\" content=\"2026-04-29T19:04:12+00:00\" \/>\n<meta property=\"og:image\" content=\"https:\/\/shop.elia-gr.ro\/wp-content\/uploads\/2025\/09\/DELUXE_SOFT_NOUGAT_KIWIPEANUTS.jpg\" \/>\n\t<meta property=\"og:image:width\" content=\"1200\" \/>\n\t<meta property=\"og:image:height\" content=\"1200\" \/>\n\t<meta property=\"og:image:type\" content=\"image\/jpeg\" \/>\n<meta name=\"twitter:card\" content=\"summary_large_image\" \/>\n<meta name=\"twitter:label1\" content=\"Timp estimat pentru citire\" \/>\n\t<meta name=\"twitter:data1\" content=\"1 minut\" \/>\n<!-- \/ Yoast SEO plugin. -->","yoast_head_json":{"title":"Nuga cu kiwi, lime \u0219i fistic","description":"Nuga cu kiwi, lime \u0219i fistic","robots":{"index":"index","follow":"follow","max-snippet":"max-snippet:-1","max-image-preview":"max-image-preview:large","max-video-preview":"max-video-preview:-1"},"og_locale":"ro_RO","og_type":"article","og_title":"Nuga cu kiwi, lime \u0219i fistic","og_description":"Nuga cu kiwi, lime \u0219i fistic","og_url":"https:\/\/shop.elia-gr.ro\/index.php\/product\/nuga-cu-kiwi-lime-si-fistic\/","og_site_name":"Elia Grecia","article_publisher":"https:\/\/www.facebook.com\/profile.php?id=100063888292671","article_modified_time":"2026-04-29T19:04:12+00:00","og_image":[{"width":1200,"height":1200,"url":"https:\/\/shop.elia-gr.ro\/wp-content\/uploads\/2025\/09\/DELUXE_SOFT_NOUGAT_KIWIPEANUTS.jpg","type":"image\/jpeg"}],"twitter_card":"summary_large_image","twitter_misc":{"Timp estimat pentru citire":"1 minut"},"schema":{"@context":"https:\/\/schema.org","@graph":[{"@type":"WebPage","@id":"https:\/\/shop.elia-gr.ro\/index.php\/product\/nuga-cu-kiwi-lime-si-fistic\/","url":"https:\/\/shop.elia-gr.ro\/index.php\/product\/nuga-cu-kiwi-lime-si-fistic\/","name":"Nuga cu kiwi, lime \u0219i fistic","isPartOf":{"@id":"https:\/\/shop.elia-gr.ro\/#website"},"primaryImageOfPage":{"@id":"https:\/\/shop.elia-gr.ro\/index.php\/product\/nuga-cu-kiwi-lime-si-fistic\/#primaryimage"},"image":{"@id":"https:\/\/shop.elia-gr.ro\/index.php\/product\/nuga-cu-kiwi-lime-si-fistic\/#primaryimage"},"thumbnailUrl":"https:\/\/shop.elia-gr.ro\/wp-content\/uploads\/2025\/09\/DELUXE_SOFT_NOUGAT_KIWIPEANUTS.jpg","datePublished":"2025-09-23T08:35:49+00:00","dateModified":"2026-04-29T19:04:12+00:00","description":"Nuga cu kiwi, lime \u0219i fistic","breadcrumb":{"@id":"https:\/\/shop.elia-gr.ro\/index.php\/product\/nuga-cu-kiwi-lime-si-fistic\/#breadcrumb"},"inLanguage":"ro-RO","potentialAction":[{"@type":"ReadAction","target":["https:\/\/shop.elia-gr.ro\/index.php\/product\/nuga-cu-kiwi-lime-si-fistic\/"]}]},{"@type":"ImageObject","inLanguage":"ro-RO","@id":"https:\/\/shop.elia-gr.ro\/index.php\/product\/nuga-cu-kiwi-lime-si-fistic\/#primaryimage","url":"https:\/\/shop.elia-gr.ro\/wp-content\/uploads\/2025\/09\/DELUXE_SOFT_NOUGAT_KIWIPEANUTS.jpg","contentUrl":"https:\/\/shop.elia-gr.ro\/wp-content\/uploads\/2025\/09\/DELUXE_SOFT_NOUGAT_KIWIPEANUTS.jpg","width":1200,"height":1200},{"@type":"BreadcrumbList","@id":"https:\/\/shop.elia-gr.ro\/index.php\/product\/nuga-cu-kiwi-lime-si-fistic\/#breadcrumb","itemListElement":[{"@type":"ListItem","position":1,"name":"Home","item":"https:\/\/shop.elia-gr.ro\/"},{"@type":"ListItem","position":2,"name":"Shop","item":"https:\/\/shop.elia-gr.ro\/index.php\/shop\/"},{"@type":"ListItem","position":3,"name":"Nuga cu kiwi, lime \u0219i fistic"}]},{"@type":"WebSite","@id":"https:\/\/shop.elia-gr.ro\/#website","url":"https:\/\/shop.elia-gr.ro\/","name":"Elia Grecia","description":"Cele mai bune produse grece\u0219ti pentru tine!","publisher":{"@id":"https:\/\/shop.elia-gr.ro\/#organization"},"potentialAction":[{"@type":"SearchAction","target":{"@type":"EntryPoint","urlTemplate":"https:\/\/shop.elia-gr.ro\/?s={search_term_string}"},"query-input":{"@type":"PropertyValueSpecification","valueRequired":true,"valueName":"search_term_string"}}],"inLanguage":"ro-RO"},{"@type":"Organization","@id":"https:\/\/shop.elia-gr.ro\/#organization","name":"Elia Grecia","url":"https:\/\/shop.elia-gr.ro\/","logo":{"@type":"ImageObject","inLanguage":"ro-RO","@id":"https:\/\/shop.elia-gr.ro\/#\/schema\/logo\/image\/","url":"https:\/\/shop.elia-gr.ro\/wp-content\/uploads\/2024\/09\/new_logo_elia_shop-1.webp","contentUrl":"https:\/\/shop.elia-gr.ro\/wp-content\/uploads\/2024\/09\/new_logo_elia_shop-1.webp","width":141,"height":50,"caption":"Elia Grecia"},"image":{"@id":"https:\/\/shop.elia-gr.ro\/#\/schema\/logo\/image\/"},"sameAs":["https:\/\/www.facebook.com\/profile.php?id=100063888292671"]}]}},"jetpack_sharing_enabled":true,"_links":{"self":[{"href":"https:\/\/shop.elia-gr.ro\/index.php\/wp-json\/wp\/v2\/product\/21545","targetHints":{"allow":["GET"]}}],"collection":[{"href":"https:\/\/shop.elia-gr.ro\/index.php\/wp-json\/wp\/v2\/product"}],"about":[{"href":"https:\/\/shop.elia-gr.ro\/index.php\/wp-json\/wp\/v2\/types\/product"}],"replies":[{"embeddable":true,"href":"https:\/\/shop.elia-gr.ro\/index.php\/wp-json\/wp\/v2\/comments?post=21545"}],"version-history":[{"count":1,"href":"https:\/\/shop.elia-gr.ro\/index.php\/wp-json\/wp\/v2\/product\/21545\/revisions"}],"predecessor-version":[{"id":21547,"href":"https:\/\/shop.elia-gr.ro\/index.php\/wp-json\/wp\/v2\/product\/21545\/revisions\/21547"}],"wp:featuredmedia":[{"embeddable":true,"href":"https:\/\/shop.elia-gr.ro\/index.php\/wp-json\/wp\/v2\/media\/21546"}],"wp:attachment":[{"href":"https:\/\/shop.elia-gr.ro\/index.php\/wp-json\/wp\/v2\/media?parent=21545"}],"wp:term":[{"taxonomy":"product_cat","embeddable":true,"href":"https:\/\/shop.elia-gr.ro\/index.php\/wp-json\/wp\/v2\/product_cat?post=21545"},{"taxonomy":"product_tag","embeddable":true,"href":"https:\/\/shop.elia-gr.ro\/index.php\/wp-json\/wp\/v2\/product_tag?post=21545"}],"curies":[{"name":"wp","href":"https:\/\/api.w.org\/{rel}","templated":true}]}}