{"id":21599,"date":"2025-09-29T18:14:38","date_gmt":"2025-09-29T16:14:38","guid":{"rendered":"https:\/\/shop.elia-gr.ro\/?post_type=product&#038;p=21599"},"modified":"2025-09-29T18:17:10","modified_gmt":"2025-09-29T16:17:10","slug":"batoane-cu-nuci-mar-si-scortisoara","status":"publish","type":"product","link":"https:\/\/shop.elia-gr.ro\/index.php\/product\/batoane-cu-nuci-mar-si-scortisoara\/","title":{"rendered":"Batoane cu nuci, m\u0103r \u0219i scor\u021bi\u0219oar\u0103"},"content":{"rendered":"","protected":false},"excerpt":{"rendered":"<p>M\u0103r \u0219i scor\u021bi\u0219oar\u0103, \u00eentr-o combina\u021bie elegant\u0103, aromat\u0103, care \u00ee\u021bi va \u00eennebuni papilele gustative!<\/p>\n<p><span dir=\"auto\">&#8211; Bogat \u00een fibre<\/span><br \/>\n<span dir=\"auto\">&#8211; F\u0103r\u0103 conservan\u021bi<\/span><br \/>\n<span dir=\"auto\">&#8211; F\u0103r\u0103 ulei de palmier<\/span><br \/>\n<span dir=\"auto\">&#8211; F\u0103r\u0103 gluten<\/span><br \/>\n<span dir=\"auto\">&#8211; F\u0103r\u0103 lactoz\u0103<\/span><br \/>\n<span dir=\"auto\">&#8211; F\u0103r\u0103 produse lactate<\/span><br \/>\n<span dir=\"auto\">&#8211; Coac\u0103ze, migdale, alune, arahide, orez crocant<\/span><\/p>\n","protected":false},"featured_media":21600,"comment_status":"open","ping_status":"closed","template":"","meta":[],"product_cat":[217],"product_tag":[],"class_list":{"0":"post-21599","1":"product","2":"type-product","3":"status-publish","4":"has-post-thumbnail","6":"product_brand-jannis","7":"product_cat-dulciuri","9":"first","10":"instock","11":"featured","12":"shipping-taxable","13":"purchasable","14":"product-type-simple"},"yoast_head":"<!-- This site is optimized with the Yoast SEO plugin v27.5 - https:\/\/yoast.com\/product\/yoast-seo-wordpress\/ -->\n<title>Batoane cu nuci, m\u0103r \u0219i scor\u021bi\u0219oar\u0103<\/title>\n<meta name=\"description\" content=\"Batoane cu nuci, m\u0103r \u0219i scor\u021bi\u0219oar\u0103\" \/>\n<meta name=\"robots\" content=\"index, follow, max-snippet:-1, max-image-preview:large, max-video-preview:-1\" \/>\n<meta property=\"og:locale\" content=\"ro_RO\" \/>\n<meta property=\"og:type\" content=\"article\" \/>\n<meta property=\"og:title\" content=\"Batoane cu nuci, m\u0103r \u0219i scor\u021bi\u0219oar\u0103\" \/>\n<meta property=\"og:description\" content=\"Batoane cu nuci, m\u0103r \u0219i scor\u021bi\u0219oar\u0103\" \/>\n<meta property=\"og:url\" content=\"https:\/\/shop.elia-gr.ro\/index.php\/product\/batoane-cu-nuci-mar-si-scortisoara\/\" \/>\n<meta property=\"og:site_name\" content=\"Elia Grecia\" \/>\n<meta property=\"article:publisher\" content=\"https:\/\/www.facebook.com\/profile.php?id=100063888292671\" \/>\n<meta property=\"article:modified_time\" content=\"2025-09-29T16:17:10+00:00\" \/>\n<meta property=\"og:image\" content=\"https:\/\/shop.elia-gr.ro\/wp-content\/uploads\/2025\/09\/JANNIS_SOFT_ELEGANT_BEAR-GR.jpg\" \/>\n\t<meta property=\"og:image:width\" content=\"1624\" \/>\n\t<meta property=\"og:image:height\" content=\"962\" \/>\n\t<meta property=\"og:image:type\" content=\"image\/jpeg\" \/>\n<meta name=\"twitter:card\" content=\"summary_large_image\" \/>\n<meta name=\"twitter:label1\" content=\"Timp estimat pentru citire\" \/>\n\t<meta name=\"twitter:data1\" content=\"1 minut\" \/>\n<!-- \/ Yoast SEO plugin. -->","yoast_head_json":{"title":"Batoane cu nuci, m\u0103r \u0219i scor\u021bi\u0219oar\u0103","description":"Batoane cu nuci, m\u0103r \u0219i scor\u021bi\u0219oar\u0103","robots":{"index":"index","follow":"follow","max-snippet":"max-snippet:-1","max-image-preview":"max-image-preview:large","max-video-preview":"max-video-preview:-1"},"og_locale":"ro_RO","og_type":"article","og_title":"Batoane cu nuci, m\u0103r \u0219i scor\u021bi\u0219oar\u0103","og_description":"Batoane cu nuci, m\u0103r \u0219i scor\u021bi\u0219oar\u0103","og_url":"https:\/\/shop.elia-gr.ro\/index.php\/product\/batoane-cu-nuci-mar-si-scortisoara\/","og_site_name":"Elia Grecia","article_publisher":"https:\/\/www.facebook.com\/profile.php?id=100063888292671","article_modified_time":"2025-09-29T16:17:10+00:00","og_image":[{"width":1624,"height":962,"url":"https:\/\/shop.elia-gr.ro\/wp-content\/uploads\/2025\/09\/JANNIS_SOFT_ELEGANT_BEAR-GR.jpg","type":"image\/jpeg"}],"twitter_card":"summary_large_image","twitter_misc":{"Timp estimat pentru citire":"1 minut"},"schema":{"@context":"https:\/\/schema.org","@graph":[{"@type":"WebPage","@id":"https:\/\/shop.elia-gr.ro\/index.php\/product\/batoane-cu-nuci-mar-si-scortisoara\/","url":"https:\/\/shop.elia-gr.ro\/index.php\/product\/batoane-cu-nuci-mar-si-scortisoara\/","name":"Batoane cu nuci, m\u0103r \u0219i scor\u021bi\u0219oar\u0103","isPartOf":{"@id":"https:\/\/shop.elia-gr.ro\/#website"},"primaryImageOfPage":{"@id":"https:\/\/shop.elia-gr.ro\/index.php\/product\/batoane-cu-nuci-mar-si-scortisoara\/#primaryimage"},"image":{"@id":"https:\/\/shop.elia-gr.ro\/index.php\/product\/batoane-cu-nuci-mar-si-scortisoara\/#primaryimage"},"thumbnailUrl":"https:\/\/shop.elia-gr.ro\/wp-content\/uploads\/2025\/09\/JANNIS_SOFT_ELEGANT_BEAR-GR.jpg","datePublished":"2025-09-29T16:14:38+00:00","dateModified":"2025-09-29T16:17:10+00:00","description":"Batoane cu nuci, m\u0103r \u0219i scor\u021bi\u0219oar\u0103","breadcrumb":{"@id":"https:\/\/shop.elia-gr.ro\/index.php\/product\/batoane-cu-nuci-mar-si-scortisoara\/#breadcrumb"},"inLanguage":"ro-RO","potentialAction":[{"@type":"ReadAction","target":["https:\/\/shop.elia-gr.ro\/index.php\/product\/batoane-cu-nuci-mar-si-scortisoara\/"]}]},{"@type":"ImageObject","inLanguage":"ro-RO","@id":"https:\/\/shop.elia-gr.ro\/index.php\/product\/batoane-cu-nuci-mar-si-scortisoara\/#primaryimage","url":"https:\/\/shop.elia-gr.ro\/wp-content\/uploads\/2025\/09\/JANNIS_SOFT_ELEGANT_BEAR-GR.jpg","contentUrl":"https:\/\/shop.elia-gr.ro\/wp-content\/uploads\/2025\/09\/JANNIS_SOFT_ELEGANT_BEAR-GR.jpg","width":1624,"height":962},{"@type":"BreadcrumbList","@id":"https:\/\/shop.elia-gr.ro\/index.php\/product\/batoane-cu-nuci-mar-si-scortisoara\/#breadcrumb","itemListElement":[{"@type":"ListItem","position":1,"name":"Home","item":"https:\/\/shop.elia-gr.ro\/"},{"@type":"ListItem","position":2,"name":"Shop","item":"https:\/\/shop.elia-gr.ro\/index.php\/shop\/"},{"@type":"ListItem","position":3,"name":"Batoane cu nuci, m\u0103r \u0219i scor\u021bi\u0219oar\u0103"}]},{"@type":"WebSite","@id":"https:\/\/shop.elia-gr.ro\/#website","url":"https:\/\/shop.elia-gr.ro\/","name":"Elia Grecia","description":"Cele mai bune produse grece\u0219ti pentru tine!","publisher":{"@id":"https:\/\/shop.elia-gr.ro\/#organization"},"potentialAction":[{"@type":"SearchAction","target":{"@type":"EntryPoint","urlTemplate":"https:\/\/shop.elia-gr.ro\/?s={search_term_string}"},"query-input":{"@type":"PropertyValueSpecification","valueRequired":true,"valueName":"search_term_string"}}],"inLanguage":"ro-RO"},{"@type":"Organization","@id":"https:\/\/shop.elia-gr.ro\/#organization","name":"Elia Grecia","url":"https:\/\/shop.elia-gr.ro\/","logo":{"@type":"ImageObject","inLanguage":"ro-RO","@id":"https:\/\/shop.elia-gr.ro\/#\/schema\/logo\/image\/","url":"https:\/\/shop.elia-gr.ro\/wp-content\/uploads\/2024\/09\/new_logo_elia_shop-1.webp","contentUrl":"https:\/\/shop.elia-gr.ro\/wp-content\/uploads\/2024\/09\/new_logo_elia_shop-1.webp","width":141,"height":50,"caption":"Elia Grecia"},"image":{"@id":"https:\/\/shop.elia-gr.ro\/#\/schema\/logo\/image\/"},"sameAs":["https:\/\/www.facebook.com\/profile.php?id=100063888292671"]}]}},"jetpack_sharing_enabled":true,"_links":{"self":[{"href":"https:\/\/shop.elia-gr.ro\/index.php\/wp-json\/wp\/v2\/product\/21599","targetHints":{"allow":["GET"]}}],"collection":[{"href":"https:\/\/shop.elia-gr.ro\/index.php\/wp-json\/wp\/v2\/product"}],"about":[{"href":"https:\/\/shop.elia-gr.ro\/index.php\/wp-json\/wp\/v2\/types\/product"}],"replies":[{"embeddable":true,"href":"https:\/\/shop.elia-gr.ro\/index.php\/wp-json\/wp\/v2\/comments?post=21599"}],"version-history":[{"count":1,"href":"https:\/\/shop.elia-gr.ro\/index.php\/wp-json\/wp\/v2\/product\/21599\/revisions"}],"predecessor-version":[{"id":21602,"href":"https:\/\/shop.elia-gr.ro\/index.php\/wp-json\/wp\/v2\/product\/21599\/revisions\/21602"}],"wp:featuredmedia":[{"embeddable":true,"href":"https:\/\/shop.elia-gr.ro\/index.php\/wp-json\/wp\/v2\/media\/21600"}],"wp:attachment":[{"href":"https:\/\/shop.elia-gr.ro\/index.php\/wp-json\/wp\/v2\/media?parent=21599"}],"wp:term":[{"taxonomy":"product_cat","embeddable":true,"href":"https:\/\/shop.elia-gr.ro\/index.php\/wp-json\/wp\/v2\/product_cat?post=21599"},{"taxonomy":"product_tag","embeddable":true,"href":"https:\/\/shop.elia-gr.ro\/index.php\/wp-json\/wp\/v2\/product_tag?post=21599"}],"curies":[{"name":"wp","href":"https:\/\/api.w.org\/{rel}","templated":true}]}}