{"id":21713,"date":"2025-12-11T19:27:39","date_gmt":"2025-12-11T17:27:39","guid":{"rendered":"https:\/\/shop.elia-gr.ro\/?post_type=product&#038;p=21713"},"modified":"2026-05-05T20:55:26","modified_gmt":"2026-05-05T18:55:26","slug":"ulei-de-masline-extravirgin-organic-ophellia-cutie-5-l","status":"publish","type":"product","link":"https:\/\/shop.elia-gr.ro\/index.php\/product\/ulei-de-masline-extravirgin-organic-ophellia-cutie-5-l\/","title":{"rendered":"Ulei de m\u0103sline extravirgin organic Ophellia, cutie 5 l"},"content":{"rendered":"","protected":false},"excerpt":{"rendered":"<p>Uleiul de m\u0103sline extravirgin organic Ophellia de 5 litri este ideal pentru cei care caut\u0103 ulei de m\u0103sline de \u00eenalt\u0103 calitate \u00eentr-un ambalaj familial. Provine din m\u0103sline organice selectate \u0219i este produs prin presare la rece pentru a-i p\u0103stra nutrien\u021bii \u0219i antioxidan\u021bii. Cu o arom\u0103 fructat\u0103 echilibrat\u0103 \u0219i un final picant distinct, este ideal pentru utilizarea zilnic\u0103 \u00een salate, g\u0103tit \u0219i la gr\u0103tar. Ambalajul metalic de 5 litri asigur\u0103 c\u0103 uleiul de m\u0103sline este ferit de lumin\u0103 \u0219i aer, prelungindu-i prospe\u021bimea \u0219i aroma.<\/p>\n","protected":false},"featured_media":21714,"comment_status":"open","ping_status":"closed","template":"","meta":[],"product_cat":[141],"product_tag":[],"class_list":{"0":"post-21713","1":"product","2":"type-product","3":"status-publish","4":"has-post-thumbnail","6":"product_brand-ophellia","7":"product_cat-ulei-de-masline","9":"first","10":"outofstock","11":"featured","12":"shipping-taxable","13":"purchasable","14":"product-type-simple"},"yoast_head":"<!-- This site is optimized with the Yoast SEO plugin v27.5 - https:\/\/yoast.com\/product\/yoast-seo-wordpress\/ -->\n<title>Ulei de m\u0103sline extravirgin organic Ophellia, cutie 5 l - Elia Grecia<\/title>\n<meta name=\"description\" content=\"Ulei de m\u0103sline extravirgin organic Ophellia, cutie 5 litri. Produse autentice grece\u0219ti | M\u0103sline grece\u0219ti | Br\u00e2nz\u0103 feta Grecia | Iaurt grecesc\" \/>\n<meta name=\"robots\" content=\"index, follow, max-snippet:-1, max-image-preview:large, max-video-preview:-1\" \/>\n<meta property=\"og:locale\" content=\"ro_RO\" \/>\n<meta property=\"og:type\" content=\"article\" \/>\n<meta property=\"og:title\" content=\"Ulei de m\u0103sline extravirgin organic Ophellia, cutie 5 l - Elia Grecia\" \/>\n<meta property=\"og:description\" content=\"Ulei de m\u0103sline extravirgin organic Ophellia, cutie 5 litri. Produse autentice grece\u0219ti | M\u0103sline grece\u0219ti | Br\u00e2nz\u0103 feta Grecia | Iaurt grecesc\" \/>\n<meta property=\"og:url\" content=\"https:\/\/shop.elia-gr.ro\/index.php\/product\/ulei-de-masline-extravirgin-organic-ophellia-cutie-5-l\/\" \/>\n<meta property=\"og:site_name\" content=\"Elia Grecia\" \/>\n<meta property=\"article:publisher\" content=\"https:\/\/www.facebook.com\/profile.php?id=100063888292671\" \/>\n<meta property=\"article:modified_time\" content=\"2026-05-05T18:55:26+00:00\" \/>\n<meta property=\"og:image\" content=\"https:\/\/shop.elia-gr.ro\/wp-content\/uploads\/2025\/12\/Ulei-de-masline-extravirgin-1.webp\" \/>\n\t<meta property=\"og:image:width\" content=\"1587\" \/>\n\t<meta property=\"og:image:height\" content=\"2245\" \/>\n\t<meta property=\"og:image:type\" content=\"image\/webp\" \/>\n<meta name=\"twitter:card\" content=\"summary_large_image\" \/>\n<meta name=\"twitter:label1\" content=\"Timp estimat pentru citire\" \/>\n\t<meta name=\"twitter:data1\" content=\"1 minut\" \/>\n<!-- \/ Yoast SEO plugin. -->","yoast_head_json":{"title":"Ulei de m\u0103sline extravirgin organic Ophellia, cutie 5 l - Elia Grecia","description":"Ulei de m\u0103sline extravirgin organic Ophellia, cutie 5 litri. Produse autentice grece\u0219ti | M\u0103sline grece\u0219ti | Br\u00e2nz\u0103 feta Grecia | Iaurt grecesc","robots":{"index":"index","follow":"follow","max-snippet":"max-snippet:-1","max-image-preview":"max-image-preview:large","max-video-preview":"max-video-preview:-1"},"og_locale":"ro_RO","og_type":"article","og_title":"Ulei de m\u0103sline extravirgin organic Ophellia, cutie 5 l - Elia Grecia","og_description":"Ulei de m\u0103sline extravirgin organic Ophellia, cutie 5 litri. Produse autentice grece\u0219ti | M\u0103sline grece\u0219ti | Br\u00e2nz\u0103 feta Grecia | Iaurt grecesc","og_url":"https:\/\/shop.elia-gr.ro\/index.php\/product\/ulei-de-masline-extravirgin-organic-ophellia-cutie-5-l\/","og_site_name":"Elia Grecia","article_publisher":"https:\/\/www.facebook.com\/profile.php?id=100063888292671","article_modified_time":"2026-05-05T18:55:26+00:00","og_image":[{"width":1587,"height":2245,"url":"https:\/\/shop.elia-gr.ro\/wp-content\/uploads\/2025\/12\/Ulei-de-masline-extravirgin-1.webp","type":"image\/webp"}],"twitter_card":"summary_large_image","twitter_misc":{"Timp estimat pentru citire":"1 minut"},"schema":{"@context":"https:\/\/schema.org","@graph":[{"@type":"WebPage","@id":"https:\/\/shop.elia-gr.ro\/index.php\/product\/ulei-de-masline-extravirgin-organic-ophellia-cutie-5-l\/","url":"https:\/\/shop.elia-gr.ro\/index.php\/product\/ulei-de-masline-extravirgin-organic-ophellia-cutie-5-l\/","name":"Ulei de m\u0103sline extravirgin organic Ophellia, cutie 5 l - Elia Grecia","isPartOf":{"@id":"https:\/\/shop.elia-gr.ro\/#website"},"primaryImageOfPage":{"@id":"https:\/\/shop.elia-gr.ro\/index.php\/product\/ulei-de-masline-extravirgin-organic-ophellia-cutie-5-l\/#primaryimage"},"image":{"@id":"https:\/\/shop.elia-gr.ro\/index.php\/product\/ulei-de-masline-extravirgin-organic-ophellia-cutie-5-l\/#primaryimage"},"thumbnailUrl":"https:\/\/shop.elia-gr.ro\/wp-content\/uploads\/2025\/12\/Ulei-de-masline-extravirgin-1.webp","datePublished":"2025-12-11T17:27:39+00:00","dateModified":"2026-05-05T18:55:26+00:00","description":"Ulei de m\u0103sline extravirgin organic Ophellia, cutie 5 litri. Produse autentice grece\u0219ti | M\u0103sline grece\u0219ti | Br\u00e2nz\u0103 feta Grecia | Iaurt grecesc","breadcrumb":{"@id":"https:\/\/shop.elia-gr.ro\/index.php\/product\/ulei-de-masline-extravirgin-organic-ophellia-cutie-5-l\/#breadcrumb"},"inLanguage":"ro-RO","potentialAction":[{"@type":"ReadAction","target":["https:\/\/shop.elia-gr.ro\/index.php\/product\/ulei-de-masline-extravirgin-organic-ophellia-cutie-5-l\/"]}]},{"@type":"ImageObject","inLanguage":"ro-RO","@id":"https:\/\/shop.elia-gr.ro\/index.php\/product\/ulei-de-masline-extravirgin-organic-ophellia-cutie-5-l\/#primaryimage","url":"https:\/\/shop.elia-gr.ro\/wp-content\/uploads\/2025\/12\/Ulei-de-masline-extravirgin-1.webp","contentUrl":"https:\/\/shop.elia-gr.ro\/wp-content\/uploads\/2025\/12\/Ulei-de-masline-extravirgin-1.webp","width":1587,"height":2245},{"@type":"BreadcrumbList","@id":"https:\/\/shop.elia-gr.ro\/index.php\/product\/ulei-de-masline-extravirgin-organic-ophellia-cutie-5-l\/#breadcrumb","itemListElement":[{"@type":"ListItem","position":1,"name":"Home","item":"https:\/\/shop.elia-gr.ro\/"},{"@type":"ListItem","position":2,"name":"Shop","item":"https:\/\/shop.elia-gr.ro\/index.php\/shop\/"},{"@type":"ListItem","position":3,"name":"Ulei de m\u0103sline extravirgin organic Ophellia, cutie 5 l"}]},{"@type":"WebSite","@id":"https:\/\/shop.elia-gr.ro\/#website","url":"https:\/\/shop.elia-gr.ro\/","name":"Elia Grecia","description":"Cele mai bune produse grece\u0219ti pentru tine!","publisher":{"@id":"https:\/\/shop.elia-gr.ro\/#organization"},"potentialAction":[{"@type":"SearchAction","target":{"@type":"EntryPoint","urlTemplate":"https:\/\/shop.elia-gr.ro\/?s={search_term_string}"},"query-input":{"@type":"PropertyValueSpecification","valueRequired":true,"valueName":"search_term_string"}}],"inLanguage":"ro-RO"},{"@type":"Organization","@id":"https:\/\/shop.elia-gr.ro\/#organization","name":"Elia Grecia","url":"https:\/\/shop.elia-gr.ro\/","logo":{"@type":"ImageObject","inLanguage":"ro-RO","@id":"https:\/\/shop.elia-gr.ro\/#\/schema\/logo\/image\/","url":"https:\/\/shop.elia-gr.ro\/wp-content\/uploads\/2024\/09\/new_logo_elia_shop-1.webp","contentUrl":"https:\/\/shop.elia-gr.ro\/wp-content\/uploads\/2024\/09\/new_logo_elia_shop-1.webp","width":141,"height":50,"caption":"Elia Grecia"},"image":{"@id":"https:\/\/shop.elia-gr.ro\/#\/schema\/logo\/image\/"},"sameAs":["https:\/\/www.facebook.com\/profile.php?id=100063888292671"]}]}},"jetpack_sharing_enabled":true,"_links":{"self":[{"href":"https:\/\/shop.elia-gr.ro\/index.php\/wp-json\/wp\/v2\/product\/21713","targetHints":{"allow":["GET"]}}],"collection":[{"href":"https:\/\/shop.elia-gr.ro\/index.php\/wp-json\/wp\/v2\/product"}],"about":[{"href":"https:\/\/shop.elia-gr.ro\/index.php\/wp-json\/wp\/v2\/types\/product"}],"replies":[{"embeddable":true,"href":"https:\/\/shop.elia-gr.ro\/index.php\/wp-json\/wp\/v2\/comments?post=21713"}],"version-history":[{"count":2,"href":"https:\/\/shop.elia-gr.ro\/index.php\/wp-json\/wp\/v2\/product\/21713\/revisions"}],"predecessor-version":[{"id":21722,"href":"https:\/\/shop.elia-gr.ro\/index.php\/wp-json\/wp\/v2\/product\/21713\/revisions\/21722"}],"wp:featuredmedia":[{"embeddable":true,"href":"https:\/\/shop.elia-gr.ro\/index.php\/wp-json\/wp\/v2\/media\/21714"}],"wp:attachment":[{"href":"https:\/\/shop.elia-gr.ro\/index.php\/wp-json\/wp\/v2\/media?parent=21713"}],"wp:term":[{"taxonomy":"product_cat","embeddable":true,"href":"https:\/\/shop.elia-gr.ro\/index.php\/wp-json\/wp\/v2\/product_cat?post=21713"},{"taxonomy":"product_tag","embeddable":true,"href":"https:\/\/shop.elia-gr.ro\/index.php\/wp-json\/wp\/v2\/product_tag?post=21713"}],"curies":[{"name":"wp","href":"https:\/\/api.w.org\/{rel}","templated":true}]}}