{"id":21882,"date":"2026-02-02T20:52:47","date_gmt":"2026-02-02T18:52:47","guid":{"rendered":"https:\/\/shop.elia-gr.ro\/?post_type=product&#038;p=21882"},"modified":"2026-02-02T21:09:50","modified_gmt":"2026-02-02T19:09:50","slug":"dakos-ntakos","status":"publish","type":"product","link":"https:\/\/shop.elia-gr.ro\/index.php\/product\/dakos-ntakos\/","title":{"rendered":"Dakos | Ntakos"},"content":{"rendered":"","protected":false},"excerpt":{"rendered":"<p>\ud835\udc03\ud835\udc1a\ud835\udc24\ud835\udc28\ud835\udc2c \u2013 \ud835\udc2b\ud835\udc1a\ud835\udc1f\ud835\udc22\ud835\udc27\ud835\udc1a\ud835\udc26\ud835\udc1e\ud835\udc27\ud835\udc2d\ud835\udc2e\ud835\udc25 \ud835\udc2c\ud835\udc22\ud835\udc26\ud835\udc29\ud835\udc25\ud835\udc22\ud835\udc2d\u0103\u021b\ud835\udc22\ud835\udc22 \ud835\udc20\ud835\udc2b\ud835\udc1e\ud835\udc1c\ud835\udc1e\u0219\ud835\udc2d\ud835\udc22<\/p>\n<div>\n<div dir=\"auto\">Inspirat din tradi\u021biile culinare ale insulei \ud835\udc02\ud835\udc2b\ud835\udc1e\ud835\udc2d\ud835\udc1a, \ud835\udc03\ud835\udc1a\ud835\udc24\ud835\udc28\ud835\udc2c este un preparat care celebreaz\u0103 esen\u021ba buc\u0103t\u0103riei mediteraneene: ingrediente simple, gusturi autentice, echilibru perfect.<\/div>\n<\/div>\n<div>\n<div dir=\"auto\">O combina\u021bie armonioas\u0103 de \ud835\ude31\ud835\ude22\ud835\ude39\ud835\ude2a\ud835\ude2e\ud835\ude22\ud835\ude25\ud835\ude2a (pesmet de orz artizanal), ro\u0219ii proaspete, br\u00e2nz\u0103 feta de calitate, ulei de m\u0103sline extravirgin \u0219i oregano \u2013 fiecare element \u00ee\u0219i spune propria poveste.<\/div>\n<div dir=\"auto\">Un aperitiv des\u0103v\u00e2r\u0219it, ideal pentru zilele calde, care aduce \u00een farfurie prospe\u021bime, texturi contrastante \u0219i o elegan\u021b\u0103 rustic\u0103 inconfundabil\u0103<\/div>\n<\/div>\n","protected":false},"featured_media":21883,"comment_status":"open","ping_status":"closed","template":"","meta":[],"product_cat":[475],"product_tag":[],"class_list":{"0":"post-21882","1":"product","2":"type-product","3":"status-publish","4":"has-post-thumbnail","6":"product_cat-vegetarian","8":"first","9":"instock","10":"featured","11":"shipping-taxable","12":"purchasable","13":"product-type-simple"},"yoast_head":"<!-- This site is optimized with the Yoast SEO plugin v27.5 - https:\/\/yoast.com\/product\/yoast-seo-wordpress\/ -->\n<title>Dakos preparat tradi\u021bional cretan, vegetarian<\/title>\n<meta name=\"description\" content=\"Dakos preparat tradi\u021bional cretan, vegetarian. Inspirat din tradi\u021biile culinare ale insulei \ud835\udc02\ud835\udc2b\ud835\udc1e\ud835\udc2d\ud835\udc1a, \ud835\udc03\ud835\udc1a\ud835\udc24\ud835\udc28\ud835\udc2c este un preparat care celebreaz\u0103 esen\u021ba\" \/>\n<meta name=\"robots\" content=\"index, follow, max-snippet:-1, max-image-preview:large, max-video-preview:-1\" \/>\n<meta property=\"og:locale\" content=\"ro_RO\" \/>\n<meta property=\"og:type\" content=\"article\" \/>\n<meta property=\"og:title\" content=\"Dakos preparat tradi\u021bional cretan, vegetarian\" \/>\n<meta property=\"og:description\" content=\"Dakos preparat tradi\u021bional cretan, vegetarian. Inspirat din tradi\u021biile culinare ale insulei \ud835\udc02\ud835\udc2b\ud835\udc1e\ud835\udc2d\ud835\udc1a, \ud835\udc03\ud835\udc1a\ud835\udc24\ud835\udc28\ud835\udc2c este un preparat care celebreaz\u0103 esen\u021ba\" \/>\n<meta property=\"og:url\" content=\"https:\/\/shop.elia-gr.ro\/index.php\/product\/dakos-ntakos\/\" \/>\n<meta property=\"og:site_name\" content=\"Elia Grecia\" \/>\n<meta property=\"article:publisher\" content=\"https:\/\/www.facebook.com\/profile.php?id=100063888292671\" \/>\n<meta property=\"article:modified_time\" content=\"2026-02-02T19:09:50+00:00\" \/>\n<meta property=\"og:image\" content=\"https:\/\/shop.elia-gr.ro\/wp-content\/uploads\/2026\/02\/KRHTON_ARTOS_PGE_KRITHAROKOULOURA.png\" \/>\n\t<meta property=\"og:image:width\" content=\"680\" \/>\n\t<meta property=\"og:image:height\" content=\"729\" \/>\n\t<meta property=\"og:image:type\" content=\"image\/png\" \/>\n<meta name=\"twitter:card\" content=\"summary_large_image\" \/>\n<meta name=\"twitter:label1\" content=\"Timp estimat pentru citire\" \/>\n\t<meta name=\"twitter:data1\" content=\"1 minut\" \/>\n<!-- \/ Yoast SEO plugin. -->","yoast_head_json":{"title":"Dakos preparat tradi\u021bional cretan, vegetarian","description":"Dakos preparat tradi\u021bional cretan, vegetarian. Inspirat din tradi\u021biile culinare ale insulei \ud835\udc02\ud835\udc2b\ud835\udc1e\ud835\udc2d\ud835\udc1a, \ud835\udc03\ud835\udc1a\ud835\udc24\ud835\udc28\ud835\udc2c este un preparat care celebreaz\u0103 esen\u021ba","robots":{"index":"index","follow":"follow","max-snippet":"max-snippet:-1","max-image-preview":"max-image-preview:large","max-video-preview":"max-video-preview:-1"},"og_locale":"ro_RO","og_type":"article","og_title":"Dakos preparat tradi\u021bional cretan, vegetarian","og_description":"Dakos preparat tradi\u021bional cretan, vegetarian. Inspirat din tradi\u021biile culinare ale insulei \ud835\udc02\ud835\udc2b\ud835\udc1e\ud835\udc2d\ud835\udc1a, \ud835\udc03\ud835\udc1a\ud835\udc24\ud835\udc28\ud835\udc2c este un preparat care celebreaz\u0103 esen\u021ba","og_url":"https:\/\/shop.elia-gr.ro\/index.php\/product\/dakos-ntakos\/","og_site_name":"Elia Grecia","article_publisher":"https:\/\/www.facebook.com\/profile.php?id=100063888292671","article_modified_time":"2026-02-02T19:09:50+00:00","og_image":[{"width":680,"height":729,"url":"https:\/\/shop.elia-gr.ro\/wp-content\/uploads\/2026\/02\/KRHTON_ARTOS_PGE_KRITHAROKOULOURA.png","type":"image\/png"}],"twitter_card":"summary_large_image","twitter_misc":{"Timp estimat pentru citire":"1 minut"},"schema":{"@context":"https:\/\/schema.org","@graph":[{"@type":"WebPage","@id":"https:\/\/shop.elia-gr.ro\/index.php\/product\/dakos-ntakos\/","url":"https:\/\/shop.elia-gr.ro\/index.php\/product\/dakos-ntakos\/","name":"Dakos preparat tradi\u021bional cretan, vegetarian","isPartOf":{"@id":"https:\/\/shop.elia-gr.ro\/#website"},"primaryImageOfPage":{"@id":"https:\/\/shop.elia-gr.ro\/index.php\/product\/dakos-ntakos\/#primaryimage"},"image":{"@id":"https:\/\/shop.elia-gr.ro\/index.php\/product\/dakos-ntakos\/#primaryimage"},"thumbnailUrl":"https:\/\/shop.elia-gr.ro\/wp-content\/uploads\/2026\/02\/KRHTON_ARTOS_PGE_KRITHAROKOULOURA.png","datePublished":"2026-02-02T18:52:47+00:00","dateModified":"2026-02-02T19:09:50+00:00","description":"Dakos preparat tradi\u021bional cretan, vegetarian. Inspirat din tradi\u021biile culinare ale insulei \ud835\udc02\ud835\udc2b\ud835\udc1e\ud835\udc2d\ud835\udc1a, \ud835\udc03\ud835\udc1a\ud835\udc24\ud835\udc28\ud835\udc2c este un preparat care celebreaz\u0103 esen\u021ba","breadcrumb":{"@id":"https:\/\/shop.elia-gr.ro\/index.php\/product\/dakos-ntakos\/#breadcrumb"},"inLanguage":"ro-RO","potentialAction":[{"@type":"ReadAction","target":["https:\/\/shop.elia-gr.ro\/index.php\/product\/dakos-ntakos\/"]}]},{"@type":"ImageObject","inLanguage":"ro-RO","@id":"https:\/\/shop.elia-gr.ro\/index.php\/product\/dakos-ntakos\/#primaryimage","url":"https:\/\/shop.elia-gr.ro\/wp-content\/uploads\/2026\/02\/KRHTON_ARTOS_PGE_KRITHAROKOULOURA.png","contentUrl":"https:\/\/shop.elia-gr.ro\/wp-content\/uploads\/2026\/02\/KRHTON_ARTOS_PGE_KRITHAROKOULOURA.png","width":680,"height":729,"caption":"Dakos | Ntakos"},{"@type":"BreadcrumbList","@id":"https:\/\/shop.elia-gr.ro\/index.php\/product\/dakos-ntakos\/#breadcrumb","itemListElement":[{"@type":"ListItem","position":1,"name":"Home","item":"https:\/\/shop.elia-gr.ro\/"},{"@type":"ListItem","position":2,"name":"Shop","item":"https:\/\/shop.elia-gr.ro\/index.php\/shop\/"},{"@type":"ListItem","position":3,"name":"Dakos | Ntakos"}]},{"@type":"WebSite","@id":"https:\/\/shop.elia-gr.ro\/#website","url":"https:\/\/shop.elia-gr.ro\/","name":"Elia Grecia","description":"Cele mai bune produse grece\u0219ti pentru tine!","publisher":{"@id":"https:\/\/shop.elia-gr.ro\/#organization"},"potentialAction":[{"@type":"SearchAction","target":{"@type":"EntryPoint","urlTemplate":"https:\/\/shop.elia-gr.ro\/?s={search_term_string}"},"query-input":{"@type":"PropertyValueSpecification","valueRequired":true,"valueName":"search_term_string"}}],"inLanguage":"ro-RO"},{"@type":"Organization","@id":"https:\/\/shop.elia-gr.ro\/#organization","name":"Elia Grecia","url":"https:\/\/shop.elia-gr.ro\/","logo":{"@type":"ImageObject","inLanguage":"ro-RO","@id":"https:\/\/shop.elia-gr.ro\/#\/schema\/logo\/image\/","url":"https:\/\/shop.elia-gr.ro\/wp-content\/uploads\/2024\/09\/new_logo_elia_shop-1.webp","contentUrl":"https:\/\/shop.elia-gr.ro\/wp-content\/uploads\/2024\/09\/new_logo_elia_shop-1.webp","width":141,"height":50,"caption":"Elia Grecia"},"image":{"@id":"https:\/\/shop.elia-gr.ro\/#\/schema\/logo\/image\/"},"sameAs":["https:\/\/www.facebook.com\/profile.php?id=100063888292671"]}]}},"jetpack_sharing_enabled":true,"_links":{"self":[{"href":"https:\/\/shop.elia-gr.ro\/index.php\/wp-json\/wp\/v2\/product\/21882","targetHints":{"allow":["GET"]}}],"collection":[{"href":"https:\/\/shop.elia-gr.ro\/index.php\/wp-json\/wp\/v2\/product"}],"about":[{"href":"https:\/\/shop.elia-gr.ro\/index.php\/wp-json\/wp\/v2\/types\/product"}],"replies":[{"embeddable":true,"href":"https:\/\/shop.elia-gr.ro\/index.php\/wp-json\/wp\/v2\/comments?post=21882"}],"version-history":[{"count":2,"href":"https:\/\/shop.elia-gr.ro\/index.php\/wp-json\/wp\/v2\/product\/21882\/revisions"}],"predecessor-version":[{"id":21885,"href":"https:\/\/shop.elia-gr.ro\/index.php\/wp-json\/wp\/v2\/product\/21882\/revisions\/21885"}],"wp:featuredmedia":[{"embeddable":true,"href":"https:\/\/shop.elia-gr.ro\/index.php\/wp-json\/wp\/v2\/media\/21883"}],"wp:attachment":[{"href":"https:\/\/shop.elia-gr.ro\/index.php\/wp-json\/wp\/v2\/media?parent=21882"}],"wp:term":[{"taxonomy":"product_cat","embeddable":true,"href":"https:\/\/shop.elia-gr.ro\/index.php\/wp-json\/wp\/v2\/product_cat?post=21882"},{"taxonomy":"product_tag","embeddable":true,"href":"https:\/\/shop.elia-gr.ro\/index.php\/wp-json\/wp\/v2\/product_tag?post=21882"}],"curies":[{"name":"wp","href":"https:\/\/api.w.org\/{rel}","templated":true}]}}