{"id":21921,"date":"2026-02-23T13:59:53","date_gmt":"2026-02-23T11:59:53","guid":{"rendered":"https:\/\/shop.elia-gr.ro\/?post_type=product&#038;p=21921"},"modified":"2026-02-23T14:05:36","modified_gmt":"2026-02-23T12:05:36","slug":"branza-saganaki-cu-menta","status":"publish","type":"product","link":"https:\/\/shop.elia-gr.ro\/index.php\/product\/branza-saganaki-cu-menta\/","title":{"rendered":"Br\u00e2nz\u0103 Saganaki cu ment\u0103"},"content":{"rendered":"","protected":false},"excerpt":{"rendered":"<p><strong>200 g<\/strong><\/p>\n<p>Branza Saganaki Cu Menta este o delicioas\u0103 reinterpretare a clasicului Saganaki, aduc\u00e2nd o not\u0103 proasp\u0103t\u0103 \u0219i rafinat\u0103 cu ad\u0103ugarea de ment\u0103. Aceast\u0103 br\u00e2nz\u0103 excep\u021bional\u0103 \u00eembin\u0103 tradi\u021bia greceasc\u0103 cu inova\u021bia, oferind o experien\u021b\u0103 culinar\u0103 captivant\u0103.<\/p>\n<p>Perfect\u0103 pentru a fi servit\u0103 ca aperitiv, a Branza Saganaki Cu Menta adaug\u0103 o not\u0103 sofisticat\u0103 oric\u0103rui fel de m\u00e2ncare. Poate fi pr\u0103jit\u0103 sau ad\u0103ugat\u0103 \u00een salate \u0219i sandvi\u0219uri pentru a oferi o experien\u021b\u0103 gustativ\u0103 inconfundabil\u0103.<\/p>\n<p><strong>Conditii de pastrare<\/strong><\/p>\n<p>A se pastra intre 2 si 4 grade.<\/p>\n<p><strong>Despre producator<\/strong><\/p>\n<p>Compania <strong>STAMATIS PROIKAS S.A.\u00a0<\/strong>este situat \u00een Sohos din Salonic, un ora\u0219 montan din municipiul Lagadas. Este specializat\u0103 \u00een produc\u021bia de br\u00e2nzeturi timp de trei genera\u021bii \u0219i \u00een special pentru mai mult de un secol, folosind numai laptele animal din regiunea mai larg\u0103 Sohos \u0219i este binecunoscut\u0103 \u00een Grecia pentru produsele lactate de calitate excelent\u0103.<\/p>\n<p>Totul a \u00eenceput c\u00e2nd bunicul lui Stamatis Proikas s-a \u00eentors la Sohos de la Muntele Athos unde, dup\u0103 ce a lucrat ca dogar \u0219i a \u00eenv\u0103\u021bat arta br\u00e2nzei de la c\u0103lug\u0103ri. El \u0219i-a f\u0103cut imediat prima turm\u0103 pentru a dezvolta produc\u021bia de lapte. Nepotul Stamatis a continuat \u00eentreprinderea bunicului s\u0103u \u00een efortul s\u0103u de a-\u0219i sus\u021bine familia orfan\u0103 de tat\u0103. \u00cen Grecia postbelic\u0103, Stamatis a decis s\u0103 \u00eenfiin\u021beze prima fabric\u0103 de lactate profesional\u0103 \u00een 1962, \u021bin\u00e2nd cont de faptul c\u0103 pia\u021ba din Salonic apreciase \u0219i recunoscuse deja kasseri-ul produs \u00een Sohos. Conform legisla\u021biei \u00een vigoare, br\u00e2nza kasseri produs\u0103 poart\u0103 numele produc\u0103torului, iar termenul\u00a0<strong>KASSERI CHEESE PROIKAS SOHOS\u00a0<\/strong>r\u0103m\u00e2ne denumirea produsului p\u00e2n\u0103 \u00een prezent. \u00cen 1979, fiica lui Stamatis Proikas, Eleni, care apar\u021bine celei de-a treia genera\u021bii a familiei, a preluat compania \u0219i continu\u0103 s\u0103 o gestioneze p\u00e2n\u0103 ast\u0103zi. De asemenea, fiicele sale iau m\u0103suri cu succes \u00een companie, deschiz\u00e2nd noi perspective pentru dezvoltarea \u0219i evolu\u021bia continu\u0103 a acesteia.<\/p>\n<p><strong>STAMATIS PROIKAS S.A.\u00a0<\/strong>Produsele, care sunt numerotate \u00een 50 de tipuri de br\u00e2nzeturi tradi\u021bionale, precum \u0219i de nou\u0103 genera\u021bie, sunt considerate a fi de \u00eenalt\u0103 calitate \u00een industria br\u00e2nzeturilor, deoarece continu\u0103 s\u0103 fie produse exclusiv din lapte grecesc selectat, f\u0103r\u0103 aditivi, conservan\u021bi sau amelioratori \u0219i toate sunt maturate pentru o perioad\u0103 lung\u0103 de timp. \u00cen acest fel, reu\u0219esc s\u0103 men\u021bin\u0103 o calitate excep\u021bional de \u00eenalt\u0103, o valoare nutritiv\u0103 important\u0103, unicitatea gustului autentic de br\u00e2nz\u0103 greceasc\u0103 \u0219i sim\u021bul pl\u0103cut al postgustului care fascineaz\u0103 chiar \u0219i cel mai exigent consumator.<\/p>\n<p><strong>KASSERI PROIKAS SOHOS,\u00a0<\/strong>care este principalul produs al companiei, este gustarea a trei genera\u021bii de consumatori. Bunicii au cunoscut-o \u0219i au oferit-o copiilor lor, iar noile genera\u021bii au oferit-o, la r\u00e2ndul lor, propriilor copii. Astfel, timp de trei genera\u021bii, KASSERI PROIKAS SOHOS a reu\u0219it s\u0103 arate simplitatea savur\u0103rii unei felii de p\u00e2ine cu kasseri pentru brunch sau pentru gustarea de dup\u0103-amiaz\u0103. De asemenea, poate fi folosit topit pentru a da aroma \u0219i intensitate pizza de cas\u0103, satisf\u0103c\u00e2nd foamea copiilor \u0219i adul\u021bilor seara. KASSERI PROIKAS SOHOS a stabilit nu numai cel mai simplist, ci \u0219i gustul gourmet al Salonicului, un covrig al Salonicului cu KASSERI PROIKAS SOHOS.<\/p>\n<p><strong>KASSERI PROIKAS SOHOS este unic \u0219i nu poate fi reprodus!!<\/strong><\/p>\n","protected":false},"featured_media":21922,"comment_status":"open","ping_status":"closed","template":"","meta":[],"product_cat":[142,475],"product_tag":[],"class_list":{"0":"post-21921","1":"product","2":"type-product","3":"status-publish","4":"has-post-thumbnail","6":"product_brand-proikas","7":"product_cat-branzeturi","8":"product_cat-vegetarian","10":"first","11":"instock","12":"featured","13":"shipping-taxable","14":"purchasable","15":"product-type-simple"},"yoast_head":"<!-- This site is optimized with the Yoast SEO plugin v27.2 - https:\/\/yoast.com\/product\/yoast-seo-wordpress\/ -->\n<title>Br\u00e2nz\u0103 Saganaki cu ment\u0103<\/title>\n<meta name=\"description\" content=\"Br\u00e2nz\u0103 Saganaki cu ment\u0103.\" \/>\n<meta name=\"robots\" content=\"index, follow, max-snippet:-1, max-image-preview:large, max-video-preview:-1\" \/>\n<meta property=\"og:locale\" content=\"ro_RO\" \/>\n<meta property=\"og:type\" content=\"article\" \/>\n<meta property=\"og:title\" content=\"Br\u00e2nz\u0103 Saganaki cu ment\u0103\" \/>\n<meta property=\"og:description\" content=\"Br\u00e2nz\u0103 Saganaki cu ment\u0103.\" \/>\n<meta property=\"og:url\" content=\"https:\/\/shop.elia-gr.ro\/index.php\/product\/branza-saganaki-cu-menta\/\" \/>\n<meta property=\"og:site_name\" content=\"Elia Grecia\" \/>\n<meta property=\"article:publisher\" content=\"https:\/\/www.facebook.com\/profile.php?id=100063888292671\" \/>\n<meta property=\"article:modified_time\" content=\"2026-02-23T12:05:36+00:00\" \/>\n<meta property=\"og:image\" content=\"https:\/\/shop.elia-gr.ro\/wp-content\/uploads\/2026\/02\/saganaki-cu-menta.webp\" \/>\n\t<meta property=\"og:image:width\" content=\"1587\" \/>\n\t<meta property=\"og:image:height\" content=\"2245\" \/>\n\t<meta property=\"og:image:type\" content=\"image\/webp\" \/>\n<meta name=\"twitter:card\" content=\"summary_large_image\" \/>\n<meta name=\"twitter:label1\" content=\"Timp estimat pentru citire\" \/>\n\t<meta name=\"twitter:data1\" content=\"1 minut\" \/>\n<!-- \/ Yoast SEO plugin. -->","yoast_head_json":{"title":"Br\u00e2nz\u0103 Saganaki cu ment\u0103","description":"Br\u00e2nz\u0103 Saganaki cu ment\u0103.","robots":{"index":"index","follow":"follow","max-snippet":"max-snippet:-1","max-image-preview":"max-image-preview:large","max-video-preview":"max-video-preview:-1"},"og_locale":"ro_RO","og_type":"article","og_title":"Br\u00e2nz\u0103 Saganaki cu ment\u0103","og_description":"Br\u00e2nz\u0103 Saganaki cu ment\u0103.","og_url":"https:\/\/shop.elia-gr.ro\/index.php\/product\/branza-saganaki-cu-menta\/","og_site_name":"Elia Grecia","article_publisher":"https:\/\/www.facebook.com\/profile.php?id=100063888292671","article_modified_time":"2026-02-23T12:05:36+00:00","og_image":[{"width":1587,"height":2245,"url":"https:\/\/shop.elia-gr.ro\/wp-content\/uploads\/2026\/02\/saganaki-cu-menta.webp","type":"image\/webp"}],"twitter_card":"summary_large_image","twitter_misc":{"Timp estimat pentru citire":"1 minut"},"schema":{"@context":"https:\/\/schema.org","@graph":[{"@type":"WebPage","@id":"https:\/\/shop.elia-gr.ro\/index.php\/product\/branza-saganaki-cu-menta\/","url":"https:\/\/shop.elia-gr.ro\/index.php\/product\/branza-saganaki-cu-menta\/","name":"Br\u00e2nz\u0103 Saganaki cu ment\u0103","isPartOf":{"@id":"https:\/\/shop.elia-gr.ro\/#website"},"primaryImageOfPage":{"@id":"https:\/\/shop.elia-gr.ro\/index.php\/product\/branza-saganaki-cu-menta\/#primaryimage"},"image":{"@id":"https:\/\/shop.elia-gr.ro\/index.php\/product\/branza-saganaki-cu-menta\/#primaryimage"},"thumbnailUrl":"https:\/\/shop.elia-gr.ro\/wp-content\/uploads\/2026\/02\/saganaki-cu-menta.webp","datePublished":"2026-02-23T11:59:53+00:00","dateModified":"2026-02-23T12:05:36+00:00","description":"Br\u00e2nz\u0103 Saganaki cu ment\u0103.","breadcrumb":{"@id":"https:\/\/shop.elia-gr.ro\/index.php\/product\/branza-saganaki-cu-menta\/#breadcrumb"},"inLanguage":"ro-RO","potentialAction":[{"@type":"ReadAction","target":["https:\/\/shop.elia-gr.ro\/index.php\/product\/branza-saganaki-cu-menta\/"]}]},{"@type":"ImageObject","inLanguage":"ro-RO","@id":"https:\/\/shop.elia-gr.ro\/index.php\/product\/branza-saganaki-cu-menta\/#primaryimage","url":"https:\/\/shop.elia-gr.ro\/wp-content\/uploads\/2026\/02\/saganaki-cu-menta.webp","contentUrl":"https:\/\/shop.elia-gr.ro\/wp-content\/uploads\/2026\/02\/saganaki-cu-menta.webp","width":1587,"height":2245,"caption":"Br\u00e2nz\u0103 Saganaki cu ment\u0103"},{"@type":"BreadcrumbList","@id":"https:\/\/shop.elia-gr.ro\/index.php\/product\/branza-saganaki-cu-menta\/#breadcrumb","itemListElement":[{"@type":"ListItem","position":1,"name":"Home","item":"https:\/\/shop.elia-gr.ro\/"},{"@type":"ListItem","position":2,"name":"Shop","item":"https:\/\/shop.elia-gr.ro\/index.php\/shop\/"},{"@type":"ListItem","position":3,"name":"Br\u00e2nz\u0103 Saganaki cu ment\u0103"}]},{"@type":"WebSite","@id":"https:\/\/shop.elia-gr.ro\/#website","url":"https:\/\/shop.elia-gr.ro\/","name":"Elia Grecia","description":"Cele mai bune produse grece\u0219ti pentru tine!","publisher":{"@id":"https:\/\/shop.elia-gr.ro\/#organization"},"potentialAction":[{"@type":"SearchAction","target":{"@type":"EntryPoint","urlTemplate":"https:\/\/shop.elia-gr.ro\/?s={search_term_string}"},"query-input":{"@type":"PropertyValueSpecification","valueRequired":true,"valueName":"search_term_string"}}],"inLanguage":"ro-RO"},{"@type":"Organization","@id":"https:\/\/shop.elia-gr.ro\/#organization","name":"Elia Grecia","url":"https:\/\/shop.elia-gr.ro\/","logo":{"@type":"ImageObject","inLanguage":"ro-RO","@id":"https:\/\/shop.elia-gr.ro\/#\/schema\/logo\/image\/","url":"https:\/\/shop.elia-gr.ro\/wp-content\/uploads\/2024\/09\/new_logo_elia_shop-1.webp","contentUrl":"https:\/\/shop.elia-gr.ro\/wp-content\/uploads\/2024\/09\/new_logo_elia_shop-1.webp","width":141,"height":50,"caption":"Elia Grecia"},"image":{"@id":"https:\/\/shop.elia-gr.ro\/#\/schema\/logo\/image\/"},"sameAs":["https:\/\/www.facebook.com\/profile.php?id=100063888292671"]}]}},"jetpack_sharing_enabled":true,"_links":{"self":[{"href":"https:\/\/shop.elia-gr.ro\/index.php\/wp-json\/wp\/v2\/product\/21921","targetHints":{"allow":["GET"]}}],"collection":[{"href":"https:\/\/shop.elia-gr.ro\/index.php\/wp-json\/wp\/v2\/product"}],"about":[{"href":"https:\/\/shop.elia-gr.ro\/index.php\/wp-json\/wp\/v2\/types\/product"}],"replies":[{"embeddable":true,"href":"https:\/\/shop.elia-gr.ro\/index.php\/wp-json\/wp\/v2\/comments?post=21921"}],"version-history":[{"count":1,"href":"https:\/\/shop.elia-gr.ro\/index.php\/wp-json\/wp\/v2\/product\/21921\/revisions"}],"predecessor-version":[{"id":21923,"href":"https:\/\/shop.elia-gr.ro\/index.php\/wp-json\/wp\/v2\/product\/21921\/revisions\/21923"}],"wp:featuredmedia":[{"embeddable":true,"href":"https:\/\/shop.elia-gr.ro\/index.php\/wp-json\/wp\/v2\/media\/21922"}],"wp:attachment":[{"href":"https:\/\/shop.elia-gr.ro\/index.php\/wp-json\/wp\/v2\/media?parent=21921"}],"wp:term":[{"taxonomy":"product_cat","embeddable":true,"href":"https:\/\/shop.elia-gr.ro\/index.php\/wp-json\/wp\/v2\/product_cat?post=21921"},{"taxonomy":"product_tag","embeddable":true,"href":"https:\/\/shop.elia-gr.ro\/index.php\/wp-json\/wp\/v2\/product_tag?post=21921"}],"curies":[{"name":"wp","href":"https:\/\/api.w.org\/{rel}","templated":true}]}}