{"id":21934,"date":"2026-03-09T23:44:15","date_gmt":"2026-03-09T21:44:15","guid":{"rendered":"https:\/\/shop.elia-gr.ro\/?post_type=product&#038;p=21934"},"modified":"2026-03-09T23:52:42","modified_gmt":"2026-03-09T21:52:42","slug":"kefir-de-capra","status":"publish","type":"product","link":"https:\/\/shop.elia-gr.ro\/index.php\/product\/kefir-de-capra\/","title":{"rendered":"Kefir de capr\u0103"},"content":{"rendered":"","protected":false},"excerpt":{"rendered":"<p><strong>330 g<\/strong><\/p>\n<p><strong><span dir=\"auto\">\u201eKatsikisio Kefir\u201d este o b\u0103utur\u0103 natural\u0103 de chefir din lapte de capr\u0103, preparat\u0103 din lapte de provenien\u021b\u0103 local\u0103, fermentat\u0103 lent cu ajutorul culturii probiotice vii de chefir.<\/span><\/strong><span dir=\"auto\">\u00a0\u00a0Are o textur\u0103 fin\u0103, cu un gust u\u0219or de capr\u0103 \u0219i toate beneficiile probiotice pentru o nutri\u021bie bogat\u0103 \u00eentr-o sticl\u0103 100% reciclabil\u0103, cu un aspect unic, asem\u0103n\u0103tor por\u021belanului.<\/span><\/p>\n","protected":false},"featured_media":21936,"comment_status":"open","ping_status":"closed","template":"","meta":[],"product_cat":[142],"product_tag":[477,478],"class_list":{"0":"post-21934","1":"product","2":"type-product","3":"status-publish","4":"has-post-thumbnail","6":"product_cat-branzeturi","7":"product_tag-kefir","8":"product_tag-kefir-de-capra","10":"first","11":"instock","12":"featured","13":"shipping-taxable","14":"purchasable","15":"product-type-simple"},"yoast_head":"<!-- This site is optimized with the Yoast SEO plugin v27.5 - https:\/\/yoast.com\/product\/yoast-seo-wordpress\/ -->\n<title>Kefir de capr\u0103<\/title>\n<meta name=\"description\" content=\"Kefir de capr\u0103. Este o b\u0103utur\u0103 natural\u0103 de chefir din lapte de capr\u0103, preparat\u0103 din lapte de provenien\u021b\u0103 local\u0103, fermentat\u0103 lent cu ajutorul culturii...\" \/>\n<meta name=\"robots\" content=\"index, follow, max-snippet:-1, max-image-preview:large, max-video-preview:-1\" \/>\n<meta property=\"og:locale\" content=\"ro_RO\" \/>\n<meta property=\"og:type\" content=\"article\" \/>\n<meta property=\"og:title\" content=\"Kefir de capr\u0103\" \/>\n<meta property=\"og:description\" content=\"Kefir de capr\u0103. Este o b\u0103utur\u0103 natural\u0103 de chefir din lapte de capr\u0103, preparat\u0103 din lapte de provenien\u021b\u0103 local\u0103, fermentat\u0103 lent cu ajutorul culturii...\" \/>\n<meta property=\"og:url\" content=\"https:\/\/shop.elia-gr.ro\/index.php\/product\/kefir-de-capra\/\" \/>\n<meta property=\"og:site_name\" content=\"Elia Grecia\" \/>\n<meta property=\"article:publisher\" content=\"https:\/\/www.facebook.com\/profile.php?id=100063888292671\" \/>\n<meta property=\"article:modified_time\" content=\"2026-03-09T21:52:42+00:00\" \/>\n<meta property=\"og:image\" content=\"https:\/\/shop.elia-gr.ro\/wp-content\/uploads\/2026\/03\/goat-namaste.jpg\" \/>\n\t<meta property=\"og:image:width\" content=\"2000\" \/>\n\t<meta property=\"og:image:height\" content=\"2000\" \/>\n\t<meta property=\"og:image:type\" content=\"image\/jpeg\" \/>\n<meta name=\"twitter:card\" content=\"summary_large_image\" \/>\n<meta name=\"twitter:label1\" content=\"Timp estimat pentru citire\" \/>\n\t<meta name=\"twitter:data1\" content=\"1 minut\" \/>\n<!-- \/ Yoast SEO plugin. -->","yoast_head_json":{"title":"Kefir de capr\u0103","description":"Kefir de capr\u0103. Este o b\u0103utur\u0103 natural\u0103 de chefir din lapte de capr\u0103, preparat\u0103 din lapte de provenien\u021b\u0103 local\u0103, fermentat\u0103 lent cu ajutorul culturii...","robots":{"index":"index","follow":"follow","max-snippet":"max-snippet:-1","max-image-preview":"max-image-preview:large","max-video-preview":"max-video-preview:-1"},"og_locale":"ro_RO","og_type":"article","og_title":"Kefir de capr\u0103","og_description":"Kefir de capr\u0103. Este o b\u0103utur\u0103 natural\u0103 de chefir din lapte de capr\u0103, preparat\u0103 din lapte de provenien\u021b\u0103 local\u0103, fermentat\u0103 lent cu ajutorul culturii...","og_url":"https:\/\/shop.elia-gr.ro\/index.php\/product\/kefir-de-capra\/","og_site_name":"Elia Grecia","article_publisher":"https:\/\/www.facebook.com\/profile.php?id=100063888292671","article_modified_time":"2026-03-09T21:52:42+00:00","og_image":[{"width":2000,"height":2000,"url":"https:\/\/shop.elia-gr.ro\/wp-content\/uploads\/2026\/03\/goat-namaste.jpg","type":"image\/jpeg"}],"twitter_card":"summary_large_image","twitter_misc":{"Timp estimat pentru citire":"1 minut"},"schema":{"@context":"https:\/\/schema.org","@graph":[{"@type":"WebPage","@id":"https:\/\/shop.elia-gr.ro\/index.php\/product\/kefir-de-capra\/","url":"https:\/\/shop.elia-gr.ro\/index.php\/product\/kefir-de-capra\/","name":"Kefir de capr\u0103","isPartOf":{"@id":"https:\/\/shop.elia-gr.ro\/#website"},"primaryImageOfPage":{"@id":"https:\/\/shop.elia-gr.ro\/index.php\/product\/kefir-de-capra\/#primaryimage"},"image":{"@id":"https:\/\/shop.elia-gr.ro\/index.php\/product\/kefir-de-capra\/#primaryimage"},"thumbnailUrl":"https:\/\/shop.elia-gr.ro\/wp-content\/uploads\/2026\/03\/goat-namaste.jpg","datePublished":"2026-03-09T21:44:15+00:00","dateModified":"2026-03-09T21:52:42+00:00","description":"Kefir de capr\u0103. Este o b\u0103utur\u0103 natural\u0103 de chefir din lapte de capr\u0103, preparat\u0103 din lapte de provenien\u021b\u0103 local\u0103, fermentat\u0103 lent cu ajutorul culturii...","breadcrumb":{"@id":"https:\/\/shop.elia-gr.ro\/index.php\/product\/kefir-de-capra\/#breadcrumb"},"inLanguage":"ro-RO","potentialAction":[{"@type":"ReadAction","target":["https:\/\/shop.elia-gr.ro\/index.php\/product\/kefir-de-capra\/"]}]},{"@type":"ImageObject","inLanguage":"ro-RO","@id":"https:\/\/shop.elia-gr.ro\/index.php\/product\/kefir-de-capra\/#primaryimage","url":"https:\/\/shop.elia-gr.ro\/wp-content\/uploads\/2026\/03\/goat-namaste.jpg","contentUrl":"https:\/\/shop.elia-gr.ro\/wp-content\/uploads\/2026\/03\/goat-namaste.jpg","width":2000,"height":2000,"caption":"Kefir de capr\u0103"},{"@type":"BreadcrumbList","@id":"https:\/\/shop.elia-gr.ro\/index.php\/product\/kefir-de-capra\/#breadcrumb","itemListElement":[{"@type":"ListItem","position":1,"name":"Home","item":"https:\/\/shop.elia-gr.ro\/"},{"@type":"ListItem","position":2,"name":"Shop","item":"https:\/\/shop.elia-gr.ro\/index.php\/shop\/"},{"@type":"ListItem","position":3,"name":"Kefir de capr\u0103"}]},{"@type":"WebSite","@id":"https:\/\/shop.elia-gr.ro\/#website","url":"https:\/\/shop.elia-gr.ro\/","name":"Elia Grecia","description":"Cele mai bune produse grece\u0219ti pentru tine!","publisher":{"@id":"https:\/\/shop.elia-gr.ro\/#organization"},"potentialAction":[{"@type":"SearchAction","target":{"@type":"EntryPoint","urlTemplate":"https:\/\/shop.elia-gr.ro\/?s={search_term_string}"},"query-input":{"@type":"PropertyValueSpecification","valueRequired":true,"valueName":"search_term_string"}}],"inLanguage":"ro-RO"},{"@type":"Organization","@id":"https:\/\/shop.elia-gr.ro\/#organization","name":"Elia Grecia","url":"https:\/\/shop.elia-gr.ro\/","logo":{"@type":"ImageObject","inLanguage":"ro-RO","@id":"https:\/\/shop.elia-gr.ro\/#\/schema\/logo\/image\/","url":"https:\/\/shop.elia-gr.ro\/wp-content\/uploads\/2024\/09\/new_logo_elia_shop-1.webp","contentUrl":"https:\/\/shop.elia-gr.ro\/wp-content\/uploads\/2024\/09\/new_logo_elia_shop-1.webp","width":141,"height":50,"caption":"Elia Grecia"},"image":{"@id":"https:\/\/shop.elia-gr.ro\/#\/schema\/logo\/image\/"},"sameAs":["https:\/\/www.facebook.com\/profile.php?id=100063888292671"]}]}},"jetpack_sharing_enabled":true,"_links":{"self":[{"href":"https:\/\/shop.elia-gr.ro\/index.php\/wp-json\/wp\/v2\/product\/21934","targetHints":{"allow":["GET"]}}],"collection":[{"href":"https:\/\/shop.elia-gr.ro\/index.php\/wp-json\/wp\/v2\/product"}],"about":[{"href":"https:\/\/shop.elia-gr.ro\/index.php\/wp-json\/wp\/v2\/types\/product"}],"replies":[{"embeddable":true,"href":"https:\/\/shop.elia-gr.ro\/index.php\/wp-json\/wp\/v2\/comments?post=21934"}],"version-history":[{"count":1,"href":"https:\/\/shop.elia-gr.ro\/index.php\/wp-json\/wp\/v2\/product\/21934\/revisions"}],"predecessor-version":[{"id":21937,"href":"https:\/\/shop.elia-gr.ro\/index.php\/wp-json\/wp\/v2\/product\/21934\/revisions\/21937"}],"wp:featuredmedia":[{"embeddable":true,"href":"https:\/\/shop.elia-gr.ro\/index.php\/wp-json\/wp\/v2\/media\/21936"}],"wp:attachment":[{"href":"https:\/\/shop.elia-gr.ro\/index.php\/wp-json\/wp\/v2\/media?parent=21934"}],"wp:term":[{"taxonomy":"product_cat","embeddable":true,"href":"https:\/\/shop.elia-gr.ro\/index.php\/wp-json\/wp\/v2\/product_cat?post=21934"},{"taxonomy":"product_tag","embeddable":true,"href":"https:\/\/shop.elia-gr.ro\/index.php\/wp-json\/wp\/v2\/product_tag?post=21934"}],"curies":[{"name":"wp","href":"https:\/\/api.w.org\/{rel}","templated":true}]}}