{"id":21973,"date":"2026-03-24T15:41:57","date_gmt":"2026-03-24T13:41:57","guid":{"rendered":"https:\/\/shop.elia-gr.ro\/?post_type=product&#038;p=21973"},"modified":"2026-03-24T20:18:56","modified_gmt":"2026-03-24T18:18:56","slug":"miere-de-munte-cu-cimbru-280g","status":"publish","type":"product","link":"https:\/\/shop.elia-gr.ro\/index.php\/product\/miere-de-munte-cu-cimbru-280g\/","title":{"rendered":"Miere de munte cu cimbru 280g"},"content":{"rendered":"","protected":false},"excerpt":{"rendered":"<p><strong><span dir=\"auto\">Miere de munte &#8211; cimbru 280g<\/span><\/strong><\/p>\n<div>Beneficii<\/div>\n<div>\n<ul>\n<li>Sus\u021bine s\u0103n\u0103tatea respiratorie\u00a0\u2013 are propriet\u0103\u021bi antibacteriene \u0219i calmante, fiind util\u0103 \u00een tuse \u0219i r\u0103celi.<\/li>\n<li>\u00cembun\u0103t\u0103\u021be\u0219te digestia\u00a0\u2013 ajut\u0103 la reducerea balon\u0103rii \u0219i disconfortului gastric.<\/li>\n<li>Efect antiseptic natural\u00a0\u2013 contribuie la vindecarea r\u0103nilor minore \u0219i sus\u021bine sistemul imunitar.<\/li>\n<li>Energizant natural\u00a0\u2013 ofer\u0103 un boost de energie datorit\u0103 con\u021binutului s\u0103u de carbohidra\u021bi simpli.<\/li>\n<li>Bogat\u0103 \u00een antioxidan\u021bi\u00a0\u2013 sus\u021bine lupta \u00eempotriva stresului oxidativ, protej\u00e2nd celulele organismului.<\/li>\n<li>Arom\u0103 intens\u0103 \u0219i beneficii tonice\u00a0\u2013 poate fi folosit\u0103 pentru a \u00eembun\u0103t\u0103\u021bi starea general\u0103 de s\u0103n\u0103tate<\/li>\n<\/ul>\n<ul>\n<li><span dir=\"auto\"><img decoding=\"async\" class=\"an1\" draggable=\"false\" src=\"https:\/\/fonts.gstatic.com\/s\/e\/notoemoji\/17.0\/1f33f\/32.png\" alt=\"\ud83c\udf3f\" data-emoji=\"\ud83c\udf3f\" aria-label=\"\ud83c\udf3f\" \/>\u00a0<\/span><span dir=\"auto\">100% natural \u0219i pur:<\/span><span dir=\"auto\">\u00a0F\u0103r\u0103 aditivi, zah\u0103r sau conservan\u021bi.<\/span><\/li>\n<li><span dir=\"auto\"><img decoding=\"async\" class=\"an1\" draggable=\"false\" src=\"https:\/\/fonts.gstatic.com\/s\/e\/notoemoji\/17.0\/1f36f\/32.png\" alt=\"\ud83c\udf6f\" data-emoji=\"\ud83c\udf6f\" aria-label=\"\ud83c\udf6f\" \/>\u00a0<\/span><span dir=\"auto\">Arom\u0103 bogat\u0103 de cimbru:<\/span><span dir=\"auto\">\u00a0Gust unic care persist\u0103 \u00een gur\u0103 \u0219i arom\u0103 bogat\u0103.<\/span><\/li>\n<li><span dir=\"auto\"><img decoding=\"async\" class=\"an1\" draggable=\"false\" src=\"https:\/\/fonts.gstatic.com\/s\/e\/notoemoji\/17.0\/1f950\/32.png\" alt=\"\ud83e\udd50\" data-emoji=\"\ud83e\udd50\" aria-label=\"\ud83e\udd50\" \/>\u00a0<\/span><span dir=\"auto\">Ideal pentru orice utilizare:<\/span><span dir=\"auto\">\u00a0b\u0103uturi, deserturi sau re\u021bete.<\/span><\/li>\n<li><span dir=\"auto\"><img decoding=\"async\" class=\"an1\" draggable=\"false\" src=\"https:\/\/fonts.gstatic.com\/s\/e\/notoemoji\/17.0\/1f48e\/32.png\" alt=\"\ud83d\udc8e\" data-emoji=\"\ud83d\udc8e\" aria-label=\"\ud83d\udc8e\" \/>\u00a0<\/span><span dir=\"auto\">Calitate premium:<\/span><span dir=\"auto\">\u00a0Flori selectate din mun\u021bii Greciei.<\/span><\/li>\n<li><span dir=\"auto\"><img decoding=\"async\" class=\"an1\" draggable=\"false\" src=\"https:\/\/fonts.gstatic.com\/s\/e\/notoemoji\/17.0\/1f4aa\/32.png\" alt=\"\ud83d\udcaa\" data-emoji=\"\ud83d\udcaa\" aria-label=\"\ud83d\udcaa\" \/>\u00a0<\/span><span dir=\"auto\">Nutritiv \u0219i s\u0103n\u0103tos:<\/span><span dir=\"auto\">\u00a0Bogat \u00een nutrien\u021bi \u0219i vitamine<\/span><\/li>\n<\/ul>\n<\/div>\n","protected":false},"featured_media":21974,"comment_status":"open","ping_status":"closed","template":"","meta":[],"product_cat":[217,475],"product_tag":[483,482],"class_list":{"0":"post-21973","1":"product","2":"type-product","3":"status-publish","4":"has-post-thumbnail","6":"product_cat-dulciuri","7":"product_cat-vegetarian","8":"product_tag-miere-cu-cimbru","9":"product_tag-miere-de-munte","11":"first","12":"instock","13":"featured","14":"shipping-taxable","15":"purchasable","16":"product-type-simple"},"yoast_head":"<!-- This site is optimized with the Yoast SEO plugin v27.5 - https:\/\/yoast.com\/product\/yoast-seo-wordpress\/ -->\n<title>Miere de munte cu cimbru 280g<\/title>\n<meta name=\"description\" content=\"Miere de munte cu cimbru 280g. Sus\u021bine s\u0103n\u0103tatea respiratorie \u2013 are propriet\u0103\u021bi antibacteriene \u0219i calmante, fiind util\u0103 \u00een tuse \u0219i r\u0103celi.\" \/>\n<meta name=\"robots\" content=\"index, follow, max-snippet:-1, max-image-preview:large, max-video-preview:-1\" \/>\n<meta property=\"og:locale\" content=\"ro_RO\" \/>\n<meta property=\"og:type\" content=\"article\" \/>\n<meta property=\"og:title\" content=\"Miere de munte cu cimbru 280g\" \/>\n<meta property=\"og:description\" content=\"Miere de munte cu cimbru 280g. Sus\u021bine s\u0103n\u0103tatea respiratorie \u2013 are propriet\u0103\u021bi antibacteriene \u0219i calmante, fiind util\u0103 \u00een tuse \u0219i r\u0103celi.\" \/>\n<meta property=\"og:url\" content=\"https:\/\/shop.elia-gr.ro\/index.php\/product\/miere-de-munte-cu-cimbru-280g\/\" \/>\n<meta property=\"og:site_name\" content=\"Elia Grecia\" \/>\n<meta property=\"article:publisher\" content=\"https:\/\/www.facebook.com\/profile.php?id=100063888292671\" \/>\n<meta property=\"article:modified_time\" content=\"2026-03-24T18:18:56+00:00\" \/>\n<meta property=\"og:image\" content=\"https:\/\/shop.elia-gr.ro\/wp-content\/uploads\/2026\/03\/HoneyWhiteThyme-1024x1024-1.png\" \/>\n\t<meta property=\"og:image:width\" content=\"1024\" \/>\n\t<meta property=\"og:image:height\" content=\"1024\" \/>\n\t<meta property=\"og:image:type\" content=\"image\/png\" \/>\n<meta name=\"twitter:card\" content=\"summary_large_image\" \/>\n<meta name=\"twitter:label1\" content=\"Timp estimat pentru citire\" \/>\n\t<meta name=\"twitter:data1\" content=\"1 minut\" \/>\n<!-- \/ Yoast SEO plugin. -->","yoast_head_json":{"title":"Miere de munte cu cimbru 280g","description":"Miere de munte cu cimbru 280g. Sus\u021bine s\u0103n\u0103tatea respiratorie \u2013 are propriet\u0103\u021bi antibacteriene \u0219i calmante, fiind util\u0103 \u00een tuse \u0219i r\u0103celi.","robots":{"index":"index","follow":"follow","max-snippet":"max-snippet:-1","max-image-preview":"max-image-preview:large","max-video-preview":"max-video-preview:-1"},"og_locale":"ro_RO","og_type":"article","og_title":"Miere de munte cu cimbru 280g","og_description":"Miere de munte cu cimbru 280g. Sus\u021bine s\u0103n\u0103tatea respiratorie \u2013 are propriet\u0103\u021bi antibacteriene \u0219i calmante, fiind util\u0103 \u00een tuse \u0219i r\u0103celi.","og_url":"https:\/\/shop.elia-gr.ro\/index.php\/product\/miere-de-munte-cu-cimbru-280g\/","og_site_name":"Elia Grecia","article_publisher":"https:\/\/www.facebook.com\/profile.php?id=100063888292671","article_modified_time":"2026-03-24T18:18:56+00:00","og_image":[{"width":1024,"height":1024,"url":"https:\/\/shop.elia-gr.ro\/wp-content\/uploads\/2026\/03\/HoneyWhiteThyme-1024x1024-1.png","type":"image\/png"}],"twitter_card":"summary_large_image","twitter_misc":{"Timp estimat pentru citire":"1 minut"},"schema":{"@context":"https:\/\/schema.org","@graph":[{"@type":"WebPage","@id":"https:\/\/shop.elia-gr.ro\/index.php\/product\/miere-de-munte-cu-cimbru-280g\/","url":"https:\/\/shop.elia-gr.ro\/index.php\/product\/miere-de-munte-cu-cimbru-280g\/","name":"Miere de munte cu cimbru 280g","isPartOf":{"@id":"https:\/\/shop.elia-gr.ro\/#website"},"primaryImageOfPage":{"@id":"https:\/\/shop.elia-gr.ro\/index.php\/product\/miere-de-munte-cu-cimbru-280g\/#primaryimage"},"image":{"@id":"https:\/\/shop.elia-gr.ro\/index.php\/product\/miere-de-munte-cu-cimbru-280g\/#primaryimage"},"thumbnailUrl":"https:\/\/shop.elia-gr.ro\/wp-content\/uploads\/2026\/03\/HoneyWhiteThyme-1024x1024-1.png","datePublished":"2026-03-24T13:41:57+00:00","dateModified":"2026-03-24T18:18:56+00:00","description":"Miere de munte cu cimbru 280g. Sus\u021bine s\u0103n\u0103tatea respiratorie \u2013 are propriet\u0103\u021bi antibacteriene \u0219i calmante, fiind util\u0103 \u00een tuse \u0219i r\u0103celi.","breadcrumb":{"@id":"https:\/\/shop.elia-gr.ro\/index.php\/product\/miere-de-munte-cu-cimbru-280g\/#breadcrumb"},"inLanguage":"ro-RO","potentialAction":[{"@type":"ReadAction","target":["https:\/\/shop.elia-gr.ro\/index.php\/product\/miere-de-munte-cu-cimbru-280g\/"]}]},{"@type":"ImageObject","inLanguage":"ro-RO","@id":"https:\/\/shop.elia-gr.ro\/index.php\/product\/miere-de-munte-cu-cimbru-280g\/#primaryimage","url":"https:\/\/shop.elia-gr.ro\/wp-content\/uploads\/2026\/03\/HoneyWhiteThyme-1024x1024-1.png","contentUrl":"https:\/\/shop.elia-gr.ro\/wp-content\/uploads\/2026\/03\/HoneyWhiteThyme-1024x1024-1.png","width":1024,"height":1024,"caption":"Miere de munte cu cimbru"},{"@type":"BreadcrumbList","@id":"https:\/\/shop.elia-gr.ro\/index.php\/product\/miere-de-munte-cu-cimbru-280g\/#breadcrumb","itemListElement":[{"@type":"ListItem","position":1,"name":"Home","item":"https:\/\/shop.elia-gr.ro\/"},{"@type":"ListItem","position":2,"name":"Shop","item":"https:\/\/shop.elia-gr.ro\/index.php\/shop\/"},{"@type":"ListItem","position":3,"name":"Miere de munte cu cimbru 280g"}]},{"@type":"WebSite","@id":"https:\/\/shop.elia-gr.ro\/#website","url":"https:\/\/shop.elia-gr.ro\/","name":"Elia Grecia","description":"Cele mai bune produse grece\u0219ti pentru tine!","publisher":{"@id":"https:\/\/shop.elia-gr.ro\/#organization"},"potentialAction":[{"@type":"SearchAction","target":{"@type":"EntryPoint","urlTemplate":"https:\/\/shop.elia-gr.ro\/?s={search_term_string}"},"query-input":{"@type":"PropertyValueSpecification","valueRequired":true,"valueName":"search_term_string"}}],"inLanguage":"ro-RO"},{"@type":"Organization","@id":"https:\/\/shop.elia-gr.ro\/#organization","name":"Elia Grecia","url":"https:\/\/shop.elia-gr.ro\/","logo":{"@type":"ImageObject","inLanguage":"ro-RO","@id":"https:\/\/shop.elia-gr.ro\/#\/schema\/logo\/image\/","url":"https:\/\/shop.elia-gr.ro\/wp-content\/uploads\/2024\/09\/new_logo_elia_shop-1.webp","contentUrl":"https:\/\/shop.elia-gr.ro\/wp-content\/uploads\/2024\/09\/new_logo_elia_shop-1.webp","width":141,"height":50,"caption":"Elia Grecia"},"image":{"@id":"https:\/\/shop.elia-gr.ro\/#\/schema\/logo\/image\/"},"sameAs":["https:\/\/www.facebook.com\/profile.php?id=100063888292671"]}]}},"jetpack_sharing_enabled":true,"_links":{"self":[{"href":"https:\/\/shop.elia-gr.ro\/index.php\/wp-json\/wp\/v2\/product\/21973","targetHints":{"allow":["GET"]}}],"collection":[{"href":"https:\/\/shop.elia-gr.ro\/index.php\/wp-json\/wp\/v2\/product"}],"about":[{"href":"https:\/\/shop.elia-gr.ro\/index.php\/wp-json\/wp\/v2\/types\/product"}],"replies":[{"embeddable":true,"href":"https:\/\/shop.elia-gr.ro\/index.php\/wp-json\/wp\/v2\/comments?post=21973"}],"version-history":[{"count":3,"href":"https:\/\/shop.elia-gr.ro\/index.php\/wp-json\/wp\/v2\/product\/21973\/revisions"}],"predecessor-version":[{"id":21983,"href":"https:\/\/shop.elia-gr.ro\/index.php\/wp-json\/wp\/v2\/product\/21973\/revisions\/21983"}],"wp:featuredmedia":[{"embeddable":true,"href":"https:\/\/shop.elia-gr.ro\/index.php\/wp-json\/wp\/v2\/media\/21974"}],"wp:attachment":[{"href":"https:\/\/shop.elia-gr.ro\/index.php\/wp-json\/wp\/v2\/media?parent=21973"}],"wp:term":[{"taxonomy":"product_cat","embeddable":true,"href":"https:\/\/shop.elia-gr.ro\/index.php\/wp-json\/wp\/v2\/product_cat?post=21973"},{"taxonomy":"product_tag","embeddable":true,"href":"https:\/\/shop.elia-gr.ro\/index.php\/wp-json\/wp\/v2\/product_tag?post=21973"}],"curies":[{"name":"wp","href":"https:\/\/api.w.org\/{rel}","templated":true}]}}